{"id":24,"date":"2019-03-27T11:35:58","date_gmt":"2019-03-27T11:35:58","guid":{"rendered":"https:\/\/dev-redoo-unify.oder.media\/?page_id=24"},"modified":"2025-11-27T11:31:48","modified_gmt":"2025-11-27T10:31:48","slug":"redoo-networks","status":"publish","type":"page","link":"https:\/\/redoo-networks.com\/de\/","title":{"rendered":"REDOO-NETWORKS GmbH"},"content":{"rendered":"<div class=\"wpb-content-wrapper\"><p>[vc_row full_width=&#8220;stretch_row&#8220; content_placement=&#8220;middle&#8220; el_class=&#8220;mybgrow&#8220;][vc_column width=&#8220;1\/2&#8243;][vc_column_text css_animation=&#8220;none&#8220; css=&#8220;&#8220;]<\/p>\n<h1>Digitale L\u00f6sungen,<br \/>\ndie KMU voranbringen<\/h1>\n<p><strong>Effizient &#8211; Innovativ &#8211; Ma\u00dfgeschneidert<\/strong>[\/vc_column_text][\/vc_column][vc_column width=&#8220;1\/2&#8243;][vc_single_image image=&#8220;7323&#8243; img_size=&#8220;full&#8220; alignment=&#8220;center&#8220; css=&#8220;&#8220; image_hovers=&#8220;false&#8220;][\/vc_column][\/vc_row][vc_row css_animation=&#8220;slideInUp&#8220; bg_type=&#8220;image&#8220; parallax_style=&#8220;vcpb-default&#8220; bg_image_new=&#8220;id^7901|url^https:\/\/redoo-networks.com\/wp-content\/uploads\/2025\/03\/Digitalisierung_686813214.jpg|caption^null|alt^null|title^Digitalisierung_686813214|description^null&#8220; bg_image_repeat=&#8220;no-repeat&#8220; bg_image_size=&#8220;contain&#8220; bg_image_posiiton=&#8220;right top&#8220; css=&#8220;.vc_custom_1742375806053{background-color: #ffffff !important;}&#8220; el_class=&#8220;myphotobgrow&#8220;][vc_column width=&#8220;2\/3&#8243;][vc_column_text css_animation=&#8220;none&#8220; css=&#8220;&#8220; el_class=&#8220;myheadline whiteBG&#8220;]<span style=\"font-weight: 400;\">Die <\/span><b>REDOO-NETWORKS GmbH<\/b><span style=\"font-weight: 400;\"> ist Ihr Partner f\u00fcr <\/span><b>individuelle Digitalisierungsl\u00f6sungen<\/b><span style=\"font-weight: 400;\">, die Ihre Effizienz steigern und Arbeitsprozesse optimieren. <\/span><\/p>\n<p><span style=\"font-weight: 400;\">Wir entwickeln praxisnahe L\u00f6sungen f\u00fcr kleine und mittlere Unternehmen und Organisationen, damit Sie sich auf Ihr Kerngesch\u00e4ft konzentrieren k\u00f6nnen.<\/span><\/p>\n<p><span style=\"font-weight: 400;\">Von <\/span><b>CRM- und ERP-Systemen<\/b><span style=\"font-weight: 400;\"> \u00fcber <\/span><b>Softwareentwicklung und IT-Outsourcing<\/b><span style=\"font-weight: 400;\"> bis hin zu <\/span><b>E-Commerce &amp; Online-Marketing<\/b><span style=\"font-weight: 400;\"> \u2013 <\/span><b>wir bieten Ihnen Digitalisierung aus einer Hand.<\/b>[\/vc_column_text][\/vc_column][vc_column width=&#8220;1\/3&#8243;][\/vc_column][\/vc_row][vc_row][vc_column][vc_column_text css_animation=&#8220;slideInUp&#8220; css=&#8220;&#8220; el_class=&#8220;myheadline&#8220;]<\/p>\n<h2>Unsere Kernkompetenzen<\/h2>\n<p>[\/vc_column_text][\/vc_column][\/vc_row][vc_row css_animation=&#8220;slideInUp&#8220;][vc_column width=&#8220;1\/4&#8243;][vc_single_image image=&#8220;7501&#8243; css=&#8220;&#8220; el_class=&#8220;myicon&#8220;][\/vc_column][vc_column width=&#8220;3\/4&#8243;][vc_column_text css=&#8220;&#8220; el_class=&#8220;myheadline&#8220;]<\/p>\n<h3>CRM &amp; ERP \u2013 Gesch\u00e4ftsprozesse vereinfachen<\/h3>\n<ul>\n<li><strong><a href=\"https:\/\/redoo-networks.com\/de\/flexx-suite\/\">flexx.suite &gt;<\/a><\/strong><br \/>\nIhr leistungsstarkes CRM\/ERP f\u00fcr effizientes Management<\/li>\n<li><strong><a href=\"https:\/\/redoo-networks.com\/de\/vtiger\/\">Vtiger CRM &gt;<\/a><\/strong><br \/>\nIndividuell angepasst an Ihre Anforderungen<\/li>\n<li><strong><a href=\"https:\/\/redoo-networks.com\/de\/kita-works\/\">kita.works<\/a><a href=\"https:\/\/redoo-networks.com\/de\/kita-works\/\"> &gt;<\/a><\/strong><br \/>\nVerwaltungssoftware f\u00fcr Kindertagesst\u00e4tten, die Zeit spart<\/li>\n<\/ul>\n<p>[\/vc_column_text][vc_separator color=&#8220;custom&#8220; border_width=&#8220;3&#8243; css=&#8220;&#8220; accent_color=&#8220;#CC2222&#8243;][\/vc_column][\/vc_row][vc_row css_animation=&#8220;slideInUp&#8220;][vc_column width=&#8220;1\/4&#8243;][vc_single_image image=&#8220;7499&#8243; css=&#8220;&#8220; el_class=&#8220;myicon&#8220;][\/vc_column][vc_column width=&#8220;3\/4&#8243;][vc_column_text css=&#8220;&#8220; el_class=&#8220;myheadline&#8220;]<\/p>\n<h3>Software- &amp; App-Entwicklung \u2013 Ma\u00dfgeschneiderte L\u00f6sungen<\/h3>\n<ul>\n<li><strong><a href=\"https:\/\/redoo-networks.com\/de\/individuelle-softwareentwicklung\/\">Individuelle Softwareentwicklung &gt;<\/a><\/strong><br \/>\nPassgenau f\u00fcr Ihre Gesch\u00e4ftsanforderungen<\/li>\n<li><strong><a href=\"https:\/\/redoo-networks.com\/de\/app-entwicklung\/\">App-Entwicklung &gt;<\/a><\/strong><br \/>\nMobile Anwendungen f\u00fcr mehr Flexibilit\u00e4t<\/li>\n<li><strong><a href=\"https:\/\/redoo-networks.com\/de\/api-systemintegration\/\">Schnittstellen &amp; Systemintegration &gt;<\/a><\/strong><br \/>\nNahtlose Verkn\u00fcpfung Ihrer IT-Systeme<\/li>\n<\/ul>\n<p>[\/vc_column_text][vc_separator color=&#8220;custom&#8220; border_width=&#8220;3&#8243; css=&#8220;&#8220; accent_color=&#8220;#CC2222&#8243;][\/vc_column][\/vc_row][vc_row css_animation=&#8220;slideInUp&#8220;][vc_column width=&#8220;1\/4&#8243;][vc_single_image image=&#8220;7503&#8243; css=&#8220;&#8220; el_class=&#8220;myicon&#8220;][\/vc_column][vc_column width=&#8220;3\/4&#8243;][vc_column_text css=&#8220;&#8220; el_class=&#8220;myheadline&#8220;]<\/p>\n<h3>E-Commerce &amp; Marketing \u2013 Mehr Sichtbarkeit &amp; Umsatz<\/h3>\n<ul>\n<li><strong><a href=\"https:\/\/redoo-networks.com\/de\/webentwicklung-online-shops\/\">Webentwicklung &amp; Online-Shops &gt;<\/a><\/strong><br \/>\nBenutzerfreundlich &amp; zielgerichtet<\/li>\n<li><strong><a href=\"https:\/\/redoo-networks.com\/de\/google-ads-sem\/\">Google Ads &amp; SEM &gt;<\/a><\/strong><br \/>\nMehr Traffic &amp; bessere Conversions<\/li>\n<li><strong><a href=\"https:\/\/redoo-networks.com\/de\/corporate-design\/\">Corporate Design &gt;<\/a><\/strong><br \/>\nEin starkes Erscheinungsbild f\u00fcr Ihre Marke<\/li>\n<\/ul>\n<p>[\/vc_column_text][\/vc_column][\/vc_row][vc_row full_width=&#8220;stretch_row&#8220; content_placement=&#8220;middle&#8220; el_class=&#8220;mybgrow&#8220;][vc_column width=&#8220;1\/4&#8243;][vc_single_image image=&#8220;7279&#8243; img_size=&#8220;medium&#8220; css_animation=&#8220;slideInUp&#8220; css=&#8220;&#8220; el_class=&#8220;myicon&#8220;][\/vc_column][vc_column width=&#8220;3\/4&#8243;][vc_column_text css_animation=&#8220;slideInUp&#8220; css=&#8220;&#8220; el_class=&#8220;myheadline&#8220;]<\/p>\n<h2>Warum REDOO-NETWORKS?<\/h2>\n<ul>\n<li><strong>Strategische Digitalisierung<\/strong> \u2013 L\u00f6sungen, die sich an Ihren Zielen orientieren<\/li>\n<li><strong>Individuelle Beratung<\/strong> \u2013 Keine Standardprodukte, sondern ma\u00dfgeschneiderte Systeme<\/li>\n<li><strong>Langfristige Prozessoptimierung<\/strong> \u2013 Effizienz steigern, Kosten senken<\/li>\n<\/ul>\n<p>[\/vc_column_text][vc_separator css=&#8220;&#8220;][vc_column_text css_animation=&#8220;slideInUp&#8220; css=&#8220;&#8220; el_class=&#8220;myheadline&#8220;]<b>\ud83c\udfaf \u00dcber 15 Jahre Erfahrung<\/b>[\/vc_column_text][vc_separator css=&#8220;&#8220;][vc_column_text css_animation=&#8220;slideInUp&#8220; css=&#8220;&#8220; el_class=&#8220;myheadline&#8220;]<b>\ud83c\udfaf Mehr als 500 erfolgreiche Projekte<\/b>[\/vc_column_text][vc_separator css=&#8220;&#8220;][vc_column_text css_animation=&#8220;slideInUp&#8220; css=&#8220;&#8220; el_class=&#8220;myheadline&#8220;]<b>\ud83c\udfaf Starker Partner f\u00fcr KMU<\/b>[\/vc_column_text][vc_separator css=&#8220;&#8220;][vc_column_text css_animation=&#8220;slideInUp&#8220; css=&#8220;&#8220; el_class=&#8220;myheadline&#8220;]<b>\ud83c\udfaf Von Brandenburg \u00fcber die <span style=\"font-weight: 400;\"><strong>D-A-CH <\/strong><\/span>Region bis international<\/b>[\/vc_column_text][\/vc_column][\/vc_row][vc_row][vc_column][vc_empty_space height=&#8220;100px&#8220;][\/vc_column][\/vc_row][vc_row content_placement=&#8220;middle&#8220;][vc_column width=&#8220;1\/2&#8243;][vc_column_text css=&#8220;&#8220; el_class=&#8220;myheadline&#8220;]<\/p>\n<h3><b>Lassen Sie uns \u00fcber Ihr Projekt sprechen!<\/b><\/h3>\n<p><b>Kostenlose Erstberatung sichern \u2013 Wir analysieren Ihre Digitalisierungs\u00adpotenziale unverbindlich.<\/b>[\/vc_column_text][\/vc_column][vc_column width=&#8220;1\/2&#8243;][vc_column_text css=&#8220;&#8220;]<a class=\"button\" style=\"font-size: 20px;\" href=\"\/de\/kontakt\/\">Jetzt Kontakt aufnehmen &gt;<\/a>[\/vc_column_text][\/vc_column][\/vc_row]<\/p>\n<\/div>","protected":false},"excerpt":{"rendered":"<p>[vc_row full_width=&#8220;stretch_row&#8220; content_placement=&#8220;middle&#8220; el_class=&#8220;mybgrow&#8220;][vc_column width=&#8220;1\/2&#8243;][vc_column_text css_animation=&#8220;none&#8220; css=&#8220;&#8220;] Digitale L\u00f6sungen, die KMU voranbringen Effizient &#8211; Innovativ &#8211; Ma\u00dfgeschneidert[\/vc_column_text][\/vc_column][vc_column width=&#8220;1\/2&#8243;][vc_single_image image=&#8220;7323&#8243; img_size=&#8220;full&#8220; alignment=&#8220;center&#8220; css=&#8220;&#8220; image_hovers=&#8220;false&#8220;][\/vc_column][\/vc_row][vc_row css_animation=&#8220;slideInUp&#8220; bg_type=&#8220;image&#8220; parallax_style=&#8220;vcpb-default&#8220; bg_image_new=&#8220;id^7901|url^https:\/\/redoo-networks.com\/wp-content\/uploads\/2025\/03\/Digitalisierung_686813214.jpg|caption^null|alt^null|title^Digitalisierung_686813214|description^null&#8220; bg_image_repeat=&#8220;no-repeat&#8220; bg_image_size=&#8220;contain&#8220; bg_image_posiiton=&#8220;right top&#8220; css=&#8220;.vc_custom_1742375806053{background-color: #ffffff !important;}&#8220; el_class=&#8220;myphotobgrow&#8220;][vc_column width=&#8220;2\/3&#8243;][vc_column_text css_animation=&#8220;none&#8220; css=&#8220;&#8220; el_class=&#8220;myheadline whiteBG&#8220;]Die REDOO-NETWORKS GmbH ist Ihr Partner f\u00fcr individuelle Digitalisierungsl\u00f6sungen, die Ihre Effizienz steigern und Arbeitsprozesse optimieren.&hellip;<\/p>\n","protected":false},"author":1,"featured_media":0,"parent":0,"menu_order":0,"comment_status":"closed","ping_status":"closed","template":"","meta":{"footnotes":""},"class_list":["post-24","page","type-page","status-publish","hentry","description-off"],"_links":{"self":[{"href":"https:\/\/redoo-networks.com\/de\/wp-json\/wp\/v2\/pages\/24","targetHints":{"allow":["GET"]}}],"collection":[{"href":"https:\/\/redoo-networks.com\/de\/wp-json\/wp\/v2\/pages"}],"about":[{"href":"https:\/\/redoo-networks.com\/de\/wp-json\/wp\/v2\/types\/page"}],"author":[{"embeddable":true,"href":"https:\/\/redoo-networks.com\/de\/wp-json\/wp\/v2\/users\/1"}],"replies":[{"embeddable":true,"href":"https:\/\/redoo-networks.com\/de\/wp-json\/wp\/v2\/comments?post=24"}],"version-history":[{"count":108,"href":"https:\/\/redoo-networks.com\/de\/wp-json\/wp\/v2\/pages\/24\/revisions"}],"predecessor-version":[{"id":8555,"href":"https:\/\/redoo-networks.com\/de\/wp-json\/wp\/v2\/pages\/24\/revisions\/8555"}],"wp:attachment":[{"href":"https:\/\/redoo-networks.com\/de\/wp-json\/wp\/v2\/media?parent=24"}],"curies":[{"name":"wp","href":"https:\/\/api.w.org\/{rel}","templated":true}]}}