{"id":3634,"date":"2019-06-12T10:32:07","date_gmt":"2019-06-12T10:32:07","guid":{"rendered":"https:\/\/dev-redoo-unify.oder.media\/lizenzvereinbarung\/"},"modified":"2025-03-20T11:45:33","modified_gmt":"2025-03-20T10:45:33","slug":"lizenzvereinbarung","status":"publish","type":"page","link":"https:\/\/redoo-networks.com\/de\/lizenzvereinbarung\/","title":{"rendered":"Lizenzvereinbarung"},"content":{"rendered":"<h3><b>Lizenzbedingungen f\u00fcr die Nutzung von Software der REDOO-NETWORKS GmbH<\/b><\/h3>\n<p><b>Version: 22. Januar 2025<\/b><\/p>\n<p><span style=\"font-weight: 400;\">Diese Lizenzbedingungen regeln die Nutzung und Lieferung der Softwareprodukte der REDOO-NETWORKS GmbH (nachfolgend &#8222;Software&#8220; genannt). Dazu z\u00e4hlen alle Medien, auf denen die Software bereitgestellt wird, sowie Erweiterungen, Updates, Schnittstellen, Supportleistungen, sonstige Internetdienste und Programmierleistungen der REDOO-NETWORKS GmbH.<\/span><\/p>\n<p><span style=\"font-weight: 400;\">Die nachfolgenden Lizenzbedingungen sind integraler Bestandteil aller Vertr\u00e4ge mit der REDOO-NETWORKS GmbH und m\u00fcssen vom Kunden verbindlich akzeptiert werden. Entgegenstehende, erg\u00e4nzende oder von diesen Lizenzbedingungen abweichende Bedingungen des Kunden werden von der REDOO-NETWORKS GmbH nicht anerkannt und werden nicht Vertragsbestandteil, es sei denn, die REDOO-NETWORKS GmbH stimmt ihnen ausdr\u00fccklich schriftlich zu.<\/span><\/p>\n<p><b> \u00a71 Nutzungsrechte<\/b><\/p>\n<ol>\n<li><span style=\"font-weight: 400;\"> Der Lizenznehmer erh\u00e4lt einfache, nicht ausschlie\u00dfliche und eingeschr\u00e4nkte Nutzungsrechte an der Software. Die Nutzung der Software ist ausschlie\u00dflich f\u00fcr den vertraglich vereinbarten Zweck und Umfang zul\u00e4ssig. Jede dar\u00fcber hinausgehende Nutzung bedarf der vorherigen schriftlichen Zustimmung der REDOO-NETWORKS GmbH. Umfassende, uneingeschr\u00e4nkte Nutzungsrechte werden ausdr\u00fccklich ausgeschlossen.<\/span><\/li>\n<li><span style=\"font-weight: 400;\"> Die Software darf nur auf EINER \u00f6ffentlich zug\u00e4nglichen produktiven URL und EINER \u00f6ffentlich zug\u00e4nglichen Test-URL genutzt und aktiviert werden.<\/span><\/li>\n<li><span style=\"font-weight: 400;\"> Nutzungsrechte werden erst nach vollst\u00e4ndiger Bezahlung der vereinbarten Verg\u00fctung gew\u00e4hrt.<\/span><\/li>\n<li><span style=\"font-weight: 400;\"> Die Weitergabe der Software oder von Versionen der Software an Dritte ist ohne vorherige schriftliche Zustimmung der REDOO-NETWORKS GmbH untersagt. Dies gilt auch f\u00fcr Ver\u00e4nderungen oder Modifikationen der Software.<\/span><\/li>\n<li><span style=\"font-weight: 400;\"> Der Lizenznehmer ist nicht berechtigt, \u00c4nderungen am Quellcode vorzunehmen. Jegliche Haftung der REDOO-NETWORKS GmbH f\u00fcr Sch\u00e4den oder Funktionsst\u00f6rungen, die durch Ver\u00e4nderungen des Quellcodes entstehen, ist ausgeschlossen.<\/span><\/li>\n<li><span style=\"font-weight: 400;\"> Reseller m\u00fcssen einen separaten Reseller-Vertrag abschlie\u00dfen, um die Software an Dritte vertreiben zu d\u00fcrfen.<\/span><\/li>\n<\/ol>\n<p><b> \u00a72 Lizenzbedingungen f\u00fcr Drittsoftware<\/b><\/p>\n<p><span style=\"font-weight: 400;\">Die REDOO-NETWORKS GmbH \u00fcbernimmt keine Haftung f\u00fcr die Funktionsf\u00e4higkeit, Sicherheit oder Kompatibilit\u00e4t von Drittsoftware, die in Verbindung mit der Software genutzt wird.<\/span><\/p>\n<ol>\n<li><span style=\"font-weight: 400;\"> Sofern die Software Komponenten anderer Softwareprodukte enth\u00e4lt, gelten f\u00fcr diese Komponenten die Lizenzbedingungen der jeweiligen Drittsoftware.<\/span><\/li>\n<li><span style=\"font-weight: 400;\"> Werden Teile von vtiger Software verwendet, gelten f\u00fcr diese Teile die Lizenzbedingungen von vtiger Software, abrufbar unter:<\/span><a href=\"https:\/\/www.vtiger.com\/open-source-crm\/vtiger-public-license\" rel=\"nofollow noopener\" target=\"_blank\"> <span style=\"font-weight: 400;\">https:\/\/www.vtiger.com\/open-source-crm\/vtiger-public-license<\/span><\/a><span style=\"font-weight: 400;\">.<\/span><\/li>\n<\/ol>\n<p><b> \u00a73 Lizenzpr\u00fcfung und Speicherung von Daten<\/b><\/p>\n<ol>\n<li><span style=\"font-weight: 400;\"> Die f\u00fcr die Lizenzpr\u00fcfung erforderlichen Daten werden von der REDOO-NETWORKS GmbH dauerhaft gespeichert. Bei Verst\u00f6\u00dfen gegen diese Lizenzbedingungen beh\u00e4lt sich die REDOO-NETWORKS GmbH das Recht vor, die Lizenz mit sofortiger Wirkung zu widerrufen und alle weiteren Dienstleistungen einzustellen. Dar\u00fcber hinaus verpflichtet sich der Lizenznehmer, eine Vertragsstrafe in H\u00f6he von 50.000 \u20ac pro Versto\u00df zu zahlen. Weitergehende Anspr\u00fcche bleiben unber\u00fchrt.<\/span><\/li>\n<li><span style=\"font-weight: 400;\"> Der Kunde erkl\u00e4rt sich damit einverstanden, dass die REDOO-NETWORKS GmbH diese Daten ausschlie\u00dflich zum Zweck der Lizenz\u00fcberwachung und Vertragserf\u00fcllung verwendet.<\/span><\/li>\n<\/ol>\n<p><b> \u00a74 Gew\u00e4hrleistung und Haftung<\/b><\/p>\n<ol>\n<li><span style=\"font-weight: 400;\"> Die Software wird &#8222;as-is&#8220; ohne Gew\u00e4hrleistung f\u00fcr etwaige M\u00e4ngel und ohne Haftung f\u00fcr Sch\u00e4den, die aus eventuellen M\u00e4ngeln entstehen, lizenziert.<\/span><\/li>\n<li><span style=\"font-weight: 400;\"> Eine Supportleistung ist nicht in der Lizenz enthalten, kann jedoch separat von der REDOO-NETWORKS GmbH gebucht werden.<\/span><\/li>\n<li><span style=\"font-weight: 400;\"> Die REDOO-NETWORKS GmbH haftet nur f\u00fcr Vorsatz und grobe Fahrl\u00e4ssigkeit. F\u00fcr mittelbare Sch\u00e4den, entgangenen Gewinn oder Folgesch\u00e4den wird keine Haftung \u00fcbernommen.<\/span><\/li>\n<li><span style=\"font-weight: 400;\"> Die Haftung der REDOO-NETWORKS GmbH endet mit der Freigabe und Aktivierung der Software, es sei denn, es handelt sich um grob fahrl\u00e4ssiges oder vors\u00e4tzliches Verhalten des Auftragnehmers.<\/span><\/li>\n<\/ol>\n<p><b> \u00a75 \u00c4nderungen der Lizenzbedingungen<\/b><\/p>\n<ol>\n<li><span style=\"font-weight: 400;\"> Die REDOO-NETWORKS GmbH beh\u00e4lt sich das Recht vor, diese Lizenzbedingungen zu \u00e4ndern. Ge\u00e4nderte Lizenzbedingungen werden dem Kunden durch Mitteilung und Bereitstellung der aktualisierten Bedingungen zur Verf\u00fcgung gestellt. Die Lizenzbedingungen k\u00f6nnen sich ohne vorherige Ank\u00fcndigung \u00e4ndern.<\/span><\/li>\n<li><span style=\"font-weight: 400;\"> Der Kunde hat das Recht, den ge\u00e4nderten Lizenzbedingungen innerhalb von 30 Tagen nach Zugang schriftlich zu widersprechen. Erfolgt kein Widerspruch, gelten die ge\u00e4nderten Bedingungen als akzeptiert.<\/span><\/li>\n<li><span style=\"font-weight: 400;\"> Im Falle eines Widerspruchs gelten die bisherigen Lizenzbedingungen weiter, bis eine Einigung erzielt wird.<\/span><\/li>\n<\/ol>\n<p><b> \u00a76 Anwendbares Recht und Gerichtsstand<\/b><\/p>\n<ol>\n<li><span style=\"font-weight: 400;\"> Der Lizenznehmer verpflichtet sich, alle anwendbaren Exportgesetze und -vorschriften einzuhalten. Eine Nutzung der Software in L\u00e4ndern, die Sanktionen oder Beschr\u00e4nkungen unterliegen, ist ohne vorherige schriftliche Zustimmung der REDOO-NETWORKS GmbH nicht gestattet.<\/span><\/li>\n<li><span style=\"font-weight: 400;\"> F\u00fcr diese Lizenz gilt das Recht der Bundesrepublik Deutschland. Das UN-Kaufrecht ist ausgeschlossen.<\/span><\/li>\n<li><span style=\"font-weight: 400;\"> Der Gerichtsstand ist Frankfurt\/Oder. Die REDOO-NETWORKS GmbH ist jedoch berechtigt, den Kunden an dessen allgemeinen Gerichtsstand zu verklagen.<\/span><\/li>\n<\/ol>\n<p><b> \u00a77 Schriftformerfordernis<\/b><\/p>\n<ol>\n<li><span style=\"font-weight: 400;\"> \u00c4nderungen und Erg\u00e4nzungen dieses Vertrags bed\u00fcrfen der Schriftform, die auch in Textform im Sinne des \u00a7 126b BGB erfolgen kann. Insbesondere sind Erkl\u00e4rungen, die per Telefax oder E-Mail abgegeben werden, wirksam.<\/span><\/li>\n<li><span style=\"font-weight: 400;\"> Auch auf dieses Schriftformerfordernis kann nur durch eine schriftliche Erkl\u00e4rung verzichtet werden.<\/span><\/li>\n<li><span style=\"font-weight: 400;\"> Die REDOO-NETWORKS GmbH ist berechtigt, die Lizenz mit einer Frist von 30 Tagen zum Monatsende zu k\u00fcndigen, sofern berechtigte Gr\u00fcnde vorliegen, die die Fortf\u00fchrung des Vertragsverh\u00e4ltnisses unzumutbar machen.<\/span><\/li>\n<li><span style=\"font-weight: 400;\"> \u00c4nderungen und Erg\u00e4nzungen dieses Vertrags bed\u00fcrfen der Schriftform, die auch in Textform im Sinne des \u00a7 126b BGB erfolgen kann. Insbesondere sind Erkl\u00e4rungen, die per Telefax oder E-Mail abgegeben werden, wirksam.<\/span><\/li>\n<li><span style=\"font-weight: 400;\"> Auch auf dieses Schriftformerfordernis kann nur durch eine schriftliche Erkl\u00e4rung verzichtet werden.<\/span><\/li>\n<\/ol>\n<p><b> \u00a78 Schlussbestimmungen<\/b><\/p>\n<p><span style=\"font-weight: 400;\">Sollte eine Bestimmung dieser Lizenzbedingungen unwirksam sein, bleiben die \u00fcbrigen Bestimmungen davon unber\u00fchrt. Diese salvatorische Klausel gilt auch dann, wenn Unwirksamkeiten auf \u00c4nderungen gesetzlicher Vorschriften beruhen. Die unwirksame Bestimmung wird durch eine Regelung ersetzt, die dem wirtschaftlichen Zweck der unwirksamen Bestimmung am n\u00e4chsten kommt.<\/span><\/p>\n<p>&nbsp;<\/p>\n","protected":false},"excerpt":{"rendered":"<p>Lizenzbedingungen f\u00fcr die Nutzung von Software der REDOO-NETWORKS GmbH Version: 22. Januar 2025 Diese Lizenzbedingungen regeln die Nutzung und Lieferung der Softwareprodukte der REDOO-NETWORKS GmbH (nachfolgend &#8222;Software&#8220; genannt). Dazu z\u00e4hlen alle Medien, auf denen die Software bereitgestellt wird, sowie Erweiterungen, Updates, Schnittstellen, Supportleistungen, sonstige Internetdienste und Programmierleistungen der REDOO-NETWORKS GmbH. Die nachfolgenden Lizenzbedingungen sind integraler&hellip;<\/p>\n","protected":false},"author":1,"featured_media":0,"parent":0,"menu_order":0,"comment_status":"closed","ping_status":"closed","template":"","meta":{"footnotes":""},"class_list":["post-3634","page","type-page","status-publish","hentry","description-off"],"_links":{"self":[{"href":"https:\/\/redoo-networks.com\/de\/wp-json\/wp\/v2\/pages\/3634","targetHints":{"allow":["GET"]}}],"collection":[{"href":"https:\/\/redoo-networks.com\/de\/wp-json\/wp\/v2\/pages"}],"about":[{"href":"https:\/\/redoo-networks.com\/de\/wp-json\/wp\/v2\/types\/page"}],"author":[{"embeddable":true,"href":"https:\/\/redoo-networks.com\/de\/wp-json\/wp\/v2\/users\/1"}],"replies":[{"embeddable":true,"href":"https:\/\/redoo-networks.com\/de\/wp-json\/wp\/v2\/comments?post=3634"}],"version-history":[{"count":7,"href":"https:\/\/redoo-networks.com\/de\/wp-json\/wp\/v2\/pages\/3634\/revisions"}],"predecessor-version":[{"id":7237,"href":"https:\/\/redoo-networks.com\/de\/wp-json\/wp\/v2\/pages\/3634\/revisions\/7237"}],"wp:attachment":[{"href":"https:\/\/redoo-networks.com\/de\/wp-json\/wp\/v2\/media?parent=3634"}],"curies":[{"name":"wp","href":"https:\/\/api.w.org\/{rel}","templated":true}]}}