{"id":6150,"date":"2019-10-09T12:24:18","date_gmt":"2019-10-09T12:24:18","guid":{"rendered":"https:\/\/dev-redoo-unify.oder.media\/payment-methods\/"},"modified":"2025-03-20T13:11:14","modified_gmt":"2025-03-20T12:11:14","slug":"zahlungsmethoden","status":"publish","type":"page","link":"https:\/\/redoo-networks.com\/de\/zahlungsmethoden\/","title":{"rendered":"Zahlungsmethoden"},"content":{"rendered":"<div class=\"wpb-content-wrapper\"><p>[vc_row][vc_column width=&#8220;1\/6&#8243;]<div class=\"ult-just-icon-wrapper  \"><div class=\"align-icon\" style=\"text-align:center;\">\n<div class=\"aio-icon square \"  style=\"color:#ffffff;background:#b8c1ca;font-size:90px;display:inline-block;\">\n\t<i class=\"Defaults-bank\"><\/i>\n<\/div><\/div><\/div>[\/vc_column][vc_column width=&#8220;2\/6&#8243;][vc_column_text]<strong>Direkte Bank\u00fcberweisung<\/strong><\/p>\n<p>\u00dcberweisen Sie Ihre Zahlung direkt auf unser Bankkonto. Bitte verwenden Sie Ihre <strong>Bestellnummer<\/strong> als <strong>Verwendungszweck<\/strong>. Ihre Bestellung wird erst versendet, wenn der Betrag auf unserem Konto eingegangen ist.<\/p>\n<p>Bei \u00dcberweisungen aus dem Ausland tr\u00e4gt der Kunde die entstehenden Bankgeb\u00fchren f\u00fcr eine Auslands\u00fcberweisung.<\/p>\n<p>Nutzen Sie bitte folgende <strong>Bankverbindung:<\/strong><\/p>\n<p>DKB Bank<br \/>\nIBAN: DE03120300000010553873<br \/>\nBIC: BYLADEM1001<\/p>\n<p>[\/vc_column_text][\/vc_column][vc_column width=&#8220;1\/6&#8243;]<div class=\"ult-just-icon-wrapper  \"><div class=\"align-icon\" style=\"text-align:center;\">\n<div class=\"aio-icon square \"  style=\"color:#ffffff;background:#b8c1ca;font-size:90px;display:inline-block;\">\n\t<i class=\"fab fa-paypal\"><\/i>\n<\/div><\/div><\/div>[\/vc_column][vc_column width=&#8220;2\/6&#8243;][vc_column_text]<strong>PayPal<\/strong><\/p>\n<p>Bezahlen Sie \u00fcber PayPal; wenn Sie kein PayPal-Konto haben, k\u00f6nnen Sie mit Ihrer Kreditkarte bezahlen.[\/vc_column_text][\/vc_column][\/vc_row]<\/p>\n<\/div>","protected":false},"excerpt":{"rendered":"<p>[vc_row][vc_column width=&#8220;1\/6&#8243;][\/vc_column][vc_column width=&#8220;2\/6&#8243;][vc_column_text]Direkte Bank\u00fcberweisung \u00dcberweisen Sie Ihre Zahlung direkt auf unser Bankkonto. Bitte verwenden Sie Ihre Bestellnummer als Verwendungszweck. Ihre Bestellung wird erst versendet, wenn der Betrag auf unserem Konto eingegangen ist. Bei \u00dcberweisungen aus dem Ausland tr\u00e4gt der Kunde die entstehenden Bankgeb\u00fchren f\u00fcr eine Auslands\u00fcberweisung. Nutzen Sie bitte folgende Bankverbindung: DKB Bank IBAN: DE03120300000010553873&hellip;<\/p>\n","protected":false},"author":1,"featured_media":0,"parent":0,"menu_order":0,"comment_status":"closed","ping_status":"closed","template":"","meta":{"footnotes":""},"class_list":["post-6150","page","type-page","status-publish","hentry","description-off"],"_links":{"self":[{"href":"https:\/\/redoo-networks.com\/de\/wp-json\/wp\/v2\/pages\/6150","targetHints":{"allow":["GET"]}}],"collection":[{"href":"https:\/\/redoo-networks.com\/de\/wp-json\/wp\/v2\/pages"}],"about":[{"href":"https:\/\/redoo-networks.com\/de\/wp-json\/wp\/v2\/types\/page"}],"author":[{"embeddable":true,"href":"https:\/\/redoo-networks.com\/de\/wp-json\/wp\/v2\/users\/1"}],"replies":[{"embeddable":true,"href":"https:\/\/redoo-networks.com\/de\/wp-json\/wp\/v2\/comments?post=6150"}],"version-history":[{"count":5,"href":"https:\/\/redoo-networks.com\/de\/wp-json\/wp\/v2\/pages\/6150\/revisions"}],"predecessor-version":[{"id":6470,"href":"https:\/\/redoo-networks.com\/de\/wp-json\/wp\/v2\/pages\/6150\/revisions\/6470"}],"wp:attachment":[{"href":"https:\/\/redoo-networks.com\/de\/wp-json\/wp\/v2\/media?parent=6150"}],"curies":[{"name":"wp","href":"https:\/\/api.w.org\/{rel}","templated":true}]}}