{"id":64,"date":"2019-04-17T12:33:13","date_gmt":"2019-04-17T12:33:13","guid":{"rendered":"https:\/\/dev-redoo-unify.oder.media\/?page_id=64"},"modified":"2025-10-08T13:48:46","modified_gmt":"2025-10-08T11:48:46","slug":"impressum","status":"publish","type":"page","link":"https:\/\/redoo-networks.com\/de\/impressum\/","title":{"rendered":"Impressum"},"content":{"rendered":"<div class=\"wpb-content-wrapper\"><p>[vc_row][vc_column][vc_column_text css=&#8220;&#8220;]<strong>REDOO-NETWORKS GmbH<\/strong><\/p>\n<p>Dahmsdorfer Stra\u00dfe 12,<br \/>\n15374 M\u00fcncheberg<br \/>\n<span style=\"#; -: , -;\">Germany<\/span><\/p>\n<p>Gesch\u00e4ftsf\u00fchrer \/ CEO: Sari Susanna Joki<\/p>\n<p><span style=\"#; -: , -;\">Prokura \/ Authorized officer: Iuliia Goncharova-Kaznarska<\/span><\/p>\n<p><span style=\"#;: , -;\">USt-IdNr \/ VAT Reg No: DE195486248<\/span><\/p>\n<p><span style=\"#;: , -;\">Amtsgericht \/ District Court: Frankfurt\/Oder | HRB 7664 FF<\/span><\/p>\n<p>&nbsp;<\/p>\n<table class=\"small-table\">\n<tbody>\n<tr>\n<td>E-Mail:<\/td>\n<td>\u00a0<a href=\"mailto:info@redoo-networks.com\">info@redoo-networks.com<\/a><\/td>\n<\/tr>\n<tr>\n<td>Tel.:<\/td>\n<td>\u00a0<a href=\"tel:+4933432755880\">+49 (0) 33432 755880<\/a><br \/>\nour phone times: 09:00 &#8211; 15:00<\/td>\n<\/tr>\n<tr>\n<td><span style=\"#; -: , -;\">Fax:<\/span><\/td>\n<td><span style=\"#; font-: , sans-;\">+49 (0) 3723 6296100<\/span><\/td>\n<\/tr>\n<\/tbody>\n<\/table>\n<div><\/div>\n<p>&nbsp;<\/p>\n<h2>EU-Streitschlichtung<\/h2>\n<p>Die Europ\u00e4ische Kommission stellt eine Plattform zur Online-Streitbeilegung (OS) bereit:\u00a0<a href=\"https:\/\/ec.europa.eu\/consumers\/odr\/\" target=\"_blank\" rel=\"noopener noreferrer nofollow\">https:\/\/ec.europa.eu\/consumers\/odr\/<\/a>.<br \/>\nUnsere E-Mail-Adresse finden Sie oben im Impressum.<\/p>\n<h2>Verbraucher\u00adstreit\u00adbeilegung\/Universal\u00adschlichtungs\u00adstelle<\/h2>\n<p>Wir sind nicht bereit oder verpflichtet, an Streitbeilegungsverfahren vor einer Verbraucherschlichtungsstelle teilzunehmen.<\/p>\n<div>\n<p>&nbsp;<\/p>\n<\/div>\n<p>[\/vc_column_text][\/vc_column][\/vc_row]<\/p>\n<\/div>","protected":false},"excerpt":{"rendered":"<p>[vc_row][vc_column][vc_column_text css=&#8220;&#8220;]REDOO-NETWORKS GmbH Dahmsdorfer Stra\u00dfe 12, 15374 M\u00fcncheberg Germany Gesch\u00e4ftsf\u00fchrer \/ CEO: Sari Susanna Joki Prokura \/ Authorized officer: Iuliia Goncharova-Kaznarska USt-IdNr \/ VAT Reg No: DE195486248 Amtsgericht \/ District Court: Frankfurt\/Oder | HRB 7664 FF &nbsp; E-Mail: \u00a0info@redoo-networks.com Tel.: \u00a0+49 (0) 33432 755880 our phone times: 09:00 &#8211; 15:00 Fax: +49 (0) 3723 6296100&hellip;<\/p>\n","protected":false},"author":1,"featured_media":0,"parent":0,"menu_order":0,"comment_status":"closed","ping_status":"closed","template":"","meta":{"footnotes":""},"class_list":["post-64","page","type-page","status-publish","hentry","description-off"],"_links":{"self":[{"href":"https:\/\/redoo-networks.com\/de\/wp-json\/wp\/v2\/pages\/64","targetHints":{"allow":["GET"]}}],"collection":[{"href":"https:\/\/redoo-networks.com\/de\/wp-json\/wp\/v2\/pages"}],"about":[{"href":"https:\/\/redoo-networks.com\/de\/wp-json\/wp\/v2\/types\/page"}],"author":[{"embeddable":true,"href":"https:\/\/redoo-networks.com\/de\/wp-json\/wp\/v2\/users\/1"}],"replies":[{"embeddable":true,"href":"https:\/\/redoo-networks.com\/de\/wp-json\/wp\/v2\/comments?post=64"}],"version-history":[{"count":18,"href":"https:\/\/redoo-networks.com\/de\/wp-json\/wp\/v2\/pages\/64\/revisions"}],"predecessor-version":[{"id":8307,"href":"https:\/\/redoo-networks.com\/de\/wp-json\/wp\/v2\/pages\/64\/revisions\/8307"}],"wp:attachment":[{"href":"https:\/\/redoo-networks.com\/de\/wp-json\/wp\/v2\/media?parent=64"}],"curies":[{"name":"wp","href":"https:\/\/api.w.org\/{rel}","templated":true}]}}