{"id":7546,"date":"2025-03-04T15:11:32","date_gmt":"2025-03-04T15:11:32","guid":{"rendered":"https:\/\/redoo-networks.com\/?page_id=7546"},"modified":"2025-11-27T11:31:21","modified_gmt":"2025-11-27T10:31:21","slug":"flexx-suite","status":"publish","type":"page","link":"https:\/\/redoo-networks.com\/de\/flexx-suite\/","title":{"rendered":"flexx.suite"},"content":{"rendered":"<div class=\"wpb-content-wrapper\"><p>[vc_row full_width=&#8220;stretch_row&#8220; content_placement=&#8220;middle&#8220; el_class=&#8220;mybgrow&#8220;][vc_column width=&#8220;1\/2&#8243;][vc_column_text css_animation=&#8220;none&#8220; css=&#8220;&#8220;]<\/p>\n<h1><b>flexx.suite \u2013 Ihr leistungsstarkes CRM\/ERP f\u00fcr effizientes Gesch\u00e4ftsmanagement<\/b><\/h1>\n<p>[\/vc_column_text][\/vc_column][vc_column width=&#8220;1\/2&#8243;][vc_single_image image=&#8220;7567&#8243; img_size=&#8220;full&#8220; alignment=&#8220;center&#8220; css=&#8220;&#8220; image_hovers=&#8220;false&#8220;][\/vc_column][\/vc_row][vc_row css_animation=&#8220;slideInUp&#8220; bg_type=&#8220;image&#8220; parallax_style=&#8220;vcpb-default&#8220; bg_image_new=&#8220;id^7917|url^https:\/\/redoo-networks.com\/wp-content\/uploads\/2025\/03\/CRM-ERP-Loesung_853484094.jpg|caption^null|alt^null|title^CRM-ERP-Loesung_853484094|description^null&#8220; bg_image_repeat=&#8220;no-repeat&#8220; bg_image_size=&#8220;contain&#8220; bg_image_posiiton=&#8220;right top&#8220; css=&#8220;.vc_custom_1742377593672{background-color: #ffffff !important;}&#8220; el_class=&#8220;myphotobgrow&#8220;][vc_column width=&#8220;2\/3&#8243;][vc_column_text css_animation=&#8220;none&#8220; css=&#8220;&#8220; el_class=&#8220;myheadline whiteBG&#8220;]<b>Kunden, Projekte und Finanzen \u2013 alles in einem System!<\/b><\/p>\n<p><span style=\"font-weight: 400;\">Mit \u00fcber <\/span><b>15 Jahren Erfahrung in der Entwicklung von CRM-Systemen<\/b><span style=\"font-weight: 400;\"> hat REDOO-NETWORKS mit <\/span><b>flexx.suite<\/b><span style=\"font-weight: 400;\"> eine leistungsstarke, anpassbare und intuitive CRM- &amp; ERP-L\u00f6sung entwickelt \u2013 <\/span><b>ma\u00dfgeschneidert f\u00fcr kleine und mittlere Unternehmen in Deutschland, \u00d6sterreich und der Schweiz.<\/b>[\/vc_column_text][\/vc_column][vc_column width=&#8220;1\/3&#8243;][\/vc_column][\/vc_row][vc_row full_width=&#8220;stretch_row&#8220; content_placement=&#8220;middle&#8220; el_class=&#8220;mybgrow&#8220;][vc_column width=&#8220;1\/4&#8243;][vc_single_image image=&#8220;7279&#8243; img_size=&#8220;medium&#8220; css_animation=&#8220;slideInUp&#8220; css=&#8220;&#8220; el_class=&#8220;myicon&#8220;][\/vc_column][vc_column width=&#8220;3\/4&#8243;][vc_column_text css_animation=&#8220;slideInUp&#8220; css=&#8220;&#8220; el_class=&#8220;myheadline&#8220;]<\/p>\n<h2>Warum flexx.suite?<\/h2>\n<ul>\n<li><strong>Modular &amp; flexibel<\/strong> \u2013 Anpassbar an Ihre individuellen Gesch\u00e4ftsprozesse<\/li>\n<li><strong>API-Anbindung<\/strong> \u2013 Integriert sich nahtlos in Ihre bestehenden Systeme<\/li>\n<li><strong>Erweiterbar &amp; zukunftssicher<\/strong> \u2013 W\u00e4chst mit Ihrem Unternehmen mit<\/li>\n<li><strong>Keine Programmierkenntnisse n\u00f6tig<\/strong> \u2013 Einfache Anpassung von Workflows &amp; Feldern<\/li>\n<\/ul>\n<p>[\/vc_column_text][vc_column_text css_animation=&#8220;slideInUp&#8220; css=&#8220;&#8220;]<a class=\"button\" style=\"font-size: 20px;\" href=\"\/de\/kontakt\/\">Jetzt Demo anfordern &gt;<\/a>[\/vc_column_text][\/vc_column][\/vc_row][vc_row][vc_column][vc_empty_space][\/vc_column][\/vc_row][vc_row][vc_column width=&#8220;3\/4&#8243;][vc_column_text css_animation=&#8220;slideInUp&#8220; css=&#8220;&#8220; el_class=&#8220;myheadline&#8220;]<\/p>\n<h3>Zentrale Datenverwaltung &amp; Reporting-Funktionen<\/h3>\n<p><strong>flexx.suite als zentrale Datenplattform<\/strong> erm\u00f6glicht es Ihnen, alle relevanten Informationen in Echtzeit abzurufen und eine vollst\u00e4ndige Historie Ihrer Prozesse zu verwalten. <strong>Treffen Sie datenbasierte Entscheidungen schneller und effizienter.<\/strong><\/p>\n<p><strong>Leistungsstarke Reporting-Tools:<\/strong><br \/>\n\u2714 Automatische Berichterstellung mit PDF-\/Excel-Export &amp; Versand<br \/>\n\u2714 Individuelle Dashboards f\u00fcr Echtzeit-\u00dcberblick<br \/>\n\u2714 Detaillierte Datenanalyse zur Optimierung Ihrer Abl\u00e4ufe<\/p>\n<p>[\/vc_column_text][\/vc_column][vc_column width=&#8220;1\/4&#8243;][vc_single_image image=&#8220;7588&#8243; img_size=&#8220;medium&#8220; alignment=&#8220;center&#8220; css_animation=&#8220;slideInUp&#8220; css=&#8220;&#8220; image_hovers=&#8220;false&#8220; el_class=&#8220;myicon&#8220;][\/vc_column][\/vc_row][vc_row][vc_column][vc_empty_space][\/vc_column][\/vc_row][vc_row full_width=&#8220;stretch_row&#8220; css_animation=&#8220;slideInUp&#8220; css=&#8220;.vc_custom_1741164333979{background-color: #F0F0F0 !important;}&#8220;][vc_column][vc_column_text css_animation=&#8220;slideInUp&#8220; css=&#8220;&#8220; el_class=&#8220;myheadline&#8220;]<\/p>\n<h2>Hauptfunktionen von flexx.suite<\/h2>\n<p>[\/vc_column_text][vc_row_inner][vc_column_inner width=&#8220;1\/2&#8243;][vc_column_text css=&#8220;&#8220;]<\/p>\n<ul>\n<li><strong>Vertrieb mit System<\/strong> \u2013 Strukturierte Abl\u00e4ufe f\u00fcr effiziente Kaltakquise &amp; Bestandskundenpflege<\/li>\n<li><strong>Projektmanagement<\/strong> \u2013 Planung &amp; \u00dcberwachung von Projekten in Echtzeit<\/li>\n<li><strong>Warenwirtschaft (ERP)<\/strong> \u2013 Verwaltung von Einkauf, Verkauf &amp; Lagerbest\u00e4nden<\/li>\n<li><strong>Automatisierungen<\/strong> \u2013 Flexible Workflows zur Reduzierung redundanter Arbeiten &amp; Integration externer Systeme<\/li>\n<li><strong>Reports<\/strong> \u2013 Umfangreiche Auswertungen auf Basis zentralisierter Daten<\/li>\n<li><strong>Dashboards<\/strong> \u2013 Live-Dashboards f\u00fcr Echtzeit-Einblicke und optimale Steuerung<\/li>\n<\/ul>\n<p>[\/vc_column_text][\/vc_column_inner][vc_column_inner width=&#8220;1\/2&#8243;][vc_column_text css=&#8220;&#8220;]<\/p>\n<ul>\n<li><strong>Zeiterfassung<\/strong> \u2013 Erfassung von Arbeitszeiten f\u00fcr Abrechnung &amp; Nachvollziehbarkeit<\/li>\n<li><strong>HR &amp; Personalverwaltung<\/strong> \u2013 Effiziente Verwaltung von Mitarbeitenden &amp; Ressourcen<\/li>\n<li><strong>E-Rechnungen<\/strong> \u2013 Automatisiertes Generieren &amp; Versenden rechtskonformer Rechnungen<\/li>\n<li><strong>Umfassendes Rechtemanagement &amp; 2FA<\/strong> \u2013 Sicherheit &amp; Zugriffskontrolle f\u00fcr alle Szenarien<\/li>\n<li><strong>Erweiterbar &amp; individuell anpassbar<\/strong> \u2013 W\u00e4chst flexibel mit Ihren Anforderungen<\/li>\n<\/ul>\n<p>[\/vc_column_text][\/vc_column_inner][\/vc_row_inner][vc_column_text css=&#8220;&#8220;]<strong>Erweiterbar mit individuellen Modulen:<\/strong><br \/>\nApps, Portale, E-Commerce, Logistik, weitere Schnittstellen \u2013 flexx.suite w\u00e4chst mit Ihren Anforderungen.<\/p>\n<p>[\/vc_column_text][\/vc_column][\/vc_row][vc_row][vc_column][vc_empty_space][\/vc_column][\/vc_row][vc_row content_placement=&#8220;middle&#8220;][vc_column width=&#8220;1\/2&#8243;][vc_column_text css=&#8220;&#8220; el_class=&#8220;myheadline&#8220;]<\/p>\n<h2>Jetzt Ihre Gesch\u00e4ftsprozesse optimieren!<\/h2>\n<p><strong>Fordern Sie eine unverbindliche Beratung oder eine Demo an.<\/strong>[\/vc_column_text][\/vc_column][vc_column width=&#8220;1\/2&#8243;][vc_column_text css=&#8220;&#8220;]<a class=\"button\" style=\"font-size: 20px;\" href=\"\/de\/kontakt\/\">Jetzt Demo anfordern &gt;<\/a>[\/vc_column_text][\/vc_column][\/vc_row]<\/p>\n<\/div>","protected":false},"excerpt":{"rendered":"<p>[vc_row full_width=&#8220;stretch_row&#8220; content_placement=&#8220;middle&#8220; el_class=&#8220;mybgrow&#8220;][vc_column width=&#8220;1\/2&#8243;][vc_column_text css_animation=&#8220;none&#8220; css=&#8220;&#8220;] flexx.suite \u2013 Ihr leistungsstarkes CRM\/ERP f\u00fcr effizientes Gesch\u00e4ftsmanagement [\/vc_column_text][\/vc_column][vc_column width=&#8220;1\/2&#8243;][vc_single_image image=&#8220;7567&#8243; img_size=&#8220;full&#8220; alignment=&#8220;center&#8220; css=&#8220;&#8220; image_hovers=&#8220;false&#8220;][\/vc_column][\/vc_row][vc_row css_animation=&#8220;slideInUp&#8220; bg_type=&#8220;image&#8220; parallax_style=&#8220;vcpb-default&#8220; bg_image_new=&#8220;id^7917|url^https:\/\/redoo-networks.com\/wp-content\/uploads\/2025\/03\/CRM-ERP-Loesung_853484094.jpg|caption^null|alt^null|title^CRM-ERP-Loesung_853484094|description^null&#8220; bg_image_repeat=&#8220;no-repeat&#8220; bg_image_size=&#8220;contain&#8220; bg_image_posiiton=&#8220;right top&#8220; css=&#8220;.vc_custom_1742377593672{background-color: #ffffff !important;}&#8220; el_class=&#8220;myphotobgrow&#8220;][vc_column width=&#8220;2\/3&#8243;][vc_column_text css_animation=&#8220;none&#8220; css=&#8220;&#8220; el_class=&#8220;myheadline whiteBG&#8220;]Kunden, Projekte und Finanzen \u2013 alles in einem System! Mit \u00fcber 15 Jahren Erfahrung in der Entwicklung&hellip;<\/p>\n","protected":false},"author":1,"featured_media":0,"parent":0,"menu_order":0,"comment_status":"closed","ping_status":"closed","template":"","meta":{"footnotes":""},"class_list":["post-7546","page","type-page","status-publish","hentry","description-off"],"_links":{"self":[{"href":"https:\/\/redoo-networks.com\/de\/wp-json\/wp\/v2\/pages\/7546","targetHints":{"allow":["GET"]}}],"collection":[{"href":"https:\/\/redoo-networks.com\/de\/wp-json\/wp\/v2\/pages"}],"about":[{"href":"https:\/\/redoo-networks.com\/de\/wp-json\/wp\/v2\/types\/page"}],"author":[{"embeddable":true,"href":"https:\/\/redoo-networks.com\/de\/wp-json\/wp\/v2\/users\/1"}],"replies":[{"embeddable":true,"href":"https:\/\/redoo-networks.com\/de\/wp-json\/wp\/v2\/comments?post=7546"}],"version-history":[{"count":41,"href":"https:\/\/redoo-networks.com\/de\/wp-json\/wp\/v2\/pages\/7546\/revisions"}],"predecessor-version":[{"id":8557,"href":"https:\/\/redoo-networks.com\/de\/wp-json\/wp\/v2\/pages\/7546\/revisions\/8557"}],"wp:attachment":[{"href":"https:\/\/redoo-networks.com\/de\/wp-json\/wp\/v2\/media?parent=7546"}],"curies":[{"name":"wp","href":"https:\/\/api.w.org\/{rel}","templated":true}]}}