{"id":7745,"date":"2025-03-17T11:49:41","date_gmt":"2025-03-17T10:49:41","guid":{"rendered":"https:\/\/redoo-networks.com\/?page_id=7745"},"modified":"2025-03-19T15:48:09","modified_gmt":"2025-03-19T14:48:09","slug":"api-systemintegration","status":"publish","type":"page","link":"https:\/\/redoo-networks.com\/de\/api-systemintegration\/","title":{"rendered":"API &#038; Systemintegration"},"content":{"rendered":"<div class=\"wpb-content-wrapper\"><p>[vc_row full_width=&#8220;stretch_row&#8220; content_placement=&#8220;middle&#8220; el_class=&#8220;mybgrow&#8220;][vc_column width=&#8220;1\/2&#8243;][vc_column_text css_animation=&#8220;none&#8220; css=&#8220;&#8220;]<\/p>\n<h1><b>Nahtlose Systemintegration f\u00fcr KMU \u2013 Automatisierte Workflows &amp; effiziente IT-Prozesse<\/b><\/h1>\n<p>[\/vc_column_text][\/vc_column][vc_column width=&#8220;1\/2&#8243;][vc_single_image image=&#8220;7323&#8243; img_size=&#8220;full&#8220; alignment=&#8220;center&#8220; css=&#8220;&#8220; image_hovers=&#8220;false&#8220;][\/vc_column][\/vc_row][vc_row css_animation=&#8220;slideInUp&#8220; bg_type=&#8220;image&#8220; parallax_style=&#8220;vcpb-default&#8220; bg_image_new=&#8220;id^7913|url^https:\/\/redoo-networks.com\/wp-content\/uploads\/2025\/03\/Systemintegration_1025296421.jpg|caption^null|alt^null|title^Systemintegration_1025296421|description^null&#8220; bg_image_repeat=&#8220;no-repeat&#8220; bg_image_size=&#8220;contain&#8220; bg_image_posiiton=&#8220;right top&#8220; css=&#8220;.vc_custom_1742377314080{background-color: #ffffff !important;}&#8220; el_class=&#8220;myphotobgrow&#8220;][vc_column width=&#8220;2\/3&#8243;][vc_column_text css_animation=&#8220;none&#8220; css=&#8220;&#8220; el_class=&#8220;myheadline whiteBG&#8220;]<b>Weniger manuelle Arbeit, mehr Effizienz \u2013 Ihre Systeme arbeiten perfekt zusammen!<\/b><\/p>\n<p><b>In vielen Unternehmen laufen IT-Systeme isoliert und erzeugen unn\u00f6tige manuelle Arbeitsschritte.<\/b><span style=\"font-weight: 400;\"> Das kostet Zeit, Geld und verhindert reibungslose Abl\u00e4ufe. Wir verkn\u00fcpfen Ihre Software, automatisieren den Datenfluss und sorgen f\u00fcr <\/span><b>effiziente digitale Gesch\u00e4ftsprozesse \u2013 individuell f\u00fcr Ihr KMU.<\/b>[\/vc_column_text][\/vc_column][vc_column width=&#8220;1\/3&#8243;][\/vc_column][\/vc_row][vc_row full_width=&#8220;stretch_row&#8220; css=&#8220;.vc_custom_1742219887824{background-color: #F0F0F0 !important;}&#8220;][vc_column][vc_column_text css_animation=&#8220;slideInUp&#8220; css=&#8220;&#8220; el_class=&#8220;myheadline&#8220;]<\/p>\n<h3>Wann lohnt sich eine Systemintegration?<\/h3>\n<ul>\n<li>Sie wechseln auf ein neues System und m\u00fcssen gro\u00dfe Datenmengen \u00fcbernehmen<\/li>\n<li>Ihre Teams arbeiten mit mehreren Tools, aber die Systeme kommunizieren nicht miteinander<\/li>\n<li>Sie haben hohe manuelle Aufw\u00e4nde f\u00fcr Dateneingabe, Rechnungsstellung oder Bestellabwicklung<\/li>\n<li>Sie wollen Fehler durch doppelte Dateneingaben vermeiden &amp; Prozesse automatisieren<\/li>\n<\/ul>\n<p>[\/vc_column_text][\/vc_column][\/vc_row][vc_row][vc_column][vc_column_text css_animation=&#8220;slideInUp&#8220; css=&#8220;&#8220; el_class=&#8220;myheadline&#8220;]<\/p>\n<h2>Unsere Integrationsl\u00f6sungen \u2013 effizient &amp; sicher<\/h2>\n<p><span style=\"font-weight: 400;\">\ud83d\udccc <\/span><b>Hinweis:<\/b><span style=\"font-weight: 400;\"> Neben den gelisteten L\u00f6sungen bieten wir <\/span><b>ma\u00dfgeschneiderte Schnittstellen f\u00fcr KMU aus verschiedenen Branchen<\/b><span style=\"font-weight: 400;\">, darunter <\/span><b>Handel, Produktion, Logistik, Bau &amp; mehr.<\/b>[\/vc_column_text][vc_column_text css=&#8220;&#8220;]<a class=\"button\" style=\"font-size: 20px;\" href=\"\/de\/kontakt\/\">\u00a0Lassen Sie uns Ihre IT-Prozesse optimieren &gt;<\/a>[\/vc_column_text][vc_separator color=&#8220;custom&#8220; border_width=&#8220;3&#8243; css=&#8220;&#8220; accent_color=&#8220;#CC2222&#8243;][\/vc_column][\/vc_row][vc_row css_animation=&#8220;slideInUp&#8220;][vc_column width=&#8220;1\/4&#8243;][vc_single_image image=&#8220;7767&#8243; css=&#8220;&#8220; el_class=&#8220;myicon&#8220;][\/vc_column][vc_column width=&#8220;3\/4&#8243;][vc_column_text css=&#8220;&#8220; el_class=&#8220;myheadline&#8220;]<\/p>\n<h3><strong>API-Schnittstellenentwicklung &#8211;<\/strong><br \/>\nPerfekte Verbindungen f\u00fcr Ihre Software<\/h3>\n<ul>\n<li>Entwicklung individueller APIs f\u00fcr interne &amp; externe Systeme<\/li>\n<li>Anbindung an ERP, CRM &amp; Buchhaltungssysteme<\/li>\n<li>Optimierung bestehender Schnittstellen f\u00fcr bessere Performance<\/li>\n<li>Sichere Authentifizierung &amp; Verschl\u00fcsselung<\/li>\n<\/ul>\n<p>[\/vc_column_text][vc_separator color=&#8220;custom&#8220; border_width=&#8220;3&#8243; css=&#8220;&#8220; accent_color=&#8220;#CC2222&#8243;][\/vc_column][\/vc_row][vc_row css_animation=&#8220;slideInUp&#8220;][vc_column width=&#8220;1\/4&#8243;][vc_single_image image=&#8220;7764&#8243; css=&#8220;&#8220; el_class=&#8220;myicon&#8220;][\/vc_column][vc_column width=&#8220;3\/4&#8243;][vc_column_text css=&#8220;&#8220; el_class=&#8220;myheadline&#8220;]<\/p>\n<h3><strong>Datenmigration &amp; Synchronisation &#8211;<\/strong><br \/>\nEffizienter Datenaustausch zwischen Systemen<\/h3>\n<ul>\n<li>Automatisierte Datenmigration beim Systemwechsel<\/li>\n<li>Regelm\u00e4\u00dfige Synchronisation zwischen CRM, ERP &amp; Buchhaltung<\/li>\n<li>Datenvalidierung zur Vermeidung von Duplikaten &amp; Fehlern<\/li>\n<li>Backup-Strategien zur Sicherung sensibler Daten<\/li>\n<\/ul>\n<p>[\/vc_column_text][vc_separator color=&#8220;custom&#8220; border_width=&#8220;3&#8243; css=&#8220;&#8220; accent_color=&#8220;#CC2222&#8243;][\/vc_column][\/vc_row][vc_row css_animation=&#8220;slideInUp&#8220;][vc_column width=&#8220;1\/4&#8243;][vc_single_image image=&#8220;7769&#8243; css=&#8220;&#8220; el_class=&#8220;myicon&#8220;][\/vc_column][vc_column width=&#8220;3\/4&#8243;][vc_column_text css=&#8220;&#8220; el_class=&#8220;myheadline&#8220;]<\/p>\n<h3><strong>E-Commerce &amp; Zahlungsanbieter-Integration &#8211; <\/strong><br \/>\nAutomatisierte Prozesse f\u00fcr Online-Shops<\/h3>\n<p>Ob <strong>Shop-Anbindungen, Produktkonfiguratoren oder CRM-Integration<\/strong> \u2013 wir sorgen daf\u00fcr, dass Ihr E-Commerce reibungslos funktioniert.<\/p>\n<ul>\n<li>Anbindung an Shopify, WooCommerce, Magento &amp; mehr<\/li>\n<li>Integration von Zahlungsanbietern wie PayPal, Stripe, Klarna<\/li>\n<li>Verkn\u00fcpfung mit Warenwirtschaft &amp; Versanddiensten (DHL, UPS, FedEx)<\/li>\n<li>Automatische Rechnungserstellung &amp; Buchhaltungssynchronisation<\/li>\n<li>Anbindung an <strong>Produktkonfiguratoren f\u00fcr individuelle Bestellprozesse<\/strong><\/li>\n<li>Nahtlose <strong>Integration von CRM-Systemen f\u00fcr automatisierte Kundenverwaltung<\/strong><\/li>\n<\/ul>\n<p>[\/vc_column_text][\/vc_column][\/vc_row][vc_row full_width=&#8220;stretch_row&#8220; content_placement=&#8220;middle&#8220; el_class=&#8220;mybgrow&#8220;][vc_column width=&#8220;1\/4&#8243;][vc_single_image image=&#8220;7279&#8243; img_size=&#8220;medium&#8220; css_animation=&#8220;slideInUp&#8220; css=&#8220;&#8220; el_class=&#8220;myicon&#8220;][\/vc_column][vc_column width=&#8220;3\/4&#8243;][vc_column_text css_animation=&#8220;slideInUp&#8220; css=&#8220;&#8220; el_class=&#8220;myheadline&#8220;]<\/p>\n<h2>Warum REDOO-NETWORKS f\u00fcr Ihre Systemintegration?<\/h2>\n<ul>\n<li><strong>Optimiert f\u00fcr KMU<\/strong> \u2013 Ma\u00dfgeschneiderte L\u00f6sungen, die echte Effizienzgewinne bringen<\/li>\n<li><strong>Maximale Kompatibilit\u00e4t<\/strong> \u2013 Schnittstellen f\u00fcr alle g\u00e4ngigen Systeme &amp; Plattformen<\/li>\n<li><strong>Automatisierte Workflows<\/strong> \u2013 Weniger manuelle Eingriffe, mehr Produktivit\u00e4t<\/li>\n<li><strong>Einfache Anbindung von CRM-Systemen &amp; Produktkonfiguratoren f\u00fcr E-Commerce<\/strong><\/li>\n<li><strong>Schnelle Umsetzung<\/strong> \u2013 Effiziente Entwicklung durch langj\u00e4hrige Erfahrung<\/li>\n<\/ul>\n<p>[\/vc_column_text][\/vc_column][\/vc_row][vc_row][vc_column][vc_empty_space][\/vc_column][\/vc_row][vc_row content_placement=&#8220;middle&#8220;][vc_column width=&#8220;1\/2&#8243;][vc_column_text css=&#8220;&#8220; el_class=&#8220;myheadline&#8220;]<\/p>\n<h3><b>Lassen Sie uns gemeinsam Ihre IT-Systeme nahtlos vernetzen \u2013 unverbindliche Beratung sichern!<\/b><\/h3>\n<p>[\/vc_column_text][\/vc_column][vc_column width=&#8220;1\/2&#8243;][vc_column_text css=&#8220;&#8220;]<a class=\"button\" style=\"font-size: 20px;\" href=\"\/de\/kontakt\/\">Jetzt Erstgespr\u00e4ch vereinbaren &gt;<\/a>[\/vc_column_text][\/vc_column][\/vc_row]<\/p>\n<\/div>","protected":false},"excerpt":{"rendered":"<p>[vc_row full_width=&#8220;stretch_row&#8220; content_placement=&#8220;middle&#8220; el_class=&#8220;mybgrow&#8220;][vc_column width=&#8220;1\/2&#8243;][vc_column_text css_animation=&#8220;none&#8220; css=&#8220;&#8220;] Nahtlose Systemintegration f\u00fcr KMU \u2013 Automatisierte Workflows &amp; effiziente IT-Prozesse [\/vc_column_text][\/vc_column][vc_column width=&#8220;1\/2&#8243;][vc_single_image image=&#8220;7323&#8243; img_size=&#8220;full&#8220; alignment=&#8220;center&#8220; css=&#8220;&#8220; image_hovers=&#8220;false&#8220;][\/vc_column][\/vc_row][vc_row css_animation=&#8220;slideInUp&#8220; bg_type=&#8220;image&#8220; parallax_style=&#8220;vcpb-default&#8220; bg_image_new=&#8220;id^7913|url^https:\/\/redoo-networks.com\/wp-content\/uploads\/2025\/03\/Systemintegration_1025296421.jpg|caption^null|alt^null|title^Systemintegration_1025296421|description^null&#8220; bg_image_repeat=&#8220;no-repeat&#8220; bg_image_size=&#8220;contain&#8220; bg_image_posiiton=&#8220;right top&#8220; css=&#8220;.vc_custom_1742377314080{background-color: #ffffff !important;}&#8220; el_class=&#8220;myphotobgrow&#8220;][vc_column width=&#8220;2\/3&#8243;][vc_column_text css_animation=&#8220;none&#8220; css=&#8220;&#8220; el_class=&#8220;myheadline whiteBG&#8220;]Weniger manuelle Arbeit, mehr Effizienz \u2013 Ihre Systeme arbeiten perfekt zusammen! In vielen Unternehmen laufen&hellip;<\/p>\n","protected":false},"author":1,"featured_media":0,"parent":0,"menu_order":0,"comment_status":"closed","ping_status":"closed","template":"","meta":{"footnotes":""},"class_list":["post-7745","page","type-page","status-publish","hentry","description-off"],"_links":{"self":[{"href":"https:\/\/redoo-networks.com\/de\/wp-json\/wp\/v2\/pages\/7745","targetHints":{"allow":["GET"]}}],"collection":[{"href":"https:\/\/redoo-networks.com\/de\/wp-json\/wp\/v2\/pages"}],"about":[{"href":"https:\/\/redoo-networks.com\/de\/wp-json\/wp\/v2\/types\/page"}],"author":[{"embeddable":true,"href":"https:\/\/redoo-networks.com\/de\/wp-json\/wp\/v2\/users\/1"}],"replies":[{"embeddable":true,"href":"https:\/\/redoo-networks.com\/de\/wp-json\/wp\/v2\/comments?post=7745"}],"version-history":[{"count":24,"href":"https:\/\/redoo-networks.com\/de\/wp-json\/wp\/v2\/pages\/7745\/revisions"}],"predecessor-version":[{"id":7877,"href":"https:\/\/redoo-networks.com\/de\/wp-json\/wp\/v2\/pages\/7745\/revisions\/7877"}],"wp:attachment":[{"href":"https:\/\/redoo-networks.com\/de\/wp-json\/wp\/v2\/media?parent=7745"}],"curies":[{"name":"wp","href":"https:\/\/api.w.org\/{rel}","templated":true}]}}