{"id":7777,"date":"2025-03-17T15:20:38","date_gmt":"2025-03-17T14:20:38","guid":{"rendered":"https:\/\/redoo-networks.com\/?page_id=7777"},"modified":"2025-03-20T13:09:24","modified_gmt":"2025-03-20T12:09:24","slug":"webentwicklung-online-shops","status":"publish","type":"page","link":"https:\/\/redoo-networks.com\/de\/webentwicklung-online-shops\/","title":{"rendered":"Webentwicklung &#038; Online-Shops"},"content":{"rendered":"<div class=\"wpb-content-wrapper\"><p>[vc_row full_width=&#8220;stretch_row&#8220; content_placement=&#8220;middle&#8220; el_class=&#8220;mybgrow&#8220;][vc_column width=&#8220;1\/2&#8243;][vc_column_text css_animation=&#8220;none&#8220; css=&#8220;&#8220;]<\/p>\n<h1><b>Webentwicklung &amp; Online-Shops f\u00fcr KMU \u2013 Ihr digitaler Erfolg beginnt hier<\/b><\/h1>\n<p>[\/vc_column_text][\/vc_column][vc_column width=&#8220;1\/2&#8243;][vc_single_image image=&#8220;7323&#8243; img_size=&#8220;full&#8220; alignment=&#8220;center&#8220; css=&#8220;&#8220; image_hovers=&#8220;false&#8220;][\/vc_column][\/vc_row][vc_row css_animation=&#8220;slideInUp&#8220; bg_type=&#8220;image&#8220; parallax_style=&#8220;vcpb-default&#8220; bg_image_new=&#8220;id^7938|url^https:\/\/redoo-networks.com\/wp-content\/uploads\/2025\/03\/Online-Shops_234707797.jpg|caption^null|alt^null|title^Online-Shops_234707797|description^null&#8220; bg_image_repeat=&#8220;no-repeat&#8220; bg_image_size=&#8220;contain&#8220; bg_image_posiiton=&#8220;right top&#8220; css=&#8220;.vc_custom_1742378984877{background-color: #ffffff !important;}&#8220; el_class=&#8220;myphotobgrow&#8220;][vc_column width=&#8220;2\/3&#8243;][vc_column_text css_animation=&#8220;none&#8220; css=&#8220;&#8220; el_class=&#8220;myheadline whiteBG&#8220;]<b>Mehr als nur eine Website \u2013 eine L\u00f6sung, die verkauft &amp; Kunden \u00fcberzeugt!<\/b><\/p>\n<p><b>Eine professionelle Website oder ein leistungsstarker Online-Shop ist Ihr wichtigster digitaler Vertriebskanal.<\/b><span style=\"font-weight: 400;\"> Wir entwickeln <\/span><b>ma\u00dfgeschneiderte L\u00f6sungen f\u00fcr KMU<\/b><span style=\"font-weight: 400;\">, die nicht nur gut aussehen, sondern <\/span><b>Ihre Marke st\u00e4rken, Kunden gewinnen und Ums\u00e4tze steigern.<\/b>[\/vc_column_text][\/vc_column][vc_column width=&#8220;1\/3&#8243;][\/vc_column][\/vc_row][vc_row full_width=&#8220;stretch_row&#8220; css=&#8220;.vc_custom_1742222409781{background-color: #F0F0F0 !important;}&#8220;][vc_column][vc_column_text css=&#8220;&#8220;]<\/p>\n<h3>Wann lohnt sich eine professionelle Website oder ein individueller Online-Shop?<\/h3>\n<ul>\n<li>Ihre Website ist veraltet &amp; nicht f\u00fcr mobile Ger\u00e4te optimiert<\/li>\n<li>Sie wollen online verkaufen, ben\u00f6tigen aber eine <strong>E-Commerce-L\u00f6sung mit individuellen Funktionen<\/strong><\/li>\n<li>Standard-Shopl\u00f6sungen reichen nicht aus, weil Sie spezielle Anforderungen haben (z. B. B2B-Kundensysteme, Produktkonfiguratoren)<\/li>\n<li>Ihre Seite wird bei Google nicht gefunden &amp; generiert kaum Anfragen<\/li>\n<\/ul>\n<p>[\/vc_column_text][\/vc_column][\/vc_row][vc_row][vc_column][vc_column_text css_animation=&#8220;slideInUp&#8220; css=&#8220;&#8220; el_class=&#8220;myheadline&#8220;]<\/p>\n<h2>Unsere Webentwicklungs-L\u00f6sungen \u2013 individuell &amp; leistungsstark<\/h2>\n<p><span style=\"font-weight: 400;\">\ud83d\udccc <\/span><b>Hinweis:<\/b> <b>Neben den hier genannten L\u00f6sungen haben wir viele weitere Websites &amp; Shops f\u00fcr KMU entwickelt<\/b><span style=\"font-weight: 400;\">, darunter <\/span><b>B2B-Plattformen, Kundenportale, Produktkonfiguratoren &amp; mehr<\/b>[\/vc_column_text][vc_column_text css=&#8220;&#8220;]<a class=\"button\" style=\"font-size: 20px;\" href=\"\/de\/kontakt\/\">Lassen Sie uns \u00fcber Ihr Projekt sprechen &gt;<\/a>[\/vc_column_text][vc_separator color=&#8220;custom&#8220; border_width=&#8220;3&#8243; css=&#8220;&#8220; accent_color=&#8220;#CC2222&#8243;][\/vc_column][\/vc_row][vc_row css_animation=&#8220;slideInUp&#8220;][vc_column width=&#8220;1\/4&#8243;][vc_single_image image=&#8220;7792&#8243; css=&#8220;&#8220; el_class=&#8220;myicon&#8220;][\/vc_column][vc_column width=&#8220;3\/4&#8243;][vc_column_text css=&#8220;&#8220; el_class=&#8220;myheadline&#8220;]<\/p>\n<h3><b>Individuelle Unternehmenswebsites \u2013<br \/>\n<\/b>Ihr professioneller Online-Auftritt<\/h3>\n<ul>\n<li><span style=\"font-weight: 400;\"><strong>Ma\u00dfgeschneidertes Design \u2013<\/strong> Keine Templates, sondern echte Individualit\u00e4t<\/span><span style=\"font-weight: 400;\"><br \/>\n<\/span><\/li>\n<li><span style=\"font-weight: 400;\"><strong>Responsive<\/strong> &amp; mobiloptimiert f\u00fcr perfekte Darstellung auf allen Ger\u00e4ten<\/span><span style=\"font-weight: 400;\"><br \/>\n<\/span><\/li>\n<li><span style=\"font-weight: 400;\"><strong>SEO-optimiert<\/strong> f\u00fcr Top-Platzierungen bei Google<\/span><span style=\"font-weight: 400;\"><br \/>\n<\/span><\/li>\n<li><strong>Schnelle Ladezeiten &amp; h\u00f6chste Sicherheit<\/strong><\/li>\n<\/ul>\n<p>[\/vc_column_text][vc_separator color=&#8220;custom&#8220; border_width=&#8220;3&#8243; css=&#8220;&#8220; accent_color=&#8220;#CC2222&#8243;][\/vc_column][\/vc_row][vc_row css_animation=&#8220;slideInUp&#8220;][vc_column width=&#8220;1\/4&#8243;][vc_single_image image=&#8220;7792&#8243; css=&#8220;&#8220; el_class=&#8220;myicon&#8220;][\/vc_column][vc_column width=&#8220;3\/4&#8243;][vc_column_text css=&#8220;&#8220; el_class=&#8220;myheadline&#8220;]<\/p>\n<h3><strong>Online-Shops &amp; E-Commerce-L\u00f6sungen &#8211; <\/strong><br \/>\nVerkaufen Sie erfolgreich im Internet<\/h3>\n<ul>\n<li>Integration mit WooCommerce, Shopify, Magento &amp; Shopware<\/li>\n<li>Optimierte Produktseiten f\u00fcr h\u00f6here Conversions<\/li>\n<li><strong>Individuelle L\u00f6sungen wie Produktkonfiguratoren &amp; B2B-Shops mit kundenspezifischen Preisen<\/strong><\/li>\n<li>Nahtlose Anbindung an Zahlungssysteme, Warenwirtschaft &amp; Versanddienste<\/li>\n<\/ul>\n<p>[\/vc_column_text][vc_separator color=&#8220;custom&#8220; border_width=&#8220;3&#8243; css=&#8220;&#8220; accent_color=&#8220;#CC2222&#8243;][\/vc_column][\/vc_row][vc_row css_animation=&#8220;slideInUp&#8220;][vc_column width=&#8220;1\/4&#8243;][vc_single_image image=&#8220;7796&#8243; css=&#8220;&#8220; el_class=&#8220;myicon&#8220;][\/vc_column][vc_column width=&#8220;3\/4&#8243;][vc_column_text css=&#8220;&#8220; el_class=&#8220;myheadline&#8220;]<\/p>\n<h3><strong>SEO &amp; Performance-Optimierung &#8211; <\/strong><br \/>\nDamit Sie bei Google gefunden werden<\/h3>\n<ul>\n<li>On-Page- &amp; Off-Page-SEO f\u00fcr Top-Rankings<\/li>\n<li>Technische Optimierung f\u00fcr schnellere Ladezeiten<\/li>\n<li>Strukturierte Daten &amp; Schema-Markup f\u00fcr bessere Indexierung<\/li>\n<li>Conversion-Optimierung f\u00fcr h\u00f6here Verkaufszahlen<\/li>\n<\/ul>\n<p>[\/vc_column_text][vc_separator color=&#8220;custom&#8220; border_width=&#8220;3&#8243; css=&#8220;&#8220; accent_color=&#8220;#CC2222&#8243;][\/vc_column][\/vc_row][vc_row css_animation=&#8220;slideInUp&#8220;][vc_column width=&#8220;1\/4&#8243;][vc_single_image image=&#8220;7767&#8243; css=&#8220;&#8220; el_class=&#8220;myicon&#8220;][\/vc_column][vc_column width=&#8220;3\/4&#8243;][vc_column_text css=&#8220;&#8220; el_class=&#8220;myheadline&#8220;]<\/p>\n<h3><strong>Individuelle Funktionen &amp; Systemintegration &#8211; <\/strong><br \/>\nIhr Shop, Ihr System<\/h3>\n<ul>\n<li>Anbindung an ERP- &amp; CRM-Systeme f\u00fcr automatisierte Prozesse<\/li>\n<li><strong>Produktkonfiguratoren f\u00fcr personalisierte Bestellprozesse<\/strong><\/li>\n<li>Marketing-Automatisierung &amp; Newsletter-Integration<\/li>\n<li>Mehrsprachige &amp; internationale Shops<\/li>\n<\/ul>\n<p>[\/vc_column_text][\/vc_column][\/vc_row][vc_row full_width=&#8220;stretch_row&#8220; content_placement=&#8220;middle&#8220; el_class=&#8220;mybgrow&#8220;][vc_column width=&#8220;1\/4&#8243;][vc_single_image image=&#8220;7279&#8243; img_size=&#8220;medium&#8220; css_animation=&#8220;slideInUp&#8220; css=&#8220;&#8220; el_class=&#8220;myicon&#8220;][\/vc_column][vc_column width=&#8220;3\/4&#8243;][vc_column_text css_animation=&#8220;slideInUp&#8220; css=&#8220;&#8220; el_class=&#8220;myheadline&#8220;]<\/p>\n<h2>Warum REDOO-NETWORKS f\u00fcr Ihre Webentwicklung &amp; Online-Shops?<\/h2>\n<ul>\n<li><strong>100 % ma\u00dfgeschneiderte L\u00f6sungen<\/strong> \u2013 Keine Standard-Templates, sondern individuelle Entwicklung<\/li>\n<li><strong>SEO- &amp; Conversion-optimiert<\/strong> \u2013 Maximale Reichweite &amp; Umsatzsteigerung<\/li>\n<li><strong>Einfache Verwaltung<\/strong> \u2013 Intuitive CMS-L\u00f6sungen f\u00fcr eigenst\u00e4ndige Pflege<\/li>\n<li><strong>Langfristiger Support &amp; Wartung<\/strong> \u2013 Wir bleiben an Ihrer Seite<\/li>\n<\/ul>\n<p>[\/vc_column_text][\/vc_column][\/vc_row][vc_row][vc_column][vc_empty_space][\/vc_column][\/vc_row][vc_row content_placement=&#8220;middle&#8220;][vc_column width=&#8220;1\/2&#8243;][vc_column_text css=&#8220;&#8220; el_class=&#8220;myheadline&#8220;]<\/p>\n<h3><b>Lassen Sie uns gemeinsam Ihre digitale Pr\u00e4senz optimieren \u2013 unverbindliche Erstberatung sichern!<\/b><\/h3>\n<p>[\/vc_column_text][\/vc_column][vc_column width=&#8220;1\/2&#8243;][vc_column_text css=&#8220;&#8220;]<a class=\"button\" style=\"font-size: 20px;\" href=\"\/de\/kontakt\/\">Jetzt Erstgespr\u00e4ch vereinbaren &gt;<\/a><\/p>\n<p>[\/vc_column_text][\/vc_column][\/vc_row]<\/p>\n<\/div>","protected":false},"excerpt":{"rendered":"<p>[vc_row full_width=&#8220;stretch_row&#8220; content_placement=&#8220;middle&#8220; el_class=&#8220;mybgrow&#8220;][vc_column width=&#8220;1\/2&#8243;][vc_column_text css_animation=&#8220;none&#8220; css=&#8220;&#8220;] Webentwicklung &amp; Online-Shops f\u00fcr KMU \u2013 Ihr digitaler Erfolg beginnt hier [\/vc_column_text][\/vc_column][vc_column width=&#8220;1\/2&#8243;][vc_single_image image=&#8220;7323&#8243; img_size=&#8220;full&#8220; alignment=&#8220;center&#8220; css=&#8220;&#8220; image_hovers=&#8220;false&#8220;][\/vc_column][\/vc_row][vc_row css_animation=&#8220;slideInUp&#8220; bg_type=&#8220;image&#8220; parallax_style=&#8220;vcpb-default&#8220; bg_image_new=&#8220;id^7938|url^https:\/\/redoo-networks.com\/wp-content\/uploads\/2025\/03\/Online-Shops_234707797.jpg|caption^null|alt^null|title^Online-Shops_234707797|description^null&#8220; bg_image_repeat=&#8220;no-repeat&#8220; bg_image_size=&#8220;contain&#8220; bg_image_posiiton=&#8220;right top&#8220; css=&#8220;.vc_custom_1742378984877{background-color: #ffffff !important;}&#8220; el_class=&#8220;myphotobgrow&#8220;][vc_column width=&#8220;2\/3&#8243;][vc_column_text css_animation=&#8220;none&#8220; css=&#8220;&#8220; el_class=&#8220;myheadline whiteBG&#8220;]Mehr als nur eine Website \u2013 eine L\u00f6sung, die verkauft &amp; Kunden \u00fcberzeugt! Eine&hellip;<\/p>\n","protected":false},"author":1,"featured_media":0,"parent":0,"menu_order":0,"comment_status":"closed","ping_status":"closed","template":"","meta":{"footnotes":""},"class_list":["post-7777","page","type-page","status-publish","hentry","description-off"],"_links":{"self":[{"href":"https:\/\/redoo-networks.com\/de\/wp-json\/wp\/v2\/pages\/7777","targetHints":{"allow":["GET"]}}],"collection":[{"href":"https:\/\/redoo-networks.com\/de\/wp-json\/wp\/v2\/pages"}],"about":[{"href":"https:\/\/redoo-networks.com\/de\/wp-json\/wp\/v2\/types\/page"}],"author":[{"embeddable":true,"href":"https:\/\/redoo-networks.com\/de\/wp-json\/wp\/v2\/users\/1"}],"replies":[{"embeddable":true,"href":"https:\/\/redoo-networks.com\/de\/wp-json\/wp\/v2\/comments?post=7777"}],"version-history":[{"count":18,"href":"https:\/\/redoo-networks.com\/de\/wp-json\/wp\/v2\/pages\/7777\/revisions"}],"predecessor-version":[{"id":8154,"href":"https:\/\/redoo-networks.com\/de\/wp-json\/wp\/v2\/pages\/7777\/revisions\/8154"}],"wp:attachment":[{"href":"https:\/\/redoo-networks.com\/de\/wp-json\/wp\/v2\/media?parent=7777"}],"curies":[{"name":"wp","href":"https:\/\/api.w.org\/{rel}","templated":true}]}}