{"id":8227,"date":"2025-05-26T15:29:35","date_gmt":"2025-05-26T13:29:35","guid":{"rendered":"https:\/\/redoo-networks.com\/?page_id=8227"},"modified":"2025-06-11T10:02:22","modified_gmt":"2025-06-11T08:02:22","slug":"foerderung","status":"publish","type":"page","link":"https:\/\/redoo-networks.com\/de\/foerderung\/","title":{"rendered":"50% F\u00f6rderung"},"content":{"rendered":"<div class=\"wpb-content-wrapper\"><p>[vc_row full_width=&#8220;stretch_row&#8220; content_placement=&#8220;middle&#8220; el_class=&#8220;mybgrow&#8220;][vc_column width=&#8220;1\/2&#8243;][vc_column_text css_animation=&#8220;none&#8220; css=&#8220;&#8220;]<\/p>\n<h1>BIG Digital F\u00f6rderung f\u00fcr KMU in Brandenburg<\/h1>\n<p><strong>50\u202f% Zuschuss auf Ihre Digitalisierung &#8211; wir helfen bei Antrag und Umsetzung<\/strong>[\/vc_column_text][vc_column_text css_animation=&#8220;none&#8220; css=&#8220;&#8220; el_class=&#8220;myheadline whiteBG&#8220;]Als kleines oder mittelst\u00e4ndisches Unternehmen (KMU) mit Sitz in <b>Brandenburg<\/b> k\u00f6nnen Sie mit dem <b>BIG Digital F\u00f6rderprogramm<\/b> bis zu <b>50\u202f% Ihrer Digitalisierungskosten<\/b> vom Land erstattet bekommen.<\/p>\n<p>Gemeinsam mit REDOO-NETWORKS und unseren F\u00f6rderpartnern setzen Sie Ihre Digitalisierungsprojekte professionell, f\u00f6rderf\u00e4hig und ohne b\u00fcrokratischen Aufwand um.[\/vc_column_text][\/vc_column][vc_column width=&#8220;1\/2&#8243;][vc_single_image image=&#8220;7323&#8243; img_size=&#8220;full&#8220; alignment=&#8220;center&#8220; css=&#8220;&#8220; image_hovers=&#8220;false&#8220;][\/vc_column][\/vc_row][vc_row full_width=&#8220;stretch_row&#8220; css=&#8220;.vc_custom_1742224329559{background-color: #F0F0F0 !important;}&#8220;][vc_column][vc_column_text css=&#8220;&#8220; el_class=&#8220;myheadline&#8220;]<\/p>\n<h2>Was ist BIG Digital?<\/h2>\n<p><b>BIG Digital<\/b> ist ein F\u00f6rderprogramm des Landes Brandenburg. Es richtet sich an KMU und bezuschusst:<\/p>\n<ul>\n<li>die <b>Einf\u00fchrung digitaler Systeme<\/b> (z.\u202fB. ERP, CRM, Intranet)<\/li>\n<li>die <b>Optimierung digitaler Prozesse<br \/>\n<\/b><\/li>\n<li>die <b>Qualifizierung von Mitarbeitenden<br \/>\n<\/b><\/li>\n<li>die <b>Technikausstattung f\u00fcr Digitalisierungsvorhaben<\/b><\/li>\n<li><b>Maximaler Zuschuss: bis zu 350.000\u202f\u20ac je Projekt<\/b><\/li>\n<\/ul>\n<p>[\/vc_column_text][\/vc_column][\/vc_row][vc_row content_placement=&#8220;bottom&#8220; bg_type=&#8220;image&#8220; parallax_style=&#8220;vcpb-default&#8220; bg_image_new=&#8220;id^8273|url^https:\/\/redoo-networks.com\/wp-content\/uploads\/2025\/06\/Foerderberater-BIG-Digital_839050559-1.jpg|caption^null|alt^null|title^Foerderberater-BIG-Digital_839050559|description^null&#8220; bg_image_repeat=&#8220;no-repeat&#8220; bg_image_size=&#8220;contain&#8220; bg_image_posiiton=&#8220;right top&#8220; el_class=&#8220;myphotobgrow&#8220;][vc_column width=&#8220;2\/3&#8243;][vc_column_text css_animation=&#8220;none&#8220; css=&#8220;&#8220; el_class=&#8220;myheadline whiteBG&#8220;]<\/p>\n<h2>Ihre Vorteile mit REDOO-NETWORKS als Umsetzungspartner<\/h2>\n<ul>\n<li><b>Unsere Leistungen (z.\u202fB. Prozess-Digitalisierung, Individuelle Entwcklungen oder Automatisierungen) sind f\u00f6rderf\u00e4hig<br \/>\n<\/b><b><\/b><\/li>\n<li><b>Auch interne Personalkosten werden bezuschusst<br \/>\n<\/b><b><\/b><\/li>\n<li><b>Wir vermitteln erfahrene F\u00f6rderberater &#8211; Bezahlung auf Erfolgsbasis<br \/>\n<\/b><b><\/b><\/li>\n<li><b>Keine Vorkosten, keine Unsicherheit<br \/>\n<\/b><b><\/b><\/li>\n<li><b>Begleitung durch den gesamten F\u00f6rder- und Umsetzungsprozess<\/b><\/li>\n<\/ul>\n<p>[\/vc_column_text][\/vc_column][vc_column width=&#8220;1\/3&#8243;][\/vc_column][\/vc_row][vc_row][vc_column][vc_empty_space][vc_separator css=&#8220;&#8220;][vc_empty_space][\/vc_column][\/vc_row][vc_row content_placement=&#8220;middle&#8220;][vc_column][vc_column_text css=&#8220;&#8220; el_class=&#8220;myheadline&#8220;]<\/p>\n<h2>Was wird im Rahmen von BIG Digital gef\u00f6rdert?<\/h2>\n<p>[\/vc_column_text][vc_column_text css=&#8220;&#8220;]<\/p>\n<table>\n<tbody>\n<tr>\n<td><b>F\u00f6rderf\u00e4hige Positionen<\/b><\/td>\n<td><b>Beschreibung<\/b><\/td>\n<\/tr>\n<tr>\n<td><b>Externe Leistungen (z.\u202fB. REDOO-NETWORKS)<\/b><\/td>\n<td>Software, Implementierung, Beratung, Prozessdesign<\/td>\n<\/tr>\n<tr>\n<td><b>Interne Personalkosten<\/b><\/td>\n<td>Projektbezogene Mitarbeitendenkosten + 15\u202f% Arbeitgeberpauschale<\/td>\n<\/tr>\n<tr>\n<td><b>Technische Ausstattung<\/b><\/td>\n<td>Laptops, Server, Infrastruktur<\/td>\n<\/tr>\n<tr>\n<td><b>Schulungen<\/b><\/td>\n<td>Mitarbeiterschulung zur Nutzung neuer Systeme<\/td>\n<\/tr>\n<tr>\n<td><b>Gemeinkostenpauschale<\/b><\/td>\n<td>15\u202f% Pauschale auf Personalkosten<\/td>\n<\/tr>\n<\/tbody>\n<\/table>\n<p>[\/vc_column_text][\/vc_column][\/vc_row][vc_row content_placement=&#8220;middle&#8220;][vc_column][vc_column_text css=&#8220;&#8220; el_class=&#8220;myheadline&#8220;]<\/p>\n<h2>Rechenbeispiel f\u00fcr ein typisches Digitalisierungsprojekt<\/h2>\n<p>[\/vc_column_text][vc_column_text css=&#8220;&#8220;]<\/p>\n<table>\n<tbody>\n<tr>\n<td><b>Projektposten<\/b><\/td>\n<td><b>Kosten<\/b><\/td>\n<\/tr>\n<tr>\n<td>Interne Personalkosten (inkl. Zuschlag)<\/td>\n<td>138.000\u202f\u20ac<\/td>\n<\/tr>\n<tr>\n<td>REDOO-NETWORKS Leistungen<\/td>\n<td>100.000\u202f\u20ac<\/td>\n<\/tr>\n<tr>\n<td>Technische Ausstattung<\/td>\n<td>30.000\u202f\u20ac<\/td>\n<\/tr>\n<tr>\n<td>Gemeinkostenpauschale<\/td>\n<td>20.700\u202f\u20ac<\/td>\n<\/tr>\n<tr>\n<td><b>Gesamtkosten<\/b><\/td>\n<td><b>288.700\u202f\u20ac<\/b><\/td>\n<\/tr>\n<tr>\n<td><b>BIG Digital Zuschuss (50\u202f%)<\/b><\/td>\n<td><b>144.350\u202f\u20ac<\/b><\/td>\n<\/tr>\n<\/tbody>\n<\/table>\n<p>[\/vc_column_text][\/vc_column][\/vc_row][vc_row][vc_column][vc_empty_space][vc_empty_space][\/vc_column][\/vc_row][vc_row full_width=&#8220;stretch_row&#8220; content_placement=&#8220;middle&#8220; el_class=&#8220;mybgrow&#8220;][vc_column width=&#8220;1\/4&#8243;][vc_single_image image=&#8220;7279&#8243; img_size=&#8220;medium&#8220; css_animation=&#8220;slideInUp&#8220; css=&#8220;&#8220; el_class=&#8220;myicon&#8220;][\/vc_column][vc_column width=&#8220;3\/4&#8243;][vc_column_text css_animation=&#8220;slideInUp&#8220; css=&#8220;&#8220; el_class=&#8220;myheadline&#8220;]<\/p>\n<h2>F\u00f6rderung + Umsetzung = Alles aus einer Hand<\/h2>\n<p>Mit REDOO-NETWORKS erhalten Sie nicht nur eine f\u00f6rderf\u00e4hige L\u00f6sung, sondern auch:<\/p>\n<ul>\n<li><strong>Beratung zur F\u00f6rderf\u00e4higkeit Ihres Projekts<\/strong><\/li>\n<li><strong>Vermittlung eines spezialisierten F\u00f6rderberaters (ergebnisorientiert)<\/strong><\/li>\n<li><strong>Unterst\u00fctzung bei Antragstellung, Kommunikation mit der ILB, Dokumentation<\/strong><\/li>\n<li><strong>Technische Umsetzung und Einf\u00fchrung des Systems durch unser Team<\/strong><\/li>\n<li><strong>Begleitung bis zum Projektabschluss und Verwendungsnachweis<\/strong><\/li>\n<\/ul>\n<p>[\/vc_column_text][\/vc_column][\/vc_row][vc_row][vc_column][vc_empty_space][vc_empty_space][\/vc_column][\/vc_row][vc_row][vc_column width=&#8220;1\/2&#8243;][vc_column_text css=&#8220;&#8220; el_class=&#8220;myheadline&#8220;]<\/p>\n<h2>Wer kann BIG Digital beantragen?<\/h2>\n<p>Sie sind f\u00f6rderberechtigt, wenn Ihr Unternehmen:<\/p>\n<ul>\n<li>seinen Sitz oder eine Betriebsst\u00e4tte in <strong>Brandenburg<\/strong> hat<\/li>\n<li><strong>weniger als 250 Mitarbeitende<\/strong> besch\u00e4ftigt<\/li>\n<li><strong>weniger als 50 Mio.\u202f\u20ac Jahresumsatz<\/strong> oder <strong>43 Mio.\u202f\u20ac Bilanzsumme<\/strong> aufweist<\/li>\n<\/ul>\n<p>[\/vc_column_text][\/vc_column][vc_column width=&#8220;1\/2&#8243;][vc_column_text css=&#8220;&#8220; el_class=&#8220;myheadline&#8220;]<\/p>\n<h2>Ablauf: In wenigen Schritten zur F\u00f6rderung<\/h2>\n<p><strong>1. Kostenlose Erstberatung mit REDOO-NETWORKS<br \/>\n<\/strong><strong>2. Pr\u00fcfung der F\u00f6rderf\u00e4higkeit Ihres Vorhabens<br \/>\n<\/strong><strong>3. Vermittlung eines F\u00f6rdermittelberaters (Provisionsmodell)<br \/>\n<\/strong><strong>4. Antragstellung bei der ILB<br \/>\n<\/strong><strong>5. Zusage \u2192 Projektumsetzung mit uns<br \/>\n<\/strong><strong>6. Abschluss &amp; Verwendungsnachweis mit unserer Unterst\u00fctzung<\/strong>[\/vc_column_text][\/vc_column][\/vc_row][vc_row][vc_column][vc_empty_space][vc_separator css=&#8220;&#8220;][vc_empty_space][\/vc_column][\/vc_row][vc_row content_placement=&#8220;middle&#8220;][vc_column width=&#8220;2\/3&#8243;][vc_column_text css=&#8220;&#8220; el_class=&#8220;myheadline&#8220;]<\/p>\n<h2>Jetzt Beratung sichern &#8211; ohne Risiko starten<\/h2>\n<p><strong>Sie m\u00f6chten wissen, ob Ihr Projekt f\u00f6rderf\u00e4hig ist?<br \/>\nWir sagen es Ihnen &#8211; schnell, ehrlich und ohne Verpflichtung.<\/strong>[\/vc_column_text][\/vc_column][vc_column width=&#8220;1\/3&#8243;][vc_column_text css=&#8220;&#8220;]<a class=\"button\" style=\"font-size: 20px;\" href=\"\/de\/kontakt\/\">Beratung anfordern &gt;<\/a>[\/vc_column_text][\/vc_column][\/vc_row][vc_row][vc_column][vc_empty_space][vc_separator css=&#8220;&#8220;][vc_empty_space][\/vc_column][\/vc_row][vc_row el_class=&#8220;myheadline&#8220;][vc_column][vc_tta_accordion style=&#8220;flat&#8220; shape=&#8220;square&#8220; active_section=&#8220;1111&#8243; no_fill=&#8220;true&#8220; collapsible_all=&#8220;true&#8220; title=&#8220;H\u00e4ufige Fragen und Antworten&#8220;][vc_tta_section title=&#8220;Welche Unternehmen k\u00f6nnen BIG Digital nutzen?&#8220; tab_id=&#8220;1748267447964-a14c5821-4b0d&#8220;][vc_column_text css=&#8220;&#8220;]KMU mit Sitz in Brandenburg, weniger als 250 Besch\u00e4ftigten und unter 50 Mio.\u202f\u20ac Jahresumsatz.<\/p>\n<p>[\/vc_column_text][\/vc_tta_section][vc_tta_section title=&#8220;Was wird gef\u00f6rdert?&#8220; tab_id=&#8220;1748267447981-34c4028d-b00d&#8220;][vc_column_text css=&#8220;&#8220;]Software, Beratung, Schulung, interne Personalkosten, technische Ausstattung.<\/p>\n<p>[\/vc_column_text][\/vc_tta_section][vc_tta_section title=&#8220;Wie viel F\u00f6rderung ist m\u00f6glich?&#8220; tab_id=&#8220;1748267576073-0d22d003-ca13&#8243;][vc_column_text css=&#8220;&#8220;]Bis zu 50\u202f% der f\u00f6rderf\u00e4higen Kosten &#8211; maximal 350.000\u202f\u20ac.<\/p>\n<p>[\/vc_column_text][\/vc_tta_section][vc_tta_section title=&#8220;Muss ich mich selbst um den Antrag k\u00fcmmern?&#8220; tab_id=&#8220;1748267579568-3fd5d242-c612&#8243;][vc_column_text css=&#8220;&#8220;]Nein &#8211; REDOO-NETWORKS organisiert die Umsetzung, ein erfahrener Berater \u00fcbernimmt den Antrag.<\/p>\n<p>[\/vc_column_text][\/vc_tta_section][\/vc_tta_accordion][\/vc_column][\/vc_row]<\/p>\n<\/div>","protected":false},"excerpt":{"rendered":"<p>[vc_row full_width=&#8220;stretch_row&#8220; content_placement=&#8220;middle&#8220; el_class=&#8220;mybgrow&#8220;][vc_column width=&#8220;1\/2&#8243;][vc_column_text css_animation=&#8220;none&#8220; css=&#8220;&#8220;] BIG Digital F\u00f6rderung f\u00fcr KMU in Brandenburg 50\u202f% Zuschuss auf Ihre Digitalisierung &#8211; wir helfen bei Antrag und Umsetzung[\/vc_column_text][vc_column_text css_animation=&#8220;none&#8220; css=&#8220;&#8220; el_class=&#8220;myheadline whiteBG&#8220;]Als kleines oder mittelst\u00e4ndisches Unternehmen (KMU) mit Sitz in Brandenburg k\u00f6nnen Sie mit dem BIG Digital F\u00f6rderprogramm bis zu 50\u202f% Ihrer Digitalisierungskosten vom Land erstattet bekommen.&hellip;<\/p>\n","protected":false},"author":1,"featured_media":0,"parent":0,"menu_order":0,"comment_status":"closed","ping_status":"closed","template":"","meta":{"footnotes":""},"class_list":["post-8227","page","type-page","status-publish","hentry","description-off"],"_links":{"self":[{"href":"https:\/\/redoo-networks.com\/de\/wp-json\/wp\/v2\/pages\/8227","targetHints":{"allow":["GET"]}}],"collection":[{"href":"https:\/\/redoo-networks.com\/de\/wp-json\/wp\/v2\/pages"}],"about":[{"href":"https:\/\/redoo-networks.com\/de\/wp-json\/wp\/v2\/types\/page"}],"author":[{"embeddable":true,"href":"https:\/\/redoo-networks.com\/de\/wp-json\/wp\/v2\/users\/1"}],"replies":[{"embeddable":true,"href":"https:\/\/redoo-networks.com\/de\/wp-json\/wp\/v2\/comments?post=8227"}],"version-history":[{"count":35,"href":"https:\/\/redoo-networks.com\/de\/wp-json\/wp\/v2\/pages\/8227\/revisions"}],"predecessor-version":[{"id":8275,"href":"https:\/\/redoo-networks.com\/de\/wp-json\/wp\/v2\/pages\/8227\/revisions\/8275"}],"wp:attachment":[{"href":"https:\/\/redoo-networks.com\/de\/wp-json\/wp\/v2\/media?parent=8227"}],"curies":[{"name":"wp","href":"https:\/\/api.w.org\/{rel}","templated":true}]}}