{"id":1965,"date":"2015-03-04T18:14:32","date_gmt":"2015-03-04T18:14:32","guid":{"rendered":"https:\/\/shop.stefanwarnat.de\/?post_type=product&#038;p=1965"},"modified":"2025-03-13T10:04:51","modified_gmt":"2025-03-13T09:04:51","slug":"global-search","status":"publish","type":"product","link":"https:\/\/redoo-networks.com\/de\/produkt\/global-search\/","title":{"rendered":"Global Search"},"content":{"rendered":"<div class=\"wpb-content-wrapper\"><p>[vc_row][vc_column width=&#8220;2\/3&#8243;][vc_column_text css=&#8220;&#8220;]<\/p>\n<h3 data-start=\"3119\" data-end=\"3218\"><strong data-start=\"3123\" data-end=\"3216\">Global Search \u2013 Ersetzt die Vtiger-Standardsuche durch eine leistungsstarke Volltextsuche<\/strong><\/h3>\n<p data-start=\"3220\" data-end=\"3331\"><strong data-start=\"3220\" data-end=\"3329\">Finden Sie alle relevanten CRM-Daten mit einer einzigen Suche \u2013 schneller und vollst\u00e4ndiger als je zuvor.<\/strong><\/p>\n<p data-start=\"3333\" data-end=\"3570\">Die Standard-Suche in Vtiger ist <strong data-start=\"3366\" data-end=\"3395\">eingeschr\u00e4nkt und langsam<\/strong>. Das <strong data-start=\"3401\" data-end=\"3424\">Global Search Modul<\/strong> verbessert Ihre Suche durch <strong data-start=\"3453\" data-end=\"3568\">eine optimierte Volltextsuche, die alle Felder in allen Modulen durchsucht \u2013 mit deutlich besserer Performance.<\/strong><\/p>\n<p data-start=\"3572\" data-end=\"3657\"><strong data-start=\"3572\" data-end=\"3655\">Kein langes Suchen mehr \u2013 einfach tippen und sofort relevante Treffer erhalten.<\/strong><\/p>\n<p>[\/vc_column_text][vc_separator css=&#8220;&#8220;][vc_column_text css=&#8220;&#8220;]<\/p>\n<h3 data-start=\"3664\" data-end=\"3709\"><strong data-start=\"3668\" data-end=\"3707\">Welche Probleme l\u00f6st Global Search?<\/strong><\/h3>\n<ul data-start=\"3711\" data-end=\"3925\">\n<li data-start=\"3711\" data-end=\"3801\"><strong data-start=\"3713\" data-end=\"3799\">Die Standardsuche von Vtiger ist oft ungenau oder zeigt unvollst\u00e4ndige Ergebnisse.<\/strong><\/li>\n<li data-start=\"3802\" data-end=\"3851\"><strong data-start=\"3804\" data-end=\"3849\">Das Finden von CRM-Daten dauert zu lange.<\/strong><\/li>\n<li data-start=\"3852\" data-end=\"3925\"><strong data-start=\"3854\" data-end=\"3923\">Es gibt keine echte globale Suchfunktion \u00fcber alle Module hinweg.<\/strong><\/li>\n<\/ul>\n<p data-start=\"3927\" data-end=\"4034\">Mit Global Search sparen Sie t\u00e4glich Zeit und haben <strong data-start=\"3979\" data-end=\"4031\">alle relevanten Informationen sofort griffbereit<\/strong>.<\/p>\n<p>[\/vc_column_text][vc_separator css=&#8220;&#8220;][vc_column_text css=&#8220;&#8220;]<\/p>\n<h3 data-start=\"4041\" data-end=\"4074\"><strong data-start=\"4045\" data-end=\"4072\">Funktionen und Vorteile<\/strong><\/h3>\n<ul data-start=\"4076\" data-end=\"4726\">\n<li data-start=\"4076\" data-end=\"4302\">\n<p data-start=\"4078\" data-end=\"4133\"><strong data-start=\"4078\" data-end=\"4131\">Schnellere Ergebnisse durch optimierten Suchindex<\/strong><\/p>\n<ul data-start=\"4136\" data-end=\"4302\">\n<li data-start=\"4136\" data-end=\"4213\"><strong data-start=\"4145\" data-end=\"4182\">Schnellere Suchgeschwindigkeit<\/strong> als die Vtiger-Standardsuche<\/li>\n<li data-start=\"4216\" data-end=\"4302\">Sucht \u00fcber <strong data-start=\"4229\" data-end=\"4260\">alle Felder und alle Module<\/strong> \u2013 kein Wechsel zwischen Bereichen n\u00f6tig<\/li>\n<\/ul>\n<\/li>\n<li data-start=\"4304\" data-end=\"4527\">\n<p data-start=\"4306\" data-end=\"4363\"><strong data-start=\"4306\" data-end=\"4361\">Pr\u00e4zisere Treffer f\u00fcr eine effizientere CRM-Nutzung<\/strong><\/p>\n<ul data-start=\"4366\" data-end=\"4527\">\n<li data-start=\"4366\" data-end=\"4438\">Kein manuelles Filtern mehr \u2013 relevante Ergebnisse erscheinen sofort<\/li>\n<li data-start=\"4441\" data-end=\"4527\">Durchsucht <strong data-start=\"4454\" data-end=\"4525\">Kunden, Kontakte, Tickets, Angebote, Rechnungen, Dokumente und mehr<\/strong><\/li>\n<\/ul>\n<\/li>\n<li data-start=\"4529\" data-end=\"4726\">\n<p data-start=\"4531\" data-end=\"4576\"><strong data-start=\"4531\" data-end=\"4574\">Einfache Installation &amp; direkte Nutzung<\/strong><\/p>\n<ul data-start=\"4579\" data-end=\"4726\">\n<li data-start=\"4579\" data-end=\"4661\"><strong data-start=\"4581\" data-end=\"4615\">In wenigen Minuten installiert<\/strong> \u2013 keine technischen Kenntnisse erforderlich<\/li>\n<li data-start=\"4664\" data-end=\"4726\">Suchleiste ersetzt automatisch die bestehende Vtiger-Suche<\/li>\n<\/ul>\n<\/li>\n<\/ul>\n<p>[\/vc_column_text][vc_separator css=&#8220;&#8220;][vc_column_text css=&#8220;&#8220;]<\/p>\n<h3 data-start=\"4837\" data-end=\"4898\"><strong data-start=\"4841\" data-end=\"4896\">Beispiel: Wie profitieren verschiedene Abteilungen?<\/strong><\/h3>\n<ul data-start=\"4900\" data-end=\"5192\">\n<li data-start=\"4900\" data-end=\"4997\"><strong data-start=\"4902\" data-end=\"4915\">Vertrieb:<\/strong> Finden Sie Kundenkontakte, offene Angebote und Verkaufschancen mit einem Klick.<\/li>\n<li data-start=\"4998\" data-end=\"5093\"><strong data-start=\"5000\" data-end=\"5012\">Support:<\/strong> Rufen Sie zugeh\u00f6rige Tickets, Kundenhistorien und Supportdokumente sofort auf.<\/li>\n<li data-start=\"5094\" data-end=\"5192\"><strong data-start=\"5096\" data-end=\"5117\">Gesch\u00e4ftsleitung:<\/strong> Durchsuchen Sie Vertr\u00e4ge, Reports und Ansprechpartner ohne Modulwechsel.<\/li>\n<\/ul>\n<p>[\/vc_column_text][vc_separator css=&#8220;&#8220;][vc_column_text css=&#8220;&#8220;]<\/p>\n<h3 data-start=\"5199\" data-end=\"5244\"><strong data-start=\"5203\" data-end=\"5242\">Warum Global Search f\u00fcr Vtiger CRM?<\/strong><\/h3>\n<div class=\"overflow-x-auto contain-inline-size\">\n<table data-start=\"5246\" data-end=\"5751\">\n<thead data-start=\"5246\" data-end=\"5308\">\n<tr data-start=\"5246\" data-end=\"5308\">\n<th data-start=\"5246\" data-end=\"5260\"><strong data-start=\"5248\" data-end=\"5259\">Merkmal<\/strong><\/th>\n<th data-start=\"5260\" data-end=\"5287\"><strong data-start=\"5262\" data-end=\"5286\">Vtiger-Standardsuche<\/strong><\/th>\n<th data-start=\"5287\" data-end=\"5308\"><strong data-start=\"5289\" data-end=\"5306\">Global Search<\/strong><\/th>\n<\/tr>\n<\/thead>\n<tbody data-start=\"5361\" data-end=\"5751\">\n<tr data-start=\"5361\" data-end=\"5443\">\n<td>Suchbereich<\/td>\n<td><span style=\"color: #800000;\">Eingeschr\u00e4nkt (nur einige Module)<\/span><\/td>\n<td><span style=\"color: #008000;\">Alle Felder in allen Modulen<\/span><\/td>\n<\/tr>\n<tr data-start=\"5444\" data-end=\"5548\">\n<td>Suchgeschwindigkeit<\/td>\n<td><span style=\"color: #800000;\">Langsam, mehrere Datenbankabfragen<\/span><\/td>\n<td><span style=\"color: #008000;\">Optimierter Index f\u00fcr schnelle Ergebnisse<\/span><\/td>\n<\/tr>\n<tr data-start=\"5549\" data-end=\"5645\">\n<td>Ergebnisqualit\u00e4t<\/td>\n<td><span style=\"color: #800000;\">Oft ungenaue oder fehlende Treffer<\/span><\/td>\n<td><span style=\"color: #008000;\">Relevantere und vollst\u00e4ndige Treffer<\/span><\/td>\n<\/tr>\n<tr data-start=\"5646\" data-end=\"5751\">\n<td>Performance<\/td>\n<td><span style=\"color: #800000;\">H\u00e4ngt von der Datenbankgr\u00f6\u00dfe ab<\/span><\/td>\n<td><span style=\"color: #008000;\">Konstante Geschwindigkeit auch bei gro\u00dfen Datenmengen<\/span><\/td>\n<\/tr>\n<\/tbody>\n<\/table>\n<\/div>\n<p>[\/vc_column_text][vc_separator css=&#8220;&#8220;][vc_column_text css=&#8220;&#8220;]<\/p>\n<h3 data-start=\"1401\" data-end=\"1440\"><strong data-start=\"1405\" data-end=\"1438\">Lieferumfang und Lizenzierung<\/strong><\/h3>\n<p data-start=\"1442\" data-end=\"1471\">Nach dem Kauf erhalten Sie:<\/p>\n<ul data-start=\"1473\" data-end=\"1734\">\n<li data-start=\"1473\" data-end=\"1531\"><strong data-start=\"1475\" data-end=\"1503\">Das Modul als .zip-Datei<\/strong> zur direkten Installation<\/li>\n<li data-start=\"1532\" data-end=\"1627\"><strong data-start=\"1534\" data-end=\"1572\">Eine Lizenz inkl. 12 Monaten Updates<\/strong> (Updates erfolgen auf Anfrage, kostenpflichtige Verl\u00e4ngerung der Lizenz m\u00f6glich)<\/li>\n<li data-start=\"1628\" data-end=\"1734\"><strong data-start=\"1630\" data-end=\"1660\">Optional buchbarer Support<\/strong> f\u00fcr Einrichtung, individuelle Anpassungen oder vollst\u00e4ndige Integration<\/li>\n<\/ul>\n<p>[\/vc_column_text][\/vc_column][vc_column width=&#8220;1\/3&#8243;][\/vc_column][\/vc_row]<\/p>\n<\/div>","protected":false},"excerpt":{"rendered":"<p>zzgl. gesetzlicher MwSt..<\/p>\n","protected":false},"featured_media":6616,"comment_status":"closed","ping_status":"closed","template":"","meta":[],"product_brand":[],"product_cat":[34],"product_tag":[],"class_list":{"0":"post-1965","1":"product","2":"type-product","3":"status-publish","4":"has-post-thumbnail","6":"product_cat-vtigercrm-de","7":"description-off","9":"first","10":"instock","11":"downloadable","12":"virtual","13":"taxable","14":"purchasable","15":"product-type-simple"},"_links":{"self":[{"href":"https:\/\/redoo-networks.com\/de\/wp-json\/wp\/v2\/product\/1965","targetHints":{"allow":["GET"]}}],"collection":[{"href":"https:\/\/redoo-networks.com\/de\/wp-json\/wp\/v2\/product"}],"about":[{"href":"https:\/\/redoo-networks.com\/de\/wp-json\/wp\/v2\/types\/product"}],"replies":[{"embeddable":true,"href":"https:\/\/redoo-networks.com\/de\/wp-json\/wp\/v2\/comments?post=1965"}],"wp:featuredmedia":[{"embeddable":true,"href":"https:\/\/redoo-networks.com\/de\/wp-json\/wp\/v2\/media\/6616"}],"wp:attachment":[{"href":"https:\/\/redoo-networks.com\/de\/wp-json\/wp\/v2\/media?parent=1965"}],"wp:term":[{"taxonomy":"product_brand","embeddable":true,"href":"https:\/\/redoo-networks.com\/de\/wp-json\/wp\/v2\/product_brand?post=1965"},{"taxonomy":"product_cat","embeddable":true,"href":"https:\/\/redoo-networks.com\/de\/wp-json\/wp\/v2\/product_cat?post=1965"},{"taxonomy":"product_tag","embeddable":true,"href":"https:\/\/redoo-networks.com\/de\/wp-json\/wp\/v2\/product_tag?post=1965"}],"curies":[{"name":"wp","href":"https:\/\/api.w.org\/{rel}","templated":true}]}}