{"id":330,"date":"2013-03-18T11:44:57","date_gmt":"2013-03-18T11:44:57","guid":{"rendered":"https:\/\/shop.stefanwarnat.de\/product\/vtigercrm\/workflow-designer\/"},"modified":"2026-04-27T08:43:47","modified_gmt":"2026-04-27T06:43:47","slug":"workflow-designer","status":"publish","type":"product","link":"https:\/\/redoo-networks.com\/de\/produkt\/workflow-designer\/","title":{"rendered":"Workflow Designer (PHP 7)"},"content":{"rendered":"<p><span style=\"color: #ff0000;\"><strong>&gt; Optimiert f\u00fcr \u00e4ltere Systeme mit PHP 7<br \/>\n<\/strong><\/span><strong>&gt; Hier finden Sie das Modul optimiert f\u00fcr Systeme mit PHP8: <a href=\"https:\/\/redoo-networks.com\/de\/produkt\/workflow-designer-php-8\/\">https:\/\/redoo-networks.com\/product\/workflow-designer-php-8\/<\/a><\/strong><span style=\"color: #ff0000;\"><strong><br \/>\n<\/strong><\/span><\/p>\n<p>&nbsp;<\/p>\n<p>Mit dem Workflow Designer erweitern Sie Ihr VtigerCRM um eine leistungsstarke Methode zur Automatisierung, Verwaltung und Steuerung Ihres Systems. Das Modul bietet rund 80 Funktionen, die Ihnen helfen, Ihre Arbeitsabl\u00e4ufe effizienter zu gestalten.<\/p>\n<p><strong>Beispielhafte Funktionen im \u00dcberblick:<\/strong><\/p>\n<ul>\n<li><strong>Werte setzen:<\/strong> Setzen von Feldwerten des aktuellen Eintrages<\/li>\n<li><strong>Bedingung:<\/strong>\u00a0<span data-sheets-value=\"{&quot;1&quot;:2,&quot;2&quot;:&quot;Erstellen von komplexen Bedingungen (AND ; OR; verschachtelte Bdingungsbl\u00f6cke) \\nmit Zugriff auf die Feldwerte des Kontext-Eintrages.\\nOutput: \\&quot;True\\&quot; und \\&quot;False\\&quot; Pfad f\u00fcr weiteren Ablauf&quot;}\" data-sheets-userformat=\"{&quot;2&quot;:513,&quot;3&quot;:{&quot;1&quot;:0},&quot;12&quot;:0}\">Erstellen von komplexen Bedingungen (AND ; OR; verschachtelte Bdingungsbl\u00f6cke) mit Zugriff auf die Feldwerte des Kontext-Eintrages. Output: &#8222;True&#8220; und &#8222;False&#8220; Pfad f\u00fcr weiteren Ablauf<\/span><\/li>\n<li><strong>Warten:<\/strong>\u00a0<span data-sheets-value=\"{&quot;1&quot;:2,&quot;2&quot;:&quot;Verz\u00f6gerung der weiteren Ausf\u00fchrung um eine bestimmte Zeitspanne,\\nz.B: x Minuten warten oder bis 4. Tag der Woche warten&quot;}\" data-sheets-userformat=\"{&quot;2&quot;:513,&quot;3&quot;:{&quot;1&quot;:0},&quot;12&quot;:0}\">Verz\u00f6gerung der weiteren Ausf\u00fchrung um eine bestimmte Zeitspanne, z.B: x Minuten warten oder bis 4. Tag der Woche warten<\/span><\/li>\n<li><strong>E-Mail senden:<\/strong>\u00a0<span data-sheets-value=\"{&quot;1&quot;:2,&quot;2&quot;:&quot;automatisiertes Versenden von E-Mails. Konfiguration s\u00e4mtlicher Mail-Parameter\\nwie Absender, Empf\u00e4nger, CC....\\nM\u00f6glichkeit, Anh\u00e4nge automatisch anzuh\u00e4ngen (z.B. aus temp. Zwischenspeichern (Filestore))\\nM\u00f6glichkeit, Mailvorlagen zu nutzen&quot;}\" data-sheets-userformat=\"{&quot;2&quot;:513,&quot;3&quot;:{&quot;1&quot;:0},&quot;12&quot;:0}\">automatisiertes Versenden von E-Mails. Konfiguration s\u00e4mtlicher Mail-Parameter wie Absender, Empf\u00e4nger, CC&#8230;. M\u00f6glichkeit, Anh\u00e4nge automatisch anzuh\u00e4ngen (z.B. aus temp. Zwischenspeichern (Filestore)) und M\u00f6glichkeit, Mailvorlagen zu nutzen<\/span><\/li>\n<li><strong>Eigene Nummernfolge setzen:<\/strong>\u00a0<span data-sheets-value=\"{&quot;1&quot;:2,&quot;2&quot;:&quot;Erstellen einer eigenen fortlaufenden Nummerierung, unabh\u00e4ngig der Modulinternen\\nBestimmen der L\u00e4nge, der n\u00e4chsten Nummer, des Pr\u00e4fixes der Nummer&quot;}\" data-sheets-userformat=\"{&quot;2&quot;:513,&quot;3&quot;:{&quot;1&quot;:0},&quot;12&quot;:0}\">Erstellen einer eigenen fortlaufenden Nummerierung, unabh\u00e4ngig der Modulinternen Nummerierung.<\/span><\/li>\n<li><strong>Globale Suche:<\/strong>\u00a0<span data-sheets-value=\"{&quot;1&quot;:2,&quot;2&quot;:&quot;Erstellen einer Selektion von Eintr\u00e4gen anhand komplexer Auswahlkriterien und Ablegen der Selektion \\nin eine Umgebungsvariable f\u00fcr die weitere Verarbeitung&quot;}\" data-sheets-userformat=\"{&quot;2&quot;:513,&quot;3&quot;:{&quot;1&quot;:0},&quot;12&quot;:0}\">Erstellen einer Selektion von Eintr\u00e4gen anhand komplexer Auswahlkriterien und Ablegen der Selektion in eine Umgebungsvariable f\u00fcr die weitere Verarbeitung<\/span><\/li>\n<li>&#8230;<\/li>\n<\/ul>\n<p><strong>Workflow Trigger:<\/strong><\/p>\n<p>Ein Highlight des Workflow Designers ist die Definition der Ausl\u00f6ser (Trigger) der Workflows. Diese k\u00f6nnen beispielsweise beim ersten Speichern, bei jedem Speichern, beim L\u00f6schen eines Datensatzes aktiviert werden. Ein weiterer Trigger kann eine \u00c4nderung der Feldwerte im Bearbeitungsmodus eines Eintrags sein. Sie k\u00f6nnen festlegen, nach welcher Feldwert\u00e4nderung welcher Workflow live ausgef\u00fchrt werden soll, was eine Live-Validierung der eingegebenen Daten erm\u00f6glicht (z. B. \u00dcberpr\u00fcfung auf doppelte Eintr\u00e4ge).<\/p>\n<p>Es besteht auch die Option Workflows manuell auszuf\u00fchren.<\/p>\n<p>Ein weiterer Ausl\u00f6ser ist der HTTP-Handler. Dieser erm\u00f6glicht das Aufrufen von Workflows und die \u00dcbertragung von Parametern an Vtiger von au\u00dfen durch Aufrufen einer definierten URL. Diese Funktion erm\u00f6glicht es Ihnen, beispielsweise komplexe Webformulare einfach zu integrieren.<\/p>\n<p>&nbsp;<\/p>\n<p><strong>Lieferumfang:<\/strong><\/p>\n<p>Nach dem Kauf dieses Produkts erhalten Sie das Modul als .zip-Datei und eine Lizenz f\u00fcr die Nutzung des Moduls f\u00fcr die Dauer von 12 Monaten. Die Lizenz umfasst auf Anfrage Updates des Moduls.<\/p>\n<p>Die Lizenz kann kostenpflichtig um weitere 12 Monate erweitert werden: <a href=\"https:\/\/redoo-networks.com\/de\/produkt\/workflow-designer-1-jahr-lizenzverlaengerung\/\" target=\"_new\" rel=\"noreferrer noopener\">Lizenzverl\u00e4ngerung<\/a>.<\/p>\n<p>Es gilt der aktuelle Lizenzvertrag der redoo-networks GmbH: <a href=\"https:\/\/redoo-networks.com\/de\/lizenzvereinbarung\/\">Lizenzvertrag.<\/a><\/p>\n","protected":false},"excerpt":{"rendered":"<p>exkl. MwSt<\/p>\n<p>Erstellen Sie mit wenigen Programmier Kenntnissen komplexeste Prozesse \u00fcber einen leicht verst\u00e4ndlichen Drag &amp; Drop Editor.<\/p>\n<div id=\"gtx-trans\" style=\"position: absolute; left: -10px; top: 48px;\">\n<div class=\"gtx-trans-icon\"><\/div>\n<\/div>\n","protected":false},"featured_media":6618,"comment_status":"closed","ping_status":"closed","template":"","meta":[],"product_brand":[],"product_cat":[34,224],"product_tag":[],"class_list":{"0":"post-330","1":"product","2":"type-product","3":"status-publish","4":"has-post-thumbnail","6":"product_cat-vtigercrm-de","7":"product_cat-flexxsuite-de","8":"description-off","10":"first","11":"instock","12":"sale","13":"featured","14":"downloadable","15":"virtual","16":"taxable","17":"purchasable","18":"product-type-simple"},"_links":{"self":[{"href":"https:\/\/redoo-networks.com\/de\/wp-json\/wp\/v2\/product\/330","targetHints":{"allow":["GET"]}}],"collection":[{"href":"https:\/\/redoo-networks.com\/de\/wp-json\/wp\/v2\/product"}],"about":[{"href":"https:\/\/redoo-networks.com\/de\/wp-json\/wp\/v2\/types\/product"}],"replies":[{"embeddable":true,"href":"https:\/\/redoo-networks.com\/de\/wp-json\/wp\/v2\/comments?post=330"}],"wp:featuredmedia":[{"embeddable":true,"href":"https:\/\/redoo-networks.com\/de\/wp-json\/wp\/v2\/media\/6618"}],"wp:attachment":[{"href":"https:\/\/redoo-networks.com\/de\/wp-json\/wp\/v2\/media?parent=330"}],"wp:term":[{"taxonomy":"product_brand","embeddable":true,"href":"https:\/\/redoo-networks.com\/de\/wp-json\/wp\/v2\/product_brand?post=330"},{"taxonomy":"product_cat","embeddable":true,"href":"https:\/\/redoo-networks.com\/de\/wp-json\/wp\/v2\/product_cat?post=330"},{"taxonomy":"product_tag","embeddable":true,"href":"https:\/\/redoo-networks.com\/de\/wp-json\/wp\/v2\/product_tag?post=330"}],"curies":[{"name":"wp","href":"https:\/\/api.w.org\/{rel}","templated":true}]}}