{"id":3403,"date":"2018-10-01T12:33:14","date_gmt":"2018-10-01T12:33:14","guid":{"rendered":"http:\/\/redoo.odermedia.de\/?post_type=product&#038;p=3403"},"modified":"2025-03-12T16:20:49","modified_gmt":"2025-03-12T15:20:49","slug":"flexxdashboard","status":"publish","type":"product","link":"https:\/\/redoo-networks.com\/de\/produkt\/flexxdashboard\/","title":{"rendered":"Flexx.Dashboard"},"content":{"rendered":"<div class=\"wpb-content-wrapper\"><p>[vc_row][vc_column width=&#8220;2\/3&#8243;][vc_column_text css=&#8220;&#8220;]<\/p>\n<h3 data-start=\"1189\" data-end=\"1272\"><strong data-start=\"1193\" data-end=\"1270\">Flexx.Dashboard \u2013 Ihr zentrales Steuerungstool f\u00fcr alle Unternehmensdaten<\/strong><\/h3>\n<p data-start=\"1274\" data-end=\"1387\"><strong data-start=\"1274\" data-end=\"1385\">Alle wichtigen Kennzahlen auf einen Blick &#8211; individuell anpassbar und nahtlos integriert in Ihr Vtiger CRM.<\/strong><\/p>\n<p data-start=\"1389\" data-end=\"1704\">Mit dem <strong data-start=\"1397\" data-end=\"1431\">Flexx.Dashboard f\u00fcr Vtiger CRM<\/strong> visualisieren Sie <strong data-start=\"1450\" data-end=\"1489\">Echtzeit-Daten aus Ihrem CRM-System<\/strong> und treffen <strong data-start=\"1502\" data-end=\"1542\">schnellere, fundierte Entscheidungen<\/strong>. Konfigurieren Sie Ihr Dashboard mit den wichtigsten Kennzahlen und behalten Sie <strong data-start=\"1624\" data-end=\"1701\">Ums\u00e4tze, Leads, Support-Tickets oder offene Rechnungen jederzeit im Blick<\/strong>.<\/p>\n<p data-start=\"1706\" data-end=\"1807\"><strong data-start=\"1709\" data-end=\"1805\">Perfekt f\u00fcr Vertrieb, Support und Gesch\u00e4ftsf\u00fchrung \u2013 kein technisches Know-how erforderlich.<\/strong><\/p>\n<p>[\/vc_column_text][vc_separator css=&#8220;&#8220;][vc_column_text css=&#8220;&#8220;]<\/p>\n<h3 data-start=\"1814\" data-end=\"1847\"><strong data-start=\"1818\" data-end=\"1845\">Funktionen und Vorteile<\/strong><\/h3>\n<ul data-start=\"1849\" data-end=\"2641\">\n<li data-start=\"1849\" data-end=\"2109\">\n<p data-start=\"1851\" data-end=\"1899\"><strong data-start=\"1851\" data-end=\"1897\">Individuelle Dashboards f\u00fcr jede Abteilung<\/strong><\/p>\n<ul data-start=\"1902\" data-end=\"2109\">\n<li data-start=\"1902\" data-end=\"1959\">Vertrieb: Verkaufsprognosen, Leads, Umsatzentwicklung<\/li>\n<li data-start=\"1962\" data-end=\"2030\">Support: Offene Tickets, Bearbeitungszeiten, Kundenzufriedenheit<\/li>\n<li data-start=\"2033\" data-end=\"2109\">Management: Finanzkennzahlen, offene Rechnungen, Unternehmensperformance<\/li>\n<li data-start=\"2033\" data-end=\"2109\">Flexibles Rechte- und Zugriffsmanagement f\u00fcr erstellte Dashboards<\/li>\n<\/ul>\n<\/li>\n<\/ul>\n<ul data-start=\"1849\" data-end=\"2641\">\n<li data-start=\"2111\" data-end=\"2342\">\n<p data-start=\"2113\" data-end=\"2144\"><strong data-start=\"2113\" data-end=\"2142\">Flexible Widget-Steuerung<\/strong><\/p>\n<ul data-start=\"2147\" data-end=\"2342\">\n<li data-start=\"2147\" data-end=\"2192\">Drag-and-Drop zur Anpassung der Anordnung<\/li>\n<li data-start=\"2195\" data-end=\"2274\">Auswahl verschiedener Darstellungsformen (Diagramme, Tabellen, KPI-Widgets)<\/li>\n<li data-start=\"2277\" data-end=\"2342\">Speicherung mehrerer Layouts f\u00fcr verschiedene Anwendungsf\u00e4lle<\/li>\n<\/ul>\n<\/li>\n<\/ul>\n<ul data-start=\"1849\" data-end=\"2641\">\n<li data-start=\"2344\" data-end=\"2503\">\n<p data-start=\"2346\" data-end=\"2390\"><strong data-start=\"2346\" data-end=\"2388\">Nahtlose Integration mit <a href=\"https:\/\/redoo-networks.com\/de\/produkt\/flexxreports\/\" rel=\"nofollow\">Flexx.Reports<\/a><\/strong><\/p>\n<ul data-start=\"2544\" data-end=\"2641\">\n<li data-start=\"2393\" data-end=\"2447\">Anzeige gespeicherter Berichte direkt im Dashboard<\/li>\n<li data-start=\"2450\" data-end=\"2503\">Automatische Aktualisierung der Daten in Echtzeit<\/li>\n<\/ul>\n<\/li>\n<\/ul>\n<p>[\/vc_column_text][vc_separator css=&#8220;&#8220;][vc_column_text css=&#8220;&#8220;]<\/p>\n<h3 data-start=\"2741\" data-end=\"2788\"><strong data-start=\"2745\" data-end=\"2786\">Warum Flexx.Dashboard f\u00fcr Vtiger CRM?<\/strong><\/h3>\n<ul data-start=\"2790\" data-end=\"3110\">\n<li data-start=\"2790\" data-end=\"2882\"><strong data-start=\"2792\" data-end=\"2844\">Datenbasierte Entscheidungen in Echtzeit treffen<\/strong> \u2013 relevante Auswertungen auf einen Blick<\/li>\n<li data-start=\"2883\" data-end=\"2967\"><strong data-start=\"2885\" data-end=\"2929\">Jede Abteilung sieht nur relevante Daten<\/strong> \u2013 individuell anpassbare Dashboards<\/li>\n<li data-start=\"2968\" data-end=\"3049\"><strong data-start=\"2970\" data-end=\"3012\">Kein technisches Know-how erforderlich<\/strong> \u2013 einfache Drag-and-Drop-Steuerung<\/li>\n<li data-start=\"3050\" data-end=\"3110\"><strong data-start=\"3052\" data-end=\"3108\">Automatische Synchronisation mit anderen CRM-Modulen<\/strong><\/li>\n<\/ul>\n<p>[\/vc_column_text][vc_separator css=&#8220;&#8220;][vc_column_text css=&#8220;&#8220;]<\/p>\n<h3 data-start=\"1401\" data-end=\"1440\"><strong data-start=\"1405\" data-end=\"1438\">Lieferumfang und Lizenzierung<\/strong><\/h3>\n<p data-start=\"1442\" data-end=\"1471\">Nach dem Kauf erhalten Sie:<\/p>\n<ul data-start=\"1473\" data-end=\"1734\">\n<li data-start=\"1473\" data-end=\"1531\"><strong data-start=\"1475\" data-end=\"1503\">Das Modul als .zip-Datei<\/strong> zur direkten Installation<\/li>\n<li data-start=\"1532\" data-end=\"1627\"><strong data-start=\"1534\" data-end=\"1572\">Eine Lizenz inkl. 12 Monaten Updates<\/strong> (Updates erfolgen auf Anfrage, kostenpflichtige Verl\u00e4ngerung der Lizenz m\u00f6glich)<\/li>\n<li data-start=\"1628\" data-end=\"1734\"><strong data-start=\"1630\" data-end=\"1660\">Optional buchbarer Support<\/strong> f\u00fcr Einrichtung, individuelle Anpassungen oder vollst\u00e4ndige Integration<\/li>\n<\/ul>\n<p>[\/vc_column_text][\/vc_column][vc_column width=&#8220;1\/3&#8243;][\/vc_column][\/vc_row]<\/p>\n<\/div>","protected":false},"excerpt":{"rendered":"<p>zzgl. gesetzlicher MwSt..<\/p>\n","protected":false},"featured_media":6611,"comment_status":"closed","ping_status":"closed","template":"","meta":[],"product_brand":[],"product_cat":[34],"product_tag":[],"class_list":{"0":"post-3403","1":"product","2":"type-product","3":"status-publish","4":"has-post-thumbnail","6":"product_cat-vtigercrm-de","7":"description-off","9":"first","10":"instock","11":"downloadable","12":"virtual","13":"taxable","14":"purchasable","15":"product-type-simple"},"_links":{"self":[{"href":"https:\/\/redoo-networks.com\/de\/wp-json\/wp\/v2\/product\/3403","targetHints":{"allow":["GET"]}}],"collection":[{"href":"https:\/\/redoo-networks.com\/de\/wp-json\/wp\/v2\/product"}],"about":[{"href":"https:\/\/redoo-networks.com\/de\/wp-json\/wp\/v2\/types\/product"}],"replies":[{"embeddable":true,"href":"https:\/\/redoo-networks.com\/de\/wp-json\/wp\/v2\/comments?post=3403"}],"wp:featuredmedia":[{"embeddable":true,"href":"https:\/\/redoo-networks.com\/de\/wp-json\/wp\/v2\/media\/6611"}],"wp:attachment":[{"href":"https:\/\/redoo-networks.com\/de\/wp-json\/wp\/v2\/media?parent=3403"}],"wp:term":[{"taxonomy":"product_brand","embeddable":true,"href":"https:\/\/redoo-networks.com\/de\/wp-json\/wp\/v2\/product_brand?post=3403"},{"taxonomy":"product_cat","embeddable":true,"href":"https:\/\/redoo-networks.com\/de\/wp-json\/wp\/v2\/product_cat?post=3403"},{"taxonomy":"product_tag","embeddable":true,"href":"https:\/\/redoo-networks.com\/de\/wp-json\/wp\/v2\/product_tag?post=3403"}],"curies":[{"name":"wp","href":"https:\/\/api.w.org\/{rel}","templated":true}]}}