{"id":7107,"date":"2023-07-05T12:33:15","date_gmt":"2023-07-05T12:33:15","guid":{"rendered":"https:\/\/redoo-networks.com\/product\/workflow-designer-1-jahr-lizenzverlaengerung\/"},"modified":"2025-03-13T13:24:55","modified_gmt":"2025-03-13T12:24:55","slug":"workflow-designer-1-jahr-lizenzverlaengerung","status":"publish","type":"product","link":"https:\/\/redoo-networks.com\/de\/produkt\/workflow-designer-1-jahr-lizenzverlaengerung\/","title":{"rendered":"Workflow Designer: 1 Jahr &#8211; Lizenzverl\u00e4ngerung"},"content":{"rendered":"<div class=\"wpb-content-wrapper\"><p>[vc_row][vc_column width=&#8220;2\/3&#8243;][vc_column_text css=&#8220;&#8220;]<\/p>\n<h3 data-start=\"1922\" data-end=\"2015\"><strong data-start=\"1926\" data-end=\"2013\">Lizenzverl\u00e4ngerung: 12 Monate Updates, Sicherheit und Kompatibilit\u00e4t f\u00fcr Ihr Modul<\/strong><\/h3>\n<p data-start=\"2017\" data-end=\"2125\"><strong data-start=\"2017\" data-end=\"2123\">Halten Sie Ihr Modul aktuell und kompatibel &#8211; mit regelm\u00e4\u00dfigen Updates und technischen Verbesserungen.<\/strong><\/p>\n<p data-start=\"2127\" data-end=\"2343\">Mit der Lizenzverl\u00e4ngerung f\u00fcr <strong data-start=\"2158\" data-end=\"2173\">das jeweilige Modul<\/strong>\u00a0sichern Sie sich <strong data-start=\"2191\" data-end=\"2237\">weitere 12 Monate Zugriff auf alle Updates<\/strong>.<\/p>\n<p>[\/vc_column_text][vc_separator css=&#8220;&#8220;][vc_column_text css=&#8220;&#8220;]<\/p>\n<h2 data-start=\"2350\" data-end=\"2399\"><strong data-start=\"2353\" data-end=\"2397\">Warum lohnt sich die Lizenzverl\u00e4ngerung?<\/strong><\/h2>\n<ul data-start=\"2401\" data-end=\"2642\">\n<li data-start=\"2401\" data-end=\"2474\"><strong data-start=\"2403\" data-end=\"2443\">Sicherheits- und Performance-Updates<\/strong> f\u00fcr eine fehlerfreie Nutzung<\/li>\n<li data-start=\"2475\" data-end=\"2533\"><strong data-start=\"2477\" data-end=\"2531\">Kompatibilit\u00e4tsupdates<\/strong><\/li>\n<li data-start=\"2534\" data-end=\"2575\"><strong data-start=\"2536\" data-end=\"2573\">Neue Funktionen und Optimierungen<\/strong><\/li>\n<li data-start=\"2576\" data-end=\"2642\"><strong data-start=\"2578\" data-end=\"2640\">Vermeidung von Funktionsausf\u00e4llen durch veraltete Software<\/strong><\/li>\n<\/ul>\n<p>[\/vc_column_text][vc_separator css=&#8220;&#8220;][vc_column_text css=&#8220;&#8220;]<\/p>\n<h2 data-start=\"2649\" data-end=\"2709\"><strong data-start=\"2652\" data-end=\"2707\">Was passiert, wenn ich die Lizenz nicht verl\u00e4ngere?<\/strong><\/h2>\n<p data-start=\"2711\" data-end=\"3032\">Ihr Modul bleibt in der aktuellen Version weiterhin nutzbar. Allerdings k\u00f6nnten zuk\u00fcnftige \u00c4nderungen in Vtiger oder PHP dazu f\u00fchren, dass <strong data-start=\"2850\" data-end=\"2935\">bestimmte Funktionen nicht mehr korrekt arbeiten oder Sicherheitsl\u00fccken entstehen<\/strong>. Mit regelm\u00e4\u00dfigen Updates stellen Sie sicher, dass Ihr Modul <strong data-start=\"2997\" data-end=\"3022\">stabil und fehlerfrei<\/strong> bleibt. <strong>Sie profitieren von geupdateten Funktionen und Entwicklungen des Moduls.\u00a0<\/strong><\/p>\n<p>[\/vc_column_text][\/vc_column][vc_column width=&#8220;1\/3&#8243;][\/vc_column][\/vc_row]<\/p>\n<\/div>","protected":false},"excerpt":{"rendered":"<p>zzgl. gesetzlicher MwSt..<\/p>\n","protected":false},"featured_media":6623,"comment_status":"closed","ping_status":"closed","template":"","meta":[],"product_brand":[],"product_cat":[34],"product_tag":[],"class_list":{"0":"post-7107","1":"product","2":"type-product","3":"status-publish","4":"has-post-thumbnail","6":"product_cat-vtigercrm-de","7":"description-off","9":"first","10":"instock","11":"virtual","12":"taxable","13":"purchasable","14":"product-type-simple"},"_links":{"self":[{"href":"https:\/\/redoo-networks.com\/de\/wp-json\/wp\/v2\/product\/7107","targetHints":{"allow":["GET"]}}],"collection":[{"href":"https:\/\/redoo-networks.com\/de\/wp-json\/wp\/v2\/product"}],"about":[{"href":"https:\/\/redoo-networks.com\/de\/wp-json\/wp\/v2\/types\/product"}],"replies":[{"embeddable":true,"href":"https:\/\/redoo-networks.com\/de\/wp-json\/wp\/v2\/comments?post=7107"}],"wp:featuredmedia":[{"embeddable":true,"href":"https:\/\/redoo-networks.com\/de\/wp-json\/wp\/v2\/media\/6623"}],"wp:attachment":[{"href":"https:\/\/redoo-networks.com\/de\/wp-json\/wp\/v2\/media?parent=7107"}],"wp:term":[{"taxonomy":"product_brand","embeddable":true,"href":"https:\/\/redoo-networks.com\/de\/wp-json\/wp\/v2\/product_brand?post=7107"},{"taxonomy":"product_cat","embeddable":true,"href":"https:\/\/redoo-networks.com\/de\/wp-json\/wp\/v2\/product_cat?post=7107"},{"taxonomy":"product_tag","embeddable":true,"href":"https:\/\/redoo-networks.com\/de\/wp-json\/wp\/v2\/product_tag?post=7107"}],"curies":[{"name":"wp","href":"https:\/\/api.w.org\/{rel}","templated":true}]}}