{"id":7109,"date":"2023-07-05T13:01:24","date_gmt":"2023-07-05T13:01:24","guid":{"rendered":"https:\/\/redoo-networks.com\/?post_type=product&#038;p=7109"},"modified":"2025-03-11T13:19:28","modified_gmt":"2025-03-11T13:19:28","slug":"support-kontingent-1-stunde","status":"publish","type":"product","link":"https:\/\/redoo-networks.com\/de\/produkt\/support-kontingent-1-stunde\/","title":{"rendered":"Support-Kontingent: 1 Stunde"},"content":{"rendered":"<p>Nach Erwerb dieses Produkts erhalten Sie eine Stunde (1h) Support-Kontingent. Sie ben\u00f6tigen ein Support-Kontingent wenn Sie unseren Support wahrnehmen m\u00f6chten. Unseren Aufwand f\u00fcr die Bearbeitung Ihrer Support-Anfragen ziehen wir &#8211; via Zeiterfassung, aufgerundet auf eine volle Stunde &#8211; von Ihrem vorhandenen Support-Kontingent ab.<\/p>\n","protected":false},"excerpt":{"rendered":"<p>exkl. MwSt<\/p>\n","protected":false},"featured_media":6961,"comment_status":"closed","ping_status":"closed","template":"","meta":[],"product_brand":[],"product_cat":[214],"product_tag":[],"class_list":{"0":"post-7109","1":"product","2":"type-product","3":"status-publish","4":"has-post-thumbnail","6":"product_cat-support","7":"description-off","9":"first","10":"instock","11":"virtual","12":"taxable","13":"purchasable","14":"product-type-simple"},"_links":{"self":[{"href":"https:\/\/redoo-networks.com\/de\/wp-json\/wp\/v2\/product\/7109","targetHints":{"allow":["GET"]}}],"collection":[{"href":"https:\/\/redoo-networks.com\/de\/wp-json\/wp\/v2\/product"}],"about":[{"href":"https:\/\/redoo-networks.com\/de\/wp-json\/wp\/v2\/types\/product"}],"replies":[{"embeddable":true,"href":"https:\/\/redoo-networks.com\/de\/wp-json\/wp\/v2\/comments?post=7109"}],"wp:featuredmedia":[{"embeddable":true,"href":"https:\/\/redoo-networks.com\/de\/wp-json\/wp\/v2\/media\/6961"}],"wp:attachment":[{"href":"https:\/\/redoo-networks.com\/de\/wp-json\/wp\/v2\/media?parent=7109"}],"wp:term":[{"taxonomy":"product_brand","embeddable":true,"href":"https:\/\/redoo-networks.com\/de\/wp-json\/wp\/v2\/product_brand?post=7109"},{"taxonomy":"product_cat","embeddable":true,"href":"https:\/\/redoo-networks.com\/de\/wp-json\/wp\/v2\/product_cat?post=7109"},{"taxonomy":"product_tag","embeddable":true,"href":"https:\/\/redoo-networks.com\/de\/wp-json\/wp\/v2\/product_tag?post=7109"}],"curies":[{"name":"wp","href":"https:\/\/api.w.org\/{rel}","templated":true}]}}