{"id":7418,"date":"2025-03-03T08:57:51","date_gmt":"2025-03-03T08:57:51","guid":{"rendered":"https:\/\/redoo-networks.com\/?post_type=product&#038;p=7418"},"modified":"2025-03-12T18:22:30","modified_gmt":"2025-03-12T17:22:30","slug":"e-rechnung","status":"publish","type":"product","link":"https:\/\/redoo-networks.com\/de\/produkt\/e-rechnung\/","title":{"rendered":"E-Rechnung"},"content":{"rendered":"<div class=\"wpb-content-wrapper\"><p>[vc_row][vc_column width=&#8220;2\/3&#8243;][vc_column_text css=&#8220;&#8220;]<\/p>\n<h3 data-start=\"0\" data-end=\"110\"><strong data-start=\"4\" data-end=\"108\">E-Rechnungen \u2013 Automatisierte Erstellung von E-Rechnungen nach xRechnung-Standard f\u00fcr Ihr Vtiger CRM<\/strong><\/h3>\n<p data-start=\"112\" data-end=\"193\"><strong data-start=\"112\" data-end=\"191\">Elektronische Rechnungen standardisiert und direkt aus Ihrem CRM generieren<\/strong><\/p>\n<p data-start=\"195\" data-end=\"516\">Das <strong data-start=\"199\" data-end=\"236\">E-Rechnungen-Modul f\u00fcr Vtiger CRM<\/strong> erm\u00f6glicht die <strong data-start=\"252\" data-end=\"316\">automatische Erstellung von E-Rechnungen im xRechnung-Format<\/strong>. xRechnung ist ein <strong data-start=\"336\" data-end=\"365\">XML-basiertes Datenmodell<\/strong>, das als Standard f\u00fcr elektronische Rechnungen insbesondere im Rechnungsaustausch mit <strong data-start=\"452\" data-end=\"497\">\u00f6ffentlichen Auftraggebern in Deutschland<\/strong> etabliert wurde.<\/p>\n<p data-start=\"518\" data-end=\"820\">Mit diesem Modul generieren Sie <strong data-start=\"550\" data-end=\"634\">rechtssichere, standardisierte E-Rechnungen direkt aus dem Vtiger Rechnungsmodul<\/strong>, die den Vorgaben der <strong data-start=\"657\" data-end=\"685\">EU-Richtlinie 2014\/55\/EU<\/strong> f\u00fcr elektronische Rechnungen entsprechen. Die erstellten Rechnungen k\u00f6nnen anschlie\u00dfend <strong data-start=\"774\" data-end=\"810\">exportiert und versendet<\/strong> werden.<\/p>\n<p>[\/vc_column_text][vc_separator css=&#8220;&#8220;][vc_column_text css=&#8220;&#8220;]<\/p>\n<h3 data-start=\"827\" data-end=\"855\"><strong data-start=\"831\" data-end=\"853\">So funktioniert es<\/strong><\/h3>\n<ol data-start=\"857\" data-end=\"1141\">\n<li data-start=\"857\" data-end=\"909\"><strong data-start=\"860\" data-end=\"907\">Rechnung im Vtiger Rechnungsmodul erstellen<\/strong><\/li>\n<li data-start=\"910\" data-end=\"974\"><strong data-start=\"913\" data-end=\"972\">E-Rechnung als XML-Datei im xRechnung-Format generieren<\/strong><\/li>\n<li data-start=\"975\" data-end=\"1040\"><strong data-start=\"978\" data-end=\"1038\">Automatische Validierung zur Pr\u00fcfung auf Vollst\u00e4ndigkeit<\/strong><\/li>\n<li data-start=\"1041\" data-end=\"1141\"><strong data-start=\"1044\" data-end=\"1139\">Export der Datei zur Weiterverarbeitung oder \u00dcbermittlung an Kunden<\/strong><\/li>\n<\/ol>\n<p>[\/vc_column_text][vc_separator css=&#8220;&#8220;][vc_column_text css=&#8220;&#8220;]<\/p>\n<h3 data-start=\"1148\" data-end=\"1181\"><strong data-start=\"1152\" data-end=\"1179\">Funktionen und Vorteile<\/strong><\/h3>\n<ul data-start=\"1183\" data-end=\"2019\">\n<li data-start=\"1183\" data-end=\"1392\">\n<p data-start=\"1185\" data-end=\"1242\"><strong data-start=\"1185\" data-end=\"1240\">Erstellung von E-Rechnungen nach xRechnung-Standard<\/strong><\/p>\n<ul data-start=\"1245\" data-end=\"1392\">\n<li data-start=\"1245\" data-end=\"1298\">Direkte Generierung aus dem Vtiger Rechnungsmodul<\/li>\n<li data-start=\"1301\" data-end=\"1392\">XML-konforme Ausgabe gem\u00e4\u00df den Anforderungen der \u00f6ffentlichen Verwaltung in Deutschland<\/li>\n<\/ul>\n<\/li>\n<\/ul>\n<ul data-start=\"1183\" data-end=\"2019\">\n<li data-start=\"1394\" data-end=\"1590\">\n<p data-start=\"1396\" data-end=\"1450\"><strong data-start=\"1396\" data-end=\"1448\">Fehlerminimierung durch automatische Validierung<\/strong><\/p>\n<ul data-start=\"1453\" data-end=\"1590\">\n<li data-start=\"1453\" data-end=\"1542\">\u00dcberpr\u00fcfung auf <strong data-start=\"1471\" data-end=\"1516\">Vollst\u00e4ndigkeit und korrekte Formatierung<\/strong> nach xRechnung-Standard<\/li>\n<li data-start=\"1545\" data-end=\"1590\">Warnhinweise bei fehlenden Pflichtfeldern<\/li>\n<\/ul>\n<\/li>\n<\/ul>\n<ul data-start=\"1183\" data-end=\"2019\">\n<li data-start=\"1592\" data-end=\"1811\">\n<p data-start=\"1594\" data-end=\"1649\"><strong data-start=\"1594\" data-end=\"1647\">Flexible Preisstaffelung je nach Rechnungsvolumen<\/strong><\/p>\n<ul data-start=\"1652\" data-end=\"1811\">\n<li data-start=\"1652\" data-end=\"1702\">Bis zu <strong data-start=\"1661\" data-end=\"1689\">50 E-Rechnungen (XML-Dateien) pro Jahr<\/strong> \u2013 149,00 \u20ac<\/li>\n<li data-start=\"1705\" data-end=\"1756\">Bis zu <strong data-start=\"1714\" data-end=\"1743\">100 E-Rechnungen (XML-Dateien) pro Jahr<\/strong> \u2013 279,00 \u20ac<\/li>\n<li data-start=\"1759\" data-end=\"1811\"><strong data-start=\"1761\" data-end=\"1798\">Unbegrenzte E-Rechnungen (XML-Dateien) pro Jahr<\/strong> \u2013 499,00 \u20ac<\/li>\n<\/ul>\n<\/li>\n<\/ul>\n<ul data-start=\"1183\" data-end=\"2019\">\n<li data-start=\"1813\" data-end=\"2019\">\n<p data-start=\"1815\" data-end=\"1859\"><strong data-start=\"1815\" data-end=\"1857\">Export- und Weiterverarbeitung m\u00f6glich<\/strong><\/p>\n<ul data-start=\"1862\" data-end=\"2019\">\n<li data-start=\"1862\" data-end=\"1951\">Generierte xRechnung-Dateien werden im CRM gespeichert und k\u00f6nnen weitergeleitet, verarbeitet, versendet werden<\/li>\n<\/ul>\n<\/li>\n<\/ul>\n<p>[\/vc_column_text][vc_separator css=&#8220;&#8220;][vc_column_text css=&#8220;&#8220;]\ud83d\udccc <strong data-start=\"1961\" data-end=\"2023\">Mehr Details, Anleitungen und Screenshots finden Sie hier:<\/strong><\/p>\n<p><a href=\"https:\/\/dokumentation.redoo.support\/manuals\/redooe-rechnung\/redooe-rechnung-section\/\" target=\"_new\" rel=\"noopener nofollow\" data-start=\"2026\" data-end=\"2138\">Dokumentation e-Rechnung<\/a>[\/vc_column_text][vc_separator css=&#8220;&#8220;][vc_column_text css=&#8220;&#8220;]<\/p>\n<h3 data-start=\"2212\" data-end=\"2252\"><strong data-start=\"2216\" data-end=\"2250\">Warum E-Rechnungen f\u00fcr Vtiger?<\/strong><\/h3>\n<ul data-start=\"2254\" data-end=\"2627\">\n<li data-start=\"2254\" data-end=\"2378\"><strong data-start=\"2256\" data-end=\"2303\">Volle Unterst\u00fctzung des xRechnung-Standards<\/strong> \u2013 Erf\u00fcllt alle Anforderungen f\u00fcr elektronische Rechnungen in Deutschland<\/li>\n<li data-start=\"2379\" data-end=\"2465\"><strong data-start=\"2381\" data-end=\"2407\">Kein manueller Aufwand<\/strong> \u2013 Rechnungen werden direkt im richtigen Format erstellt<\/li>\n<li data-start=\"2466\" data-end=\"2544\"><strong data-start=\"2468\" data-end=\"2542\">Auch geeignet f\u00fcr die \u00dcbermittlung an \u00f6ffentlichen Auftraggeber, Beh\u00f6rden\u00a0<\/strong><\/li>\n<li data-start=\"2545\" data-end=\"2627\"><strong data-start=\"2547\" data-end=\"2625\">Sichere, standardisierte XML-Datenstruktur f\u00fcr nahtlose Weiterverarbeitung<\/strong><\/li>\n<\/ul>\n<p>[\/vc_column_text][vc_separator css=&#8220;&#8220;][vc_column_text css=&#8220;&#8220;]<\/p>\n<h3 data-start=\"2432\" data-end=\"2466\"><strong data-start=\"2436\" data-end=\"2464\">Technische Anforderungen<\/strong><\/h3>\n<ul data-start=\"2468\" data-end=\"2724\">\n<li data-start=\"2559\" data-end=\"2724\">siehe oben, <strong data-start=\"2561\" data-end=\"2585\">zus\u00e4tzliche Serveranforderungen:<\/strong> Details in der <a href=\"https:\/\/dokumentation.redoo.support\/manuals\/redooe-rechnung\/redooe-rechnung-section\/serveranforderungen\/\" target=\"_blank\" rel=\"noopener nofollow\" data-start=\"2601\" data-end=\"2722\">Dokumentation<\/a><\/li>\n<\/ul>\n<p>[\/vc_column_text][vc_separator css=&#8220;&#8220;][vc_column_text css=&#8220;&#8220;]<\/p>\n<h3 data-start=\"1401\" data-end=\"1440\"><strong data-start=\"1405\" data-end=\"1438\">Lieferumfang und Lizenzierung<\/strong><\/h3>\n<p data-start=\"1442\" data-end=\"1471\">Nach dem Kauf erhalten Sie:<\/p>\n<ul data-start=\"1473\" data-end=\"1734\">\n<li data-start=\"1473\" data-end=\"1531\"><strong data-start=\"1475\" data-end=\"1503\">Das Modul als .zip-Datei<\/strong> zur direkten Installation<\/li>\n<li data-start=\"1532\" data-end=\"1627\"><strong data-start=\"1534\" data-end=\"1572\">Eine Lizenz inkl. 12 Monaten Updates<\/strong> (Updates erfolgen auf Anfrage, kostenpflichtige Verl\u00e4ngerung der Lizenz m\u00f6glich)<\/li>\n<li data-start=\"1628\" data-end=\"1734\"><strong data-start=\"1630\" data-end=\"1660\">Optional buchbarer Support<\/strong> f\u00fcr Einrichtung, individuelle Anpassungen oder vollst\u00e4ndige Integration<\/li>\n<\/ul>\n<p>[\/vc_column_text][\/vc_column][vc_column width=&#8220;1\/3&#8243;][\/vc_column][\/vc_row]<\/p>\n<\/div>","protected":false},"excerpt":{"rendered":"<p><strong>Preisstaffelung nach Anzahl der generierten e-Rechnungen<\/strong> (XML-Dateien) pro Jahr:<\/p>\n<ul>\n<li>&lt; 50 XML-Dateien \/ Jahr: 149,00 \u20ac<\/li>\n<li>&lt; 100 XML-Dateien \/ Jahr: 279,00 \u20ac<\/li>\n<li>Unbegrenzt: 499,00 \u20ac<\/li>\n<\/ul>\n<p>Preise zzgl. gesetzlicher MwSt..<\/p>\n<p>Bitte beachten Sie zus\u00e4tzliche <strong data-start=\"2561\" data-end=\"2585\">Serveranforderungen: <\/strong>Details in der <a href=\"https:\/\/dokumentation.redoo.support\/manuals\/redooe-rechnung\/redooe-rechnung-section\/serveranforderungen\/\" target=\"_blank\" rel=\"noopener\" data-start=\"2601\" data-end=\"2722\">Dokumentation<\/a><\/p>\n","protected":false},"featured_media":7410,"comment_status":"closed","ping_status":"closed","template":"","meta":[],"product_brand":[],"product_cat":[34],"product_tag":[],"class_list":{"0":"post-7418","1":"product","2":"type-product","3":"status-publish","4":"has-post-thumbnail","6":"product_cat-vtigercrm-de","7":"description-off","9":"first","10":"outofstock","11":"taxable","12":"shipping-taxable","13":"purchasable","14":"product-type-variable"},"_links":{"self":[{"href":"https:\/\/redoo-networks.com\/de\/wp-json\/wp\/v2\/product\/7418","targetHints":{"allow":["GET"]}}],"collection":[{"href":"https:\/\/redoo-networks.com\/de\/wp-json\/wp\/v2\/product"}],"about":[{"href":"https:\/\/redoo-networks.com\/de\/wp-json\/wp\/v2\/types\/product"}],"replies":[{"embeddable":true,"href":"https:\/\/redoo-networks.com\/de\/wp-json\/wp\/v2\/comments?post=7418"}],"wp:featuredmedia":[{"embeddable":true,"href":"https:\/\/redoo-networks.com\/de\/wp-json\/wp\/v2\/media\/7410"}],"wp:attachment":[{"href":"https:\/\/redoo-networks.com\/de\/wp-json\/wp\/v2\/media?parent=7418"}],"wp:term":[{"taxonomy":"product_brand","embeddable":true,"href":"https:\/\/redoo-networks.com\/de\/wp-json\/wp\/v2\/product_brand?post=7418"},{"taxonomy":"product_cat","embeddable":true,"href":"https:\/\/redoo-networks.com\/de\/wp-json\/wp\/v2\/product_cat?post=7418"},{"taxonomy":"product_tag","embeddable":true,"href":"https:\/\/redoo-networks.com\/de\/wp-json\/wp\/v2\/product_tag?post=7418"}],"curies":[{"name":"wp","href":"https:\/\/api.w.org\/{rel}","templated":true}]}}