{"id":8318,"date":"2025-11-11T08:51:05","date_gmt":"2025-11-11T07:51:05","guid":{"rendered":"https:\/\/redoo-networks.com\/?page_id=8318"},"modified":"2025-11-20T15:18:03","modified_gmt":"2025-11-20T14:18:03","slug":"8318-2","status":"publish","type":"page","link":"https:\/\/redoo-networks.com\/fr\/","title":{"rendered":"REDOO-NETWORKS GmbH"},"content":{"rendered":"<div class=\"wpb-content-wrapper\"><p>[vc_row full_width=\u00a0\u00bbstretch_row\u00a0\u00bb content_placement=\u00a0\u00bbmiddle\u00a0\u00bb el_class=\u00a0\u00bbmybgrow\u00a0\u00bb][vc_column width=\u00a0\u00bb1\/2&Prime;][vc_column_text css_animation=\u00a0\u00bbnone\u00a0\u00bb css=\u00a0\u00bb\u00a0\u00bb]<\/p>\n<h1 class=\"p1\">Des solutions num\u00e9riques pour faire progresser votre entreprise.<\/h1>\n<p class=\"p1\"><strong>Efficace \u2013 Innovant \u2013 Sur mesure<\/strong><\/p>\n<p>[\/vc_column_text][\/vc_column][vc_column width=\u00a0\u00bb1\/2&Prime;][vc_single_image image=\u00a0\u00bb7323&Prime; img_size=\u00a0\u00bbfull\u00a0\u00bb alignment=\u00a0\u00bbcenter\u00a0\u00bb css=\u00a0\u00bb\u00a0\u00bb image_hovers=\u00a0\u00bbfalse\u00a0\u00bb][\/vc_column][\/vc_row][vc_row css_animation=\u00a0\u00bbslideInUp\u00a0\u00bb bg_type=\u00a0\u00bbimage\u00a0\u00bb parallax_style=\u00a0\u00bbvcpb-default\u00a0\u00bb bg_image_new=\u00a0\u00bbid^7902|url^https:\/\/redoo-networks.com\/wp-content\/uploads\/2025\/03\/Digitalisierung_686813214.jpg|caption^null|alt^null|title^Digitalisierung_686813214|description^null\u00a0\u00bb bg_image_repeat=\u00a0\u00bbno-repeat\u00a0\u00bb bg_image_size=\u00a0\u00bbcontain\u00a0\u00bb bg_image_posiiton=\u00a0\u00bbright top\u00a0\u00bb css=\u00a0\u00bb.vc_custom_1742377112145{background-color: #ffffff !important;}\u00a0\u00bb el_class=\u00a0\u00bbmyphotobgrow\u00a0\u00bb][vc_column width=\u00a0\u00bb2\/3&Prime;][vc_column_text css_animation=\u00a0\u00bbnone\u00a0\u00bb css=\u00a0\u00bb\u00a0\u00bb el_class=\u00a0\u00bbmyheadline whiteBG\u00a0\u00bb]<\/p>\n<p class=\"p1\"><strong>REDOO-NETWORKS<\/strong> GmbH est votre partenaire de confiance pour des <strong>solutions num\u00e9riques sur mesure<\/strong> qui <strong>am\u00e9liorent l\u2019efficacit\u00e9 et optimisent les processus commerciaux<\/strong>.<\/p>\n<p class=\"p1\">Nous d\u00e9veloppons des solutions pratiques et concr\u00e8tes pour les entreprises de taille moyenne, vous permettant de vous concentrer sur l\u2019essentiel \u2013 votre activit\u00e9 principale.<\/p>\n<p class=\"p1\">Des <strong>syst\u00e8mes CRM et ERP<\/strong> au <strong>d\u00e9veloppement de logiciels<\/strong>, \u00e0 la <strong>sous-traitance informatique<\/strong>, au <strong>e-commerce<\/strong> et au <strong>marketing en ligne<\/strong> \u2013 nous offrons une transformation num\u00e9rique compl\u00e8te \u00e0 partir d\u2019une seule source.<\/p>\n<p>[\/vc_column_text][\/vc_column][vc_column width=\u00a0\u00bb1\/3&Prime;][\/vc_column][\/vc_row][vc_row][vc_column][vc_column_text css_animation=\u00a0\u00bbslideInUp\u00a0\u00bb css=\u00a0\u00bb\u00a0\u00bb el_class=\u00a0\u00bbmyheadline\u00a0\u00bb]<\/p>\n<h2 class=\"p1\"><b>Comp\u00e9tences cl\u00e9s<\/b><\/h2>\n<p>[\/vc_column_text][\/vc_column][\/vc_row][vc_row css_animation=\u00a0\u00bbslideInUp\u00a0\u00bb][vc_column width=\u00a0\u00bb1\/4&Prime;][vc_single_image image=\u00a0\u00bb7501&Prime; css=\u00a0\u00bb\u00a0\u00bb el_class=\u00a0\u00bbmyicon\u00a0\u00bb][\/vc_column][vc_column width=\u00a0\u00bb3\/4&Prime;][vc_column_text css=\u00a0\u00bb\u00a0\u00bb el_class=\u00a0\u00bbmyheadline\u00a0\u00bb]<\/p>\n<h3 class=\"p1\">CRM et ERP \u2013 Simplifier les processus d\u2019entreprise<\/h3>\n<ul>\n<li><strong><a href=\"\/fr\/flexx-suite\/\">flexx.suite &gt;\u00a0<\/a><\/strong><br \/>\nUn syst\u00e8me CRM\/ERP performant pour une gestion efficace<\/li>\n<li><strong><strong><a href=\"\/fr\/vtiger\/\">Vtiger CRM &gt;<\/a><br \/>\n<\/strong><\/strong>Personnalis\u00e9 pour r\u00e9pondre aux besoins sp\u00e9cifiques de votre entreprise<strong><strong><br \/>\n<\/strong><\/strong><\/li>\n<li><strong><a href=\"\/fr\/kita-works\/\">kita.works &gt;<\/a><\/strong><br \/>\nLogiciel de gestion gain de temps pour les \u00e9tablissements de garde d\u2019enfants<\/li>\n<\/ul>\n<p>[\/vc_column_text][vc_separator color=\u00a0\u00bbcustom\u00a0\u00bb border_width=\u00a0\u00bb3&Prime; css=\u00a0\u00bb\u00a0\u00bb accent_color=\u00a0\u00bb#CC2222&Prime;][\/vc_column][\/vc_row][vc_row css_animation=\u00a0\u00bbslideInUp\u00a0\u00bb][vc_column width=\u00a0\u00bb1\/4&Prime;][vc_single_image image=\u00a0\u00bb7499&Prime; css=\u00a0\u00bb\u00a0\u00bb el_class=\u00a0\u00bbmyicon\u00a0\u00bb][\/vc_column][vc_column width=\u00a0\u00bb3\/4&Prime;][vc_column_text css=\u00a0\u00bb\u00a0\u00bb el_class=\u00a0\u00bbmyheadline\u00a0\u00bb]<\/p>\n<h3 class=\"p1\">D\u00e9veloppement de logiciels et d\u2019applications \u2013 Solutions sur mesure<\/h3>\n<ul>\n<li><strong><a href=\"\/fr\/custom-software-solutions\/\">D\u00e9veloppement de logiciels sur mesure &gt;<\/a><\/strong><br \/>\nCon\u00e7u pour r\u00e9pondre exactement aux exigences de votre entreprise<\/li>\n<li><strong><a href=\"\/fr\/app-development\/\">D\u00e9veloppement d\u2019applications &gt;<\/a><\/strong><br \/>\nApplications mobiles pour une flexibilit\u00e9 accrue<\/li>\n<li><strong><a href=\"\/fr\/api-systemintegration\/\">API et int\u00e9gration de syst\u00e8mes &gt;<\/a><\/strong><br \/>\nConnexion fluide de vos syst\u00e8mes informatiques<\/li>\n<\/ul>\n<p>[\/vc_column_text][vc_separator color=\u00a0\u00bbcustom\u00a0\u00bb border_width=\u00a0\u00bb3&Prime; css=\u00a0\u00bb\u00a0\u00bb accent_color=\u00a0\u00bb#CC2222&Prime;][\/vc_column][\/vc_row][vc_row css_animation=\u00a0\u00bbslideInUp\u00a0\u00bb][vc_column width=\u00a0\u00bb1\/4&Prime;][vc_single_image image=\u00a0\u00bb7503&Prime; css=\u00a0\u00bb\u00a0\u00bb el_id=\u00a0\u00bbmyicon\u00a0\u00bb][\/vc_column][vc_column width=\u00a0\u00bb3\/4&Prime;][vc_column_text css=\u00a0\u00bb\u00a0\u00bb el_class=\u00a0\u00bbmyheadline\u00a0\u00bb]<\/p>\n<h3>E-commerce et marketing \u2013 Plus de visibilit\u00e9 et de revenus<\/h3>\n<ul>\n<li><strong><a href=\"\/fr\/web-development-online-shops\/\">D\u00e9veloppement web et boutiques en ligne &gt;<\/a><\/strong><br \/>\nConvivial et ax\u00e9 sur la conversion<\/li>\n<li><strong><a href=\"\/fr\/google-ads-sem\/\">Google Ads et SEM &gt;<\/a><\/strong><br \/>\nPlus de trafic, de meilleures conversions<\/li>\n<li><strong><a href=\"\/fr\/corporate-design\/\">Design d\u2019entreprise &gt;<\/a><\/strong><br \/>\nUne identit\u00e9 de marque forte pour un impact durable<\/li>\n<\/ul>\n<p>[\/vc_column_text][\/vc_column][\/vc_row][vc_row full_width=\u00a0\u00bbstretch_row\u00a0\u00bb content_placement=\u00a0\u00bbmiddle\u00a0\u00bb el_class=\u00a0\u00bbmybgrow\u00a0\u00bb][vc_column width=\u00a0\u00bb1\/4&Prime;][vc_single_image image=\u00a0\u00bb7279&Prime; img_size=\u00a0\u00bbmedium\u00a0\u00bb css_animation=\u00a0\u00bbslideInUp\u00a0\u00bb css=\u00a0\u00bb\u00a0\u00bb el_class=\u00a0\u00bbmyicon\u00a0\u00bb][\/vc_column][vc_column width=\u00a0\u00bb3\/4&Prime;][vc_column_text css_animation=\u00a0\u00bbslideInUp\u00a0\u00bb css=\u00a0\u00bb\u00a0\u00bb el_class=\u00a0\u00bbmyheadline\u00a0\u00bb]<\/p>\n<h2>Pourquoi choisir REDOO-NETWORKS ?<\/h2>\n<ul>\n<li><strong>Num\u00e9risation strat\u00e9gique<\/strong> \u2013 Des solutions adapt\u00e9es \u00e0 vos objectifs commerciaux<\/li>\n<li><strong>Conseil personnalis\u00e9<\/strong> \u2013 Pas de produits standard, uniquement des syst\u00e8mes sur mesure<\/li>\n<li><strong>Optimisation des processus \u00e0 long terme<\/strong> \u2013 Am\u00e9liorez l\u2019efficacit\u00e9, r\u00e9duisez les co\u00fbts<\/li>\n<\/ul>\n<p>[\/vc_column_text][vc_separator css=\u00a0\u00bb\u00a0\u00bb][vc_column_text css_animation=\u00a0\u00bbslideInUp\u00a0\u00bb css=\u00a0\u00bb\u00a0\u00bb el_class=\u00a0\u00bbmyheadline\u00a0\u00bb]<span style=\"font-weight: 400;\">\ud83c\udfaf <strong>Plus de 15 ans d\u2019exp\u00e9rience<\/strong><\/span>[\/vc_column_text][vc_separator css=\u00a0\u00bb\u00a0\u00bb][vc_column_text css_animation=\u00a0\u00bbslideInUp\u00a0\u00bb css=\u00a0\u00bb\u00a0\u00bb el_class=\u00a0\u00bbmyheadline\u00a0\u00bb]<span style=\"font-weight: 400;\">\ud83c\udfaf <strong>Plus de 500 projets r\u00e9ussis<\/strong><\/span>[\/vc_column_text][vc_separator css=\u00a0\u00bb\u00a0\u00bb][vc_column_text css_animation=\u00a0\u00bbslideInUp\u00a0\u00bb css=\u00a0\u00bb\u00a0\u00bb el_class=\u00a0\u00bbmyheadline\u00a0\u00bb]<span style=\"font-weight: 400;\">\ud83c\udfaf <strong>Un partenaire solide pour les petites et moyennes entreprises<\/strong><br \/>\n<\/span>[\/vc_column_text][vc_separator css=\u00a0\u00bb\u00a0\u00bb][vc_column_text css_animation=\u00a0\u00bbslideInUp\u00a0\u00bb css=\u00a0\u00bb\u00a0\u00bb el_class=\u00a0\u00bbmyheadline\u00a0\u00bb]<span style=\"font-weight: 400;\">\ud83c\udfaf <strong>De l\u2019Allemagne \u00e0 la r\u00e9gion D-A-CH et au-del\u00e0<\/strong><\/span>[\/vc_column_text][\/vc_column][\/vc_row][vc_row][vc_column][vc_empty_space height=\u00a0\u00bb100px\u00a0\u00bb][\/vc_column][\/vc_row][vc_row content_placement=\u00a0\u00bbmiddle\u00a0\u00bb][vc_column width=\u00a0\u00bb1\/2&Prime;][vc_column_text css=\u00a0\u00bb\u00a0\u00bb el_class=\u00a0\u00bbmyheadline\u00a0\u00bb]<\/p>\n<h3>Parlons de votre projet !<\/h3>\n<p><strong>Obtenez une premi\u00e8re consultation gratuite<\/strong> \u2013 Nous analyserons votre potentiel de num\u00e9risation sans engagement.[\/vc_column_text][\/vc_column][vc_column width=\u00a0\u00bb1\/2&Prime;][vc_column_text css=\u00a0\u00bb\u00a0\u00bb]<a class=\"button\" style=\"font-size: 20px;\" href=\"\/fr\/contact\/\">Contactez-nous &gt;<\/a>[\/vc_column_text][\/vc_column][\/vc_row]<\/p>\n<\/div>","protected":false},"excerpt":{"rendered":"<p>[vc_row full_width=\u00a0\u00bbstretch_row\u00a0\u00bb content_placement=\u00a0\u00bbmiddle\u00a0\u00bb el_class=\u00a0\u00bbmybgrow\u00a0\u00bb][vc_column width=\u00a0\u00bb1\/2&Prime;][vc_column_text css_animation=\u00a0\u00bbnone\u00a0\u00bb css=\u00a0\u00bb\u00a0\u00bb] Des solutions num\u00e9riques pour faire progresser votre entreprise. Efficace \u2013 Innovant \u2013 Sur mesure [\/vc_column_text][\/vc_column][vc_column width=\u00a0\u00bb1\/2&Prime;][vc_single_image image=\u00a0\u00bb7323&Prime; img_size=\u00a0\u00bbfull\u00a0\u00bb alignment=\u00a0\u00bbcenter\u00a0\u00bb css=\u00a0\u00bb\u00a0\u00bb image_hovers=\u00a0\u00bbfalse\u00a0\u00bb][\/vc_column][\/vc_row][vc_row css_animation=\u00a0\u00bbslideInUp\u00a0\u00bb bg_type=\u00a0\u00bbimage\u00a0\u00bb parallax_style=\u00a0\u00bbvcpb-default\u00a0\u00bb bg_image_new=\u00a0\u00bbid^7902|url^https:\/\/redoo-networks.com\/wp-content\/uploads\/2025\/03\/Digitalisierung_686813214.jpg|caption^null|alt^null|title^Digitalisierung_686813214|description^null\u00a0\u00bb bg_image_repeat=\u00a0\u00bbno-repeat\u00a0\u00bb bg_image_size=\u00a0\u00bbcontain\u00a0\u00bb bg_image_posiiton=\u00a0\u00bbright top\u00a0\u00bb css=\u00a0\u00bb.vc_custom_1742377112145{background-color: #ffffff !important;}\u00a0\u00bb el_class=\u00a0\u00bbmyphotobgrow\u00a0\u00bb][vc_column width=\u00a0\u00bb2\/3&Prime;][vc_column_text css_animation=\u00a0\u00bbnone\u00a0\u00bb css=\u00a0\u00bb\u00a0\u00bb el_class=\u00a0\u00bbmyheadline whiteBG\u00a0\u00bb] REDOO-NETWORKS GmbH est votre partenaire de confiance pour des solutions&hellip;<\/p>\n","protected":false},"author":3,"featured_media":0,"parent":0,"menu_order":0,"comment_status":"closed","ping_status":"closed","template":"","meta":{"footnotes":""},"class_list":["post-8318","page","type-page","status-publish","hentry","description-off"],"_links":{"self":[{"href":"https:\/\/redoo-networks.com\/fr\/wp-json\/wp\/v2\/pages\/8318","targetHints":{"allow":["GET"]}}],"collection":[{"href":"https:\/\/redoo-networks.com\/fr\/wp-json\/wp\/v2\/pages"}],"about":[{"href":"https:\/\/redoo-networks.com\/fr\/wp-json\/wp\/v2\/types\/page"}],"author":[{"embeddable":true,"href":"https:\/\/redoo-networks.com\/fr\/wp-json\/wp\/v2\/users\/3"}],"replies":[{"embeddable":true,"href":"https:\/\/redoo-networks.com\/fr\/wp-json\/wp\/v2\/comments?post=8318"}],"version-history":[{"count":17,"href":"https:\/\/redoo-networks.com\/fr\/wp-json\/wp\/v2\/pages\/8318\/revisions"}],"predecessor-version":[{"id":8463,"href":"https:\/\/redoo-networks.com\/fr\/wp-json\/wp\/v2\/pages\/8318\/revisions\/8463"}],"wp:attachment":[{"href":"https:\/\/redoo-networks.com\/fr\/wp-json\/wp\/v2\/media?parent=8318"}],"curies":[{"name":"wp","href":"https:\/\/api.w.org\/{rel}","templated":true}]}}