{"id":8335,"date":"2025-11-20T15:17:57","date_gmt":"2025-11-20T14:17:57","guid":{"rendered":"https:\/\/redoo-networks.com\/?page_id=8335"},"modified":"2025-11-20T15:18:02","modified_gmt":"2025-11-20T14:18:02","slug":"flexx-suite","status":"publish","type":"page","link":"https:\/\/redoo-networks.com\/fr\/flexx-suite\/","title":{"rendered":"flexx.suite"},"content":{"rendered":"<div class=\"wpb-content-wrapper\"><p>[vc_row full_width=\u00a0\u00bbstretch_row\u00a0\u00bb content_placement=\u00a0\u00bbmiddle\u00a0\u00bb el_class=\u00a0\u00bbmybgrow\u00a0\u00bb][vc_column width=\u00a0\u00bb1\/2&Prime;][vc_column_text css_animation=\u00a0\u00bbnone\u00a0\u00bb css=\u00a0\u00bb\u00a0\u00bb]<\/p>\n<h1>flexx.suite \u2013 votre CRM\/ERP performant pour une gestion efficace des affaires<\/h1>\n<p>[\/vc_column_text][\/vc_column][vc_column width=\u00a0\u00bb1\/2&Prime;][vc_single_image image=\u00a0\u00bb8336&Prime; img_size=\u00a0\u00bbfull\u00a0\u00bb alignment=\u00a0\u00bbcenter\u00a0\u00bb css=\u00a0\u00bb\u00a0\u00bb image_hovers=\u00a0\u00bbfalse\u00a0\u00bb][\/vc_column][\/vc_row][vc_row css_animation=\u00a0\u00bbslideInUp\u00a0\u00bb bg_type=\u00a0\u00bbimage\u00a0\u00bb parallax_style=\u00a0\u00bbvcpb-default\u00a0\u00bb bg_image_new=\u00a0\u00bbid^7917|url^https:\/\/redoo-networks.com\/wp-content\/uploads\/2025\/03\/CRM-ERP-Loesung_853484094.jpg|caption^null|alt^null|title^CRM-ERP-Loesung_853484094|description^null\u00a0\u00bb bg_image_repeat=\u00a0\u00bbno-repeat\u00a0\u00bb bg_image_size=\u00a0\u00bbcontain\u00a0\u00bb bg_image_posiiton=\u00a0\u00bbright top\u00a0\u00bb css=\u00a0\u00bb.vc_custom_1742377593672{background-color: #ffffff !important;}\u00a0\u00bb el_class=\u00a0\u00bbmyphotobgrow\u00a0\u00bb][vc_column width=\u00a0\u00bb2\/3&Prime;][vc_column_text css_animation=\u00a0\u00bbnone\u00a0\u00bb css=\u00a0\u00bb\u00a0\u00bb el_class=\u00a0\u00bbmyheadline whiteBG\u00a0\u00bb]<strong>Clients, projets et finances \u2013 tout dans un seul syst\u00e8me !<\/strong><\/p>\n<p>Avec plus de <strong>15 ans d\u2019exp\u00e9rience dans le d\u00e9veloppement de syst\u00e8mes CRM<\/strong>, REDOO-NETWORKS a d\u00e9velopp\u00e9 avec flexx.suite une solution CRM et ERP puissante, adaptable et intuitive \u2013 <strong>con\u00e7ue sur mesure pour les entreprises de taille moyenne en Allemagne<\/strong>, <strong>en Autriche et en Suisse<\/strong>.[\/vc_column_text][\/vc_column][vc_column width=\u00a0\u00bb1\/3&Prime;][\/vc_column][\/vc_row][vc_row full_width=\u00a0\u00bbstretch_row\u00a0\u00bb content_placement=\u00a0\u00bbmiddle\u00a0\u00bb el_class=\u00a0\u00bbmybgrow\u00a0\u00bb][vc_column width=\u00a0\u00bb1\/4&Prime;][vc_single_image image=\u00a0\u00bb7279&Prime; img_size=\u00a0\u00bbmedium\u00a0\u00bb css_animation=\u00a0\u00bbslideInUp\u00a0\u00bb css=\u00a0\u00bb\u00a0\u00bb el_class=\u00a0\u00bbmyicon\u00a0\u00bb][\/vc_column][vc_column width=\u00a0\u00bb3\/4&Prime;][vc_column_text css_animation=\u00a0\u00bbslideInUp\u00a0\u00bb css=\u00a0\u00bb\u00a0\u00bb el_class=\u00a0\u00bbmyheadline\u00a0\u00bb]<\/p>\n<h2>Pourquoi flexx.suite ?<\/h2>\n<ul>\n<li><strong>Modulaire et flexible<\/strong> \u2013 S\u2019adapte \u00e0 vos processus commerciaux individuels<\/li>\n<li><strong>Connexion API<\/strong> \u2013 S\u2019int\u00e8gre parfaitement \u00e0 vos syst\u00e8mes existants<\/li>\n<li><strong>\u00c9volutif et p\u00e9renne<\/strong> \u2013 Se d\u00e9veloppe avec votre entreprise<\/li>\n<li><strong>Aucune comp\u00e9tence en programmation requise<\/strong> \u2013 Personnalisation facile des flux de travail et des champs<\/li>\n<\/ul>\n<p>[\/vc_column_text][vc_column_text css_animation=\u00a0\u00bbslideInUp\u00a0\u00bb css=\u00a0\u00bb\u00a0\u00bb]<a class=\"button\" style=\"font-size: 20px;\" href=\"\/fr\/contact\/\">Demander une d\u00e9mo &gt;<\/a>[\/vc_column_text][\/vc_column][\/vc_row][vc_row][vc_column][vc_empty_space][\/vc_column][\/vc_row][vc_row][vc_column width=\u00a0\u00bb3\/4&Prime;][vc_column_text css_animation=\u00a0\u00bbslideInUp\u00a0\u00bb css=\u00a0\u00bb\u00a0\u00bb el_class=\u00a0\u00bbmyheadline\u00a0\u00bb]<\/p>\n<h3>Gestion centralis\u00e9e des donn\u00e9es et fonctions de reporting<\/h3>\n<p><strong>flexx.suite, en tant que plateforme de donn\u00e9es centrale<\/strong>, vous permet d\u2019acc\u00e9der \u00e0 toutes les informations pertinentes en temps r\u00e9el et de g\u00e9rer l\u2019historique complet de vos processus. <strong>Prenez des d\u00e9cisions bas\u00e9es sur les donn\u00e9es plus rapidement et plus efficacement<\/strong>.<\/p>\n<p><strong>Outils de reporting performants:<\/strong><br \/>\n\u2714 G\u00e9n\u00e9ration automatique de rapports avec exportation et envoi PDF\/Excel<br \/>\n\u2714 Tableaux de bord personnalis\u00e9s pour une vue d\u2019ensemble en temps r\u00e9el<br \/>\n\u2714 Analyse de donn\u00e9es d\u00e9taill\u00e9e pour optimiser vos processus[\/vc_column_text][\/vc_column][vc_column width=\u00a0\u00bb1\/4&Prime;][vc_single_image image=\u00a0\u00bb8337&Prime; img_size=\u00a0\u00bbmedium\u00a0\u00bb alignment=\u00a0\u00bbcenter\u00a0\u00bb css_animation=\u00a0\u00bbslideInUp\u00a0\u00bb css=\u00a0\u00bb\u00a0\u00bb image_hovers=\u00a0\u00bbfalse\u00a0\u00bb el_class=\u00a0\u00bbmyicon\u00a0\u00bb][\/vc_column][\/vc_row][vc_row][vc_column][vc_empty_space][\/vc_column][\/vc_row][vc_row full_width=\u00a0\u00bbstretch_row\u00a0\u00bb css_animation=\u00a0\u00bbslideInUp\u00a0\u00bb css=\u00a0\u00bb.vc_custom_1741164333979{background-color: #F0F0F0 !important;}\u00a0\u00bb][vc_column][vc_column_text css_animation=\u00a0\u00bbslideInUp\u00a0\u00bb css=\u00a0\u00bb\u00a0\u00bb el_class=\u00a0\u00bbmyheadline\u00a0\u00bb]<\/p>\n<h2>Fonctionnalit\u00e9s principales de flexx.suite<\/h2>\n<p>[\/vc_column_text][vc_row_inner][vc_column_inner width=\u00a0\u00bb1\/2&Prime;][vc_column_text css=\u00a0\u00bb\u00a0\u00bb]<\/p>\n<ul>\n<li><strong>Ventes structur\u00e9es<\/strong> \u2013 Processus organis\u00e9s pour une prospection efficace et une gestion optimale des clients existants<\/li>\n<li><strong>Gestion de projets<\/strong> \u2013 Planification et suivi des projets en temps r\u00e9el<\/li>\n<li><strong>Gestion des stocks (ERP)<\/strong> \u2013 Administration des achats, ventes et inventaires<\/li>\n<li><strong>Automatisations<\/strong> \u2013 Workflows flexibles pour r\u00e9duire les t\u00e2ches redondantes et int\u00e9grer des syst\u00e8mes externes<\/li>\n<li><strong>Rapports<\/strong> \u2013 Analyses compl\u00e8tes bas\u00e9es sur des donn\u00e9es centralis\u00e9es<\/li>\n<li><strong>Tableaux de bord<\/strong> \u2013 Tableaux de bord en direct pour des insights en temps r\u00e9el et un pilotage optimal<\/li>\n<\/ul>\n<p>[\/vc_column_text][\/vc_column_inner][vc_column_inner width=\u00a0\u00bb1\/2&Prime;][vc_column_text css=\u00a0\u00bb\u00a0\u00bb]<\/p>\n<ul>\n<li><strong>Suivi du temps<\/strong> \u2013 Enregistrement des heures de travail pour la facturation et la tra\u00e7abilit\u00e9<\/li>\n<li><strong>RH et gestion du personnel<\/strong> \u2013 Gestion efficace des employ\u00e9s et des ressources<\/li>\n<li><strong>Factures \u00e9lectroniques<\/strong> \u2013 G\u00e9n\u00e9ration et envoi automatis\u00e9s de factures conformes \u00e0 la l\u00e9gislation<\/li>\n<li><strong>Gestion compl\u00e8te des droits et 2FA<\/strong> \u2013 S\u00e9curit\u00e9 et contr\u00f4le d\u2019acc\u00e8s pour tous les sc\u00e9narios<\/li>\n<li><strong>\u00c9volutif et personnalisable<\/strong> \u2013 S\u2019adapte de mani\u00e8re flexible \u00e0 vos besoins<\/li>\n<\/ul>\n<p>[\/vc_column_text][\/vc_column_inner][\/vc_row_inner][vc_column_text css=\u00a0\u00bb\u00a0\u00bb]<strong>Extensible avec des modules personnalis\u00e9s :<\/strong><br \/>\nApplications, portails, e-commerce, logistique, autres interfaces \u2013 flexx.suite \u00e9volue selon vos besoins.[\/vc_column_text][\/vc_column][\/vc_row][vc_row][vc_column][vc_empty_space][\/vc_column][\/vc_row][vc_row content_placement=\u00a0\u00bbmiddle\u00a0\u00bb][vc_column width=\u00a0\u00bb1\/2&Prime;][vc_column_text css=\u00a0\u00bb\u00a0\u00bb el_class=\u00a0\u00bbmyheadline\u00a0\u00bb]<\/p>\n<h2>Optimisez vos processus commerciaux d\u00e8s maintenant !<\/h2>\n<p><strong>Demandez une consultation sans engagement ou une d\u00e9monstration.<\/strong>[\/vc_column_text][\/vc_column][vc_column width=\u00a0\u00bb1\/2&Prime;][vc_column_text css=\u00a0\u00bb\u00a0\u00bb]<a class=\"button\" style=\"font-size: 20px;\" href=\"\/fr\/contact\/\">Demander une d\u00e9mo &gt;<\/a>[\/vc_column_text][\/vc_column][\/vc_row]<\/p>\n<\/div>","protected":false},"excerpt":{"rendered":"<p>[vc_row full_width=\u00a0\u00bbstretch_row\u00a0\u00bb content_placement=\u00a0\u00bbmiddle\u00a0\u00bb el_class=\u00a0\u00bbmybgrow\u00a0\u00bb][vc_column width=\u00a0\u00bb1\/2&Prime;][vc_column_text css_animation=\u00a0\u00bbnone\u00a0\u00bb css=\u00a0\u00bb\u00a0\u00bb] flexx.suite \u2013 votre CRM\/ERP performant pour une gestion efficace des affaires [\/vc_column_text][\/vc_column][vc_column width=\u00a0\u00bb1\/2&Prime;][vc_single_image image=\u00a0\u00bb8336&Prime; img_size=\u00a0\u00bbfull\u00a0\u00bb alignment=\u00a0\u00bbcenter\u00a0\u00bb css=\u00a0\u00bb\u00a0\u00bb image_hovers=\u00a0\u00bbfalse\u00a0\u00bb][\/vc_column][\/vc_row][vc_row css_animation=\u00a0\u00bbslideInUp\u00a0\u00bb bg_type=\u00a0\u00bbimage\u00a0\u00bb parallax_style=\u00a0\u00bbvcpb-default\u00a0\u00bb bg_image_new=\u00a0\u00bbid^7917|url^https:\/\/redoo-networks.com\/wp-content\/uploads\/2025\/03\/CRM-ERP-Loesung_853484094.jpg|caption^null|alt^null|title^CRM-ERP-Loesung_853484094|description^null\u00a0\u00bb bg_image_repeat=\u00a0\u00bbno-repeat\u00a0\u00bb bg_image_size=\u00a0\u00bbcontain\u00a0\u00bb bg_image_posiiton=\u00a0\u00bbright top\u00a0\u00bb css=\u00a0\u00bb.vc_custom_1742377593672{background-color: #ffffff !important;}\u00a0\u00bb el_class=\u00a0\u00bbmyphotobgrow\u00a0\u00bb][vc_column width=\u00a0\u00bb2\/3&Prime;][vc_column_text css_animation=\u00a0\u00bbnone\u00a0\u00bb css=\u00a0\u00bb\u00a0\u00bb el_class=\u00a0\u00bbmyheadline whiteBG\u00a0\u00bb]Clients, projets et finances \u2013 tout dans un seul syst\u00e8me ! Avec plus de&hellip;<\/p>\n","protected":false},"author":3,"featured_media":0,"parent":0,"menu_order":0,"comment_status":"closed","ping_status":"closed","template":"","meta":{"footnotes":""},"class_list":["post-8335","page","type-page","status-publish","hentry","description-off"],"_links":{"self":[{"href":"https:\/\/redoo-networks.com\/fr\/wp-json\/wp\/v2\/pages\/8335","targetHints":{"allow":["GET"]}}],"collection":[{"href":"https:\/\/redoo-networks.com\/fr\/wp-json\/wp\/v2\/pages"}],"about":[{"href":"https:\/\/redoo-networks.com\/fr\/wp-json\/wp\/v2\/types\/page"}],"author":[{"embeddable":true,"href":"https:\/\/redoo-networks.com\/fr\/wp-json\/wp\/v2\/users\/3"}],"replies":[{"embeddable":true,"href":"https:\/\/redoo-networks.com\/fr\/wp-json\/wp\/v2\/comments?post=8335"}],"version-history":[{"count":10,"href":"https:\/\/redoo-networks.com\/fr\/wp-json\/wp\/v2\/pages\/8335\/revisions"}],"predecessor-version":[{"id":8468,"href":"https:\/\/redoo-networks.com\/fr\/wp-json\/wp\/v2\/pages\/8335\/revisions\/8468"}],"wp:attachment":[{"href":"https:\/\/redoo-networks.com\/fr\/wp-json\/wp\/v2\/media?parent=8335"}],"curies":[{"name":"wp","href":"https:\/\/api.w.org\/{rel}","templated":true}]}}