{"id":8348,"date":"2025-11-20T15:17:57","date_gmt":"2025-11-20T14:17:57","guid":{"rendered":"https:\/\/redoo-networks.com\/?page_id=8348"},"modified":"2025-11-20T15:18:02","modified_gmt":"2025-11-20T14:18:02","slug":"equipe","status":"publish","type":"page","link":"https:\/\/redoo-networks.com\/fr\/equipe\/","title":{"rendered":"\u00c9quipe"},"content":{"rendered":"<div class=\"wpb-content-wrapper\"><p>[vc_row full_width=\u00a0\u00bbstretch_row\u00a0\u00bb content_placement=\u00a0\u00bbmiddle\u00a0\u00bb el_class=\u00a0\u00bbmybgrow\u00a0\u00bb][vc_column width=\u00a0\u00bb1\/4&Prime;][vc_single_image image=\u00a0\u00bb7280&Prime; img_size=\u00a0\u00bbmedium\u00a0\u00bb css_animation=\u00a0\u00bbslideInUp\u00a0\u00bb css=\u00a0\u00bb\u00a0\u00bb el_class=\u00a0\u00bbmyicon\u00a0\u00bb][\/vc_column][vc_column width=\u00a0\u00bb3\/4&Prime;][vc_column_text css_animation=\u00a0\u00bbnone\u00a0\u00bb css=\u00a0\u00bb\u00a0\u00bb]<\/p>\n<h1>Rencontrez notre \u00e9quipe<\/h1>\n<p>Derri\u00e8re REDOO-NETWORKS se trouve une \u00e9quipe dynamique de professionnels exp\u00e9riment\u00e9s, d\u00e9di\u00e9e \u00e0 accompagner des entreprises comme la v\u00f4tre vers un avenir num\u00e9rique.<\/p>\n<p>Nous serons heureux de vous assister en plusieurs langues, notamment en <strong>allemand, anglais, finnois, russe et ukrainien<\/strong>.[\/vc_column_text][\/vc_column][\/vc_row][vc_row][vc_column][vc_empty_space][vc_column_text css=\u00a0\u00bb\u00a0\u00bb el_class=\u00a0\u00bbmyheadline\u00a0\u00bb]<\/p>\n<h2>Vos interlocuteurs principaux<\/h2>\n<p>[\/vc_column_text][\/vc_column][\/vc_row][vc_row content_placement=\u00a0\u00bbmiddle\u00a0\u00bb el_class=\u00a0\u00bbmyteam\u00a0\u00bb][vc_column width=\u00a0\u00bb1\/3&Prime;][vc_column_text css=\u00a0\u00bb\u00a0\u00bb]<strong>SARI SUSANNA<\/strong><br \/>\nPDG[\/vc_column_text][\/vc_column][vc_column width=\u00a0\u00bb1\/3&Prime;][vc_column_text css=\u00a0\u00bb\u00a0\u00bb]<strong>VLADYSLAV<\/strong><br \/>\nConsultant[\/vc_column_text][\/vc_column][vc_column width=\u00a0\u00bb1\/3&Prime;][vc_column_text css=\u00a0\u00bb\u00a0\u00bb]<strong>JULIA<\/strong><br \/>\nDirectrice de production et repr\u00e9sentante autoris\u00e9e[\/vc_column_text][\/vc_column][\/vc_row][vc_row el_class=\u00a0\u00bbmyteam\u00a0\u00bb][vc_column width=\u00a0\u00bb1\/3&Prime;][vc_column_text css=\u00a0\u00bb\u00a0\u00bb]<strong>SASCHA<\/strong><br \/>\nGestion des ressources humaines[\/vc_column_text][\/vc_column][vc_column width=\u00a0\u00bb1\/3&Prime;][vc_column_text css=\u00a0\u00bb\u00a0\u00bb]<strong>ANDREAS<\/strong><br \/>\nSupport client web[\/vc_column_text][\/vc_column][vc_column width=\u00a0\u00bb1\/3&Prime;][vc_column_text css=\u00a0\u00bb\u00a0\u00bb]<strong>VICTORIA<\/strong><br \/>\nCybers\u00e9curit\u00e9 et \u00e9quipe rouge[\/vc_column_text][\/vc_column][\/vc_row][vc_row content_placement=\u00a0\u00bbmiddle\u00a0\u00bb][vc_column][vc_empty_space][vc_column_text css=\u00a0\u00bb\u00a0\u00bb el_class=\u00a0\u00bbmyheadline\u00a0\u00bb]<strong>Souhaitez-vous en savoir plus sur notre \u00e9quipe ou collaborer avec nous ?<\/strong><\/p>\n<p><a class=\"button\" style=\"font-size: 20px;\" href=\"\/fr\/contact\/\">Contactez-nous!<\/a>[\/vc_column_text][\/vc_column][\/vc_row]<\/p>\n<\/div>","protected":false},"excerpt":{"rendered":"<p>[vc_row full_width=\u00a0\u00bbstretch_row\u00a0\u00bb content_placement=\u00a0\u00bbmiddle\u00a0\u00bb el_class=\u00a0\u00bbmybgrow\u00a0\u00bb][vc_column width=\u00a0\u00bb1\/4&Prime;][vc_single_image image=\u00a0\u00bb7280&Prime; img_size=\u00a0\u00bbmedium\u00a0\u00bb css_animation=\u00a0\u00bbslideInUp\u00a0\u00bb css=\u00a0\u00bb\u00a0\u00bb el_class=\u00a0\u00bbmyicon\u00a0\u00bb][\/vc_column][vc_column width=\u00a0\u00bb3\/4&Prime;][vc_column_text css_animation=\u00a0\u00bbnone\u00a0\u00bb css=\u00a0\u00bb\u00a0\u00bb] Rencontrez notre \u00e9quipe Derri\u00e8re REDOO-NETWORKS se trouve une \u00e9quipe dynamique de professionnels exp\u00e9riment\u00e9s, d\u00e9di\u00e9e \u00e0 accompagner des entreprises comme la v\u00f4tre vers un avenir num\u00e9rique. Nous serons heureux de vous assister en plusieurs langues, notamment en allemand, anglais, finnois, russe et ukrainien.[\/vc_column_text][\/vc_column][\/vc_row][vc_row][vc_column][vc_empty_space][vc_column_text&hellip;<\/p>\n","protected":false},"author":3,"featured_media":0,"parent":0,"menu_order":0,"comment_status":"closed","ping_status":"closed","template":"","meta":{"footnotes":""},"class_list":["post-8348","page","type-page","status-publish","hentry","description-off"],"_links":{"self":[{"href":"https:\/\/redoo-networks.com\/fr\/wp-json\/wp\/v2\/pages\/8348","targetHints":{"allow":["GET"]}}],"collection":[{"href":"https:\/\/redoo-networks.com\/fr\/wp-json\/wp\/v2\/pages"}],"about":[{"href":"https:\/\/redoo-networks.com\/fr\/wp-json\/wp\/v2\/types\/page"}],"author":[{"embeddable":true,"href":"https:\/\/redoo-networks.com\/fr\/wp-json\/wp\/v2\/users\/3"}],"replies":[{"embeddable":true,"href":"https:\/\/redoo-networks.com\/fr\/wp-json\/wp\/v2\/comments?post=8348"}],"version-history":[{"count":4,"href":"https:\/\/redoo-networks.com\/fr\/wp-json\/wp\/v2\/pages\/8348\/revisions"}],"predecessor-version":[{"id":8383,"href":"https:\/\/redoo-networks.com\/fr\/wp-json\/wp\/v2\/pages\/8348\/revisions\/8383"}],"wp:attachment":[{"href":"https:\/\/redoo-networks.com\/fr\/wp-json\/wp\/v2\/media?parent=8348"}],"curies":[{"name":"wp","href":"https:\/\/api.w.org\/{rel}","templated":true}]}}