{"id":8354,"date":"2025-11-20T15:17:57","date_gmt":"2025-11-20T14:17:57","guid":{"rendered":"https:\/\/redoo-networks.com\/?page_id=8354"},"modified":"2025-11-20T15:18:02","modified_gmt":"2025-11-20T14:18:02","slug":"developpement-web-boutiques-en-ligne","status":"publish","type":"page","link":"https:\/\/redoo-networks.com\/fr\/developpement-web-boutiques-en-ligne\/","title":{"rendered":"D\u00e9veloppement web &#038; boutiques en ligne"},"content":{"rendered":"<div class=\"wpb-content-wrapper\"><p>[vc_row full_width=\u00a0\u00bbstretch_row\u00a0\u00bb content_placement=\u00a0\u00bbmiddle\u00a0\u00bb el_class=\u00a0\u00bbmybgrow\u00a0\u00bb][vc_column width=\u00a0\u00bb1\/2&Prime;][vc_column_text css_animation=\u00a0\u00bbnone\u00a0\u00bb css=\u00a0\u00bb\u00a0\u00bb]<\/p>\n<h1>D\u00e9veloppement web et boutiques en ligne pour les PME \u2013 Votre succ\u00e8s num\u00e9rique commence ici<\/h1>\n<p>[\/vc_column_text][\/vc_column][vc_column width=\u00a0\u00bb1\/2&Prime;][vc_single_image image=\u00a0\u00bb7323&Prime; img_size=\u00a0\u00bbfull\u00a0\u00bb alignment=\u00a0\u00bbcenter\u00a0\u00bb css=\u00a0\u00bb\u00a0\u00bb image_hovers=\u00a0\u00bbfalse\u00a0\u00bb][\/vc_column][\/vc_row][vc_row css_animation=\u00a0\u00bbslideInUp\u00a0\u00bb bg_type=\u00a0\u00bbimage\u00a0\u00bb parallax_style=\u00a0\u00bbvcpb-default\u00a0\u00bb bg_image_new=\u00a0\u00bbid^7939|url^https:\/\/redoo-networks.com\/wp-content\/uploads\/2025\/03\/Online-Shops_234707797.jpg|caption^null|alt^null|title^Online-Shops_234707797|description^null\u00a0\u00bb bg_image_repeat=\u00a0\u00bbno-repeat\u00a0\u00bb bg_image_size=\u00a0\u00bbcontain\u00a0\u00bb bg_image_posiiton=\u00a0\u00bbright top\u00a0\u00bb css=\u00a0\u00bb.vc_custom_1742379038769{background-color: #ffffff !important;}\u00a0\u00bb el_class=\u00a0\u00bbmyphotobgrow\u00a0\u00bb][vc_column width=\u00a0\u00bb2\/3&Prime;][vc_column_text css_animation=\u00a0\u00bbnone\u00a0\u00bb css=\u00a0\u00bb\u00a0\u00bb el_class=\u00a0\u00bbmyheadline whiteBG\u00a0\u00bb]<strong>Bien plus qu\u2019un site web \u2013 une solution qui vend et engage vos clients !<\/strong><\/p>\n<p>Un site web professionnel ou une boutique en ligne performante est votre canal de vente num\u00e9rique le plus important. Nous cr\u00e9ons des <strong>solutions sur mesure pour les PME<\/strong> qui non seulement offrent un <strong>design attrayant, mais renforcent aussi votre marque, attirent des clients et stimulent votre chiffre d\u2019affaires<\/strong>.[\/vc_column_text][\/vc_column][vc_column width=\u00a0\u00bb1\/3&Prime;][\/vc_column][\/vc_row][vc_row full_width=\u00a0\u00bbstretch_row\u00a0\u00bb css=\u00a0\u00bb.vc_custom_1742222409781{background-color: #F0F0F0 !important;}\u00a0\u00bb][vc_column][vc_column_text css=\u00a0\u00bb\u00a0\u00bb]<\/p>\n<h3>Quand un site web professionnel ou une boutique en ligne sur mesure est-il pertinent ?<\/h3>\n<ul>\n<li><span style=\"font-weight: 400;\">Votre site web est <\/span><b>d\u00e9pass\u00e9 et non optimis\u00e9 pour les appareils mobiles<\/b><\/li>\n<li><span style=\"font-weight: 400;\">Vous souhaitez <\/span><b>vendre en ligne<\/b><span style=\"font-weight: 400;\"> mais avez besoin d\u2019une <\/span><b>solution e-commerce avec des fonctionnalit\u00e9s personnalis\u00e9es<\/b><\/li>\n<li><span style=\"font-weight: 400;\">Les plateformes de boutique standard <\/span><b>ne r\u00e9pondent pas \u00e0 vos besoins<\/b><span style=\"font-weight: 400;\"> (par exemple, syst\u00e8mes clients B2B, configurateurs de produits)<\/span><\/li>\n<li><span style=\"font-weight: 400;\">Votre site <\/span><b>n\u2019est pas bien r\u00e9f\u00e9renc\u00e9 sur Google<\/b><span style=\"font-weight: 400;\"> et g\u00e9n\u00e8re <\/span><b>peu ou pas de demandes<\/b><\/li>\n<\/ul>\n<p>[\/vc_column_text][\/vc_column][\/vc_row][vc_row][vc_column][vc_column_text css_animation=\u00a0\u00bbslideInUp\u00a0\u00bb css=\u00a0\u00bb\u00a0\u00bb el_class=\u00a0\u00bbmyheadline\u00a0\u00bb]<\/p>\n<h2><b>Nos solutions de d\u00e9veloppement web \u2013 personnalis\u00e9es et performantes<\/b><\/h2>\n<p><span style=\"font-weight: 400;\">\ud83d\udccc Au-del\u00e0 des exemples ci-dessous, nous avons d\u00e9velopp\u00e9 de nombreux autres sites web et boutiques pour les PME, y compris des plateformes B2B, des portails clients et des configurateurs de produits. Discutons de votre projet !<\/span>[\/vc_column_text][vc_column_text css=\u00a0\u00bb\u00a0\u00bb]<a class=\"button\" style=\"font-size: 20px;\" href=\"\/fr\/contact\/\">Discutons de votre projet &gt;<\/a>[\/vc_column_text][vc_separator color=\u00a0\u00bbcustom\u00a0\u00bb border_width=\u00a0\u00bb3&Prime; css=\u00a0\u00bb\u00a0\u00bb accent_color=\u00a0\u00bb#CC2222&Prime;][\/vc_column][\/vc_row][vc_row css_animation=\u00a0\u00bbslideInUp\u00a0\u00bb][vc_column width=\u00a0\u00bb1\/4&Prime;][vc_single_image image=\u00a0\u00bb8355&Prime; css=\u00a0\u00bb\u00a0\u00bb el_class=\u00a0\u00bbmyicon\u00a0\u00bb][\/vc_column][vc_column width=\u00a0\u00bb3\/4&Prime;][vc_column_text css=\u00a0\u00bb\u00a0\u00bb el_class=\u00a0\u00bbmyheadline\u00a0\u00bb]<\/p>\n<h3><b>Sites web professionnels sur mesure \u2013<\/b> Votre pr\u00e9sence en ligne de qualit\u00e9<\/h3>\n<ul>\n<li><b>Design personnalis\u00e9<\/b><span style=\"font-weight: 400;\"> \u2013 Pas de mod\u00e8les, une identit\u00e9 unique<\/span><\/li>\n<li><b>Totalement responsive et optimis\u00e9 pour le mobile<\/b><span style=\"font-weight: 400;\"> pour un affichage parfait sur tous les appareils<\/span><\/li>\n<li><b>Optimis\u00e9 pour le r\u00e9f\u00e9rencement (SEO)<\/b><span style=\"font-weight: 400;\"> afin d\u2019obtenir les meilleurs classements sur Google<\/span><\/li>\n<li><b>Temps de chargement rapides et s\u00e9curit\u00e9 de haut niveau<\/b><\/li>\n<\/ul>\n<p>[\/vc_column_text][vc_separator color=\u00a0\u00bbcustom\u00a0\u00bb border_width=\u00a0\u00bb3&Prime; css=\u00a0\u00bb\u00a0\u00bb accent_color=\u00a0\u00bb#CC2222&Prime;][\/vc_column][\/vc_row][vc_row css_animation=\u00a0\u00bbslideInUp\u00a0\u00bb][vc_column width=\u00a0\u00bb1\/4&Prime;][vc_single_image image=\u00a0\u00bb8355&Prime; css=\u00a0\u00bb\u00a0\u00bb el_class=\u00a0\u00bbmyicon\u00a0\u00bb][\/vc_column][vc_column width=\u00a0\u00bb3\/4&Prime;][vc_column_text css=\u00a0\u00bb\u00a0\u00bb el_class=\u00a0\u00bbmyheadline\u00a0\u00bb]<\/p>\n<h3><b>Boutiques en ligne et solutions e-commerce \u2013<\/b> Vendez en ligne avec succ\u00e8s<\/h3>\n<ul>\n<li><b>Int\u00e9gration avec WooCommerce, Shopify, Magento et Shopware<\/b><\/li>\n<li><b>Pages produits optimis\u00e9es<\/b><span style=\"font-weight: 400;\"> pour augmenter les conversions<\/span><\/li>\n<li><b>Fonctionnalit\u00e9s personnalis\u00e9es<\/b><span style=\"font-weight: 400;\"> comme des configurateurs de produits et des boutiques B2B avec <\/span><b>tarification sp\u00e9cifique aux clients<\/b><\/li>\n<li><b>Int\u00e9gration fluide<\/b><span style=\"font-weight: 400;\"> avec les syst\u00e8mes de paiement, la gestion des stocks et les services d\u2019exp\u00e9dition<\/span><\/li>\n<\/ul>\n<p>[\/vc_column_text][vc_separator color=\u00a0\u00bbcustom\u00a0\u00bb border_width=\u00a0\u00bb3&Prime; css=\u00a0\u00bb\u00a0\u00bb accent_color=\u00a0\u00bb#CC2222&Prime;][\/vc_column][\/vc_row][vc_row css_animation=\u00a0\u00bbslideInUp\u00a0\u00bb][vc_column width=\u00a0\u00bb1\/4&Prime;][vc_single_image image=\u00a0\u00bb8356&Prime; css=\u00a0\u00bb\u00a0\u00bb el_class=\u00a0\u00bbmyicon\u00a0\u00bb][\/vc_column][vc_column width=\u00a0\u00bb3\/4&Prime;][vc_column_text css=\u00a0\u00bb\u00a0\u00bb el_class=\u00a0\u00bbmyheadline\u00a0\u00bb]<\/p>\n<h3><b>Optimisation SEO et performance \u2013<\/b> Soyez visible sur Google<\/h3>\n<ul>\n<li><b>SEO on-page et off-page<\/b><span style=\"font-weight: 400;\"> pour un meilleur classement<\/span><\/li>\n<li><b>Optimisation technique<\/b><span style=\"font-weight: 400;\"> pour des vitesses de chargement plus rapides<\/span><\/li>\n<li><b>Donn\u00e9es structur\u00e9es et balisage schema<\/b><span style=\"font-weight: 400;\"> pour un meilleur indexage<\/span><\/li>\n<li><b>Optimisation de la conversion<\/b><span style=\"font-weight: 400;\"> pour augmenter les ventes<\/span><\/li>\n<\/ul>\n<p>[\/vc_column_text][vc_separator color=\u00a0\u00bbcustom\u00a0\u00bb border_width=\u00a0\u00bb3&Prime; css=\u00a0\u00bb\u00a0\u00bb accent_color=\u00a0\u00bb#CC2222&Prime;][\/vc_column][\/vc_row][vc_row css_animation=\u00a0\u00bbslideInUp\u00a0\u00bb][vc_column width=\u00a0\u00bb1\/4&Prime;][vc_single_image image=\u00a0\u00bb8450&Prime; css=\u00a0\u00bb\u00a0\u00bb el_class=\u00a0\u00bbmyicon\u00a0\u00bb][\/vc_column][vc_column width=\u00a0\u00bb3\/4&Prime;][vc_column_text css=\u00a0\u00bb\u00a0\u00bb el_class=\u00a0\u00bbmyheadline\u00a0\u00bb]<\/p>\n<h3><b>Fonctionnalit\u00e9s personnalis\u00e9es et int\u00e9gration syst\u00e8me \u2013<\/b> Votre boutique, votre syst\u00e8me<\/h3>\n<ul>\n<li><b>Int\u00e9gration ERP et CRM<\/b><span style=\"font-weight: 400;\"> pour des processus automatis\u00e9s<\/span><\/li>\n<li><b>Configurateurs de produits<\/b><span style=\"font-weight: 400;\"> pour des exp\u00e9riences de commande personnalis\u00e9es<\/span><\/li>\n<li><b>Automatisation du marketing et int\u00e9gration des newsletters<\/b><\/li>\n<li><b>Boutiques multilingues et solutions internationales<\/b><\/li>\n<\/ul>\n<p>[\/vc_column_text][vc_separator color=\u00a0\u00bbcustom\u00a0\u00bb border_width=\u00a0\u00bb3&Prime; css=\u00a0\u00bb\u00a0\u00bb accent_color=\u00a0\u00bb#CC2222&Prime;][\/vc_column][\/vc_row][vc_row full_width=\u00a0\u00bbstretch_row\u00a0\u00bb content_placement=\u00a0\u00bbmiddle\u00a0\u00bb el_class=\u00a0\u00bbmybgrow\u00a0\u00bb][vc_column width=\u00a0\u00bb1\/4&Prime;][vc_single_image image=\u00a0\u00bb7279&Prime; img_size=\u00a0\u00bbmedium\u00a0\u00bb css_animation=\u00a0\u00bbslideInUp\u00a0\u00bb css=\u00a0\u00bb\u00a0\u00bb el_class=\u00a0\u00bbmyicon\u00a0\u00bb][\/vc_column][vc_column width=\u00a0\u00bb3\/4&Prime;][vc_column_text css_animation=\u00a0\u00bbslideInUp\u00a0\u00bb css=\u00a0\u00bb\u00a0\u00bb el_class=\u00a0\u00bbmyheadline\u00a0\u00bb]<\/p>\n<h2><b>Pourquoi choisir REDOO-NETWORKS pour le d\u00e9veloppement web et les boutiques en ligne ?<\/b><\/h2>\n<ul>\n<li><b>Solutions 100 % personnalis\u00e9es<\/b><span style=\"font-weight: 400;\"> \u2013 Aucun mod\u00e8le standard, uniquement du d\u00e9veloppement sur mesure<\/span><\/li>\n<li><b>Optimis\u00e9es pour le SEO et la conversion<\/b><span style=\"font-weight: 400;\"> \u2013 Port\u00e9e maximale et croissance du chiffre d\u2019affaires<\/span><\/li>\n<li><b>Gestion simplifi\u00e9e<\/b><span style=\"font-weight: 400;\"> \u2013 Solutions CMS intuitives pour des mises \u00e0 jour en libre-service<\/span><\/li>\n<li><b>Support et maintenance \u00e0 long terme<\/b><span style=\"font-weight: 400;\"> \u2013 Nous restons \u00e0 vos c\u00f4t\u00e9s bien apr\u00e8s le lancement<\/span><\/li>\n<\/ul>\n<p>[\/vc_column_text][\/vc_column][\/vc_row][vc_row][vc_column][vc_empty_space][\/vc_column][\/vc_row][vc_row content_placement=\u00a0\u00bbmiddle\u00a0\u00bb][vc_column width=\u00a0\u00bb1\/2&Prime;][vc_column_text css=\u00a0\u00bb\u00a0\u00bb el_class=\u00a0\u00bbmyheadline\u00a0\u00bb]<\/p>\n<h3>Optimisons votre pr\u00e9sence num\u00e9rique ensemble \u2013 r\u00e9servez une consultation gratuite d\u00e8s maintenant !<\/h3>\n<p>[\/vc_column_text][\/vc_column][vc_column width=\u00a0\u00bb1\/2&Prime;][vc_column_text css=\u00a0\u00bb\u00a0\u00bb]<a class=\"button\" style=\"font-size: 20px;\" href=\"\/fr\/contact\/\">R\u00e9server une consultation gratuite &gt;<\/a>[\/vc_column_text][\/vc_column][\/vc_row]<\/p>\n<\/div>","protected":false},"excerpt":{"rendered":"<p>[vc_row full_width=\u00a0\u00bbstretch_row\u00a0\u00bb content_placement=\u00a0\u00bbmiddle\u00a0\u00bb el_class=\u00a0\u00bbmybgrow\u00a0\u00bb][vc_column width=\u00a0\u00bb1\/2&Prime;][vc_column_text css_animation=\u00a0\u00bbnone\u00a0\u00bb css=\u00a0\u00bb\u00a0\u00bb] D\u00e9veloppement web et boutiques en ligne pour les PME \u2013 Votre succ\u00e8s num\u00e9rique commence ici [\/vc_column_text][\/vc_column][vc_column width=\u00a0\u00bb1\/2&Prime;][vc_single_image image=\u00a0\u00bb7323&Prime; img_size=\u00a0\u00bbfull\u00a0\u00bb alignment=\u00a0\u00bbcenter\u00a0\u00bb css=\u00a0\u00bb\u00a0\u00bb image_hovers=\u00a0\u00bbfalse\u00a0\u00bb][\/vc_column][\/vc_row][vc_row css_animation=\u00a0\u00bbslideInUp\u00a0\u00bb bg_type=\u00a0\u00bbimage\u00a0\u00bb parallax_style=\u00a0\u00bbvcpb-default\u00a0\u00bb bg_image_new=\u00a0\u00bbid^7939|url^https:\/\/redoo-networks.com\/wp-content\/uploads\/2025\/03\/Online-Shops_234707797.jpg|caption^null|alt^null|title^Online-Shops_234707797|description^null\u00a0\u00bb bg_image_repeat=\u00a0\u00bbno-repeat\u00a0\u00bb bg_image_size=\u00a0\u00bbcontain\u00a0\u00bb bg_image_posiiton=\u00a0\u00bbright top\u00a0\u00bb css=\u00a0\u00bb.vc_custom_1742379038769{background-color: #ffffff !important;}\u00a0\u00bb el_class=\u00a0\u00bbmyphotobgrow\u00a0\u00bb][vc_column width=\u00a0\u00bb2\/3&Prime;][vc_column_text css_animation=\u00a0\u00bbnone\u00a0\u00bb css=\u00a0\u00bb\u00a0\u00bb el_class=\u00a0\u00bbmyheadline whiteBG\u00a0\u00bb]Bien plus qu\u2019un site web \u2013 une solution qui vend&hellip;<\/p>\n","protected":false},"author":3,"featured_media":0,"parent":0,"menu_order":0,"comment_status":"closed","ping_status":"closed","template":"","meta":{"footnotes":""},"class_list":["post-8354","page","type-page","status-publish","hentry","description-off"],"_links":{"self":[{"href":"https:\/\/redoo-networks.com\/fr\/wp-json\/wp\/v2\/pages\/8354","targetHints":{"allow":["GET"]}}],"collection":[{"href":"https:\/\/redoo-networks.com\/fr\/wp-json\/wp\/v2\/pages"}],"about":[{"href":"https:\/\/redoo-networks.com\/fr\/wp-json\/wp\/v2\/types\/page"}],"author":[{"embeddable":true,"href":"https:\/\/redoo-networks.com\/fr\/wp-json\/wp\/v2\/users\/3"}],"replies":[{"embeddable":true,"href":"https:\/\/redoo-networks.com\/fr\/wp-json\/wp\/v2\/comments?post=8354"}],"version-history":[{"count":8,"href":"https:\/\/redoo-networks.com\/fr\/wp-json\/wp\/v2\/pages\/8354\/revisions"}],"predecessor-version":[{"id":8536,"href":"https:\/\/redoo-networks.com\/fr\/wp-json\/wp\/v2\/pages\/8354\/revisions\/8536"}],"wp:attachment":[{"href":"https:\/\/redoo-networks.com\/fr\/wp-json\/wp\/v2\/media?parent=8354"}],"curies":[{"name":"wp","href":"https:\/\/api.w.org\/{rel}","templated":true}]}}