{"id":8396,"date":"2025-11-20T15:17:58","date_gmt":"2025-11-20T14:17:58","guid":{"rendered":"https:\/\/redoo-networks.com\/?page_id=8396"},"modified":"2025-11-20T15:18:02","modified_gmt":"2025-11-20T14:18:02","slug":"kita-works","status":"publish","type":"page","link":"https:\/\/redoo-networks.com\/fr\/kita-works\/","title":{"rendered":"kita.works"},"content":{"rendered":"<div class=\"wpb-content-wrapper\"><p>[vc_row full_width=\u00a0\u00bbstretch_row\u00a0\u00bb content_placement=\u00a0\u00bbmiddle\u00a0\u00bb el_class=\u00a0\u00bbmybgrow\u00a0\u00bb][vc_column width=\u00a0\u00bb1\/2&Prime;][vc_column_text css_animation=\u00a0\u00bbnone\u00a0\u00bb css=\u00a0\u00bb\u00a0\u00bb]<\/p>\n<h1>kita.works \u2013 Gestion num\u00e9rique sans effort pour les cr\u00e8ches et centres de garde d\u2019enfants<\/h1>\n<p>[\/vc_column_text][\/vc_column][vc_column width=\u00a0\u00bb1\/2&Prime;][vc_single_image image=\u00a0\u00bb8397&Prime; img_size=\u00a0\u00bbmedium\u00a0\u00bb alignment=\u00a0\u00bbcenter\u00a0\u00bb css=\u00a0\u00bb\u00a0\u00bb image_hovers=\u00a0\u00bbfalse\u00a0\u00bb][\/vc_column][\/vc_row][vc_row css_animation=\u00a0\u00bbslideInUp\u00a0\u00bb bg_type=\u00a0\u00bbimage\u00a0\u00bb parallax_style=\u00a0\u00bbvcpb-default\u00a0\u00bb bg_image_new=\u00a0\u00bbid^7931|url^https:\/\/redoo-networks.com\/wp-content\/uploads\/2025\/03\/Kita-Verwaltung_224261030.jpg|caption^null|alt^null|title^Kita-Verwaltung_224261030|description^null\u00a0\u00bb bg_image_repeat=\u00a0\u00bbno-repeat\u00a0\u00bb bg_image_size=\u00a0\u00bbcontain\u00a0\u00bb bg_image_posiiton=\u00a0\u00bbright top\u00a0\u00bb css=\u00a0\u00bb.vc_custom_1742378576917{background-color: #ffffff !important;}\u00a0\u00bb el_class=\u00a0\u00bbmyphotobgrow\u00a0\u00bb][vc_column width=\u00a0\u00bb2\/3&Prime;][vc_column_text css_animation=\u00a0\u00bbnone\u00a0\u00bb css=\u00a0\u00bb\u00a0\u00bb el_class=\u00a0\u00bbmyheadline whiteBG\u00a0\u00bb]<strong>Moins de bureaucratie \u2013 Plus de temps pour les enfants !<\/strong><\/p>\n<p>Avec <strong>kita.works<\/strong>, les cr\u00e8ches et organisations peuvent automatiser et simplifier leur administration. Notre logiciel web est <strong>multi-tenant, adapt\u00e9 aux appareils mobiles et con\u00e7u pour une gestion efficace<\/strong>.[\/vc_column_text][\/vc_column][vc_column width=\u00a0\u00bb1\/3&Prime;][\/vc_column][\/vc_row][vc_row][vc_column][vc_column_text css_animation=\u00a0\u00bbslideInUp\u00a0\u00bb css=\u00a0\u00bb\u00a0\u00bb el_class=\u00a0\u00bbmyheadline\u00a0\u00bb]<\/p>\n<h2>Fonctionnalit\u00e9s cl\u00e9s de kita.works<\/h2>\n<ul>\n<li><strong>Centre d\u2019administration central<\/strong> \u2013 G\u00e9rez tous les processus et donn\u00e9es en un seul endroit<\/li>\n<li><strong>Gestion des enfants<\/strong> \u2013 Stockez toutes les informations essentielles de mani\u00e8re s\u00e9curis\u00e9e et centrale<\/li>\n<li><strong>Gestion du personnel<\/strong> \u2013 Traitement num\u00e9rique des demandes de cong\u00e9, des heures de travail et des plannings<\/li>\n<li><strong>Facturation &amp; contrats<\/strong> \u2013 Facturation automatis\u00e9e, y compris pr\u00e9l\u00e8vement SEPA<\/li>\n<li><strong>Intranet &amp; communication<\/strong> \u2013 Messagerie int\u00e9gr\u00e9e et stockage num\u00e9rique de documents<\/li>\n<li><strong>Gestion des droits utilisateurs<\/strong> \u2013 R\u00f4les et autorisations personnalis\u00e9s pour un acc\u00e8s ma\u00eetris\u00e9<\/li>\n<li><strong>Accessibilit\u00e9 mobile<\/strong> \u2013 Acc\u00e8s flexible pour les directions de cr\u00e8ches, les organisations et le personnel<\/li>\n<\/ul>\n<p>[\/vc_column_text][\/vc_column][\/vc_row][vc_row][vc_column][vc_empty_space][\/vc_column][\/vc_row][vc_row full_width=\u00a0\u00bbstretch_row\u00a0\u00bb content_placement=\u00a0\u00bbmiddle\u00a0\u00bb el_class=\u00a0\u00bbmybgrow\u00a0\u00bb][vc_column width=\u00a0\u00bb1\/4&Prime;][vc_single_image image=\u00a0\u00bb7279&Prime; img_size=\u00a0\u00bbmedium\u00a0\u00bb css_animation=\u00a0\u00bbslideInUp\u00a0\u00bb css=\u00a0\u00bb\u00a0\u00bb el_class=\u00a0\u00bbmyicon\u00a0\u00bb][\/vc_column][vc_column width=\u00a0\u00bb3\/4&Prime;][vc_column_text css_animation=\u00a0\u00bbslideInUp\u00a0\u00bb css=\u00a0\u00bb\u00a0\u00bb el_class=\u00a0\u00bbmyheadline\u00a0\u00bb]<\/p>\n<h2>Pourquoi choisir kita.works ?<\/h2>\n<ul>\n<li><strong>Gagnez du temps<\/strong> en automatisant les t\u00e2ches administratives<\/li>\n<li><strong>Facile \u00e0 utiliser gr\u00e2ce<\/strong> \u00e0 une interface intuitive \u2013 aucune formation approfondie n\u00e9cessaire<\/li>\n<li><strong>S\u00e9curit\u00e9 conforme au RGPD<\/strong> \u2013 Protection des donn\u00e9es et contr\u00f4le d\u2019acc\u00e8s garantis<\/li>\n<li><strong>\u00c9volutif &amp; extensible<\/strong> \u2013 Modules personnalis\u00e9s pour des fonctions suppl\u00e9mentaires<\/li>\n<\/ul>\n<p>[\/vc_column_text][vc_column_text css_animation=\u00a0\u00bbslideInUp\u00a0\u00bb css=\u00a0\u00bb\u00a0\u00bb el_class=\u00a0\u00bbmyheadline\u00a0\u00bb]<strong>Des petites cr\u00e8ches aux grandes organisations \u2013 kita.works s\u2019adapte \u00e0 vos besoins !<\/strong>[\/vc_column_text][\/vc_column][\/vc_row][vc_row][vc_column][vc_empty_space][\/vc_column][\/vc_row][vc_row content_placement=\u00a0\u00bbmiddle\u00a0\u00bb][vc_column width=\u00a0\u00bb1\/2&Prime;][vc_column_text css=\u00a0\u00bb\u00a0\u00bb el_class=\u00a0\u00bbmyheadline\u00a0\u00bb]<\/p>\n<h2>Commencez avec kita.works d\u00e8s aujourd\u2019hui !<\/h2>\n<p><strong>Demandez une d\u00e9monstration gratuite et d\u00e9couvrez \u00e0 quel point la gestion num\u00e9rique d\u2019une cr\u00e8che peut \u00eatre simple.<\/strong>[\/vc_column_text][\/vc_column][vc_column width=\u00a0\u00bb1\/2&Prime;][vc_column_text css=\u00a0\u00bb\u00a0\u00bb]<a class=\"button\" style=\"font-size: 20px;\" href=\"\/fr\/contact\/\">Demander une d\u00e9mo &gt;<\/a>[\/vc_column_text][\/vc_column][\/vc_row]<\/p>\n<\/div>","protected":false},"excerpt":{"rendered":"<p>[vc_row full_width=\u00a0\u00bbstretch_row\u00a0\u00bb content_placement=\u00a0\u00bbmiddle\u00a0\u00bb el_class=\u00a0\u00bbmybgrow\u00a0\u00bb][vc_column width=\u00a0\u00bb1\/2&Prime;][vc_column_text css_animation=\u00a0\u00bbnone\u00a0\u00bb css=\u00a0\u00bb\u00a0\u00bb] kita.works \u2013 Gestion num\u00e9rique sans effort pour les cr\u00e8ches et centres de garde d\u2019enfants [\/vc_column_text][\/vc_column][vc_column width=\u00a0\u00bb1\/2&Prime;][vc_single_image image=\u00a0\u00bb8397&Prime; img_size=\u00a0\u00bbmedium\u00a0\u00bb alignment=\u00a0\u00bbcenter\u00a0\u00bb css=\u00a0\u00bb\u00a0\u00bb image_hovers=\u00a0\u00bbfalse\u00a0\u00bb][\/vc_column][\/vc_row][vc_row css_animation=\u00a0\u00bbslideInUp\u00a0\u00bb bg_type=\u00a0\u00bbimage\u00a0\u00bb parallax_style=\u00a0\u00bbvcpb-default\u00a0\u00bb bg_image_new=\u00a0\u00bbid^7931|url^https:\/\/redoo-networks.com\/wp-content\/uploads\/2025\/03\/Kita-Verwaltung_224261030.jpg|caption^null|alt^null|title^Kita-Verwaltung_224261030|description^null\u00a0\u00bb bg_image_repeat=\u00a0\u00bbno-repeat\u00a0\u00bb bg_image_size=\u00a0\u00bbcontain\u00a0\u00bb bg_image_posiiton=\u00a0\u00bbright top\u00a0\u00bb css=\u00a0\u00bb.vc_custom_1742378576917{background-color: #ffffff !important;}\u00a0\u00bb el_class=\u00a0\u00bbmyphotobgrow\u00a0\u00bb][vc_column width=\u00a0\u00bb2\/3&Prime;][vc_column_text css_animation=\u00a0\u00bbnone\u00a0\u00bb css=\u00a0\u00bb\u00a0\u00bb el_class=\u00a0\u00bbmyheadline whiteBG\u00a0\u00bb]Moins de bureaucratie \u2013 Plus de temps pour les enfants !&hellip;<\/p>\n","protected":false},"author":3,"featured_media":0,"parent":0,"menu_order":0,"comment_status":"closed","ping_status":"closed","template":"","meta":{"footnotes":""},"class_list":["post-8396","page","type-page","status-publish","hentry","description-off"],"_links":{"self":[{"href":"https:\/\/redoo-networks.com\/fr\/wp-json\/wp\/v2\/pages\/8396","targetHints":{"allow":["GET"]}}],"collection":[{"href":"https:\/\/redoo-networks.com\/fr\/wp-json\/wp\/v2\/pages"}],"about":[{"href":"https:\/\/redoo-networks.com\/fr\/wp-json\/wp\/v2\/types\/page"}],"author":[{"embeddable":true,"href":"https:\/\/redoo-networks.com\/fr\/wp-json\/wp\/v2\/users\/3"}],"replies":[{"embeddable":true,"href":"https:\/\/redoo-networks.com\/fr\/wp-json\/wp\/v2\/comments?post=8396"}],"version-history":[{"count":6,"href":"https:\/\/redoo-networks.com\/fr\/wp-json\/wp\/v2\/pages\/8396\/revisions"}],"predecessor-version":[{"id":8464,"href":"https:\/\/redoo-networks.com\/fr\/wp-json\/wp\/v2\/pages\/8396\/revisions\/8464"}],"wp:attachment":[{"href":"https:\/\/redoo-networks.com\/fr\/wp-json\/wp\/v2\/media?parent=8396"}],"curies":[{"name":"wp","href":"https:\/\/api.w.org\/{rel}","templated":true}]}}