{"id":8404,"date":"2025-11-20T15:17:58","date_gmt":"2025-11-20T14:17:58","guid":{"rendered":"https:\/\/redoo-networks.com\/?page_id=8404"},"modified":"2025-11-20T15:17:58","modified_gmt":"2025-11-20T14:17:58","slug":"mentions-legales","status":"publish","type":"page","link":"https:\/\/redoo-networks.com\/fr\/mentions-legales\/","title":{"rendered":"Mentions l\u00e9gales"},"content":{"rendered":"<div class=\"wpb-content-wrapper\"><p>[vc_row][vc_column][vc_column_text css=\u00a0\u00bb\u00a0\u00bb]<strong>REDOO-NETWORKS GmbH<\/strong><\/p>\n<p>Dahmsdorfer Stra\u00dfe 12,<br \/>\n15374 M\u00fcncheberg<br \/>\nAllemagne<\/p>\n<p>Directrice g\u00e9n\u00e9rale \/ CEO : Sari Susanna Joki<\/p>\n<p>Procuration \/ Fond\u00e9e de pouvoir : Iuliia Goncharova-Kaznarska<\/p>\n<p>N\u00b0 de TVA intracommunautaire : DE195486248<\/p>\n<p>Tribunal de district : Frankfurt\/Oder | HRB 7664 FF<\/p>\n<p>&nbsp;<\/p>\n<table class=\"small-table\">\n<tbody>\n<tr>\n<td>E-Mail:<\/td>\n<td>\u00a0<a href=\"mailto:info@redoo-networks.com\">info@redoo-networks.com<\/a><\/td>\n<\/tr>\n<tr>\n<td>T\u00e9l\u00e9phone:<\/td>\n<td>\u00a0<a href=\"tel:+4933432755880\">+49 (0) 33432 755880<\/a><br \/>\nnos horaires t\u00e9l\u00e9phoniques: 09:00 &#8211; 15:00<\/td>\n<\/tr>\n<tr>\n<td><span style=\"#; -: , -;\">Fax:<\/span><\/td>\n<td><span style=\"#; font-: , sans-;\">+49 (0) 3723 6296100<\/span><\/td>\n<\/tr>\n<\/tbody>\n<\/table>\n<div><\/div>\n<p>&nbsp;<\/p>\n<h2>R\u00e9solution des litiges dans l\u2019UE<\/h2>\n<p>La Commission europ\u00e9enne met \u00e0 disposition une plateforme de r\u00e9solution des litiges en ligne (RLL) : <a href=\"https:\/\/ec.europa.eu\/consumers\/odr\/\" rel=\"nofollow noopener\" target=\"_blank\">https:\/\/ec.europa.eu\/consumers\/odr\/<\/a>.<br \/>\nNotre adresse e-mail se trouve ci-dessus dans les mentions l\u00e9gales.<\/p>\n<h2>Proc\u00e9dure de r\u00e9solution des litiges devant un organisme d\u2019arbitrage pour consommateurs<\/h2>\n<p>Nous ne sommes ni dispos\u00e9s ni oblig\u00e9s \u00e0 participer \u00e0 une proc\u00e9dure de r\u00e8glement des litiges devant un organisme d\u2019arbitrage pour consommateurs.<\/p>\n<div>\n<p>&nbsp;<\/p>\n<\/div>\n<p>[\/vc_column_text][\/vc_column][\/vc_row]<\/p>\n<\/div>","protected":false},"excerpt":{"rendered":"<p>[vc_row][vc_column][vc_column_text css=\u00a0\u00bb\u00a0\u00bb]REDOO-NETWORKS GmbH Dahmsdorfer Stra\u00dfe 12, 15374 M\u00fcncheberg Allemagne Directrice g\u00e9n\u00e9rale \/ CEO : Sari Susanna Joki Procuration \/ Fond\u00e9e de pouvoir : Iuliia Goncharova-Kaznarska N\u00b0 de TVA intracommunautaire : DE195486248 Tribunal de district : Frankfurt\/Oder | HRB 7664 FF &nbsp; E-Mail: \u00a0info@redoo-networks.com T\u00e9l\u00e9phone: \u00a0+49 (0) 33432 755880 nos horaires t\u00e9l\u00e9phoniques: 09:00 &#8211; 15:00 Fax:&hellip;<\/p>\n","protected":false},"author":3,"featured_media":0,"parent":0,"menu_order":0,"comment_status":"closed","ping_status":"closed","template":"","meta":{"footnotes":""},"class_list":["post-8404","page","type-page","status-publish","hentry","description-off"],"_links":{"self":[{"href":"https:\/\/redoo-networks.com\/fr\/wp-json\/wp\/v2\/pages\/8404","targetHints":{"allow":["GET"]}}],"collection":[{"href":"https:\/\/redoo-networks.com\/fr\/wp-json\/wp\/v2\/pages"}],"about":[{"href":"https:\/\/redoo-networks.com\/fr\/wp-json\/wp\/v2\/types\/page"}],"author":[{"embeddable":true,"href":"https:\/\/redoo-networks.com\/fr\/wp-json\/wp\/v2\/users\/3"}],"replies":[{"embeddable":true,"href":"https:\/\/redoo-networks.com\/fr\/wp-json\/wp\/v2\/comments?post=8404"}],"version-history":[{"count":4,"href":"https:\/\/redoo-networks.com\/fr\/wp-json\/wp\/v2\/pages\/8404\/revisions"}],"predecessor-version":[{"id":8532,"href":"https:\/\/redoo-networks.com\/fr\/wp-json\/wp\/v2\/pages\/8404\/revisions\/8532"}],"wp:attachment":[{"href":"https:\/\/redoo-networks.com\/fr\/wp-json\/wp\/v2\/media?parent=8404"}],"curies":[{"name":"wp","href":"https:\/\/api.w.org\/{rel}","templated":true}]}}