{"id":8408,"date":"2025-11-20T15:17:58","date_gmt":"2025-11-20T14:17:58","guid":{"rendered":"https:\/\/redoo-networks.com\/?page_id=8408"},"modified":"2025-11-20T15:18:02","modified_gmt":"2025-11-20T14:18:02","slug":"google-ads-sem","status":"publish","type":"page","link":"https:\/\/redoo-networks.com\/fr\/google-ads-sem\/","title":{"rendered":"Google Ads &#038; SEM"},"content":{"rendered":"<div class=\"wpb-content-wrapper\"><p>[vc_row full_width=\u00a0\u00bbstretch_row\u00a0\u00bb content_placement=\u00a0\u00bbmiddle\u00a0\u00bb el_class=\u00a0\u00bbmybgrow\u00a0\u00bb][vc_column width=\u00a0\u00bb1\/2&Prime;][vc_column_text css_animation=\u00a0\u00bbnone\u00a0\u00bb css=\u00a0\u00bb\u00a0\u00bb]<\/p>\n<h1>Google Ads &amp; marketing pour les moteurs de recherche (SEM) pour les PME \u2013 Plus de clients, plus de chiffre d\u2019affaires!<\/h1>\n<p>[\/vc_column_text][\/vc_column][vc_column width=\u00a0\u00bb1\/2&Prime;][vc_single_image image=\u00a0\u00bb7323&Prime; img_size=\u00a0\u00bbfull\u00a0\u00bb alignment=\u00a0\u00bbcenter\u00a0\u00bb css=\u00a0\u00bb\u00a0\u00bb image_hovers=\u00a0\u00bbfalse\u00a0\u00bb][\/vc_column][\/vc_row][vc_row css_animation=\u00a0\u00bbslideInUp\u00a0\u00bb bg_type=\u00a0\u00bbimage\u00a0\u00bb parallax_style=\u00a0\u00bbvcpb-default\u00a0\u00bb bg_image_new=\u00a0\u00bbid^7922|url^https:\/\/redoo-networks.com\/wp-content\/uploads\/2025\/03\/Suchmaschinenmarketing_301701619.jpg|caption^null|alt^null|title^Suchmaschinenmarketing_301701619|description^null\u00a0\u00bb bg_image_repeat=\u00a0\u00bbno-repeat\u00a0\u00bb bg_image_size=\u00a0\u00bbcontain\u00a0\u00bb bg_image_posiiton=\u00a0\u00bbright top\u00a0\u00bb css=\u00a0\u00bb.vc_custom_1742378042647{background-color: #ffffff !important;}\u00a0\u00bb el_class=\u00a0\u00bbmyphotobgrow\u00a0\u00bb][vc_column width=\u00a0\u00bb2\/3&Prime;][vc_column_text css_animation=\u00a0\u00bbnone\u00a0\u00bb css=\u00a0\u00bb\u00a0\u00bb el_class=\u00a0\u00bbmyheadline whiteBG\u00a0\u00bb]<strong>Publicit\u00e9 cibl\u00e9e pour un succ\u00e8s mesurable \u2013 sans gaspiller votre budget !<\/strong><\/p>\n<p>Vos clients potentiels recherchent d\u00e9j\u00e0 vos produits ou services \u2013 nous veillons \u00e0 ce qu\u2019ils vous <strong>trouvent<\/strong> ! Avec notre <strong>strat\u00e9gie Google Ads &amp; SEM sur mesure pour les PME<\/strong>, vous <strong>augmentez votre visibilit\u00e9, attirez de nouveaux clients et optimisez vos d\u00e9penses publicitaires<\/strong> pour une efficacit\u00e9 maximale.[\/vc_column_text][\/vc_column][vc_column width=\u00a0\u00bb1\/3&Prime;][\/vc_column][\/vc_row][vc_row full_width=\u00a0\u00bbstretch_row\u00a0\u00bb css=\u00a0\u00bb.vc_custom_1742224329559{background-color: #F0F0F0 !important;}\u00a0\u00bb][vc_column][vc_column_text css=\u00a0\u00bb\u00a0\u00bb]<\/p>\n<h3>Pourquoi investir dans Google Ads pour votre PME ?<\/h3>\n<ul>\n<li>Vous souhaitez <strong>g\u00e9n\u00e9rer plus de demandes et de ventes en ligne<\/strong><\/li>\n<li>Votre entreprise a besoin d\u2019une <strong>meilleure visibilit\u00e9 locale<\/strong><\/li>\n<li>Vous avez besoin d\u2019une campagne avec un <strong>ROI clair et des r\u00e9sultats mesurables<\/strong><\/li>\n<li>Vous avez d\u00e9j\u00e0 essay\u00e9 Google Ads <strong>sans obtenir de v\u00e9ritable succ\u00e8s<\/strong><\/li>\n<\/ul>\n<p>[\/vc_column_text][vc_column_text css=\u00a0\u00bb\u00a0\u00bb]<strong>Budget de d\u00e9part recommand\u00e9 pour les PME :<\/strong><\/p>\n<p><strong>Publicit\u00e9 locale : \u00e0 partir<\/strong> de <strong>500 \u20ac\/mois<\/strong><br \/>\n<strong>E-commerce et boutiques en ligne : \u00e0 partir<\/strong> de <strong>1 000 \u20ac\/mois<\/strong><br \/>\n<strong>Secteurs hautement comp\u00e9titifs (par ex. finance) : \u00e0 partir<\/strong> de <strong>2 000 \u20ac\/mois<\/strong>[\/vc_column_text][\/vc_column][\/vc_row][vc_row][vc_column][vc_column_text css_animation=\u00a0\u00bbslideInUp\u00a0\u00bb css=\u00a0\u00bb\u00a0\u00bb el_class=\u00a0\u00bbmyheadline\u00a0\u00bb]<\/p>\n<h2><strong>Nos services Google Ads &amp; SEM \u2013 personnalis\u00e9s et performants<\/strong><\/h2>\n<p>\ud83d\udccc Au-del\u00e0 de ces solutions, nous cr\u00e9ons des campagnes sur mesure pour votre secteur \u2013 que vous dirigiez une boutique en ligne, une entreprise de services ou une soci\u00e9t\u00e9 locale.[\/vc_column_text][vc_column_text css=\u00a0\u00bb\u00a0\u00bb]<a class=\"button\" style=\"font-size: 20px;\" href=\"\/fr\/contact\/\">Maximisons votre port\u00e9e num\u00e9rique &gt;<\/a>[\/vc_column_text][vc_empty_space][\/vc_column][\/vc_row][vc_row content_placement=\u00a0\u00bbmiddle\u00a0\u00bb el_class=\u00a0\u00bbmyteam\u00a0\u00bb][vc_column width=\u00a0\u00bb1\/2&Prime;][vc_column_text css=\u00a0\u00bb\u00a0\u00bb]<strong>Gestion des campagnes Google Ads \u2013 contr\u00f4le total, efficacit\u00e9 maximale<\/strong><\/p>\n<ul>\n<li><strong>Analyse du public cible et recherche de mots-cl\u00e9s<\/strong><\/li>\n<li><strong>Textes publicitaires optimis\u00e9s et extensions d\u2019annonces<\/strong><\/li>\n<li><strong>Tests A\/B<\/strong> pour une am\u00e9lioration continue<\/li>\n<li><strong>Annonces dynamiques<\/strong> pour une pertinence maximale<\/li>\n<\/ul>\n<p>[\/vc_column_text][\/vc_column][vc_column width=\u00a0\u00bb1\/2&Prime;][vc_column_text css=\u00a0\u00bb\u00a0\u00bb]<strong>Publicit\u00e9s sur le R\u00e9seau de Recherche \u2013 Atteignez le sommet de Google instantan\u00e9ment<\/strong><\/p>\n<ul>\n<li><b>Annonces textuelles hautement pertinentes<\/b><span style=\"font-weight: 400;\"> pour un taux de clics maximal<\/span><\/li>\n<li><b>Optimisation du co\u00fbt par clic (CPC)<\/b><span style=\"font-weight: 400;\"> pour un meilleur ROI<\/span><\/li>\n<li><b>Segmentation de l\u2019audience<\/b><span style=\"font-weight: 400;\"> pour un ciblage pr\u00e9cis<\/span><\/li>\n<li><b>Campagnes personnalis\u00e9es<\/b><span style=\"font-weight: 400;\"> pour les utilisateurs mobiles et desktop<\/span><\/li>\n<\/ul>\n<p>[\/vc_column_text][\/vc_column][\/vc_row][vc_row content_placement=\u00a0\u00bbmiddle\u00a0\u00bb el_class=\u00a0\u00bbmyteam\u00a0\u00bb][vc_column width=\u00a0\u00bb1\/2&Prime;][vc_column_text css=\u00a0\u00bb\u00a0\u00bb]<b>Campagnes Display &amp; Remarketing \u2013 Restez pr\u00e9sent \u00e0 l\u2019esprit<\/b><\/p>\n<ul>\n<li><b>Publicit\u00e9s display<\/b><span style=\"font-weight: 400;\"> sur des millions de sites du r\u00e9seau Google<\/span><\/li>\n<li><b>Remarketing dynamique<\/b><span style=\"font-weight: 400;\"> pour r\u00e9engager les visiteurs pr\u00e9c\u00e9dents<\/span><\/li>\n<li><b>Ciblage bas\u00e9 sur le comportement<\/b><span style=\"font-weight: 400;\"> pour de meilleurs taux de conversion<\/span><\/li>\n<li><b>Campagnes de branding &amp; notori\u00e9t\u00e9<\/b><span style=\"font-weight: 400;\"> pour un impact durable<\/span><\/li>\n<\/ul>\n<p>[\/vc_column_text][\/vc_column][vc_column width=\u00a0\u00bb1\/2&Prime;][vc_column_text css=\u00a0\u00bb\u00a0\u00bb]<b>Publicit\u00e9s YouTube &amp; Vid\u00e9o \u2013 Une publicit\u00e9 puissante avec \u00e9motion et port\u00e9e<\/b><\/p>\n<ul>\n<li><b>Vid\u00e9os publicitaires avec ou sans option de saut<\/b><span style=\"font-weight: 400;\"> pour une visibilit\u00e9 maximale<\/span><\/li>\n<li><b>Placement dans des cha\u00eenes et vid\u00e9os YouTube pertinentes<\/b><\/li>\n<li><b>Ciblage par centres d\u2019int\u00e9r\u00eat, donn\u00e9es d\u00e9mographiques et comportement de recherche<\/b><\/li>\n<li><b>Optimis\u00e9 pour les utilisateurs mobiles et TV connect\u00e9e<\/b><\/li>\n<\/ul>\n<p>[\/vc_column_text][\/vc_column][\/vc_row][vc_row content_placement=\u00a0\u00bbmiddle\u00a0\u00bb el_class=\u00a0\u00bbmyteam\u00a0\u00bb][vc_column width=\u00a0\u00bb1\/2&Prime;][vc_column_text css=\u00a0\u00bb\u00a0\u00bb]<b>Google Ads locales &amp; optimisation Google My Business \u2013 Plus de visibilit\u00e9 dans votre r\u00e9gion<\/b><\/p>\n<ul>\n<li><b>Optimiser et g\u00e9rer<\/b><span style=\"font-weight: 400;\"> votre fiche <\/span><b>Google My Business<\/b><\/li>\n<li><b>Google Ads g\u00e9ocibl\u00e9es<\/b><span style=\"font-weight: 400;\"> pour atteindre un public local<\/span><\/li>\n<li><b>Publicit\u00e9 pour la recherche mobile &amp; vocale<\/b><\/li>\n<li><b>Gestion des avis &amp; de la r\u00e9putation<\/b><span style=\"font-weight: 400;\"> pour renforcer la confiance<\/span><\/li>\n<\/ul>\n<p>[\/vc_column_text][\/vc_column][vc_column width=\u00a0\u00bb1\/2&Prime;][vc_column_text css=\u00a0\u00bb\u00a0\u00bb]<b>Analyse &amp; optimisation des performances \u2013 Suivez et am\u00e9liorez vos r\u00e9sultats<\/b><\/p>\n<ul>\n<li><b>Int\u00e9gration de Google Analytics &amp; du suivi des conversions<\/b><\/li>\n<li><b>Rapports d\u00e9taill\u00e9s &amp; recommandations exploitables<\/b><\/li>\n<li><b>Optimisation des pages d\u2019atterrissage<\/b><span style=\"font-weight: 400;\"> pour augmenter les conversions<\/span><\/li>\n<li><b>Strat\u00e9gies d\u2019ench\u00e8res automatis\u00e9es &amp; optimisation publicitaire bas\u00e9e sur l\u2019IA<\/b><\/li>\n<\/ul>\n<p>[\/vc_column_text][\/vc_column][\/vc_row][vc_row full_width=\u00a0\u00bbstretch_row\u00a0\u00bb content_placement=\u00a0\u00bbmiddle\u00a0\u00bb el_class=\u00a0\u00bbmybgrow\u00a0\u00bb][vc_column width=\u00a0\u00bb1\/4&Prime;][vc_single_image image=\u00a0\u00bb7279&Prime; img_size=\u00a0\u00bbmedium\u00a0\u00bb css_animation=\u00a0\u00bbslideInUp\u00a0\u00bb css=\u00a0\u00bb\u00a0\u00bb el_class=\u00a0\u00bbmyicon\u00a0\u00bb][\/vc_column][vc_column width=\u00a0\u00bb3\/4&Prime;][vc_column_text css_animation=\u00a0\u00bbslideInUp\u00a0\u00bb css=\u00a0\u00bb\u00a0\u00bb el_class=\u00a0\u00bbmyheadline\u00a0\u00bb]<\/p>\n<h2>Pourquoi choisir REDOO-NETWORKS pour Google Ads &amp; SEM ?<\/h2>\n<ul>\n<li><strong>Strat\u00e9gies sur mesure pour les PME<\/strong> \u2013 aucune campagne g\u00e9n\u00e9rique, uniquement des solutions personnalis\u00e9es<\/li>\n<li><strong>Transparence totale<\/strong> \u2013 rapports clairs, aucun co\u00fbt cach\u00e9<\/li>\n<li><strong>Optimisation continue<\/strong> \u2013 analyse permanente et am\u00e9lioration des campagnes<\/li>\n<li><strong>Efficacit\u00e9 budg\u00e9taire<\/strong> \u2013 nous maximisons vos d\u00e9penses publicitaires pour obtenir les meilleurs r\u00e9sultats possibles<\/li>\n<\/ul>\n<p>[\/vc_column_text][\/vc_column][\/vc_row][vc_row][vc_column][vc_empty_space][\/vc_column][\/vc_row][vc_row content_placement=\u00a0\u00bbmiddle\u00a0\u00bb][vc_column width=\u00a0\u00bb1\/2&Prime;][vc_column_text css=\u00a0\u00bb\u00a0\u00bb el_class=\u00a0\u00bbmyheadline\u00a0\u00bb]<\/p>\n<h3>Maximisons votre port\u00e9e en ligne \u2013 obtenez d\u00e8s aujourd\u2019hui une analyse de potentiel gratuite !<\/h3>\n<p>[\/vc_column_text][\/vc_column][vc_column width=\u00a0\u00bb1\/2&Prime;][vc_column_text css=\u00a0\u00bb\u00a0\u00bb]<a class=\"button\" style=\"font-size: 20px;\" href=\"\/fr\/contact\/\">Planifier une consultation gratuite &gt;<\/a>[\/vc_column_text][\/vc_column][\/vc_row]<\/p>\n<\/div>","protected":false},"excerpt":{"rendered":"<p>[vc_row full_width=\u00a0\u00bbstretch_row\u00a0\u00bb content_placement=\u00a0\u00bbmiddle\u00a0\u00bb el_class=\u00a0\u00bbmybgrow\u00a0\u00bb][vc_column width=\u00a0\u00bb1\/2&Prime;][vc_column_text css_animation=\u00a0\u00bbnone\u00a0\u00bb css=\u00a0\u00bb\u00a0\u00bb] Google Ads &amp; marketing pour les moteurs de recherche (SEM) pour les PME \u2013 Plus de clients, plus de chiffre d\u2019affaires! [\/vc_column_text][\/vc_column][vc_column width=\u00a0\u00bb1\/2&Prime;][vc_single_image image=\u00a0\u00bb7323&Prime; img_size=\u00a0\u00bbfull\u00a0\u00bb alignment=\u00a0\u00bbcenter\u00a0\u00bb css=\u00a0\u00bb\u00a0\u00bb image_hovers=\u00a0\u00bbfalse\u00a0\u00bb][\/vc_column][\/vc_row][vc_row css_animation=\u00a0\u00bbslideInUp\u00a0\u00bb bg_type=\u00a0\u00bbimage\u00a0\u00bb parallax_style=\u00a0\u00bbvcpb-default\u00a0\u00bb bg_image_new=\u00a0\u00bbid^7922|url^https:\/\/redoo-networks.com\/wp-content\/uploads\/2025\/03\/Suchmaschinenmarketing_301701619.jpg|caption^null|alt^null|title^Suchmaschinenmarketing_301701619|description^null\u00a0\u00bb bg_image_repeat=\u00a0\u00bbno-repeat\u00a0\u00bb bg_image_size=\u00a0\u00bbcontain\u00a0\u00bb bg_image_posiiton=\u00a0\u00bbright top\u00a0\u00bb css=\u00a0\u00bb.vc_custom_1742378042647{background-color: #ffffff !important;}\u00a0\u00bb el_class=\u00a0\u00bbmyphotobgrow\u00a0\u00bb][vc_column width=\u00a0\u00bb2\/3&Prime;][vc_column_text css_animation=\u00a0\u00bbnone\u00a0\u00bb css=\u00a0\u00bb\u00a0\u00bb el_class=\u00a0\u00bbmyheadline whiteBG\u00a0\u00bb]Publicit\u00e9 cibl\u00e9e pour un&hellip;<\/p>\n","protected":false},"author":3,"featured_media":0,"parent":0,"menu_order":0,"comment_status":"closed","ping_status":"closed","template":"","meta":{"footnotes":""},"class_list":["post-8408","page","type-page","status-publish","hentry","description-off"],"_links":{"self":[{"href":"https:\/\/redoo-networks.com\/fr\/wp-json\/wp\/v2\/pages\/8408","targetHints":{"allow":["GET"]}}],"collection":[{"href":"https:\/\/redoo-networks.com\/fr\/wp-json\/wp\/v2\/pages"}],"about":[{"href":"https:\/\/redoo-networks.com\/fr\/wp-json\/wp\/v2\/types\/page"}],"author":[{"embeddable":true,"href":"https:\/\/redoo-networks.com\/fr\/wp-json\/wp\/v2\/users\/3"}],"replies":[{"embeddable":true,"href":"https:\/\/redoo-networks.com\/fr\/wp-json\/wp\/v2\/comments?post=8408"}],"version-history":[{"count":10,"href":"https:\/\/redoo-networks.com\/fr\/wp-json\/wp\/v2\/pages\/8408\/revisions"}],"predecessor-version":[{"id":8467,"href":"https:\/\/redoo-networks.com\/fr\/wp-json\/wp\/v2\/pages\/8408\/revisions\/8467"}],"wp:attachment":[{"href":"https:\/\/redoo-networks.com\/fr\/wp-json\/wp\/v2\/media?parent=8408"}],"curies":[{"name":"wp","href":"https:\/\/api.w.org\/{rel}","templated":true}]}}