{"id":8417,"date":"2025-11-20T15:18:00","date_gmt":"2025-11-20T14:18:00","guid":{"rendered":"https:\/\/redoo-networks.com\/?page_id=8417"},"modified":"2025-11-20T15:18:03","modified_gmt":"2025-11-20T14:18:03","slug":"solutions-logicielles-sur-mesure","status":"publish","type":"page","link":"https:\/\/redoo-networks.com\/fr\/solutions-logicielles-sur-mesure\/","title":{"rendered":"Solutions logicielles sur mesure"},"content":{"rendered":"<div class=\"wpb-content-wrapper\"><p>[vc_row full_width=\u00a0\u00bbstretch_row\u00a0\u00bb content_placement=\u00a0\u00bbmiddle\u00a0\u00bb el_class=\u00a0\u00bbmybgrow\u00a0\u00bb][vc_column width=\u00a0\u00bb1\/2&Prime;][vc_column_text css_animation=\u00a0\u00bbnone\u00a0\u00bb css=\u00a0\u00bb\u00a0\u00bb]<\/p>\n<h1>D\u00e9veloppement logiciel sur mesure \u2013 Solutions adapt\u00e9es pour les PME<\/h1>\n<p>[\/vc_column_text][\/vc_column][vc_column width=\u00a0\u00bb1\/2&Prime;][vc_single_image image=\u00a0\u00bb7323&Prime; img_size=\u00a0\u00bbfull\u00a0\u00bb alignment=\u00a0\u00bbcenter\u00a0\u00bb css=\u00a0\u00bb\u00a0\u00bb image_hovers=\u00a0\u00bbfalse\u00a0\u00bb][\/vc_column][\/vc_row][vc_row css_animation=\u00a0\u00bbslideInUp\u00a0\u00bb bg_type=\u00a0\u00bbimage\u00a0\u00bb parallax_style=\u00a0\u00bbvcpb-default\u00a0\u00bb bg_image_new=\u00a0\u00bbid^7926|url^https:\/\/redoo-networks.com\/wp-content\/uploads\/2025\/03\/Softwareentwicklung_993505818.jpg|caption^null|alt^null|title^Softwareentwicklung_993505818|description^null\u00a0\u00bb bg_image_repeat=\u00a0\u00bbno-repeat\u00a0\u00bb bg_image_size=\u00a0\u00bbcontain\u00a0\u00bb bg_image_posiiton=\u00a0\u00bbright top\u00a0\u00bb css=\u00a0\u00bb.vc_custom_1742378384616{background-color: #ffffff !important;}\u00a0\u00bb el_class=\u00a0\u00bbmyphotobgrow\u00a0\u00bb][vc_column width=\u00a0\u00bb2\/3&Prime;][vc_column_text css_animation=\u00a0\u00bbnone\u00a0\u00bb css=\u00a0\u00bb\u00a0\u00bb el_class=\u00a0\u00bbmyheadline whiteBG\u00a0\u00bb]<\/p>\n<p class=\"p1\"><strong>Lorsque les logiciels standard ne suffisent pas \u2013 nous d\u00e9veloppons votre solution personnalis\u00e9e !<\/strong><\/p>\n<p class=\"p1\">Toutes les entreprises ne peuvent pas fonctionner efficacement avec des solutions logicielles standard. C\u2019est pourquoi nous cr\u00e9ons <strong>des syst\u00e8mes sur mesure pour les PME<\/strong>, parfaitement adapt\u00e9s \u00e0 vos processus \u2013 des <strong>syst\u00e8mes logistiques et portails de support aux configurateurs de produits, calculateurs de co\u00fbts \u00e9nerg\u00e9tiques et outils de gestion personnalis\u00e9s<\/strong>.<\/p>\n<p>[\/vc_column_text][\/vc_column][vc_column width=\u00a0\u00bb1\/3&Prime;][\/vc_column][\/vc_row][vc_row full_width=\u00a0\u00bbstretch_row\u00a0\u00bb css=\u00a0\u00bb.vc_custom_1742222120824{background-color: #F0F0F0 !important;}\u00a0\u00bb][vc_column][vc_column_text css_animation=\u00a0\u00bbslideInUp\u00a0\u00bb css=\u00a0\u00bb\u00a0\u00bb el_class=\u00a0\u00bbmyheadline\u00a0\u00bb]<\/p>\n<h2>Quand un logiciel personnalis\u00e9 est-il judicieux pour votre entreprise ?<\/h2>\n<ul>\n<li>Vous avez besoin d\u2019un <strong>syst\u00e8me flexible<\/strong> qui s\u2019adapte exactement \u00e0 vos processus<\/li>\n<li>Les solutions standard sont <strong>trop rigides ou co\u00fbteuses<\/strong> \u00e0 personnaliser<\/li>\n<li>Vous souhaitez <strong>r\u00e9duire la charge administrative et augmenter l\u2019efficacit\u00e9<\/strong><\/li>\n<li>Vous avez besoin d\u2019une <strong>int\u00e9gration fluide<\/strong> avec vos syst\u00e8mes informatiques existants<\/li>\n<\/ul>\n<p>[\/vc_column_text][\/vc_column][\/vc_row][vc_row][vc_column][vc_column_text css_animation=\u00a0\u00bbslideInUp\u00a0\u00bb css=\u00a0\u00bb\u00a0\u00bb el_class=\u00a0\u00bbmyheadline\u00a0\u00bb]<\/p>\n<h2>Solutions \u00e9prouv\u00e9es pour des d\u00e9fis concrets<\/h2>\n<p><strong>\ud83d\udccc Au-del\u00e0 des exemples ci-dessous, nous avons d\u00e9velopp\u00e9 de nombreuses autres solutions personnalis\u00e9es pour les PME, notamment des logiciels de devis, des configurateurs de produits, des calculateurs de co\u00fbts \u00e9nerg\u00e9tiques, des portails clients, des syst\u00e8mes de r\u00e9servation, et bien plus encore.<\/strong>[\/vc_column_text][vc_column_text css=\u00a0\u00bb\u00a0\u00bb]<a class=\"button\" style=\"font-size: 20px;\" href=\"\/fr\/contact\/\">Parlons de votre projet &gt;<\/a>[\/vc_column_text][vc_separator color=\u00a0\u00bbcustom\u00a0\u00bb border_width=\u00a0\u00bb3&Prime; css=\u00a0\u00bb\u00a0\u00bb accent_color=\u00a0\u00bb#CC2222&Prime;][\/vc_column][\/vc_row][vc_row css_animation=\u00a0\u00bbslideInUp\u00a0\u00bb][vc_column width=\u00a0\u00bb1\/4&Prime;][vc_single_image image=\u00a0\u00bb8418&Prime; css=\u00a0\u00bb\u00a0\u00bb el_class=\u00a0\u00bbmyicon\u00a0\u00bb][\/vc_column][vc_column width=\u00a0\u00bb3\/4&Prime;][vc_column_text css=\u00a0\u00bb\u00a0\u00bb el_class=\u00a0\u00bbmyheadline\u00a0\u00bb]<\/p>\n<h3><strong>FLEXX.LOGISTIK \u2013<\/strong> Gestion logistique intelligente pour les services de transport et de livraison<\/h3>\n<ul>\n<li>Optimisation <strong>automatis\u00e9e des itin\u00e9raires<\/strong> avec donn\u00e9es de trafic en temps r\u00e9el<\/li>\n<li>Gestion centralis\u00e9e pour <strong>dispatchers et conducteurs<\/strong><\/li>\n<li><strong>Suivi en direct<\/strong> et affichage de l\u2019avancement des itin\u00e9raires actifs<\/li>\n<li><strong>Application mobile iOS<\/strong> pour une utilisation flexible en d\u00e9placement<\/li>\n<\/ul>\n<p>[\/vc_column_text][vc_separator color=\u00a0\u00bbcustom\u00a0\u00bb border_width=\u00a0\u00bb3&Prime; css=\u00a0\u00bb\u00a0\u00bb accent_color=\u00a0\u00bb#CC2222&Prime;][\/vc_column][\/vc_row][vc_row css_animation=\u00a0\u00bbslideInUp\u00a0\u00bb][vc_column width=\u00a0\u00bb1\/4&Prime;][vc_single_image image=\u00a0\u00bb8419&Prime; css=\u00a0\u00bb\u00a0\u00bb el_class=\u00a0\u00bbmyicon\u00a0\u00bb][\/vc_column][vc_column width=\u00a0\u00bb3\/4&Prime;][vc_column_text css=\u00a0\u00bb\u00a0\u00bb el_class=\u00a0\u00bbmyheadline\u00a0\u00bb]<\/p>\n<h3><strong>Support-Portal \u2013<\/strong> Service client digitalis\u00e9 pour une efficacit\u00e9 maximale<\/h3>\n<ul>\n<li>Gestion intelligente des tickets avec mises \u00e0 jour du statut en temps r\u00e9el<\/li>\n<li><strong>Processus d\u2019escalade automatis\u00e9s<\/strong> pour un support plus rapide<\/li>\n<li><strong>Int\u00e9gration CRM &amp; ERP<\/strong> pour des flux de travail fluides<\/li>\n<li><strong>Acc\u00e8s client<\/strong> pour suivre le statut et r\u00e9cup\u00e9rer des documents<\/li>\n<\/ul>\n<p>[\/vc_column_text][vc_separator color=\u00a0\u00bbcustom\u00a0\u00bb border_width=\u00a0\u00bb3&Prime; css=\u00a0\u00bb\u00a0\u00bb accent_color=\u00a0\u00bb#CC2222&Prime;][\/vc_column][\/vc_row][vc_row css_animation=\u00a0\u00bbslideInUp\u00a0\u00bb][vc_column width=\u00a0\u00bb1\/4&Prime;][vc_single_image image=\u00a0\u00bb8420&Prime; css=\u00a0\u00bb\u00a0\u00bb el_class=\u00a0\u00bbmyicon\u00a0\u00bb][\/vc_column][vc_column width=\u00a0\u00bb3\/4&Prime;][vc_column_text css=\u00a0\u00bb\u00a0\u00bb el_class=\u00a0\u00bbmyheadline\u00a0\u00bb]<\/p>\n<h3><strong>Intranet avec syst\u00e8me de messagerie \u2013<\/strong> Communication connect\u00e9e pour les entreprises<\/h3>\n<ul>\n<li><strong>Messagerie en temps r\u00e9el<\/strong> avec chats de groupe et directs<\/li>\n<li>Partage s\u00e9curis\u00e9 de <strong>fichiers et documents<\/strong><\/li>\n<li><strong>Int\u00e9gration IT fluide<\/strong> dans votre infrastructure<\/li>\n<li>Acc\u00e8s <strong>web et mobile<\/strong> pour une utilisation flexible<\/li>\n<\/ul>\n<p>[\/vc_column_text][vc_separator color=\u00a0\u00bbcustom\u00a0\u00bb border_width=\u00a0\u00bb3&Prime; css=\u00a0\u00bb\u00a0\u00bb accent_color=\u00a0\u00bb#CC2222&Prime;][\/vc_column][\/vc_row][vc_row css_animation=\u00a0\u00bbslideInUp\u00a0\u00bb][vc_column width=\u00a0\u00bb1\/4&Prime;][vc_single_image image=\u00a0\u00bb8421&Prime; css=\u00a0\u00bb\u00a0\u00bb el_class=\u00a0\u00bbmyicon\u00a0\u00bb][\/vc_column][vc_column width=\u00a0\u00bb3\/4&Prime;][vc_column_text css=\u00a0\u00bb\u00a0\u00bb el_class=\u00a0\u00bbmyheadline\u00a0\u00bb]<\/p>\n<h3><strong>Logiciel de planification des repas \u2013<\/strong> Gestion intelligente des menus pour les grandes cuisines et les cr\u00e8ches<\/h3>\n<ul>\n<li><strong>Planification des menus &amp; calcul des portions<\/strong> automatis\u00e9s<\/li>\n<li><strong>Gestion des commandes<\/strong> avec int\u00e9gration des fournisseurs<\/li>\n<li><strong>Directives nutritionnelles &amp; informations sur les allergies<\/strong> int\u00e9gr\u00e9es<\/li>\n<li><strong>Facturation &amp; rapports num\u00e9riques<\/strong> pour des op\u00e9rations simplifi\u00e9es<\/li>\n<\/ul>\n<p>[\/vc_column_text][\/vc_column][\/vc_row][vc_row full_width=\u00a0\u00bbstretch_row\u00a0\u00bb content_placement=\u00a0\u00bbmiddle\u00a0\u00bb el_class=\u00a0\u00bbmybgrow\u00a0\u00bb][vc_column width=\u00a0\u00bb1\/4&Prime;][vc_single_image image=\u00a0\u00bb7279&Prime; img_size=\u00a0\u00bbmedium\u00a0\u00bb css_animation=\u00a0\u00bbslideInUp\u00a0\u00bb css=\u00a0\u00bb\u00a0\u00bb el_class=\u00a0\u00bbmyicon\u00a0\u00bb][\/vc_column][vc_column width=\u00a0\u00bb3\/4&Prime;][vc_column_text css_animation=\u00a0\u00bbslideInUp\u00a0\u00bb css=\u00a0\u00bb\u00a0\u00bb el_class=\u00a0\u00bbmyheadline\u00a0\u00bb]<\/p>\n<h2>Pourquoi choisir un logiciel personnalis\u00e9 de REDOO-NETWORKS?<\/h2>\n<ul>\n<li><strong>Adapt\u00e9 aux PME<\/strong> \u2013 Con\u00e7u sp\u00e9cifiquement pour les op\u00e9rations de votre entreprise<\/li>\n<li><strong>Flexible &amp; \u00e9volutif<\/strong> \u2013 Des syst\u00e8mes qui grandissent avec votre entreprise<\/li>\n<li><strong>Int\u00e9gration fluide<\/strong> \u2013 Connexions API avec vos syst\u00e8mes informatiques existants<\/li>\n<li><strong>Mise en \u0153uvre rapide<\/strong> \u2013 D\u00e9veloppement efficace soutenu par des ann\u00e9es d\u2019expertise<\/li>\n<\/ul>\n<p>[\/vc_column_text][\/vc_column][\/vc_row][vc_row][vc_column][vc_empty_space][\/vc_column][\/vc_row][vc_row content_placement=\u00a0\u00bbmiddle\u00a0\u00bb][vc_column width=\u00a0\u00bb1\/2&Prime;][vc_column_text css=\u00a0\u00bb\u00a0\u00bb el_class=\u00a0\u00bbmyheadline\u00a0\u00bb]<\/p>\n<h3><strong>Obtenez une consultation gratuite et d\u00e9couvrez les possibilit\u00e9s pour votre entreprise!<\/strong><\/h3>\n<p>[\/vc_column_text][\/vc_column][vc_column width=\u00a0\u00bb1\/2&Prime;][vc_column_text css=\u00a0\u00bb\u00a0\u00bb]<a class=\"button\" style=\"font-size: 20px;\" href=\"\/fr\/contact\/\">R\u00e9server une consultation gratuite &gt;<\/a>[\/vc_column_text][\/vc_column][\/vc_row]<\/p>\n<\/div>","protected":false},"excerpt":{"rendered":"<p>[vc_row full_width=\u00a0\u00bbstretch_row\u00a0\u00bb content_placement=\u00a0\u00bbmiddle\u00a0\u00bb el_class=\u00a0\u00bbmybgrow\u00a0\u00bb][vc_column width=\u00a0\u00bb1\/2&Prime;][vc_column_text css_animation=\u00a0\u00bbnone\u00a0\u00bb css=\u00a0\u00bb\u00a0\u00bb] D\u00e9veloppement logiciel sur mesure \u2013 Solutions adapt\u00e9es pour les PME [\/vc_column_text][\/vc_column][vc_column width=\u00a0\u00bb1\/2&Prime;][vc_single_image image=\u00a0\u00bb7323&Prime; img_size=\u00a0\u00bbfull\u00a0\u00bb alignment=\u00a0\u00bbcenter\u00a0\u00bb css=\u00a0\u00bb\u00a0\u00bb image_hovers=\u00a0\u00bbfalse\u00a0\u00bb][\/vc_column][\/vc_row][vc_row css_animation=\u00a0\u00bbslideInUp\u00a0\u00bb bg_type=\u00a0\u00bbimage\u00a0\u00bb parallax_style=\u00a0\u00bbvcpb-default\u00a0\u00bb bg_image_new=\u00a0\u00bbid^7926|url^https:\/\/redoo-networks.com\/wp-content\/uploads\/2025\/03\/Softwareentwicklung_993505818.jpg|caption^null|alt^null|title^Softwareentwicklung_993505818|description^null\u00a0\u00bb bg_image_repeat=\u00a0\u00bbno-repeat\u00a0\u00bb bg_image_size=\u00a0\u00bbcontain\u00a0\u00bb bg_image_posiiton=\u00a0\u00bbright top\u00a0\u00bb css=\u00a0\u00bb.vc_custom_1742378384616{background-color: #ffffff !important;}\u00a0\u00bb el_class=\u00a0\u00bbmyphotobgrow\u00a0\u00bb][vc_column width=\u00a0\u00bb2\/3&Prime;][vc_column_text css_animation=\u00a0\u00bbnone\u00a0\u00bb css=\u00a0\u00bb\u00a0\u00bb el_class=\u00a0\u00bbmyheadline whiteBG\u00a0\u00bb] Lorsque les logiciels standard ne suffisent pas \u2013 nous d\u00e9veloppons votre solution personnalis\u00e9e !&hellip;<\/p>\n","protected":false},"author":3,"featured_media":0,"parent":0,"menu_order":0,"comment_status":"closed","ping_status":"closed","template":"","meta":{"footnotes":""},"class_list":["post-8417","page","type-page","status-publish","hentry","description-off"],"_links":{"self":[{"href":"https:\/\/redoo-networks.com\/fr\/wp-json\/wp\/v2\/pages\/8417","targetHints":{"allow":["GET"]}}],"collection":[{"href":"https:\/\/redoo-networks.com\/fr\/wp-json\/wp\/v2\/pages"}],"about":[{"href":"https:\/\/redoo-networks.com\/fr\/wp-json\/wp\/v2\/types\/page"}],"author":[{"embeddable":true,"href":"https:\/\/redoo-networks.com\/fr\/wp-json\/wp\/v2\/users\/3"}],"replies":[{"embeddable":true,"href":"https:\/\/redoo-networks.com\/fr\/wp-json\/wp\/v2\/comments?post=8417"}],"version-history":[{"count":8,"href":"https:\/\/redoo-networks.com\/fr\/wp-json\/wp\/v2\/pages\/8417\/revisions"}],"predecessor-version":[{"id":8531,"href":"https:\/\/redoo-networks.com\/fr\/wp-json\/wp\/v2\/pages\/8417\/revisions\/8531"}],"wp:attachment":[{"href":"https:\/\/redoo-networks.com\/fr\/wp-json\/wp\/v2\/media?parent=8417"}],"curies":[{"name":"wp","href":"https:\/\/api.w.org\/{rel}","templated":true}]}}