{"id":8429,"date":"2025-11-20T15:17:56","date_gmt":"2025-11-20T14:17:56","guid":{"rendered":"https:\/\/redoo-networks.com\/?page_id=8429"},"modified":"2025-11-20T15:18:01","modified_gmt":"2025-11-20T14:18:01","slug":"design-dentreprise","status":"publish","type":"page","link":"https:\/\/redoo-networks.com\/fr\/design-dentreprise\/","title":{"rendered":"Design d\u2019entreprise"},"content":{"rendered":"<div class=\"wpb-content-wrapper\"><p>[vc_row full_width=\u00a0\u00bbstretch_row\u00a0\u00bb content_placement=\u00a0\u00bbmiddle\u00a0\u00bb el_class=\u00a0\u00bbmybgrow\u00a0\u00bb][vc_column width=\u00a0\u00bb1\/2&Prime;][vc_column_text css_animation=\u00a0\u00bbnone\u00a0\u00bb css=\u00a0\u00bb\u00a0\u00bb]<\/p>\n<h1><strong>Design d\u2019entreprise pour les PME \u2013 Votre marque, votre identit\u00e9<\/strong><\/h1>\n<p>[\/vc_column_text][\/vc_column][vc_column width=\u00a0\u00bb1\/2&Prime;][vc_single_image image=\u00a0\u00bb7323&Prime; img_size=\u00a0\u00bbfull\u00a0\u00bb alignment=\u00a0\u00bbcenter\u00a0\u00bb css=\u00a0\u00bb\u00a0\u00bb image_hovers=\u00a0\u00bbfalse\u00a0\u00bb][\/vc_column][\/vc_row][vc_row css_animation=\u00a0\u00bbslideInUp\u00a0\u00bb bg_type=\u00a0\u00bbimage\u00a0\u00bb parallax_style=\u00a0\u00bbvcpb-default\u00a0\u00bb bg_image_new=\u00a0\u00bbid^7905|url^https:\/\/redoo-networks.com\/wp-content\/uploads\/2025\/03\/Corporate-Design_422265381.jpg|caption^null|alt^null|title^Corporate-Design_422265381|description^null\u00a0\u00bb bg_image_repeat=\u00a0\u00bbno-repeat\u00a0\u00bb bg_image_size=\u00a0\u00bbcontain\u00a0\u00bb bg_image_posiiton=\u00a0\u00bbright top\u00a0\u00bb css=\u00a0\u00bb.vc_custom_1742377036229{background-color: #ffffff !important;}\u00a0\u00bb el_class=\u00a0\u00bbmyphotobgrow\u00a0\u00bb][vc_column width=\u00a0\u00bb2\/3&Prime;][vc_column_text css_animation=\u00a0\u00bbnone\u00a0\u00bb css=\u00a0\u00bb\u00a0\u00bb el_class=\u00a0\u00bbmyheadline whiteBG\u00a0\u00bb]<\/p>\n<p class=\"p1\"><strong>Design professionnel pour plus de visibilit\u00e9, de confiance et de fid\u00e9lit\u00e9 client!<\/strong><\/p>\n<p class=\"p1\">Une identit\u00e9 <strong>de design d\u2019entreprise<\/strong> est bien plus qu\u2019un simple logo \u2013 c\u2019est la <strong>base visuelle de votre marque<\/strong>. Nous aidons les PME et startups \u00e0 cr\u00e9er une <strong>identit\u00e9 unique et coh\u00e9rente<\/strong> qui transmet professionnalisme, inspire confiance et enthousiasme les clients.<\/p>\n<p>[\/vc_column_text][\/vc_column][vc_column width=\u00a0\u00bb1\/3&Prime;][\/vc_column][\/vc_row][vc_row full_width=\u00a0\u00bbstretch_row\u00a0\u00bb css=\u00a0\u00bb.vc_custom_1742224329559{background-color: #F0F0F0 !important;}\u00a0\u00bb][vc_column][vc_column_text css=\u00a0\u00bb\u00a0\u00bb]<\/p>\n<h3><b>Quand un design d\u2019entreprise professionnel est-il judicieux ?<\/b><\/h3>\n<ul>\n<li><span style=\"font-weight: 400;\">Votre entreprise est en <\/span><b>croissance<\/b><span style=\"font-weight: 400;\"> et a besoin d\u2019une <\/span><b>identit\u00e9 de marque claire et unifi\u00e9e<\/b><\/li>\n<li><span style=\"font-weight: 400;\">Votre <\/span><b>logo ou design actuel<\/b><span style=\"font-weight: 400;\"> semble <\/span><b>dat\u00e9<\/b><span style=\"font-weight: 400;\"> et non professionnel<\/span><\/li>\n<li><span style=\"font-weight: 400;\">Vous souhaitez une <\/span><b>pr\u00e9sence de marque coh\u00e9rente<\/b><span style=\"font-weight: 400;\"> sur les <\/span><b>canaux en ligne et hors ligne<\/b><\/li>\n<li><span style=\"font-weight: 400;\">Vos concurrents ont une <\/span><b>marque plus forte<\/b><span style=\"font-weight: 400;\"> et se d\u00e9marquent plus efficacement<\/span><\/li>\n<\/ul>\n<p>[\/vc_column_text][\/vc_column][\/vc_row][vc_row][vc_column][vc_empty_space][vc_column_text css_animation=\u00a0\u00bbslideInUp\u00a0\u00bb css=\u00a0\u00bb\u00a0\u00bb el_class=\u00a0\u00bbmyheadline\u00a0\u00bb]<\/p>\n<h2 class=\"p1\"><strong>Nos services de design d\u2019entreprise \u2013 personnalis\u00e9s et de haute qualit\u00e9<\/strong><\/h2>\n<p class=\"p1\">\ud83d\udccc Au-del\u00e0 des services mentionn\u00e9s, nous proposons des solutions de branding enti\u00e8rement sur mesure pour les PME, startups et entreprises \u00e9tablies<\/p>\n<p>[\/vc_column_text][vc_column_text css=\u00a0\u00bb\u00a0\u00bb]<a class=\"button\" style=\"font-size: 20px;\" href=\"\/fr\/contact\/\">Rendons votre marque unique &gt;<\/a>[\/vc_column_text][vc_empty_space][\/vc_column][\/vc_row][vc_row content_placement=\u00a0\u00bbmiddle\u00a0\u00bb el_class=\u00a0\u00bbmyteam\u00a0\u00bb][vc_column width=\u00a0\u00bb1\/2&Prime;][vc_column_text css=\u00a0\u00bb\u00a0\u00bb]<b>Cr\u00e9ation de logo &amp; identit\u00e9 de marque \u2013 Votre signature unique<\/b><\/p>\n<ul>\n<li><b>Conception de logo sur mesure<\/b><span style=\"font-weight: 400;\"> bas\u00e9e sur votre vision et vos valeurs de marque<\/span><\/li>\n<li><b>D\u00e9finition de la palette de couleurs &amp; de la typographie<\/b><span style=\"font-weight: 400;\"> pour une apparence coh\u00e9rente<\/span><\/li>\n<li><b>Symbolisme &amp; langage visuel<\/b><span style=\"font-weight: 400;\"> pour une connexion \u00e9motionnelle \u00e0 la marque<\/span><\/li>\n<li><b>Versions optimis\u00e9es pour le web, les r\u00e9seaux sociaux &amp; l\u2019impression<\/b><\/li>\n<\/ul>\n<p>[\/vc_column_text][\/vc_column][vc_column width=\u00a0\u00bb1\/2&Prime;][vc_column_text css=\u00a0\u00bb\u00a0\u00bb]<b>Manuel de design d\u2019entreprise \u2013 Votre guide de style pour une coh\u00e9rence parfaite<\/b><\/p>\n<ul>\n<li><b>Palettes de couleurs, polices &amp; \u00e9l\u00e9ments visuels de la marque<\/b><\/li>\n<li><b>Directives de design<\/b><span style=\"font-weight: 400;\"> pour le web, les r\u00e9seaux sociaux &amp; l\u2019impression<\/span><\/li>\n<li><b>Mod\u00e8les<\/b><span style=\"font-weight: 400;\"> pour les pr\u00e9sentations, la papeterie &amp; les cartes de visite<\/span><\/li>\n<li><b>Instructions d\u2019utilisation<\/b><span style=\"font-weight: 400;\"> pour les partenaires internes &amp; externes<\/span><\/li>\n<\/ul>\n<p>[\/vc_column_text][\/vc_column][\/vc_row][vc_row content_placement=\u00a0\u00bbmiddle\u00a0\u00bb el_class=\u00a0\u00bbmyteam\u00a0\u00bb][vc_column width=\u00a0\u00bb1\/2&Prime;][vc_column_text css=\u00a0\u00bb\u00a0\u00bb]<b>Webdesign &amp; UI\/UX \u2013 Une pr\u00e9sence digitale forte<\/b><\/p>\n<ul>\n<li><b>Design moderne et responsive<\/b><span style=\"font-weight: 400;\"> pour desktop et mobile<\/span><\/li>\n<li><b>Layouts conviviaux et optimis\u00e9s pour la conversion<\/b><\/li>\n<li><b>Structures optimis\u00e9es pour le SEO<\/b><span style=\"font-weight: 400;\"> pour de meilleurs classements Google<\/span><\/li>\n<li><b>\u00c9l\u00e9ments interactifs et anim\u00e9s<\/b><span style=\"font-weight: 400;\"> pour augmenter l\u2019engagement<\/span><\/li>\n<\/ul>\n<p>[\/vc_column_text][\/vc_column][vc_column width=\u00a0\u00bb1\/2&Prime;][vc_column_text css=\u00a0\u00bb\u00a0\u00bb]<b>Design imprim\u00e9 \u2013 Supports marketing de haute qualit\u00e9<\/b><\/p>\n<ul>\n<li><b>Cartes de visite, en-t\u00eates de lettres &amp; papeterie d\u2019entreprise<\/b><\/li>\n<li><b>Brochures, flyers &amp; catalogues<\/b><span style=\"font-weight: 400;\"> pour votre entreprise<\/span><\/li>\n<li><b>Stands d\u2019exposition &amp; roll-ups<\/b><span style=\"font-weight: 400;\"> pour \u00e9v\u00e9nements &amp; pr\u00e9sentations<\/span><\/li>\n<li><b>Design d\u2019emballages &amp; supports promotionnels<\/b><span style=\"font-weight: 400;\"> pour vos produits<\/span><\/li>\n<\/ul>\n<p>[\/vc_column_text][\/vc_column][\/vc_row][vc_row content_placement=\u00a0\u00bbmiddle\u00a0\u00bb el_class=\u00a0\u00bbmyteam\u00a0\u00bb][vc_column width=\u00a0\u00bb1\/2&Prime;][vc_column_text css=\u00a0\u00bb\u00a0\u00bb]<b>R\u00e9seaux sociaux &amp; contenus digitaux \u2013 Un branding coh\u00e9rent pour une port\u00e9e maximale<\/b><\/p>\n<ul>\n<li><b>Mod\u00e8les pour les r\u00e9seaux sociaux<\/b><span style=\"font-weight: 400;\"> pour Instagram, Facebook, LinkedIn et plus<\/span><\/li>\n<li><b>Banni\u00e8res &amp; graphiques<\/b><span style=\"font-weight: 400;\"> pour les campagnes &amp; publicit\u00e9s<\/span><\/li>\n<li><b>Visuels de profil &amp; d\u2019en-t\u00eate optimis\u00e9s<\/b><span style=\"font-weight: 400;\"> pour une apparence professionnelle<\/span><\/li>\n<\/ul>\n<p>[\/vc_column_text][\/vc_column][vc_column width=\u00a0\u00bb1\/2&Prime;][\/vc_column][\/vc_row][vc_row full_width=\u00a0\u00bbstretch_row\u00a0\u00bb content_placement=\u00a0\u00bbmiddle\u00a0\u00bb el_class=\u00a0\u00bbmybgrow\u00a0\u00bb][vc_column width=\u00a0\u00bb1\/4&Prime;][vc_single_image image=\u00a0\u00bb7279&Prime; img_size=\u00a0\u00bbmedium\u00a0\u00bb css_animation=\u00a0\u00bbslideInUp\u00a0\u00bb css=\u00a0\u00bb\u00a0\u00bb el_class=\u00a0\u00bbmyicon\u00a0\u00bb][\/vc_column][vc_column width=\u00a0\u00bb3\/4&Prime;][vc_column_text css_animation=\u00a0\u00bbslideInUp\u00a0\u00bb css=\u00a0\u00bb\u00a0\u00bb el_class=\u00a0\u00bbmyheadline\u00a0\u00bb]<\/p>\n<h2><b>Pourquoi choisir REDOO-NETWORKS pour votre design d\u2019entreprise ?<\/b><\/h2>\n<ul>\n<li><b>Branding sur mesure, sans mod\u00e8les<\/b><span style=\"font-weight: 400;\"> \u2013 Des designs uniques, pas des solutions standardis\u00e9es<\/span><\/li>\n<li><b>Pr\u00e9sence de marque coh\u00e9rente<\/b><span style=\"font-weight: 400;\"> \u2013 Parfaite harmonie entre les canaux en ligne et hors ligne<\/span><\/li>\n<li><b>Flexible &amp; \u00e9volutif<\/b><span style=\"font-weight: 400;\"> \u2013 Id\u00e9al pour les startups comme pour les entreprises \u00e9tablies<\/span><\/li>\n<li><b>Design strat\u00e9gique<\/b><span style=\"font-weight: 400;\"> \u2013 Non seulement esth\u00e9tique, mais pens\u00e9 pour la conversion<\/span><\/li>\n<li><b>Accompagnement &amp; conseil continus<\/b><span style=\"font-weight: 400;\"> \u2013 Nous vous guidons tout au long du d\u00e9veloppement de votre marque<\/span><\/li>\n<\/ul>\n<p>[\/vc_column_text][\/vc_column][\/vc_row][vc_row][vc_column][vc_empty_space][\/vc_column][\/vc_row][vc_row content_placement=\u00a0\u00bbmiddle\u00a0\u00bb][vc_column width=\u00a0\u00bb1\/2&Prime;][vc_column_text css=\u00a0\u00bb\u00a0\u00bb el_class=\u00a0\u00bbmyheadline\u00a0\u00bb]<\/p>\n<h3><strong>Cr\u00e9ons ensemble une identit\u00e9 de marque unique \u2013 r\u00e9servez d\u00e8s maintenant une consultation gratuite!<\/strong><\/h3>\n<p>[\/vc_column_text][\/vc_column][vc_column width=\u00a0\u00bb1\/2&Prime;][vc_column_text css=\u00a0\u00bb\u00a0\u00bb]<a class=\"button\" style=\"font-size: 20px;\" href=\"\/fr\/contact\/\">R\u00e9server une consultation gratuite &gt;<\/a>[\/vc_column_text][\/vc_column][\/vc_row]<\/p>\n<\/div>","protected":false},"excerpt":{"rendered":"<p>[vc_row full_width=\u00a0\u00bbstretch_row\u00a0\u00bb content_placement=\u00a0\u00bbmiddle\u00a0\u00bb el_class=\u00a0\u00bbmybgrow\u00a0\u00bb][vc_column width=\u00a0\u00bb1\/2&Prime;][vc_column_text css_animation=\u00a0\u00bbnone\u00a0\u00bb css=\u00a0\u00bb\u00a0\u00bb] Design d\u2019entreprise pour les PME \u2013 Votre marque, votre identit\u00e9 [\/vc_column_text][\/vc_column][vc_column width=\u00a0\u00bb1\/2&Prime;][vc_single_image image=\u00a0\u00bb7323&Prime; img_size=\u00a0\u00bbfull\u00a0\u00bb alignment=\u00a0\u00bbcenter\u00a0\u00bb css=\u00a0\u00bb\u00a0\u00bb image_hovers=\u00a0\u00bbfalse\u00a0\u00bb][\/vc_column][\/vc_row][vc_row css_animation=\u00a0\u00bbslideInUp\u00a0\u00bb bg_type=\u00a0\u00bbimage\u00a0\u00bb parallax_style=\u00a0\u00bbvcpb-default\u00a0\u00bb bg_image_new=\u00a0\u00bbid^7905|url^https:\/\/redoo-networks.com\/wp-content\/uploads\/2025\/03\/Corporate-Design_422265381.jpg|caption^null|alt^null|title^Corporate-Design_422265381|description^null\u00a0\u00bb bg_image_repeat=\u00a0\u00bbno-repeat\u00a0\u00bb bg_image_size=\u00a0\u00bbcontain\u00a0\u00bb bg_image_posiiton=\u00a0\u00bbright top\u00a0\u00bb css=\u00a0\u00bb.vc_custom_1742377036229{background-color: #ffffff !important;}\u00a0\u00bb el_class=\u00a0\u00bbmyphotobgrow\u00a0\u00bb][vc_column width=\u00a0\u00bb2\/3&Prime;][vc_column_text css_animation=\u00a0\u00bbnone\u00a0\u00bb css=\u00a0\u00bb\u00a0\u00bb el_class=\u00a0\u00bbmyheadline whiteBG\u00a0\u00bb] Design professionnel pour plus de visibilit\u00e9, de confiance et de fid\u00e9lit\u00e9 client! Une identit\u00e9&hellip;<\/p>\n","protected":false},"author":3,"featured_media":0,"parent":0,"menu_order":0,"comment_status":"closed","ping_status":"closed","template":"","meta":{"footnotes":""},"class_list":["post-8429","page","type-page","status-publish","hentry","description-off"],"_links":{"self":[{"href":"https:\/\/redoo-networks.com\/fr\/wp-json\/wp\/v2\/pages\/8429","targetHints":{"allow":["GET"]}}],"collection":[{"href":"https:\/\/redoo-networks.com\/fr\/wp-json\/wp\/v2\/pages"}],"about":[{"href":"https:\/\/redoo-networks.com\/fr\/wp-json\/wp\/v2\/types\/page"}],"author":[{"embeddable":true,"href":"https:\/\/redoo-networks.com\/fr\/wp-json\/wp\/v2\/users\/3"}],"replies":[{"embeddable":true,"href":"https:\/\/redoo-networks.com\/fr\/wp-json\/wp\/v2\/comments?post=8429"}],"version-history":[{"count":7,"href":"https:\/\/redoo-networks.com\/fr\/wp-json\/wp\/v2\/pages\/8429\/revisions"}],"predecessor-version":[{"id":8530,"href":"https:\/\/redoo-networks.com\/fr\/wp-json\/wp\/v2\/pages\/8429\/revisions\/8530"}],"wp:attachment":[{"href":"https:\/\/redoo-networks.com\/fr\/wp-json\/wp\/v2\/media?parent=8429"}],"curies":[{"name":"wp","href":"https:\/\/api.w.org\/{rel}","templated":true}]}}