{"id":8440,"date":"2025-11-20T15:17:56","date_gmt":"2025-11-20T14:17:56","guid":{"rendered":"https:\/\/redoo-networks.com\/?page_id=8440"},"modified":"2025-11-20T15:18:01","modified_gmt":"2025-11-20T14:18:01","slug":"developpement-dapplications","status":"publish","type":"page","link":"https:\/\/redoo-networks.com\/fr\/developpement-dapplications\/","title":{"rendered":"D\u00e9veloppement d\u2019applications"},"content":{"rendered":"<div class=\"wpb-content-wrapper\"><p>[vc_row full_width=\u00a0\u00bbstretch_row\u00a0\u00bb content_placement=\u00a0\u00bbmiddle\u00a0\u00bb el_class=\u00a0\u00bbmybgrow\u00a0\u00bb][vc_column width=\u00a0\u00bb1\/2&Prime;][vc_column_text css_animation=\u00a0\u00bbnone\u00a0\u00bb css=\u00a0\u00bb\u00a0\u00bb]<\/p>\n<h1><strong>D\u00e9veloppement d\u2019applications sur mesure pour les PME \u2013 Efficace, flexible &amp; multiplateforme<\/strong><\/h1>\n<p>[\/vc_column_text][\/vc_column][vc_column width=\u00a0\u00bb1\/2&Prime;][vc_single_image image=\u00a0\u00bb7323&Prime; img_size=\u00a0\u00bbfull\u00a0\u00bb alignment=\u00a0\u00bbcenter\u00a0\u00bb css=\u00a0\u00bb\u00a0\u00bb image_hovers=\u00a0\u00bbfalse\u00a0\u00bb][\/vc_column][\/vc_row][vc_row css_animation=\u00a0\u00bbslideInUp\u00a0\u00bb bg_type=\u00a0\u00bbimage\u00a0\u00bb parallax_style=\u00a0\u00bbvcpb-default\u00a0\u00bb bg_image_new=\u00a0\u00bbid^7908|url^https:\/\/redoo-networks.com\/wp-content\/uploads\/2025\/03\/App-Entwicklung_899695644.jpg|caption^null|alt^null|title^App-Entwicklung_899695644|description^null\u00a0\u00bb bg_image_repeat=\u00a0\u00bbno-repeat\u00a0\u00bb bg_image_size=\u00a0\u00bbcontain\u00a0\u00bb bg_image_posiiton=\u00a0\u00bbright top\u00a0\u00bb css=\u00a0\u00bb.vc_custom_1742376917748{background-color: #ffffff !important;}\u00a0\u00bb el_class=\u00a0\u00bbmyphotobgrow\u00a0\u00bb][vc_column width=\u00a0\u00bb2\/3&Prime;][vc_column_text css_animation=\u00a0\u00bbnone\u00a0\u00bb css=\u00a0\u00bb\u00a0\u00bb el_class=\u00a0\u00bbmyheadline whiteBG\u00a0\u00bb]<\/p>\n<p class=\"p1\"><strong>Applications sur mesure pour vos processus m\u00e9tier \u2013 con\u00e7ues exactement selon vos besoins!<\/strong><\/p>\n<p class=\"p1\">Les applications standards ne r\u00e9pondent souvent pas aux exigences sp\u00e9cifiques de chaque secteur. C\u2019est pourquoi nous d\u00e9veloppons <strong>des applications personnalis\u00e9es pour les PME<\/strong>, parfaitement adapt\u00e9es \u00e0 vos flux de travail et processus m\u00e9tier \u2013 garantissant <strong>une efficacit\u00e9 accrue, une meilleure documentation et une utilisation mobile fluide<\/strong>.<\/p>\n<p>[\/vc_column_text][\/vc_column][vc_column width=\u00a0\u00bb1\/3&Prime;][\/vc_column][\/vc_row][vc_row full_width=\u00a0\u00bbstretch_row\u00a0\u00bb css=\u00a0\u00bb.vc_custom_1741342950854{background-color: #F0F0F0 !important;}\u00a0\u00bb][vc_column][vc_column_text css_animation=\u00a0\u00bbslideInUp\u00a0\u00bb css=\u00a0\u00bb\u00a0\u00bb el_class=\u00a0\u00bbmyheadline\u00a0\u00bb]<\/p>\n<h3>Quand une application personnalis\u00e9e est-elle judicieuse pour votre entreprise ?<\/h3>\n<ul>\n<li>Vos <strong>processus sont complexes<\/strong> et n\u00e9cessitent une solution sur mesure<\/li>\n<li>Vous souhaitez <strong>num\u00e9riser vos flux de travail<\/strong> pour r\u00e9duire les erreurs et le travail manuel<\/li>\n<li>Les applications standard sont <strong>trop rigides<\/strong> ou ne r\u00e9pondent pas \u00e0 vos besoins<\/li>\n<li>Vous avez besoin d\u2019une application qui <strong>s\u2019int\u00e8gre parfaitement<\/strong> \u00e0 vos syst\u00e8mes existants<\/li>\n<\/ul>\n<p>[\/vc_column_text][\/vc_column][\/vc_row][vc_row][vc_column][vc_column_text css_animation=\u00a0\u00bbslideInUp\u00a0\u00bb css=\u00a0\u00bb\u00a0\u00bb el_class=\u00a0\u00bbmyheadline\u00a0\u00bb]<\/p>\n<h2 class=\"p1\">Solutions \u00e9prouv\u00e9es pour des d\u00e9fis concrets<\/h2>\n<p class=\"p1\">\ud83d\udccc <strong>Au-del\u00e0 des exemples ci-dessous, nous avons d\u00e9velopp\u00e9 de nombreuses applications personnalis\u00e9es pour les PME, notamment des solutions CRM mobiles, des portails de commandes et de clients, des applications de maintenance, des outils de suivi du temps, et bien plus encore.<\/strong><\/p>\n<p>[\/vc_column_text][vc_column_text css=\u00a0\u00bb\u00a0\u00bb]<a class=\"button\" style=\"font-size: 20px;\" href=\"\/fr\/contact\/\"> Discutons de votre solution unique &gt;<\/a>[\/vc_column_text][vc_separator color=\u00a0\u00bbcustom\u00a0\u00bb border_width=\u00a0\u00bb3&Prime; css=\u00a0\u00bb\u00a0\u00bb accent_color=\u00a0\u00bb#CC2222&Prime;][\/vc_column][\/vc_row][vc_row css_animation=\u00a0\u00bbslideInUp\u00a0\u00bb][vc_column width=\u00a0\u00bb1\/4&Prime;][vc_single_image image=\u00a0\u00bb8441&Prime; css=\u00a0\u00bb\u00a0\u00bb el_class=\u00a0\u00bbmyicon\u00a0\u00bb][\/vc_column][vc_column width=\u00a0\u00bb3\/4&Prime;][vc_column_text css=\u00a0\u00bb\u00a0\u00bb el_class=\u00a0\u00bbmyheadline\u00a0\u00bb]<\/p>\n<h3><strong>Inspection de terrains de jeu \u2013<\/strong> Contr\u00f4les de s\u00e9curit\u00e9 mobiles pour les municipalit\u00e9s et les inspecteurs<\/h3>\n<ul>\n<li><strong>Listes de contr\u00f4le pour l\u2019inspection &amp; la maintenance<\/strong><\/li>\n<li><strong>T\u00e9l\u00e9chargement de photos<\/strong> pour la documentation<\/li>\n<li><strong>Suivi de localisation bas\u00e9 sur le GPS<\/strong><\/li>\n<li><strong>Rapports automatis\u00e9s &amp; export PDF<\/strong><\/li>\n<\/ul>\n<p>[\/vc_column_text][vc_separator color=\u00a0\u00bbcustom\u00a0\u00bb border_width=\u00a0\u00bb3&Prime; css=\u00a0\u00bb\u00a0\u00bb accent_color=\u00a0\u00bb#CC2222&Prime;][\/vc_column][\/vc_row][vc_row css_animation=\u00a0\u00bbslideInUp\u00a0\u00bb][vc_column width=\u00a0\u00bb1\/4&Prime;][vc_single_image image=\u00a0\u00bb8442&Prime; css=\u00a0\u00bb\u00a0\u00bb el_class=\u00a0\u00bbmyicon\u00a0\u00bb][\/vc_column][vc_column width=\u00a0\u00bb3\/4&Prime;][vc_column_text css=\u00a0\u00bb\u00a0\u00bb el_class=\u00a0\u00bbmyheadline\u00a0\u00bb]<\/p>\n<h3><strong>Journal de chantier \u2013<\/strong> Documentation num\u00e9rique de l\u2019avancement pour les entreprises de construction<\/h3>\n<ul>\n<li><strong>Rapports quotidiens<\/strong> avec \u00e9dition de photos, donn\u00e9es GPS &amp; commentaires<\/li>\n<li><strong>Suivi des mat\u00e9riaux &amp; gestion des livraisons<\/strong><\/li>\n<li><strong>Mode hors ligne<\/strong> pour travailler sans acc\u00e8s internet<\/li>\n<li><strong>Fonctions d\u2019export<\/strong> pour les dossiers et rapports de chantier<\/li>\n<\/ul>\n<p>[\/vc_column_text][vc_separator color=\u00a0\u00bbcustom\u00a0\u00bb border_width=\u00a0\u00bb3&Prime; css=\u00a0\u00bb\u00a0\u00bb accent_color=\u00a0\u00bb#CC2222&Prime;][\/vc_column][\/vc_row][vc_row css_animation=\u00a0\u00bbslideInUp\u00a0\u00bb][vc_column width=\u00a0\u00bb1\/4&Prime;][vc_single_image image=\u00a0\u00bb8418&Prime; css=\u00a0\u00bb\u00a0\u00bb el_class=\u00a0\u00bbmyicon\u00a0\u00bb][\/vc_column][vc_column width=\u00a0\u00bb3\/4&Prime;][vc_column_text css=\u00a0\u00bb\u00a0\u00bb el_class=\u00a0\u00bbmyheadline\u00a0\u00bb]<\/p>\n<h3><strong>Application Camion \u2013<\/strong> Planification intelligente des itin\u00e9raires &amp; documents de fret num\u00e9riques pour les entreprises logistiques<\/h3>\n<ul>\n<li><strong>Gestion num\u00e9rique des commandes<\/strong> &amp; attribution des conducteurs<\/li>\n<li><strong>Planification d\u2019itin\u00e9raires GPS<\/strong> avec donn\u00e9es de trafic en temps r\u00e9el<\/li>\n<li><strong>Fonction de num\u00e9risation<\/strong> pour les documents de fret &amp; bons de livraison<\/li>\n<li><strong>Communication en temps r\u00e9el<\/strong> entre dispatchers &amp; conducteurs<\/li>\n<\/ul>\n<p>[\/vc_column_text][\/vc_column][\/vc_row][vc_row full_width=\u00a0\u00bbstretch_row\u00a0\u00bb content_placement=\u00a0\u00bbmiddle\u00a0\u00bb el_class=\u00a0\u00bbmybgrow\u00a0\u00bb][vc_column width=\u00a0\u00bb1\/4&Prime;][vc_single_image image=\u00a0\u00bb7279&Prime; img_size=\u00a0\u00bbmedium\u00a0\u00bb css_animation=\u00a0\u00bbslideInUp\u00a0\u00bb css=\u00a0\u00bb\u00a0\u00bb el_class=\u00a0\u00bbmyicon\u00a0\u00bb][\/vc_column][vc_column width=\u00a0\u00bb3\/4&Prime;][vc_column_text css_animation=\u00a0\u00bbslideInUp\u00a0\u00bb css=\u00a0\u00bb\u00a0\u00bb el_class=\u00a0\u00bbmyheadline\u00a0\u00bb]<\/p>\n<h3>Pourquoi d\u00e9velopper votre application avec REDOO-NETWORKS ?<\/h3>\n<ul>\n<li><strong>Optimis\u00e9 pour les PME<\/strong> \u2013 Applications sur mesure pour vos processus m\u00e9tier<\/li>\n<li><strong>Compatibilit\u00e9 multiplateforme<\/strong> \u2013 Applications natives &amp; hybrides pour iOS &amp; Android<\/li>\n<li><strong>Int\u00e9gration fluide<\/strong> \u2013 Connexions API avec vos syst\u00e8mes existants<\/li>\n<li><strong>\u00c9volutif &amp; flexible<\/strong> \u2013 Votre application \u00e9volue avec votre entreprise<\/li>\n<li><strong>Mise en \u0153uvre rapide<\/strong> \u2013 D\u00e9veloppement efficace soutenu par des ann\u00e9es d\u2019expertise<\/li>\n<\/ul>\n<p>[\/vc_column_text][\/vc_column][\/vc_row][vc_row][vc_column][vc_empty_space][\/vc_column][\/vc_row][vc_row content_placement=\u00a0\u00bbmiddle\u00a0\u00bb][vc_column width=\u00a0\u00bb1\/2&Prime;][vc_column_text css=\u00a0\u00bb\u00a0\u00bb el_class=\u00a0\u00bbmyheadline\u00a0\u00bb]<\/p>\n<h3><strong>D\u00e9veloppons votre application sur mesure ensemble \u2013 demandez une consultation gratuite d\u00e8s maintenant!<\/strong><\/h3>\n<p>[\/vc_column_text][\/vc_column][vc_column width=\u00a0\u00bb1\/2&Prime;][vc_column_text css=\u00a0\u00bb\u00a0\u00bb]<a class=\"button\" style=\"font-size: 20px;\" href=\"\/fr\/contact\/\">R\u00e9server une consultation gratuite &gt;<\/a>[\/vc_column_text][\/vc_column][\/vc_row]<\/p>\n<\/div>","protected":false},"excerpt":{"rendered":"<p>[vc_row full_width=\u00a0\u00bbstretch_row\u00a0\u00bb content_placement=\u00a0\u00bbmiddle\u00a0\u00bb el_class=\u00a0\u00bbmybgrow\u00a0\u00bb][vc_column width=\u00a0\u00bb1\/2&Prime;][vc_column_text css_animation=\u00a0\u00bbnone\u00a0\u00bb css=\u00a0\u00bb\u00a0\u00bb] D\u00e9veloppement d\u2019applications sur mesure pour les PME \u2013 Efficace, flexible &amp; multiplateforme [\/vc_column_text][\/vc_column][vc_column width=\u00a0\u00bb1\/2&Prime;][vc_single_image image=\u00a0\u00bb7323&Prime; img_size=\u00a0\u00bbfull\u00a0\u00bb alignment=\u00a0\u00bbcenter\u00a0\u00bb css=\u00a0\u00bb\u00a0\u00bb image_hovers=\u00a0\u00bbfalse\u00a0\u00bb][\/vc_column][\/vc_row][vc_row css_animation=\u00a0\u00bbslideInUp\u00a0\u00bb bg_type=\u00a0\u00bbimage\u00a0\u00bb parallax_style=\u00a0\u00bbvcpb-default\u00a0\u00bb bg_image_new=\u00a0\u00bbid^7908|url^https:\/\/redoo-networks.com\/wp-content\/uploads\/2025\/03\/App-Entwicklung_899695644.jpg|caption^null|alt^null|title^App-Entwicklung_899695644|description^null\u00a0\u00bb bg_image_repeat=\u00a0\u00bbno-repeat\u00a0\u00bb bg_image_size=\u00a0\u00bbcontain\u00a0\u00bb bg_image_posiiton=\u00a0\u00bbright top\u00a0\u00bb css=\u00a0\u00bb.vc_custom_1742376917748{background-color: #ffffff !important;}\u00a0\u00bb el_class=\u00a0\u00bbmyphotobgrow\u00a0\u00bb][vc_column width=\u00a0\u00bb2\/3&Prime;][vc_column_text css_animation=\u00a0\u00bbnone\u00a0\u00bb css=\u00a0\u00bb\u00a0\u00bb el_class=\u00a0\u00bbmyheadline whiteBG\u00a0\u00bb] Applications sur mesure pour vos processus m\u00e9tier \u2013 con\u00e7ues exactement selon vos&hellip;<\/p>\n","protected":false},"author":3,"featured_media":0,"parent":0,"menu_order":0,"comment_status":"closed","ping_status":"closed","template":"","meta":{"footnotes":""},"class_list":["post-8440","page","type-page","status-publish","hentry","description-off"],"_links":{"self":[{"href":"https:\/\/redoo-networks.com\/fr\/wp-json\/wp\/v2\/pages\/8440","targetHints":{"allow":["GET"]}}],"collection":[{"href":"https:\/\/redoo-networks.com\/fr\/wp-json\/wp\/v2\/pages"}],"about":[{"href":"https:\/\/redoo-networks.com\/fr\/wp-json\/wp\/v2\/types\/page"}],"author":[{"embeddable":true,"href":"https:\/\/redoo-networks.com\/fr\/wp-json\/wp\/v2\/users\/3"}],"replies":[{"embeddable":true,"href":"https:\/\/redoo-networks.com\/fr\/wp-json\/wp\/v2\/comments?post=8440"}],"version-history":[{"count":6,"href":"https:\/\/redoo-networks.com\/fr\/wp-json\/wp\/v2\/pages\/8440\/revisions"}],"predecessor-version":[{"id":8527,"href":"https:\/\/redoo-networks.com\/fr\/wp-json\/wp\/v2\/pages\/8440\/revisions\/8527"}],"wp:attachment":[{"href":"https:\/\/redoo-networks.com\/fr\/wp-json\/wp\/v2\/media?parent=8440"}],"curies":[{"name":"wp","href":"https:\/\/api.w.org\/{rel}","templated":true}]}}