{"id":8448,"date":"2025-11-20T15:17:55","date_gmt":"2025-11-20T14:17:55","guid":{"rendered":"https:\/\/redoo-networks.com\/?page_id=8448"},"modified":"2025-11-20T15:18:01","modified_gmt":"2025-11-20T14:18:01","slug":"api-integration-des-systemes","status":"publish","type":"page","link":"https:\/\/redoo-networks.com\/fr\/api-integration-des-systemes\/","title":{"rendered":"API &#038; int\u00e9gration des syst\u00e8mes"},"content":{"rendered":"<div class=\"wpb-content-wrapper\"><p>[vc_row full_width=\u00a0\u00bbstretch_row\u00a0\u00bb content_placement=\u00a0\u00bbmiddle\u00a0\u00bb el_class=\u00a0\u00bbmybgrow\u00a0\u00bb][vc_column width=\u00a0\u00bb1\/2&Prime;][vc_column_text css_animation=\u00a0\u00bbnone\u00a0\u00bb css=\u00a0\u00bb\u00a0\u00bb]<\/p>\n<h1><strong>Int\u00e9gration syst\u00e8me fluide pour les PME \u2013 Flux de travail automatis\u00e9s &amp; processus informatiques efficaces<\/strong><\/h1>\n<p>[\/vc_column_text][\/vc_column][vc_column width=\u00a0\u00bb1\/2&Prime;][vc_single_image image=\u00a0\u00bb7323&Prime; img_size=\u00a0\u00bbfull\u00a0\u00bb alignment=\u00a0\u00bbcenter\u00a0\u00bb css=\u00a0\u00bb\u00a0\u00bb image_hovers=\u00a0\u00bbfalse\u00a0\u00bb][\/vc_column][\/vc_row][vc_row css_animation=\u00a0\u00bbslideInUp\u00a0\u00bb bg_type=\u00a0\u00bbimage\u00a0\u00bb parallax_style=\u00a0\u00bbvcpb-default\u00a0\u00bb bg_image_new=\u00a0\u00bbid^7914|url^https:\/\/redoo-networks.com\/wp-content\/uploads\/2025\/03\/Systemintegration_1025296421.jpg|caption^null|alt^null|title^Systemintegration_1025296421|description^null\u00a0\u00bb bg_image_repeat=\u00a0\u00bbno-repeat\u00a0\u00bb bg_image_size=\u00a0\u00bbcontain\u00a0\u00bb bg_image_posiiton=\u00a0\u00bbright top\u00a0\u00bb css=\u00a0\u00bb.vc_custom_1742377378399{background-color: #ffffff !important;}\u00a0\u00bb el_class=\u00a0\u00bbmyphotobgrow\u00a0\u00bb][vc_column width=\u00a0\u00bb2\/3&Prime;][vc_column_text css_animation=\u00a0\u00bbnone\u00a0\u00bb css=\u00a0\u00bb\u00a0\u00bb el_class=\u00a0\u00bbmyheadline whiteBG\u00a0\u00bb]<\/p>\n<p class=\"p1\"><strong>Moins de travail manuel, plus d\u2019efficacit\u00e9 \u2013 faites fonctionner vos syst\u00e8mes en parfaite harmonie!<\/strong><\/p>\n<p class=\"p1\">De nombreuses entreprises utilisent des syst\u00e8mes informatiques d\u00e9connect\u00e9s, ce qui entra\u00eene des processus manuels inutiles qui <strong>font perdre du temps, augmentent les co\u00fbts et perturbent les flux de travail<\/strong>. Nous int\u00e9grons vos logiciels, automatisons les flux de donn\u00e9es et garantissons <strong>des processus num\u00e9riques fluides et efficaces<\/strong> \u2013 adapt\u00e9s \u00e0 votre PME.<\/p>\n<p>[\/vc_column_text][\/vc_column][vc_column width=\u00a0\u00bb1\/3&Prime;][\/vc_column][\/vc_row][vc_row full_width=\u00a0\u00bbstretch_row\u00a0\u00bb css=\u00a0\u00bb.vc_custom_1742219887824{background-color: #F0F0F0 !important;}\u00a0\u00bb][vc_column][vc_column_text css_animation=\u00a0\u00bbslideInUp\u00a0\u00bb css=\u00a0\u00bb\u00a0\u00bb el_class=\u00a0\u00bbmyheadline\u00a0\u00bb]<\/p>\n<h3>Quand l\u2019int\u00e9gration des syst\u00e8mes est-elle judicieuse ?<\/h3>\n<ul>\n<li><span style=\"font-weight: 400;\">Vous passez \u00e0 un <\/span><b>nouveau syst\u00e8me<\/b><span style=\"font-weight: 400;\"> et devez migrer de grandes quantit\u00e9s de donn\u00e9es<\/span><\/li>\n<li><span style=\"font-weight: 400;\">Vos \u00e9quipes utilisent <\/span><b>plusieurs outils<\/b><span style=\"font-weight: 400;\">, mais les syst\u00e8mes ne communiquent pas<\/span><\/li>\n<li><span style=\"font-weight: 400;\">Vous avez <\/span><b>une forte charge de travail manuel<\/b><span style=\"font-weight: 400;\"> pour la saisie de donn\u00e9es, la facturation ou le traitement des commandes<\/span><\/li>\n<li><span style=\"font-weight: 400;\">Vous souhaitez <\/span><b>\u00e9liminer les erreurs dues aux doubles saisies &amp; automatiser les processus<\/b><\/li>\n<\/ul>\n<p>[\/vc_column_text][\/vc_column][\/vc_row][vc_row][vc_column][vc_column_text css_animation=\u00a0\u00bbslideInUp\u00a0\u00bb css=\u00a0\u00bb\u00a0\u00bb el_class=\u00a0\u00bbmyheadline\u00a0\u00bb]<\/p>\n<h2 class=\"p1\">Nos solutions d\u2019int\u00e9gration \u2013 efficaces &amp; s\u00e9curis\u00e9es<\/h2>\n<p class=\"p1\">\ud83d\udccc <strong>Au-del\u00e0 des solutions list\u00e9es ci-dessous, nous d\u00e9veloppons des int\u00e9grations personnalis\u00e9es pour les PME de divers secteurs, notamment le commerce de d\u00e9tail, la fabrication, la logistique et la construction.<\/strong><\/p>\n<p>[\/vc_column_text][vc_column_text css=\u00a0\u00bb\u00a0\u00bb]<a class=\"button\" style=\"font-size: 20px;\" href=\"\/fr\/contact\/\">Optimisons vos processus informatiques &gt;<\/a>[\/vc_column_text][vc_separator color=\u00a0\u00bbcustom\u00a0\u00bb border_width=\u00a0\u00bb3&Prime; css=\u00a0\u00bb\u00a0\u00bb accent_color=\u00a0\u00bb#CC2222&Prime;][\/vc_column][\/vc_row][vc_row css_animation=\u00a0\u00bbslideInUp\u00a0\u00bb][vc_column width=\u00a0\u00bb1\/4&Prime;][vc_single_image image=\u00a0\u00bb8450&Prime; css=\u00a0\u00bb\u00a0\u00bb el_class=\u00a0\u00bbmyicon\u00a0\u00bb][\/vc_column][vc_column width=\u00a0\u00bb3\/4&Prime;][vc_column_text css=\u00a0\u00bb\u00a0\u00bb el_class=\u00a0\u00bbmyheadline\u00a0\u00bb]<\/p>\n<h3><b>D\u00e9veloppement d\u2019API \u2013<\/b> Connexions fluides pour vos logiciels<\/h3>\n<ul>\n<li><span style=\"font-weight: 400;\">D\u00e9veloppement d\u2019API sur mesure pour <\/span><b>syst\u00e8mes internes &amp; externes<\/b><\/li>\n<li><span style=\"font-weight: 400;\">Int\u00e9gration avec <\/span><b>ERP, CRM &amp; logiciels de comptabilit\u00e9<\/b><\/li>\n<li><span style=\"font-weight: 400;\">Optimisation des performances pour les API existantes<\/span><\/li>\n<li><b>Authentification &amp; chiffrement s\u00e9curis\u00e9s<\/b><\/li>\n<\/ul>\n<p>[\/vc_column_text][vc_separator color=\u00a0\u00bbcustom\u00a0\u00bb border_width=\u00a0\u00bb3&Prime; css=\u00a0\u00bb\u00a0\u00bb accent_color=\u00a0\u00bb#CC2222&Prime;][\/vc_column][\/vc_row][vc_row css_animation=\u00a0\u00bbslideInUp\u00a0\u00bb][vc_column width=\u00a0\u00bb1\/4&Prime;][vc_single_image image=\u00a0\u00bb8449&Prime; css=\u00a0\u00bb\u00a0\u00bb el_class=\u00a0\u00bbmyicon\u00a0\u00bb][\/vc_column][vc_column width=\u00a0\u00bb3\/4&Prime;][vc_column_text css=\u00a0\u00bb\u00a0\u00bb el_class=\u00a0\u00bbmyheadline\u00a0\u00bb]<\/p>\n<h3><b>Migration &amp; synchronisation des donn\u00e9es \u2013<\/b> \u00c9change de donn\u00e9es efficace entre les syst\u00e8mes<\/h3>\n<ul>\n<li><b>Migration automatis\u00e9e des donn\u00e9es<\/b><span style=\"font-weight: 400;\"> lors du changement de syst\u00e8me<\/span><\/li>\n<li><b>Synchronisation r\u00e9guli\u00e8re<\/b><span style=\"font-weight: 400;\"> entre les plateformes CRM, ERP &amp; comptabilit\u00e9<\/span><\/li>\n<li><b>Validation des donn\u00e9es<\/b><span style=\"font-weight: 400;\"> pour \u00e9viter les doublons &amp; les erreurs<\/span><\/li>\n<li><b>Strat\u00e9gies de sauvegarde<\/b><span style=\"font-weight: 400;\"> pour prot\u00e9ger les donn\u00e9es sensibles<\/span><\/li>\n<\/ul>\n<p>[\/vc_column_text][vc_separator color=\u00a0\u00bbcustom\u00a0\u00bb border_width=\u00a0\u00bb3&Prime; css=\u00a0\u00bb\u00a0\u00bb accent_color=\u00a0\u00bb#CC2222&Prime;][\/vc_column][\/vc_row][vc_row css_animation=\u00a0\u00bbslideInUp\u00a0\u00bb][vc_column width=\u00a0\u00bb1\/4&Prime;][vc_single_image image=\u00a0\u00bb8451&Prime; css=\u00a0\u00bb\u00a0\u00bb el_class=\u00a0\u00bbmyicon\u00a0\u00bb][\/vc_column][vc_column width=\u00a0\u00bb3\/4&Prime;][vc_column_text css=\u00a0\u00bb\u00a0\u00bb el_class=\u00a0\u00bbmyheadline\u00a0\u00bb]<\/p>\n<h3><b>Int\u00e9gration e-commerce &amp; passerelles de paiement \u2013<\/b> Processus de boutique en ligne optimis\u00e9s<\/h3>\n<p><span style=\"font-weight: 400;\">Qu\u2019il s\u2019agisse de connexions de boutiques, de configurateurs de produits ou d\u2019int\u00e9gration CRM \u2013 nous assurons un fonctionnement e-commerce fluide.<\/span><\/p>\n<ul>\n<li><span style=\"font-weight: 400;\">Int\u00e9gration avec <\/span><b>Shopify, WooCommerce, Magento &amp; plus<\/b><\/li>\n<li><span style=\"font-weight: 400;\">Connexion aux <\/span><b>fournisseurs de paiement<\/b><span style=\"font-weight: 400;\"> comme PayPal, Stripe, Klarna<\/span><\/li>\n<li><span style=\"font-weight: 400;\">Liaison avec <\/span><b>les services de stock &amp; d\u2019exp\u00e9dition<\/b><span style=\"font-weight: 400;\"> (DHL, UPS, FedEx)<\/span><\/li>\n<li><b>Facturation automatis\u00e9e &amp; synchronisation comptable<\/b><\/li>\n<li><span style=\"font-weight: 400;\">Int\u00e9gration de configurateurs produits pour <\/span><b>des processus de commande personnalis\u00e9s<\/b><\/li>\n<li><span style=\"font-weight: 400;\">Int\u00e9gration <\/span><b>CRM fluide<\/b><span style=\"font-weight: 400;\"> pour une gestion client automatis\u00e9e<\/span><\/li>\n<\/ul>\n<p>[\/vc_column_text][\/vc_column][\/vc_row][vc_row full_width=\u00a0\u00bbstretch_row\u00a0\u00bb content_placement=\u00a0\u00bbmiddle\u00a0\u00bb el_class=\u00a0\u00bbmybgrow\u00a0\u00bb][vc_column width=\u00a0\u00bb1\/4&Prime;][vc_single_image image=\u00a0\u00bb7279&Prime; img_size=\u00a0\u00bbmedium\u00a0\u00bb css_animation=\u00a0\u00bbslideInUp\u00a0\u00bb css=\u00a0\u00bb\u00a0\u00bb el_class=\u00a0\u00bbmyicon\u00a0\u00bb][\/vc_column][vc_column width=\u00a0\u00bb3\/4&Prime;][vc_column_text css_animation=\u00a0\u00bbslideInUp\u00a0\u00bb css=\u00a0\u00bb\u00a0\u00bb el_class=\u00a0\u00bbmyheadline\u00a0\u00bb]<\/p>\n<h2><b>Pourquoi choisir REDOO-NETWORKS pour l\u2019int\u00e9gration des syst\u00e8mes ?<\/b><\/h2>\n<ul>\n<li><b>Optimis\u00e9 pour les PME<\/b><span style=\"font-weight: 400;\"> \u2013 Des solutions personnalis\u00e9es qui apportent de r\u00e9els gains d\u2019efficacit\u00e9<\/span><\/li>\n<li><b>Compatibilit\u00e9 maximale<\/b><span style=\"font-weight: 400;\"> \u2013 Des interfaces pour tous les syst\u00e8mes et plateformes majeurs<\/span><\/li>\n<li><b>Flux de travail automatis\u00e9s<\/b><span style=\"font-weight: 400;\"> \u2013 Moins de travail manuel, plus de productivit\u00e9<\/span><\/li>\n<li><b>Int\u00e9gration fluide du CRM &amp; des configurateurs produits pour l\u2019e-commerce<\/b><\/li>\n<li><b>Mise en \u0153uvre rapide<\/b><span style=\"font-weight: 400;\"> \u2013 D\u00e9veloppement efficace soutenu par des ann\u00e9es d\u2019expertise<\/span><\/li>\n<\/ul>\n<p>[\/vc_column_text][\/vc_column][\/vc_row][vc_row][vc_column][vc_empty_space][\/vc_column][\/vc_row][vc_row content_placement=\u00a0\u00bbmiddle\u00a0\u00bb][vc_column width=\u00a0\u00bb1\/2&Prime;][vc_column_text css=\u00a0\u00bb\u00a0\u00bb el_class=\u00a0\u00bbmyheadline\u00a0\u00bb]<\/p>\n<h3><strong>Connectons vos syst\u00e8mes informatiques en toute fluidit\u00e9 \u2013 demandez une consultation gratuite d\u00e8s aujourd\u2019hui!<\/strong><\/h3>\n<p>[\/vc_column_text][\/vc_column][vc_column width=\u00a0\u00bb1\/2&Prime;][vc_column_text css=\u00a0\u00bb\u00a0\u00bb]<a class=\"button\" style=\"font-size: 20px;\" href=\"\/fr\/contact\/\">R\u00e9server une consultation gratuite &gt;<\/a>[\/vc_column_text][\/vc_column][\/vc_row]<\/p>\n<\/div>","protected":false},"excerpt":{"rendered":"<p>[vc_row full_width=\u00a0\u00bbstretch_row\u00a0\u00bb content_placement=\u00a0\u00bbmiddle\u00a0\u00bb el_class=\u00a0\u00bbmybgrow\u00a0\u00bb][vc_column width=\u00a0\u00bb1\/2&Prime;][vc_column_text css_animation=\u00a0\u00bbnone\u00a0\u00bb css=\u00a0\u00bb\u00a0\u00bb] Int\u00e9gration syst\u00e8me fluide pour les PME \u2013 Flux de travail automatis\u00e9s &amp; processus informatiques efficaces [\/vc_column_text][\/vc_column][vc_column width=\u00a0\u00bb1\/2&Prime;][vc_single_image image=\u00a0\u00bb7323&Prime; img_size=\u00a0\u00bbfull\u00a0\u00bb alignment=\u00a0\u00bbcenter\u00a0\u00bb css=\u00a0\u00bb\u00a0\u00bb image_hovers=\u00a0\u00bbfalse\u00a0\u00bb][\/vc_column][\/vc_row][vc_row css_animation=\u00a0\u00bbslideInUp\u00a0\u00bb bg_type=\u00a0\u00bbimage\u00a0\u00bb parallax_style=\u00a0\u00bbvcpb-default\u00a0\u00bb bg_image_new=\u00a0\u00bbid^7914|url^https:\/\/redoo-networks.com\/wp-content\/uploads\/2025\/03\/Systemintegration_1025296421.jpg|caption^null|alt^null|title^Systemintegration_1025296421|description^null\u00a0\u00bb bg_image_repeat=\u00a0\u00bbno-repeat\u00a0\u00bb bg_image_size=\u00a0\u00bbcontain\u00a0\u00bb bg_image_posiiton=\u00a0\u00bbright top\u00a0\u00bb css=\u00a0\u00bb.vc_custom_1742377378399{background-color: #ffffff !important;}\u00a0\u00bb el_class=\u00a0\u00bbmyphotobgrow\u00a0\u00bb][vc_column width=\u00a0\u00bb2\/3&Prime;][vc_column_text css_animation=\u00a0\u00bbnone\u00a0\u00bb css=\u00a0\u00bb\u00a0\u00bb el_class=\u00a0\u00bbmyheadline whiteBG\u00a0\u00bb] Moins de travail manuel, plus d\u2019efficacit\u00e9 \u2013 faites fonctionner&hellip;<\/p>\n","protected":false},"author":3,"featured_media":0,"parent":0,"menu_order":0,"comment_status":"closed","ping_status":"closed","template":"","meta":{"footnotes":""},"class_list":["post-8448","page","type-page","status-publish","hentry","description-off"],"_links":{"self":[{"href":"https:\/\/redoo-networks.com\/fr\/wp-json\/wp\/v2\/pages\/8448","targetHints":{"allow":["GET"]}}],"collection":[{"href":"https:\/\/redoo-networks.com\/fr\/wp-json\/wp\/v2\/pages"}],"about":[{"href":"https:\/\/redoo-networks.com\/fr\/wp-json\/wp\/v2\/types\/page"}],"author":[{"embeddable":true,"href":"https:\/\/redoo-networks.com\/fr\/wp-json\/wp\/v2\/users\/3"}],"replies":[{"embeddable":true,"href":"https:\/\/redoo-networks.com\/fr\/wp-json\/wp\/v2\/comments?post=8448"}],"version-history":[{"count":7,"href":"https:\/\/redoo-networks.com\/fr\/wp-json\/wp\/v2\/pages\/8448\/revisions"}],"predecessor-version":[{"id":8526,"href":"https:\/\/redoo-networks.com\/fr\/wp-json\/wp\/v2\/pages\/8448\/revisions\/8526"}],"wp:attachment":[{"href":"https:\/\/redoo-networks.com\/fr\/wp-json\/wp\/v2\/media?parent=8448"}],"curies":[{"name":"wp","href":"https:\/\/api.w.org\/{rel}","templated":true}]}}