{"id":8518,"date":"2025-11-20T15:18:00","date_gmt":"2025-11-20T14:18:00","guid":{"rendered":"https:\/\/redoo-networks.com\/?page_id=8518"},"modified":"2025-11-20T15:18:03","modified_gmt":"2025-11-20T14:18:03","slug":"subvention-de-50","status":"publish","type":"page","link":"https:\/\/redoo-networks.com\/fr\/subvention-de-50\/","title":{"rendered":"Subvention de 50 %"},"content":{"rendered":"<div class=\"wpb-content-wrapper\"><p>[vc_row full_width=\u00a0\u00bbstretch_row\u00a0\u00bb content_placement=\u00a0\u00bbmiddle\u00a0\u00bb el_class=\u00a0\u00bbmybgrow\u00a0\u00bb][vc_column width=\u00a0\u00bb1\/2&Prime;][vc_column_text css_animation=\u00a0\u00bbnone\u00a0\u00bb css=\u00a0\u00bb\u00a0\u00bb]<\/p>\n<h1>BIG Digital \u2013 Subvention num\u00e9rique pour les PME du Brandebourg<\/h1>\n<p><strong>50 % de financement pour votre transformation num\u00e9rique \u2013 nous vous aidons \u00e0 la demande et \u00e0 la mise en \u0153uvre<\/strong><br \/>\n[\/vc_column_text][vc_column_text css_animation=\u00a0\u00bbnone\u00a0\u00bb css=\u00a0\u00bb\u00a0\u00bb el_class=\u00a0\u00bbmyheadline whiteBG\u00a0\u00bb]<\/p>\n<p class=\"p1\">En tant que petite ou moyenne entreprise (PME) bas\u00e9e dans le <span class=\"s1\"><b>Brandebourg<\/b><\/span>, vous pouvez obtenir jusqu\u2019\u00e0 <span class=\"s1\"><b>50 % de vos co\u00fbts de num\u00e9risation<\/b><\/span> rembours\u00e9s par le programme de soutien <span class=\"s1\"><b>BIG Digital<\/b><\/span>.<\/p>\n<p class=\"p1\">Avec REDOO-NETWORKS et nos partenaires de financement, vous r\u00e9alisez vos projets de num\u00e9risation de mani\u00e8re professionnelle, \u00e9ligible au financement et sans lourdeurs administratives.<\/p>\n<p>[\/vc_column_text][\/vc_column][vc_column width=\u00a0\u00bb1\/2&Prime;][vc_single_image image=\u00a0\u00bb7323&Prime; img_size=\u00a0\u00bbfull\u00a0\u00bb alignment=\u00a0\u00bbcenter\u00a0\u00bb css=\u00a0\u00bb\u00a0\u00bb image_hovers=\u00a0\u00bbfalse\u00a0\u00bb][\/vc_column][\/vc_row][vc_row full_width=\u00a0\u00bbstretch_row\u00a0\u00bb css=\u00a0\u00bb.vc_custom_1742224329559{background-color: #F0F0F0 !important;}\u00a0\u00bb][vc_column][vc_column_text css=\u00a0\u00bb\u00a0\u00bb el_class=\u00a0\u00bbmyheadline\u00a0\u00bb]<\/p>\n<h2>Qu\u2019est-ce que BIG Digital ?<\/h2>\n<p><b>BIG Digital<\/b> est un programme de financement du Land de Brandebourg. Il s\u2019adresse aux PME et subventionne :<\/p>\n<ul>\n<li>la <b>mise en place de syst\u00e8mes num\u00e9riques<\/b> (p. ex. ERP, CRM, intranet)<\/li>\n<li>l\u2019<b>optimisation des processus num\u00e9riques<\/b><\/li>\n<li>la <b>formation des collaborateurs<\/b><\/li>\n<li>l\u2019<b>\u00e9quipement technologique pour les projets de num\u00e9risation<\/b><\/li>\n<li><b>Subvention maximale : jusqu\u2019\u00e0 350 000 \u20ac par projet<\/b><\/li>\n<\/ul>\n<p>[\/vc_column_text][\/vc_column][\/vc_row][vc_row content_placement=\u00a0\u00bbbottom\u00a0\u00bb bg_type=\u00a0\u00bbimage\u00a0\u00bb parallax_style=\u00a0\u00bbvcpb-default\u00a0\u00bb bg_image_new=\u00a0\u00bbid^8273|url^https:\/\/redoo-networks.com\/wp-content\/uploads\/2025\/06\/Foerderberater-BIG-Digital_839050559-1.jpg|caption^null|alt^null|title^Foerderberater-BIG-Digital_839050559|description^null\u00a0\u00bb bg_image_repeat=\u00a0\u00bbno-repeat\u00a0\u00bb bg_image_size=\u00a0\u00bbcontain\u00a0\u00bb bg_image_posiiton=\u00a0\u00bbright top\u00a0\u00bb el_class=\u00a0\u00bbmyphotobgrow\u00a0\u00bb][vc_column width=\u00a0\u00bb2\/3&Prime;][vc_column_text css_animation=\u00a0\u00bbnone\u00a0\u00bb css=\u00a0\u00bb\u00a0\u00bb el_class=\u00a0\u00bbmyheadline whiteBG\u00a0\u00bb]<\/p>\n<h2>Vos avantages avec REDOO-NETWORKS comme partenaire de mise en \u0153uvre<\/h2>\n<ul>\n<li><b>Nos prestations (p. ex. digitalisation des processus, d\u00e9veloppements sur mesure ou automatisations) sont \u00e9ligibles au financement<\/b><\/li>\n<li><b>Les co\u00fbts de personnel interne sont \u00e9galement subventionn\u00e9s<\/b><\/li>\n<li><b>Nous vous mettons en relation avec des conseillers en financement exp\u00e9riment\u00e9s \u2013 r\u00e9mun\u00e9ration bas\u00e9e sur le succ\u00e8s<\/b><\/li>\n<li><b>Aucun co\u00fbt pr\u00e9alable, aucune incertitude<\/b><\/li>\n<li><b>Accompagnement tout au long du processus de financement et de mise en \u0153uvre<\/b><\/li>\n<\/ul>\n<p>[\/vc_column_text][\/vc_column][vc_column width=\u00a0\u00bb1\/3&Prime;][\/vc_column][\/vc_row][vc_row][vc_column][vc_empty_space][vc_separator css=\u00a0\u00bb\u00a0\u00bb][vc_empty_space][\/vc_column][\/vc_row][vc_row content_placement=\u00a0\u00bbmiddle\u00a0\u00bb][vc_column][vc_column_text css=\u00a0\u00bb\u00a0\u00bb el_class=\u00a0\u00bbmyheadline\u00a0\u00bb]<\/p>\n<h2>Qu\u2019est-ce qui est financ\u00e9 dans le cadre de BIG Digital ?<\/h2>\n<p>[\/vc_column_text][vc_column_text css=\u00a0\u00bb\u00a0\u00bb]<\/p>\n<table>\n<tbody>\n<tr>\n<td><b>Postes \u00e9ligibles<\/b><\/td>\n<td><b>Description<\/b><\/td>\n<\/tr>\n<tr>\n<td><b>Prestations externes (p. ex. REDOO-NETWORKS)<\/b><\/td>\n<td>Logiciels, impl\u00e9mentation, conseil, conception de processus<\/td>\n<\/tr>\n<tr>\n<td><b>Co\u00fbts de personnel interne<\/b><\/td>\n<td>Co\u00fbts des employ\u00e9s li\u00e9s au projet + 15 % de forfait employeur<\/td>\n<\/tr>\n<tr>\n<td><b>\u00c9quipement technique<\/b><\/td>\n<td>Ordinateurs portables, serveurs, infrastructure<\/td>\n<\/tr>\n<tr>\n<td><b>Formations<\/b><\/td>\n<td>Formation des employ\u00e9s \u00e0 l\u2019utilisation des nouveaux syst\u00e8mes<\/td>\n<\/tr>\n<tr>\n<td><b>Forfait de frais g\u00e9n\u00e9raux<\/b><\/td>\n<td>Forfait de 15 % sur les co\u00fbts de personnel<\/td>\n<\/tr>\n<\/tbody>\n<\/table>\n<p>[\/vc_column_text][\/vc_column][\/vc_row][vc_row content_placement=\u00a0\u00bbmiddle\u00a0\u00bb][vc_column][vc_column_text css=\u00a0\u00bb\u00a0\u00bb el_class=\u00a0\u00bbmyheadline\u00a0\u00bb]<\/p>\n<h2>Exemple de calcul pour un projet de num\u00e9risation typique<\/h2>\n<p>[\/vc_column_text][vc_column_text css=\u00a0\u00bb\u00a0\u00bb]<\/p>\n<table>\n<tbody>\n<tr>\n<td><b>Poste du projet<\/b><\/td>\n<td><b>Co\u00fbts<\/b><\/td>\n<\/tr>\n<tr>\n<td>Co\u00fbts de personnel internes (incl. majoration)<\/td>\n<td>138 000 \u20ac<\/td>\n<\/tr>\n<tr>\n<td>Prestations REDOO-NETWORKS<\/td>\n<td>100 000 \u20ac<\/td>\n<\/tr>\n<tr>\n<td>\u00c9quipement technique<\/td>\n<td>30 000 \u20ac<\/td>\n<\/tr>\n<tr>\n<td>Forfait de frais g\u00e9n\u00e9raux<\/td>\n<td>20 700 \u20ac<\/td>\n<\/tr>\n<tr>\n<td><b>Co\u00fbts totaux<\/b><\/td>\n<td><b>288 700 \u20ac<\/b><\/td>\n<\/tr>\n<tr>\n<td><b>Subvention BIG Digital (50 %)<\/b><\/td>\n<td><b>144 350 \u20ac<\/b><\/td>\n<\/tr>\n<\/tbody>\n<\/table>\n<p>[\/vc_column_text][\/vc_column][\/vc_row][vc_row][vc_column][vc_empty_space][vc_empty_space][\/vc_column][\/vc_row][vc_row full_width=\u00a0\u00bbstretch_row\u00a0\u00bb content_placement=\u00a0\u00bbmiddle\u00a0\u00bb el_class=\u00a0\u00bbmybgrow\u00a0\u00bb][vc_column width=\u00a0\u00bb1\/4&Prime;][vc_single_image image=\u00a0\u00bb7279&Prime; img_size=\u00a0\u00bbmedium\u00a0\u00bb css_animation=\u00a0\u00bbslideInUp\u00a0\u00bb css=\u00a0\u00bb\u00a0\u00bb el_class=\u00a0\u00bbmyicon\u00a0\u00bb][\/vc_column][vc_column width=\u00a0\u00bb3\/4&Prime;][vc_column_text css_animation=\u00a0\u00bbslideInUp\u00a0\u00bb css=\u00a0\u00bb\u00a0\u00bb el_class=\u00a0\u00bbmyheadline\u00a0\u00bb]<\/p>\n<h2>Subvention + mise en \u0153uvre = tout d\u2019une seule source<\/h2>\n<p>Avec REDOO-NETWORKS, vous b\u00e9n\u00e9ficiez non seulement d\u2019une solution \u00e9ligible au financement, mais aussi :<\/p>\n<ul>\n<li><strong>Conseil sur l\u2019\u00e9ligibilit\u00e9 de votre projet<\/strong><\/li>\n<li><strong>Mise en relation avec un conseiller en subventions sp\u00e9cialis\u00e9 (orient\u00e9 r\u00e9sultats)<\/strong><\/li>\n<li><strong>Assistance pour la demande, la communication avec l\u2019ILB et la documentation<\/strong><\/li>\n<li><strong>Mise en \u0153uvre technique et d\u00e9ploiement du syst\u00e8me par notre \u00e9quipe<\/strong><\/li>\n<li><strong>Accompagnement jusqu\u2019\u00e0 la cl\u00f4ture du projet et au rapport d\u2019utilisation<\/strong><\/li>\n<\/ul>\n<p>[\/vc_column_text][\/vc_column][\/vc_row][vc_row][vc_column][vc_empty_space][vc_empty_space][\/vc_column][\/vc_row][vc_row][vc_column width=\u00a0\u00bb1\/2&Prime;][vc_column_text css=\u00a0\u00bb\u00a0\u00bb el_class=\u00a0\u00bbmyheadline\u00a0\u00bb]<\/p>\n<h2>Qui peut d\u00e9poser une demande BIG Digital ?<\/h2>\n<p>Votre entreprise est \u00e9ligible si elle :<\/p>\n<ul>\n<li>dispose de son si\u00e8ge ou d\u2019un \u00e9tablissement dans le <strong>Brandebourg<\/strong><\/li>\n<li>compte <strong>moins de 250 employ\u00e9s<\/strong><\/li>\n<li>r\u00e9alise <strong>moins de 50 millions d\u2019euros de chiffre d\u2019affaires annuel<\/strong> ou poss\u00e8de un <strong>bilan inf\u00e9rieur \u00e0 43 millions d\u2019euros<\/strong><\/li>\n<\/ul>\n<p>[\/vc_column_text][\/vc_column][vc_column width=\u00a0\u00bb1\/2&Prime;][vc_column_text css=\u00a0\u00bb\u00a0\u00bb el_class=\u00a0\u00bbmyheadline\u00a0\u00bb]<\/p>\n<h2>Processus : Votre subvention en quelques \u00e9tapes<\/h2>\n<p><strong>1. Consultation initiale gratuite avec REDOO-NETWORKS<br \/>\n<\/strong><strong>2. V\u00e9rification de l\u2019\u00e9ligibilit\u00e9 de votre projet<br \/>\n<\/strong><strong>3. Mise en relation avec un conseiller en subventions (mod\u00e8le \u00e0 commission)<br \/>\n<\/strong><strong>4. D\u00e9p\u00f4t de la demande aupr\u00e8s de l\u2019ILB<br \/>\n<\/strong><strong>5. Approbation \u2192 Mise en \u0153uvre du projet avec notre \u00e9quipe<br \/>\n<\/strong><strong>6. Cl\u00f4ture &amp; justificatif d\u2019utilisation avec notre accompagnement<\/strong><br \/>\n[\/vc_column_text][\/vc_column][\/vc_row][vc_row][vc_column][vc_empty_space][vc_separator css=\u00a0\u00bb\u00a0\u00bb][vc_empty_space][\/vc_column][\/vc_row][vc_row content_placement=\u00a0\u00bbmiddle\u00a0\u00bb][vc_column width=\u00a0\u00bb2\/3&Prime;][vc_column_text css=\u00a0\u00bb\u00a0\u00bb el_class=\u00a0\u00bbmyheadline\u00a0\u00bb]<\/p>\n<h2>Obtenez votre consultation d\u00e8s maintenant \u2013 d\u00e9marrez sans risque<\/h2>\n<p><strong>Vous souhaitez savoir si votre projet est \u00e9ligible \u00e0 une subvention ?<br \/>\nNous vous le disons \u2013 rapidement, honn\u00eatement et sans engagement.<\/strong><br \/>\n[\/vc_column_text][\/vc_column][vc_column width=\u00a0\u00bb1\/3&Prime;][vc_column_text css=\u00a0\u00bb\u00a0\u00bb]<a class=\"button\" style=\"font-size: 20px;\" href=\"\/fr\/contact\/\">Beratung anfordern &gt;<\/a>[\/vc_column_text][\/vc_column][\/vc_row][vc_row][vc_column][vc_empty_space][vc_separator css=\u00a0\u00bb\u00a0\u00bb][vc_empty_space][\/vc_column][\/vc_row][vc_row el_class=\u00a0\u00bbmyheadline\u00a0\u00bb][vc_column][vc_tta_accordion style=\u00a0\u00bbflat\u00a0\u00bb shape=\u00a0\u00bbsquare\u00a0\u00bb active_section=\u00a0\u00bb1111&Prime; no_fill=\u00a0\u00bbtrue\u00a0\u00bb collapsible_all=\u00a0\u00bbtrue\u00a0\u00bb title=\u00a0\u00bbH\u00e4ufige Fragen und Antworten\u00a0\u00bb][vc_tta_section title=\u00a0\u00bbQuels types d\u2019entreprises peuvent b\u00e9n\u00e9ficier de BIG Digital ?\u00a0\u00bb tab_id=\u00a0\u00bb1748267447964-a14c5821-4b0d\u00a0\u00bb][vc_column_text css=\u00a0\u00bb\u00a0\u00bb]PME situ\u00e9es dans le Brandebourg, comptant moins de 250 employ\u00e9s et r\u00e9alisant moins de 50 millions d\u2019euros de chiffre d\u2019affaires annuel.[\/vc_column_text][\/vc_tta_section][vc_tta_section title=\u00a0\u00bbQu\u2019est-ce qui est financ\u00e9 ?\u00a0\u00bb tab_id=\u00a0\u00bb1748267447981-34c4028d-b00d\u00a0\u00bb][vc_column_text css=\u00a0\u00bb\u00a0\u00bb]<\/p>\n<p class=\"p1\">Logiciels, conseil, formation, co\u00fbts de personnel internes, \u00e9quipements techniques.<\/p>\n<p>[\/vc_column_text][\/vc_tta_section][vc_tta_section title=\u00a0\u00bbQuel niveau de subvention est possible ?\u00a0\u00bb tab_id=\u00a0\u00bb1748267576073-0d22d003-ca13&Prime;][vc_column_text css=\u00a0\u00bb\u00a0\u00bb]<\/p>\n<p class=\"p1\">Jusqu\u2019\u00e0 50 % des co\u00fbts \u00e9ligibles \u2013 maximum 350 000 \u20ac.<\/p>\n<p>[\/vc_column_text][\/vc_tta_section][vc_tta_section title=\u00a0\u00bbDois-je m\u2019occuper moi-m\u00eame de la demande ?\u00a0\u00bb tab_id=\u00a0\u00bb1748267579568-3fd5d242-c612&Prime;][vc_column_text css=\u00a0\u00bb\u00a0\u00bb]<\/p>\n<p class=\"p1\">Non \u2013 REDOO-NETWORKS organise la mise en \u0153uvre et un conseiller exp\u00e9riment\u00e9 se charge de la demande.<\/p>\n<p>[\/vc_column_text][\/vc_tta_section][\/vc_tta_accordion][\/vc_column][\/vc_row]<\/p>\n<\/div>","protected":false},"excerpt":{"rendered":"<p>[vc_row full_width=\u00a0\u00bbstretch_row\u00a0\u00bb content_placement=\u00a0\u00bbmiddle\u00a0\u00bb el_class=\u00a0\u00bbmybgrow\u00a0\u00bb][vc_column width=\u00a0\u00bb1\/2&Prime;][vc_column_text css_animation=\u00a0\u00bbnone\u00a0\u00bb css=\u00a0\u00bb\u00a0\u00bb] BIG Digital \u2013 Subvention num\u00e9rique pour les PME du Brandebourg 50 % de financement pour votre transformation num\u00e9rique \u2013 nous vous aidons \u00e0 la demande et \u00e0 la mise en \u0153uvre [\/vc_column_text][vc_column_text css_animation=\u00a0\u00bbnone\u00a0\u00bb css=\u00a0\u00bb\u00a0\u00bb el_class=\u00a0\u00bbmyheadline whiteBG\u00a0\u00bb] En tant que petite ou moyenne entreprise (PME) bas\u00e9e dans le Brandebourg,&hellip;<\/p>\n","protected":false},"author":3,"featured_media":0,"parent":0,"menu_order":0,"comment_status":"closed","ping_status":"closed","template":"","meta":{"footnotes":""},"class_list":["post-8518","page","type-page","status-publish","hentry","description-off"],"_links":{"self":[{"href":"https:\/\/redoo-networks.com\/fr\/wp-json\/wp\/v2\/pages\/8518","targetHints":{"allow":["GET"]}}],"collection":[{"href":"https:\/\/redoo-networks.com\/fr\/wp-json\/wp\/v2\/pages"}],"about":[{"href":"https:\/\/redoo-networks.com\/fr\/wp-json\/wp\/v2\/types\/page"}],"author":[{"embeddable":true,"href":"https:\/\/redoo-networks.com\/fr\/wp-json\/wp\/v2\/users\/3"}],"replies":[{"embeddable":true,"href":"https:\/\/redoo-networks.com\/fr\/wp-json\/wp\/v2\/comments?post=8518"}],"version-history":[{"count":6,"href":"https:\/\/redoo-networks.com\/fr\/wp-json\/wp\/v2\/pages\/8518\/revisions"}],"predecessor-version":[{"id":8540,"href":"https:\/\/redoo-networks.com\/fr\/wp-json\/wp\/v2\/pages\/8518\/revisions\/8540"}],"wp:attachment":[{"href":"https:\/\/redoo-networks.com\/fr\/wp-json\/wp\/v2\/media?parent=8518"}],"curies":[{"name":"wp","href":"https:\/\/api.w.org\/{rel}","templated":true}]}}