{"id":8473,"date":"2025-03-03T08:57:51","date_gmt":"2025-03-03T08:57:51","guid":{"rendered":"https:\/\/redoo-networks.com\/product\/e-invoicing\/"},"modified":"2025-11-20T15:19:44","modified_gmt":"2025-11-20T14:19:44","slug":"e-invoicing","status":"publish","type":"product","link":"https:\/\/redoo-networks.com\/fr\/produit\/e-invoicing\/","title":{"rendered":"E-Facturation"},"content":{"rendered":"<div class=\"wpb-content-wrapper\"><p>[vc_row][vc_column width=\u00a0\u00bb2\/3&Prime;][vc_column_text css=\u00a0\u00bb\u00a0\u00bb]<\/p>\n<h3><strong>E-Facturation \u2013 G\u00e9n\u00e9ration automatis\u00e9e de factures \u00e9lectroniques au format \u00ab xRechnung \u00bb pour votre Vtiger CRM<\/strong><\/h3>\n<p><strong>G\u00e9n\u00e9rez des factures \u00e9lectroniques standardis\u00e9es directement depuis votre CRM \u2013 enti\u00e8rement conformes aux r\u00e9glementations de l\u2019UE.<\/strong><\/p>\n<p>Le <strong>module E-Facturation pour Vtiger CRM<\/strong> permet la <strong>cr\u00e9ation automatique de factures \u00e9lectroniques au format XRechnung<\/strong>. XRechnung est un <strong>mod\u00e8le de donn\u00e9es bas\u00e9 sur XML<\/strong> \u00e9tabli comme norme pour la facturation \u00e9lectronique, en particulier pour les transactions avec les organismes publics en Allemagne.<\/p>\n<p>Avec ce module, vous pouvez <strong>g\u00e9n\u00e9rer des e-factures standardis\u00e9es et juridiquement conformes<\/strong> directement dans le module de facturation de Vtiger. Ces factures respectent la <strong>directive europ\u00e9enne 2014\/55\/UE<\/strong> et peuvent \u00eatre export\u00e9es puis envoy\u00e9es aux clients ou aux autorit\u00e9s.[\/vc_column_text][vc_separator css=\u00a0\u00bb\u00a0\u00bb][vc_column_text css=\u00a0\u00bb\u00a0\u00bb]<\/p>\n<h3><strong>Comment \u00e7a fonctionne<\/strong><\/h3>\n<ol>\n<li><strong>Cr\u00e9er une facture<\/strong> dans le module de facturation de Vtiger CRM<\/li>\n<li><strong>G\u00e9n\u00e9rer la e-facture<\/strong> sous forme de fichier XML au format xRechnung<\/li>\n<li><strong>Validation automatique<\/strong> pour v\u00e9rifier l\u2019exhaustivit\u00e9 et l\u2019exactitude<\/li>\n<li><strong>Exporter le fichier XML<\/strong> pour traitement ult\u00e9rieur ou transmission directe<\/li>\n<\/ol>\n<p>[\/vc_column_text][vc_separator css=\u00a0\u00bb\u00a0\u00bb][vc_column_text css=\u00a0\u00bb\u00a0\u00bb]<\/p>\n<h3><strong>Fonctionnalit\u00e9s &amp; Avantages<\/strong><\/h3>\n<h4><strong>G\u00e9n\u00e9rer des e-factures selon la norme xRechnung<\/strong><\/h4>\n<ul>\n<li>G\u00e9n\u00e9ration directe au sein de Vtiger CRM<\/li>\n<li>Sortie conforme XML selon les exigences de l\u2019administration publique en Allemagne<\/li>\n<\/ul>\n<h4><strong>Minimiser les erreurs gr\u00e2ce \u00e0 la validation automatis\u00e9e<\/strong><\/h4>\n<ul>\n<li>Garantit la <strong>compl\u00e9tude et le format correct<\/strong> selon les sp\u00e9cifications xRechnung<\/li>\n<li>Affiche des <strong>avertissements pour les champs obligatoires manquants<\/strong><\/li>\n<\/ul>\n<h4><strong>Tarification flexible bas\u00e9e sur le volume de factures<\/strong><\/h4>\n<ul>\n<li><strong>Jusqu\u2019\u00e0 50 e-factures (fichiers XML) par an :<\/strong> 149,00 \u20ac<\/li>\n<li><strong>Jusqu\u2019\u00e0 100 e-factures (fichiers XML) par an :<\/strong> 279,00 \u20ac<\/li>\n<li><strong>E-factures illimit\u00e9es par an :<\/strong> 499,00 \u20ac<\/li>\n<\/ul>\n<h4><strong>Options d\u2019export et de traitement ult\u00e9rieur<\/strong><\/h4>\n<ul>\n<li>Les <strong>fichiers xRechnung g\u00e9n\u00e9r\u00e9s sont stock\u00e9s dans le CRM<\/strong><\/li>\n<li>Les factures peuvent \u00eatre <strong>transmises, trait\u00e9es et envoy\u00e9es manuellement<\/strong><\/li>\n<\/ul>\n<p>[\/vc_column_text][vc_separator css=\u00a0\u00bb\u00a0\u00bb][vc_column_text css=\u00a0\u00bb\u00a0\u00bb]\ud83d\udccc <strong>Pour plus de d\u00e9tails, guides et captures d\u2019\u00e9cran, visitez:<\/strong><br data-start=\"1908\" data-end=\"1911\" \/><a href=\"https:\/\/dokumentation.redoo.support\/manuals\/redooe-rechnung\/\" target=\"_blank\" rel=\"noopener nofollow\" data-start=\"1911\" data-end=\"1943\">Documentation \u2013 E-Invoicing<\/a>[\/vc_column_text][vc_separator css=\u00a0\u00bb\u00a0\u00bb][vc_column_text css=\u00a0\u00bb\u00a0\u00bb]<\/p>\n<h3><strong>Pourquoi choisir l\u2019E-Facturation pour Vtiger ?<\/strong><\/h3>\n<ul>\n<li><strong>Prend enti\u00e8rement en charge la norme xRechnung<\/strong> \u2013 r\u00e9pond \u00e0 toutes les exigences de la facturation \u00e9lectronique en Allemagne<\/li>\n<li><strong>Aucun effort manuel requis<\/strong> \u2013 les factures sont g\u00e9n\u00e9r\u00e9es automatiquement dans le format correct<\/li>\n<li><strong>Compatible avec la soumission aux autorit\u00e9s publiques et organismes gouvernementaux<\/strong><\/li>\n<li><strong>Structure de donn\u00e9es XML s\u00e9curis\u00e9e et standardis\u00e9e pour un traitement fluide<\/strong><\/li>\n<\/ul>\n<p>[\/vc_column_text][vc_separator css=\u00a0\u00bb\u00a0\u00bb][vc_column_text css=\u00a0\u00bb\u00a0\u00bb]<\/p>\n<h3>Exigences techniques<\/h3>\n<ul>\n<li>voir ci-dessus, <strong>Exigences suppl\u00e9mentaires du serveur<\/strong> : consultez la <a href=\"https:\/\/dokumentation.redoo.support\/manuals\/redooe-rechnung\/redooe-rechnung-section\/serveranforderungen\/\" target=\"_blank\" rel=\"noopener nofollow\">documentation<\/a><\/li>\n<\/ul>\n<p>[\/vc_column_text][vc_separator css=\u00a0\u00bb\u00a0\u00bb][vc_column_text css=\u00a0\u00bb\u00a0\u00bb]<\/p>\n<h3><strong>Livraison &amp; Licence<\/strong><\/h3>\n<p>Apr\u00e8s l\u2019achat, vous recevrez :<\/p>\n<ul>\n<li><strong>Le module sous forme de fichier .zip<\/strong> pour une installation directe<\/li>\n<li><strong>Une licence incluant 12 mois de mises \u00e0 jour<\/strong> (les mises \u00e0 jour sont fournies sur demande ; renouvellement de licence disponible moyennant un co\u00fbt suppl\u00e9mentaire)<\/li>\n<li><strong>Des services d\u2019assistance optionnels<\/strong> pour l\u2019installation, la personnalisation ou l\u2019int\u00e9gration compl\u00e8te<\/li>\n<\/ul>\n<p>[\/vc_column_text][\/vc_column][vc_column width=\u00a0\u00bb1\/3&Prime;][\/vc_column][\/vc_row]<\/p>\n<\/div>","protected":false},"excerpt":{"rendered":"<p><strong>Tarification bas\u00e9e sur le nombre de factures \u00e9lectroniques g\u00e9n\u00e9r\u00e9es (fichiers XML) par an<\/strong><\/p>\n<ul>\n<li>&lt; 50 fichiers XML par an : 149,00 \u20ac<\/li>\n<li>&lt; 100 fichiers XML par an : 279,00 \u20ac<\/li>\n<li>Nombre illimit\u00e9 de fichiers XML par an : 499,00 \u20ac<\/li>\n<\/ul>\n<p>Les prix s\u2019entendent hors TVA applicable.<\/p>\n<p>Veuillez noter les <strong>exigences du serveur<\/strong> suppl\u00e9mentaires. Pour plus de d\u00e9tails, consultez la <a href=\"https:\/\/dokumentation.redoo.support\/manuals\/redooe-rechnung\/\" target=\"_blank\" rel=\"noopener\">documentation<\/a>.<\/p>\n","protected":false},"featured_media":8474,"comment_status":"closed","ping_status":"closed","template":"","meta":[],"product_brand":[],"product_cat":[265],"product_tag":[],"class_list":{"0":"post-8473","1":"product","2":"type-product","3":"status-publish","4":"has-post-thumbnail","6":"product_cat-vtiger-crm-module","7":"description-off","9":"first","10":"outofstock","11":"taxable","12":"shipping-taxable","13":"purchasable","14":"product-type-variable"},"_links":{"self":[{"href":"https:\/\/redoo-networks.com\/fr\/wp-json\/wp\/v2\/product\/8473","targetHints":{"allow":["GET"]}}],"collection":[{"href":"https:\/\/redoo-networks.com\/fr\/wp-json\/wp\/v2\/product"}],"about":[{"href":"https:\/\/redoo-networks.com\/fr\/wp-json\/wp\/v2\/types\/product"}],"replies":[{"embeddable":true,"href":"https:\/\/redoo-networks.com\/fr\/wp-json\/wp\/v2\/comments?post=8473"}],"wp:featuredmedia":[{"embeddable":true,"href":"https:\/\/redoo-networks.com\/fr\/wp-json\/wp\/v2\/media\/8474"}],"wp:attachment":[{"href":"https:\/\/redoo-networks.com\/fr\/wp-json\/wp\/v2\/media?parent=8473"}],"wp:term":[{"taxonomy":"product_brand","embeddable":true,"href":"https:\/\/redoo-networks.com\/fr\/wp-json\/wp\/v2\/product_brand?post=8473"},{"taxonomy":"product_cat","embeddable":true,"href":"https:\/\/redoo-networks.com\/fr\/wp-json\/wp\/v2\/product_cat?post=8473"},{"taxonomy":"product_tag","embeddable":true,"href":"https:\/\/redoo-networks.com\/fr\/wp-json\/wp\/v2\/product_tag?post=8473"}],"curies":[{"name":"wp","href":"https:\/\/api.w.org\/{rel}","templated":true}]}}