{"id":8478,"date":"2013-03-11T16:41:31","date_gmt":"2013-03-11T16:41:31","guid":{"rendered":"https:\/\/redoo-networks.com\/product\/cloudfile\/"},"modified":"2025-11-20T15:19:52","modified_gmt":"2025-11-20T14:19:52","slug":"cloudfile","status":"publish","type":"product","link":"https:\/\/redoo-networks.com\/fr\/produit\/cloudfile\/","title":{"rendered":"CloudFile"},"content":{"rendered":"<div class=\"wpb-content-wrapper\"><p>[vc_row][vc_column width=\u00a0\u00bb2\/3&Prime;][vc_column_text css=\u00a0\u00bb\u00a0\u00bb]<\/p>\n<h3><strong>CloudFile \u2013 Int\u00e9gration cloud fluide pour votre Vtiger CRM<\/strong><\/h3>\n<p><strong>Acc\u00e9dez \u00e0 tous vos documents importants directement dans votre CRM \u2013 sans uploads manuels, sans changer d\u2019application.<\/strong><\/p>\n<p>Avec <strong>CloudFile<\/strong>, vous pouvez int\u00e9grer de mani\u00e8re transparente des solutions de stockage cloud externes dans <strong>Vtiger CRM<\/strong>, permettant un acc\u00e8s direct \u00e0 vos documents sans transfert manuel de fichiers. Connectez <strong>Dropbox, Google Drive, Seafile, Sharefile, FTP, SambaFS ou WebDAV<\/strong> et g\u00e9rez tous vos fichiers pertinents directement dans les enregistrements de votre CRM.<\/p>\n<p>[\/vc_column_text][vc_separator css=\u00a0\u00bb\u00a0\u00bb][vc_column_text css=\u00a0\u00bb\u00a0\u00bb]<\/p>\n<h3><strong>Fonctionnalit\u00e9s &amp; Avantages<\/strong><\/h3>\n<ul>\n<li><strong>Gestion de fichiers simplifi\u00e9e dans Vtiger CRM<\/strong> \u2013 T\u00e9l\u00e9chargez, r\u00e9cup\u00e9rez et organisez vos fichiers directement dans votre CRM<\/li>\n<li><strong>\u00c9liminez les interruptions de flux de travail<\/strong> \u2013 Plus besoin de changer entre diff\u00e9rentes applications cloud<\/li>\n<li><strong>Support multi-cloud<\/strong> \u2013 G\u00e9rez plusieurs fournisseurs de stockage cloud simultan\u00e9ment<\/li>\n<li><strong>Upload par glisser-d\u00e9poser<\/strong> \u2013 Ajoutez facilement des fichiers en les glissant dans l\u2019interface du CRM<\/li>\n<li><strong>Synchronisation s\u00e9curis\u00e9e<\/strong> \u2013 Gestion centralis\u00e9e des fichiers cloud avec int\u00e9gration directe au CRM<\/li>\n<\/ul>\n<p><strong>Commandez maintenant et int\u00e9grez votre stockage cloud de mani\u00e8re fluide dans Vtiger CRM.<\/strong><\/p>\n<p>[\/vc_column_text][vc_separator css=\u00a0\u00bb\u00a0\u00bb][vc_column_text css=\u00a0\u00bb\u00a0\u00bb]<\/p>\n<h3><strong>Livraison &amp; Licence<\/strong><\/h3>\n<p>Apr\u00e8s l\u2019achat, vous recevrez :<\/p>\n<ul>\n<li><strong>Le module sous forme de fichier .zip<\/strong> pour une installation directe<\/li>\n<li><strong>Une licence incluant 12 mois de mises \u00e0 jour<\/strong> (mises \u00e0 jour fournies sur demande ; renouvellement de licence disponible moyennant un co\u00fbt suppl\u00e9mentaire)<\/li>\n<li><strong>Des services d\u2019assistance optionnels<\/strong> pour l\u2019installation, la personnalisation ou l\u2019int\u00e9gration compl\u00e8te<\/li>\n<\/ul>\n<p>[\/vc_column_text][\/vc_column][vc_column width=\u00a0\u00bb1\/3&Prime;][\/vc_column][\/vc_row]<\/p>\n<\/div>","protected":false},"excerpt":{"rendered":"<p class=\"p1\">Tous les prix sont des prix nets, hors TVA applicable.<\/p>\n","protected":false},"featured_media":8479,"comment_status":"closed","ping_status":"closed","template":"","meta":[],"product_brand":[],"product_cat":[265],"product_tag":[],"class_list":{"0":"post-8478","1":"product","2":"type-product","3":"status-publish","4":"has-post-thumbnail","6":"product_cat-vtiger-crm-module","7":"description-off","9":"first","10":"instock","11":"downloadable","12":"virtual","13":"taxable","14":"purchasable","15":"product-type-simple"},"_links":{"self":[{"href":"https:\/\/redoo-networks.com\/fr\/wp-json\/wp\/v2\/product\/8478","targetHints":{"allow":["GET"]}}],"collection":[{"href":"https:\/\/redoo-networks.com\/fr\/wp-json\/wp\/v2\/product"}],"about":[{"href":"https:\/\/redoo-networks.com\/fr\/wp-json\/wp\/v2\/types\/product"}],"replies":[{"embeddable":true,"href":"https:\/\/redoo-networks.com\/fr\/wp-json\/wp\/v2\/comments?post=8478"}],"wp:featuredmedia":[{"embeddable":true,"href":"https:\/\/redoo-networks.com\/fr\/wp-json\/wp\/v2\/media\/8479"}],"wp:attachment":[{"href":"https:\/\/redoo-networks.com\/fr\/wp-json\/wp\/v2\/media?parent=8478"}],"wp:term":[{"taxonomy":"product_brand","embeddable":true,"href":"https:\/\/redoo-networks.com\/fr\/wp-json\/wp\/v2\/product_brand?post=8478"},{"taxonomy":"product_cat","embeddable":true,"href":"https:\/\/redoo-networks.com\/fr\/wp-json\/wp\/v2\/product_cat?post=8478"},{"taxonomy":"product_tag","embeddable":true,"href":"https:\/\/redoo-networks.com\/fr\/wp-json\/wp\/v2\/product_tag?post=8478"}],"curies":[{"name":"wp","href":"https:\/\/api.w.org\/{rel}","templated":true}]}}