{"id":8485,"date":"2013-03-18T11:44:57","date_gmt":"2013-03-18T11:44:57","guid":{"rendered":"https:\/\/redoo-networks.com\/product\/workflow-designer-php-7\/"},"modified":"2025-11-20T15:19:51","modified_gmt":"2025-11-20T14:19:51","slug":"workflow-designer-php-7","status":"publish","type":"product","link":"https:\/\/redoo-networks.com\/fr\/produit\/workflow-designer-php-7\/","title":{"rendered":"Workflow Designer (PHP 7)"},"content":{"rendered":"<div class=\"wpb-content-wrapper\"><p>[vc_row][vc_column][vc_column_text css=\u00a0\u00bb\u00a0\u00bb]<span style=\"color: #ff0000;\"><strong>&gt; Optimis\u00e9 pour les anciens syst\u00e8mes avec PHP 7<\/strong><\/span><\/p>\n<p><strong>&gt; Vous trouverez ici la version du module optimis\u00e9e pour les syst\u00e8mes PHP 8: <a href=\"https:\/\/redoo-networks.com\/fr\/?post_type=product&amp;p=8510\">https:\/\/redoo-networks.com\/fr\/produit\/workflow-designer-php-8\/<\/a><\/strong><span style=\"color: #ff0000;\"><strong><br \/>\n<\/strong><\/span><\/p>\n<p>&nbsp;<\/p>\n<p class=\"p1\">Avec le Workflow Designer, vous \u00e9tendez votre VtigerCRM avec une m\u00e9thode puissante pour automatiser, g\u00e9rer et contr\u00f4ler votre syst\u00e8me. Le module propose environ 80 fonctions qui vous aident \u00e0 rendre vos processus de travail plus efficaces.<\/p>\n<p><strong>Aper\u00e7u des fonctionnalit\u00e9s:<\/strong><\/p>\n<ul>\n<li><strong>D\u00e9finir des valeurs :<\/strong> d\u00e9finir les valeurs de champs de l\u2019enregistrement actuel<\/li>\n<li><strong>Condition :<\/strong> cr\u00e9ation de conditions complexes (AND ; OR ; blocs de conditions imbriqu\u00e9s) avec acc\u00e8s aux valeurs de champs de l\u2019enregistrement en contexte. Sortie : chemins \u00ab Vrai \u00bb et \u00ab Faux \u00bb pour la suite du flux<\/li>\n<li><strong>Attendre :<\/strong> retardement de l\u2019ex\u00e9cution pendant une p\u00e9riode d\u00e9finie, par ex. attendre x minutes ou jusqu\u2019au 4\u1d49 jour de la semaine<\/li>\n<li><strong>Envoyer un e-mail :<\/strong> envoi automatis\u00e9 d\u2019e-mails. Configuration de tous les param\u00e8tres d\u2019envoi (exp\u00e9diteur, destinataire, CC&#8230;). Possibilit\u00e9 d\u2019ajouter automatiquement des pi\u00e8ces jointes (par ex. stock\u00e9es temporairement). Possibilit\u00e9 d\u2019utiliser des mod\u00e8les d\u2019e-mail<\/li>\n<li><strong>D\u00e9finir une num\u00e9rotation personnalis\u00e9e :<\/strong> cr\u00e9ation d\u2019une num\u00e9rotation s\u00e9quentielle propre, ind\u00e9pendante de la num\u00e9rotation interne du module<\/li>\n<li><strong>Recherche globale :<\/strong> cr\u00e9ation d\u2019une s\u00e9lection d\u2019enregistrements selon des crit\u00e8res complexes et stockage du r\u00e9sultat dans une variable d\u2019environnement pour traitement ult\u00e9rieur<\/li>\n<li>&#8230;<\/li>\n<\/ul>\n<p class=\"p1\"><strong>D\u00e9clencheurs de workflow :<\/strong><\/p>\n<p class=\"p1\">Un point fort du Workflow Designer est la d\u00e9finition des triggers des workflows. Ceux-ci peuvent \u00eatre activ\u00e9s lors de la premi\u00e8re sauvegarde, \u00e0 chaque sauvegarde ou lors de la suppression d\u2019un enregistrement. Un autre trigger peut \u00eatre une modification des valeurs d\u2019un champ dans le mode \u00e9dition d\u2019un enregistrement. Vous pouvez d\u00e9finir quel workflow doit \u00eatre ex\u00e9cut\u00e9 en direct apr\u00e8s un changement de champ, ce qui permet une validation en temps r\u00e9el des donn\u00e9es (par ex. v\u00e9rification de doublons).<\/p>\n<p class=\"p1\">Il est \u00e9galement possible d\u2019ex\u00e9cuter des workflows manuellement.<\/p>\n<p class=\"p1\">Un autre d\u00e9clencheur est le HTTP-Handler. Il permet d\u2019appeler des workflows et de transmettre des param\u00e8tres \u00e0 Vtiger depuis une source externe via une URL d\u00e9finie. Cette fonction vous permet, par exemple, d\u2019int\u00e9grer facilement des formulaires web complexes.<\/p>\n<p>&nbsp;<\/p>\n<p class=\"p1\"><strong>Contenu de la livraison :<\/strong><\/p>\n<p class=\"p1\">Apr\u00e8s l\u2019achat de ce produit, vous recevrez le module sous forme de fichier .zip et une licence d\u2019utilisation valable 12 mois. La licence comprend, sur demande, les mises \u00e0 jour du module.<\/p>\n<p class=\"p1\">La licence peut \u00eatre prolong\u00e9e de 12 mois moyennant un co\u00fbt suppl\u00e9mentaire : <a href=\"https:\/\/redoo-networks.com\/fr\/?post_type=product&amp;p=8501\">Prolongation de licence<\/a>.<\/p>\n<p>Le contrat de licence actuel de redoo-networks GmbH s\u2019applique: <a href=\"https:\/\/redoo-networks.com\/fr\/accord-de-licence\/\">Contrat de licence.<\/a>[\/vc_column_text][\/vc_column][\/vc_row]<\/p>\n<\/div>","protected":false},"excerpt":{"rendered":"<p>hors TVA<\/p>\n<p>Cr\u00e9ez les processus les plus complexes avec peu de connaissances en programmation gr\u00e2ce \u00e0 un \u00e9diteur intuitif en glisser-d\u00e9poser.<\/p>\n<p>Garantie satisfait ou rembours\u00e9 de 30 jours lors de l\u2019achat de nos modules dans la <span style=\"color: #ca0000;\">boutique en ligne<\/span><br \/>\n<a href=\"\/de\/geld-zurueck-garantie\/\"><strong>Vous trouverez plus d\u2019informations ici.<\/strong><\/a><\/p>\n","protected":false},"featured_media":8486,"comment_status":"closed","ping_status":"closed","template":"","meta":[],"product_brand":[],"product_cat":[268,265],"product_tag":[],"class_list":{"0":"post-8485","1":"product","2":"type-product","3":"status-publish","4":"has-post-thumbnail","6":"product_cat-flexx-suite","7":"product_cat-vtiger-crm-module","8":"description-off","10":"first","11":"instock","12":"sale","13":"featured","14":"downloadable","15":"virtual","16":"taxable","17":"purchasable","18":"product-type-simple"},"_links":{"self":[{"href":"https:\/\/redoo-networks.com\/fr\/wp-json\/wp\/v2\/product\/8485","targetHints":{"allow":["GET"]}}],"collection":[{"href":"https:\/\/redoo-networks.com\/fr\/wp-json\/wp\/v2\/product"}],"about":[{"href":"https:\/\/redoo-networks.com\/fr\/wp-json\/wp\/v2\/types\/product"}],"replies":[{"embeddable":true,"href":"https:\/\/redoo-networks.com\/fr\/wp-json\/wp\/v2\/comments?post=8485"}],"wp:featuredmedia":[{"embeddable":true,"href":"https:\/\/redoo-networks.com\/fr\/wp-json\/wp\/v2\/media\/8486"}],"wp:attachment":[{"href":"https:\/\/redoo-networks.com\/fr\/wp-json\/wp\/v2\/media?parent=8485"}],"wp:term":[{"taxonomy":"product_brand","embeddable":true,"href":"https:\/\/redoo-networks.com\/fr\/wp-json\/wp\/v2\/product_brand?post=8485"},{"taxonomy":"product_cat","embeddable":true,"href":"https:\/\/redoo-networks.com\/fr\/wp-json\/wp\/v2\/product_cat?post=8485"},{"taxonomy":"product_tag","embeddable":true,"href":"https:\/\/redoo-networks.com\/fr\/wp-json\/wp\/v2\/product_tag?post=8485"}],"curies":[{"name":"wp","href":"https:\/\/api.w.org\/{rel}","templated":true}]}}