{"id":8487,"date":"2013-03-18T11:45:21","date_gmt":"2013-03-18T11:45:21","guid":{"rendered":"https:\/\/redoo-networks.com\/product\/colorizer\/"},"modified":"2025-11-20T15:19:51","modified_gmt":"2025-11-20T14:19:51","slug":"colorizer","status":"publish","type":"product","link":"https:\/\/redoo-networks.com\/fr\/produit\/colorizer\/","title":{"rendered":"Colorizer"},"content":{"rendered":"<div class=\"wpb-content-wrapper\"><p>[vc_row][vc_column width=\u00a0\u00bb2\/3&Prime;][vc_column_text css=\u00a0\u00bb\u00a0\u00bb]<\/p>\n<h3><strong>Colorizer \u2013 Visibilit\u00e9 am\u00e9lior\u00e9e et automatisation intelligente pour votre Vtiger CRM<\/strong><\/h3>\n<p><strong>Restez organis\u00e9. Identifiez imm\u00e9diatement les donn\u00e9es critiques. Travaillez plus efficacement.<\/strong><\/p>\n<p>Dans Vtiger CRM, des informations importantes se perdent souvent dans de longues listes. Les \u00e9ch\u00e9ances sont oubli\u00e9es, les changements de statut passent inaper\u00e7us et les enregistrements cl\u00e9s se retrouvent enfouis. Avec <strong>Colorizer<\/strong>, vous pouvez mettre en \u00e9vidence visuellement les donn\u00e9es essentielles et automatiser des workflows \u2014 sans intervention manuelle.<\/p>\n<p>[\/vc_column_text][vc_separator css=\u00a0\u00bb\u00a0\u00bb][vc_column_text css=\u00a0\u00bb\u00a0\u00bb]<\/p>\n<h3><strong>Vos avantages avec Colorizer<\/strong><\/h3>\n<h4><strong>Des r\u00e9actions plus rapides gr\u00e2ce aux indicateurs visuels<\/strong><\/h4>\n<ul>\n<li>Marquez automatiquement les t\u00e2ches en retard en <strong>rouge<\/strong><\/li>\n<li>Soulignez les statuts importants comme <strong>nouvelles demandes ou clients prioritaires<\/strong><\/li>\n<li><strong>Alertes clignotantes<\/strong> pour les entr\u00e9es critiques<\/li>\n<\/ul>\n<h4><strong>Formatage personnalisable sans coder<\/strong><\/h4>\n<ul>\n<li>D\u00e9finissez des <strong>r\u00e8gles pour coloriser des champs sp\u00e9cifiques ou des lignes enti\u00e8res<\/strong><\/li>\n<li>Formatez automatiquement les enregistrements selon le <strong>statut, les valeurs de date ou les cases \u00e0 cocher<\/strong><\/li>\n<li>Organisez les donn\u00e9es gr\u00e2ce \u00e0 une <strong>structure bas\u00e9e sur les couleurs<\/strong> pour une meilleure visibilit\u00e9<\/li>\n<\/ul>\n<h4><strong>Workflows automatis\u00e9s pour plus d\u2019efficacit\u00e9<\/strong><\/h4>\n<ul>\n<li><strong>Afficher ou masquer des champs et des blocs<\/strong> selon des conditions pr\u00e9d\u00e9finies<\/li>\n<li><strong>D\u00e9finir dynamiquement des champs obligatoires<\/strong> pour garantir l\u2019int\u00e9grit\u00e9 des donn\u00e9es<\/li>\n<li><strong>Emp\u00eacher l\u2019enregistrement de donn\u00e9es<\/strong> si des crit\u00e8res essentiels ne sont pas remplis<\/li>\n<\/ul>\n<p>[\/vc_column_text][vc_separator css=\u00a0\u00bb\u00a0\u00bb][vc_column_text css=\u00a0\u00bb\u00a0\u00bb]<\/p>\n<p>\ud83d\udccc <strong>Plus de d\u00e9tails et des captures d\u2019\u00e9cran disponibles ici :<\/strong><\/p>\n<p><a href=\"https:\/\/documentation.redoo.support\/manuals\/colorizer-2\/\" target=\"_blank\" rel=\"noopener nofollow\">Documentation<\/a><\/p>\n<p>[\/vc_column_text][vc_separator css=\u00a0\u00bb\u00a0\u00bb][vc_column_text css=\u00a0\u00bb\u00a0\u00bb]<\/p>\n<h3><strong>Pourquoi choisir Colorizer ?<\/strong><\/h3>\n<ul>\n<li>Obtenez une <strong>meilleure visibilit\u00e9<\/strong> sur vos donn\u00e9es CRM<\/li>\n<li>R\u00e9duisez les v\u00e9rifications manuelles gr\u00e2ce au <strong>formatage automatis\u00e9<\/strong><\/li>\n<li>Am\u00e9liorez <strong>l\u2019efficacit\u00e9 des workflows<\/strong> avec des alertes color\u00e9es en temps r\u00e9el<\/li>\n<\/ul>\n<p><strong>Optimisez votre CRM sans suivi manuel ni retouches.<\/strong><\/p>\n<p>[\/vc_column_text][vc_separator css=\u00a0\u00bb\u00a0\u00bb][vc_column_text css=\u00a0\u00bb\u00a0\u00bb]<\/p>\n<h3><strong>Livraison &amp; Licence<\/strong><\/h3>\n<p>Apr\u00e8s l\u2019achat, vous recevrez :<\/p>\n<ul>\n<li><strong>Le module sous forme de fichier .zip<\/strong> pour une installation directe<\/li>\n<li><strong>Une licence incluant 12 mois de mises \u00e0 jour<\/strong> (mises \u00e0 jour fournies sur demande ; renouvellement de licence disponible moyennant un co\u00fbt suppl\u00e9mentaire)<\/li>\n<li><strong>Des services de support optionnels<\/strong> pour l\u2019installation, la personnalisation ou l\u2019int\u00e9gration compl\u00e8te<\/li>\n<\/ul>\n<p>[\/vc_column_text][\/vc_column][vc_column width=\u00a0\u00bb1\/3&Prime;][\/vc_column][\/vc_row]<\/p>\n<\/div>","protected":false},"excerpt":{"rendered":"<p class=\"p1\">Tous les prix sont des prix nets, hors TVA applicable.<\/p>\n","protected":false},"featured_media":8488,"comment_status":"closed","ping_status":"closed","template":"","meta":[],"product_brand":[],"product_cat":[268,265],"product_tag":[],"class_list":{"0":"post-8487","1":"product","2":"type-product","3":"status-publish","4":"has-post-thumbnail","6":"product_cat-flexx-suite","7":"product_cat-vtiger-crm-module","8":"description-off","10":"first","11":"instock","12":"downloadable","13":"virtual","14":"taxable","15":"purchasable","16":"product-type-simple"},"_links":{"self":[{"href":"https:\/\/redoo-networks.com\/fr\/wp-json\/wp\/v2\/product\/8487","targetHints":{"allow":["GET"]}}],"collection":[{"href":"https:\/\/redoo-networks.com\/fr\/wp-json\/wp\/v2\/product"}],"about":[{"href":"https:\/\/redoo-networks.com\/fr\/wp-json\/wp\/v2\/types\/product"}],"replies":[{"embeddable":true,"href":"https:\/\/redoo-networks.com\/fr\/wp-json\/wp\/v2\/comments?post=8487"}],"wp:featuredmedia":[{"embeddable":true,"href":"https:\/\/redoo-networks.com\/fr\/wp-json\/wp\/v2\/media\/8488"}],"wp:attachment":[{"href":"https:\/\/redoo-networks.com\/fr\/wp-json\/wp\/v2\/media?parent=8487"}],"wp:term":[{"taxonomy":"product_brand","embeddable":true,"href":"https:\/\/redoo-networks.com\/fr\/wp-json\/wp\/v2\/product_brand?post=8487"},{"taxonomy":"product_cat","embeddable":true,"href":"https:\/\/redoo-networks.com\/fr\/wp-json\/wp\/v2\/product_cat?post=8487"},{"taxonomy":"product_tag","embeddable":true,"href":"https:\/\/redoo-networks.com\/fr\/wp-json\/wp\/v2\/product_tag?post=8487"}],"curies":[{"name":"wp","href":"https:\/\/api.w.org\/{rel}","templated":true}]}}