{"id":8492,"date":"2018-10-01T10:24:53","date_gmt":"2018-10-01T10:24:53","guid":{"rendered":"https:\/\/redoo-networks.com\/product\/flexx-reports\/"},"modified":"2025-11-20T15:19:50","modified_gmt":"2025-11-20T14:19:50","slug":"flexx-reports","status":"publish","type":"product","link":"https:\/\/redoo-networks.com\/fr\/produit\/flexx-reports\/","title":{"rendered":"Flexx.Reports"},"content":{"rendered":"<div class=\"wpb-content-wrapper\"><p>[vc_row][vc_column width=\u00a0\u00bb2\/3&Prime;][vc_column_text css=\u00a0\u00bb\u00a0\u00bb]<\/p>\n<h3><strong>Flexx.Reports \u2013 Rapports puissants et analyse de donn\u00e9es pour votre Vtiger CRM<\/strong><\/h3>\n<p><strong>Cr\u00e9ez des rapports d\u00e9taill\u00e9s et des analyses visuelles \u2013 enti\u00e8rement personnalisables, flexibles et sans programmation.<\/strong><\/p>\n<p>Avec <strong>Flexx.Reports pour Vtiger CRM<\/strong>, vous pouvez g\u00e9n\u00e9rer des <strong>rapports tabulaires, analyses crois\u00e9es (pivot) et \u00e9valuations graphiques<\/strong> adapt\u00e9s aux besoins de votre entreprise. Gr\u00e2ce \u00e0 la <strong>fonctionnalit\u00e9 intuitive de glisser-d\u00e9poser<\/strong>, vous cr\u00e9ez des rapports complexes en quelques clics \u2013 sans comp\u00e9tence technique.<\/p>\n<p>[\/vc_column_text][vc_separator css=\u00a0\u00bb\u00a0\u00bb][vc_column_text css=\u00a0\u00bb\u00a0\u00bb]<\/p>\n<h3><strong>Quels probl\u00e8mes Flexx.Reports r\u00e9sout-il ?<\/strong><\/h3>\n<h4><strong>Les rapports standard de Vtiger sont limit\u00e9s<\/strong><\/h4>\n<ul>\n<li>Peu de fonctions interactives et options de filtrage limit\u00e9es<\/li>\n<li>Capacit\u00e9 restreinte \u00e0 combiner des donn\u00e9es provenant de diff\u00e9rents modules<\/li>\n<\/ul>\n<h4><strong>Les indicateurs cl\u00e9s sont difficiles \u00e0 visualiser<\/strong><\/h4>\n<ul>\n<li>Flexx.Reports vous permet de cr\u00e9er des <strong>diagrammes en barres, lignes, secteurs et des heatmaps<\/strong> pour une repr\u00e9sentation plus claire des donn\u00e9es<\/li>\n<\/ul>\n<h4><strong>L\u2019exportation des donn\u00e9es est souvent compliqu\u00e9e ou inexistante<\/strong><\/h4>\n<ul>\n<li>Avec Flexx.Reports, les rapports peuvent \u00eatre export\u00e9s en <strong>XLS, PDF, PNG, JPEG et SVG<\/strong>, ce qui facilite leur traitement ou leur partage<\/li>\n<\/ul>\n<p>[\/vc_column_text][vc_separator css=\u00a0\u00bb\u00a0\u00bb][vc_column_text css=\u00a0\u00bb\u00a0\u00bb]<\/p>\n<h3><strong>Exemple : Comment les entreprises peuvent-elles utiliser Flexx.Reports ?<\/strong><\/h3>\n<h4><strong>Ventes<\/strong><\/h4>\n<ul>\n<li>Analyser les <strong>devis ouverts par commercial<\/strong><\/li>\n<li>Suivre les <strong>tendances de chiffre d\u2019affaires par cat\u00e9gorie de produits<\/strong> sur des p\u00e9riodes sp\u00e9cifiques<\/li>\n<li>G\u00e9n\u00e9rer des <strong>pr\u00e9visions de ventes bas\u00e9es sur les donn\u00e9es historiques<\/strong><\/li>\n<\/ul>\n<h4><strong>Support<\/strong><\/h4>\n<ul>\n<li><strong>Visualiser les tickets ouverts<\/strong> selon leur priorit\u00e9<\/li>\n<li>Mesurer le <strong>temps de r\u00e9ponse moyen par \u00e9quipe ou employ\u00e9<\/strong><\/li>\n<li>Identifier les <strong>goulots d\u2019\u00e9tranglement et les demandes r\u00e9currentes des clients<\/strong><\/li>\n<\/ul>\n<p>Flexx.Reports aide <strong>tous les d\u00e9partements de l&rsquo;entreprise<\/strong> en rendant les donn\u00e9es pertinentes <strong>claires, compr\u00e9hensibles et directement accessibles dans le CRM.<\/strong><\/p>\n<p>[\/vc_column_text][vc_separator css=\u00a0\u00bb\u00a0\u00bb][vc_column_text css=\u00a0\u00bb\u00a0\u00bb]<\/p>\n<h3><strong>Fonctionnalit\u00e9s &amp; Avantages<\/strong><\/h3>\n<h4><strong>Cr\u00e9er des rapports avec Drag &amp; Drop<\/strong><\/h4>\n<ul>\n<li>Construisez des <strong>rapports personnalis\u00e9s sans connaissances en programmation<\/strong><\/li>\n<li>Options de filtrage intuitives pour une analyse cibl\u00e9e<\/li>\n<\/ul>\n<h4><strong>Analyse avanc\u00e9e des donn\u00e9es avec rapports crois\u00e9s (Pivot)<\/strong><\/h4>\n<ul>\n<li><strong>Regroupement, calculs et agr\u00e9gation personnalis\u00e9e des donn\u00e9es<\/strong><\/li>\n<li>Nombreuses options de filtrage et de tri<\/li>\n<\/ul>\n<h4><strong>Visualisation am\u00e9lior\u00e9e des donn\u00e9es gr\u00e2ce aux graphiques<\/strong><\/h4>\n<ul>\n<li><strong>Graphiques en barres, lignes, secteurs et heatmaps<\/strong> pour une interpr\u00e9tation facilit\u00e9e des donn\u00e9es<\/li>\n<li>Analyse graphique des <strong>tendances, performances de vente et processus de support<\/strong><\/li>\n<\/ul>\n<h4><strong>Requ\u00eates SQL pour utilisateurs avanc\u00e9s<\/strong><\/h4>\n<ul>\n<li>Ex\u00e9cutez des <strong>requ\u00eates SQL directes<\/strong> pour des insights approfondis et des analyses complexes<\/li>\n<\/ul>\n<h4><strong>Exportation des donn\u00e9es en plusieurs formats<\/strong><\/h4>\n<ul>\n<li><strong>Export XLS<\/strong> pour les rapports tabulaires<\/li>\n<li><strong>Exports PDF, PNG, JPEG et SVG<\/strong> pour les rapports visuels<\/li>\n<\/ul>\n<p>[\/vc_column_text][vc_separator css=\u00a0\u00bb\u00a0\u00bb][vc_column_text css=\u00a0\u00bb\u00a0\u00bb]<\/p>\n<p>\ud83d\udccc <strong>Plus de d\u00e9tails, de guides et de captures d\u2019\u00e9cran disponibles ici :<\/strong><br \/>\n<a href=\"https:\/\/documentation.redoo.support\/redoo-networks-manuals\/flexx-reports-eng\/\" target=\"_blank\" rel=\"noopener nofollow\">Documentation Flexx.Reports<\/a><\/p>\n<p>[\/vc_column_text][vc_separator css=\u00a0\u00bb\u00a0\u00bb][vc_column_text css=\u00a0\u00bb\u00a0\u00bb]<\/p>\n<h3><strong>Combinaison parfaite : Flexx.Reports + <a href=\"https:\/\/redoo-networks.com\/fr\/?post_type=product&amp;p=8497\" target=\"_blank\" rel=\"nofollow noopener\">Flexx.Dashboards<\/a><\/strong><\/h3>\n<p>Flexx.Reports est la <strong>solution id\u00e9ale pour cr\u00e9er des rapports approfondis<\/strong>. Cependant, si vous souhaitez <strong>visualiser ces rapports dans des tableaux de bord<\/strong>, la combinaison avec <a href=\"https:\/\/redoo-networks.com\/fr\/?post_type=product&amp;p=8497\" target=\"_blank\" rel=\"nofollow noopener\"><strong>Flexx.Dashboards<\/strong><\/a> lib\u00e9rera encore plus de potentiel.<\/p>\n<ul>\n<li><strong>Flexx.Reports<\/strong> = G\u00e9n\u00e9ration de rapports et analyse de donn\u00e9es<\/li>\n<li><a href=\"https:\/\/redoo-networks.com\/fr\/?post_type=product&amp;p=8497\" target=\"_blank\" rel=\"nofollow noopener\"><strong>Flexx.Dashboards<\/strong><\/a> = Visualisation interactive dans des dashboards<\/li>\n<\/ul>\n<p>Les deux modules sont <strong>ind\u00e9pendants<\/strong> mais fonctionnent ensemble comme un <strong>ensemble d\u2019outils analytiques puissant<\/strong> pour votre CRM.<\/p>\n<p>[\/vc_column_text][vc_separator css=\u00a0\u00bb\u00a0\u00bb][vc_column_text css=\u00a0\u00bb\u00a0\u00bb]<\/p>\n<h3 data-start=\"3189\" data-end=\"3219\"><strong data-start=\"3193\" data-end=\"3217\">Livraison &amp; Licence<\/strong><\/h3>\n<p data-start=\"3221\" data-end=\"3256\">Apr\u00e8s l\u2019achat, vous recevrez\u00a0:<\/p>\n<ul data-start=\"3257\" data-end=\"3519\">\n<li data-start=\"3257\" data-end=\"3314\"><strong data-start=\"3259\" data-end=\"3288\">Le module au format .zip<\/strong> pour une installation directe<\/li>\n<li data-start=\"3315\" data-end=\"3439\"><strong data-start=\"3317\" data-end=\"3356\">Une licence avec 12 mois de mises \u00e0 jour<\/strong> (mises \u00e0 jour fournies sur demande\u00a0; renouvellement de licence disponible moyennant des frais suppl\u00e9mentaires)<\/li>\n<li data-start=\"3440\" data-end=\"3519\"><strong data-start=\"3442\" data-end=\"3471\">Des services d\u2019assistance optionnels<\/strong> pour l\u2019installation, la personnalisation ou l\u2019int\u00e9gration compl\u00e8te<\/li>\n<\/ul>\n<p>[\/vc_column_text][\/vc_column][vc_column width=\u00a0\u00bb1\/3&Prime;][\/vc_column][\/vc_row]<\/p>\n<\/div>","protected":false},"excerpt":{"rendered":"<p>Tous les prix sont des prix nets, hors TVA applicable.<\/p>\n","protected":false},"featured_media":8493,"comment_status":"closed","ping_status":"closed","template":"","meta":[],"product_brand":[],"product_cat":[265],"product_tag":[],"class_list":{"0":"post-8492","1":"product","2":"type-product","3":"status-publish","4":"has-post-thumbnail","6":"product_cat-vtiger-crm-module","7":"description-off","9":"first","10":"instock","11":"downloadable","12":"virtual","13":"taxable","14":"purchasable","15":"product-type-simple"},"_links":{"self":[{"href":"https:\/\/redoo-networks.com\/fr\/wp-json\/wp\/v2\/product\/8492","targetHints":{"allow":["GET"]}}],"collection":[{"href":"https:\/\/redoo-networks.com\/fr\/wp-json\/wp\/v2\/product"}],"about":[{"href":"https:\/\/redoo-networks.com\/fr\/wp-json\/wp\/v2\/types\/product"}],"replies":[{"embeddable":true,"href":"https:\/\/redoo-networks.com\/fr\/wp-json\/wp\/v2\/comments?post=8492"}],"wp:featuredmedia":[{"embeddable":true,"href":"https:\/\/redoo-networks.com\/fr\/wp-json\/wp\/v2\/media\/8493"}],"wp:attachment":[{"href":"https:\/\/redoo-networks.com\/fr\/wp-json\/wp\/v2\/media?parent=8492"}],"wp:term":[{"taxonomy":"product_brand","embeddable":true,"href":"https:\/\/redoo-networks.com\/fr\/wp-json\/wp\/v2\/product_brand?post=8492"},{"taxonomy":"product_cat","embeddable":true,"href":"https:\/\/redoo-networks.com\/fr\/wp-json\/wp\/v2\/product_cat?post=8492"},{"taxonomy":"product_tag","embeddable":true,"href":"https:\/\/redoo-networks.com\/fr\/wp-json\/wp\/v2\/product_tag?post=8492"}],"curies":[{"name":"wp","href":"https:\/\/api.w.org\/{rel}","templated":true}]}}