{"id":8497,"date":"2018-10-01T12:33:14","date_gmt":"2018-10-01T12:33:14","guid":{"rendered":"https:\/\/redoo-networks.com\/product\/flexx-dashboard\/"},"modified":"2025-11-20T15:19:49","modified_gmt":"2025-11-20T14:19:49","slug":"flexx-dashboard","status":"publish","type":"product","link":"https:\/\/redoo-networks.com\/fr\/produit\/flexx-dashboard\/","title":{"rendered":"Flexx.Dashboard"},"content":{"rendered":"<div class=\"wpb-content-wrapper\"><p>[vc_row][vc_column width=\u00a0\u00bb2\/3&Prime;][vc_column_text css=\u00a0\u00bb\u00a0\u00bb]<\/p>\n<h3 data-start=\"0\" data-end=\"62\"><strong data-start=\"4\" data-end=\"60\">Flexx.Dashboard \u2013 Votre centre de contr\u00f4le pour les donn\u00e9es m\u00e9tiers<\/strong><\/h3>\n<p data-start=\"64\" data-end=\"166\"><strong data-start=\"64\" data-end=\"164\">Toutes vos donn\u00e9es cl\u00e9s en un coup d\u2019\u0153il \u2013 enti\u00e8rement personnalisables et parfaitement int\u00e9gr\u00e9es \u00e0 votre Vtiger CRM.<\/strong><\/p>\n<p data-start=\"168\" data-end=\"469\">Avec <strong data-start=\"173\" data-end=\"207\">Flexx.Dashboard pour Vtiger CRM<\/strong>, vous pouvez visualiser des donn\u00e9es en temps r\u00e9el provenant de votre CRM et prendre <strong data-start=\"272\" data-end=\"307\">des d\u00e9cisions plus rapides et mieux inform\u00e9es<\/strong>. Personnalisez votre tableau de bord avec les indicateurs les plus importants et gardez \u00e0 tout moment un aper\u00e7u de <strong data-start=\"392\" data-end=\"453\">vos revenus, leads, tickets de support ou factures en attente<\/strong>.<\/p>\n<p data-start=\"471\" data-end=\"554\"><strong data-start=\"471\" data-end=\"552\">Parfait pour les ventes, le support et la direction \u2013 aucune comp\u00e9tence technique requise.<\/strong><\/p>\n<p>[\/vc_column_text][vc_separator css=\u00a0\u00bb\u00a0\u00bb][vc_column_text css=\u00a0\u00bb\u00a0\u00bb]<\/p>\n<h3 data-start=\"561\" data-end=\"590\"><strong data-start=\"565\" data-end=\"588\">Fonctionnalit\u00e9s &amp; Avantages<\/strong><\/h3>\n<h4 data-start=\"592\" data-end=\"641\"><strong data-start=\"597\" data-end=\"639\">Tableaux de bord personnalis\u00e9s pour chaque service<\/strong><\/h4>\n<ul data-start=\"642\" data-end=\"931\">\n<li data-start=\"642\" data-end=\"695\"><strong data-start=\"644\" data-end=\"654\">Ventes :<\/strong> Pr\u00e9visions de ventes, leads, tendances de revenus<\/li>\n<li data-start=\"696\" data-end=\"764\"><strong data-start=\"698\" data-end=\"710\">Support :<\/strong> Tickets ouverts, temps de r\u00e9ponse, satisfaction client<\/li>\n<li data-start=\"765\" data-end=\"853\"><strong data-start=\"767\" data-end=\"782\">Direction :<\/strong> Indicateurs financiers, factures en attente, performance globale<\/li>\n<li data-start=\"854\" data-end=\"931\"><strong data-start=\"856\" data-end=\"885\">Contr\u00f4le d\u2019acc\u00e8s bas\u00e9 sur les r\u00f4les<\/strong> \u2013 Gestion des permissions des tableaux de bord cr\u00e9\u00e9s<\/li>\n<\/ul>\n<h4 data-start=\"933\" data-end=\"970\"><strong data-start=\"938\" data-end=\"968\">Gestion flexible des widgets<\/strong><\/h4>\n<ul data-start=\"971\" data-end=\"1156\">\n<li data-start=\"971\" data-end=\"1023\">Glisser-d\u00e9poser pour <strong data-start=\"990\" data-end=\"1021\">ajuster la mise en page et la structure<\/strong><\/li>\n<li data-start=\"1024\" data-end=\"1096\">Choisir parmi <strong data-start=\"1038\" data-end=\"1064\">plusieurs types d\u2019affichage<\/strong> (graphiques, tableaux, widgets KPI)<\/li>\n<li data-start=\"1097\" data-end=\"1156\">Enregistrer et basculer entre <strong data-start=\"1123\" data-end=\"1154\">diff\u00e9rentes mises en page<\/strong><\/li>\n<\/ul>\n<h4 data-start=\"1158\" data-end=\"1208\"><strong data-start=\"1163\" data-end=\"1206\">Int\u00e9gration transparente avec <a href=\"https:\/\/redoo-networks.com\/fr\/?post_type=product&amp;p=8492\" rel=\"nofollow\">Flexx.Reports<\/a><\/strong><\/h4>\n<ul data-start=\"1209\" data-end=\"1328\">\n<li data-start=\"1209\" data-end=\"1268\">Afficher <strong data-start=\"1219\" data-end=\"1266\">les rapports enregistr\u00e9s directement dans le tableau de bord<\/strong><\/li>\n<li data-start=\"1269\" data-end=\"1328\"><strong data-start=\"1271\" data-end=\"1302\">Mises \u00e0 jour automatiques en temps r\u00e9el<\/strong> pour des informations actualis\u00e9es<\/li>\n<\/ul>\n<p>[\/vc_column_text][vc_separator css=\u00a0\u00bb\u00a0\u00bb][vc_column_text css=\u00a0\u00bb\u00a0\u00bb]<\/p>\n<h3 data-start=\"1335\" data-end=\"1387\"><strong data-start=\"1339\" data-end=\"1385\">Pourquoi choisir Flexx.Dashboard pour Vtiger CRM ?<\/strong><\/h3>\n<ul data-start=\"1388\" data-end=\"1692\">\n<li data-start=\"1388\" data-end=\"1474\">Prenez des <strong data-start=\"1395\" data-end=\"1431\">d\u00e9cisions en temps r\u00e9el bas\u00e9es sur les donn\u00e9es<\/strong> gr\u00e2ce \u00e0 un acc\u00e8s imm\u00e9diat aux informations cl\u00e9s<\/li>\n<li data-start=\"1475\" data-end=\"1559\">Chaque d\u00e9partement voit uniquement les <strong data-start=\"1507\" data-end=\"1528\">donn\u00e9es pertinentes<\/strong> gr\u00e2ce aux tableaux de bord personnalisables<\/li>\n<li data-start=\"1560\" data-end=\"1635\">Aucune connaissance technique requise \u2013 <strong data-start=\"1596\" data-end=\"1633\">interface intuitive en glisser-d\u00e9poser<\/strong><\/li>\n<li data-start=\"1636\" data-end=\"1692\"><strong data-start=\"1638\" data-end=\"1667\">Synchronisation automatique<\/strong> avec les autres modules CRM<\/li>\n<\/ul>\n<p>[\/vc_column_text][vc_separator css=\u00a0\u00bb\u00a0\u00bb][vc_column_text css=\u00a0\u00bb\u00a0\u00bb]<\/p>\n<h3 data-start=\"1770\" data-end=\"1800\"><strong data-start=\"1774\" data-end=\"1798\">Livraison &amp; Licence<\/strong><\/h3>\n<p data-start=\"1802\" data-end=\"1837\">Apr\u00e8s l\u2019achat, vous recevrez\u00a0:<\/p>\n<ul data-start=\"1838\" data-end=\"2100\">\n<li data-start=\"1838\" data-end=\"1895\"><strong data-start=\"1840\" data-end=\"1869\">Le module sous forme de fichier .zip<\/strong> pour une installation directe<\/li>\n<li data-start=\"1896\" data-end=\"2020\"><strong data-start=\"1898\" data-end=\"1937\">Une licence avec 12 mois de mises \u00e0 jour<\/strong> (mises \u00e0 jour fournies sur demande ; renouvellement de licence disponible moyennant un co\u00fbt suppl\u00e9mentaire)<\/li>\n<li data-start=\"2021\" data-end=\"2100\"><strong data-start=\"2023\" data-end=\"2052\">Des services de support optionnels<\/strong> pour l\u2019installation, la personnalisation ou l\u2019int\u00e9gration compl\u00e8te<\/li>\n<\/ul>\n<p data-start=\"2102\" data-end=\"2194\"><strong data-start=\"2102\" data-end=\"2194\">Optimisez vos analyses commerciales avec des tableaux de bord en temps r\u00e9el \u2013 commandez Flexx.Dashboard d\u00e8s aujourd\u2019hui.<\/strong><\/p>\n<p>[\/vc_column_text][\/vc_column][vc_column width=\u00a0\u00bb1\/3&Prime;][\/vc_column][\/vc_row]<\/p>\n<\/div>","protected":false},"excerpt":{"rendered":"<p>Tous les prix sont nets, hors TVA applicable.<\/p>\n","protected":false},"featured_media":8499,"comment_status":"closed","ping_status":"closed","template":"","meta":[],"product_brand":[],"product_cat":[265],"product_tag":[],"class_list":{"0":"post-8497","1":"product","2":"type-product","3":"status-publish","4":"has-post-thumbnail","6":"product_cat-vtiger-crm-module","7":"description-off","9":"first","10":"instock","11":"downloadable","12":"virtual","13":"taxable","14":"purchasable","15":"product-type-simple"},"_links":{"self":[{"href":"https:\/\/redoo-networks.com\/fr\/wp-json\/wp\/v2\/product\/8497","targetHints":{"allow":["GET"]}}],"collection":[{"href":"https:\/\/redoo-networks.com\/fr\/wp-json\/wp\/v2\/product"}],"about":[{"href":"https:\/\/redoo-networks.com\/fr\/wp-json\/wp\/v2\/types\/product"}],"replies":[{"embeddable":true,"href":"https:\/\/redoo-networks.com\/fr\/wp-json\/wp\/v2\/comments?post=8497"}],"wp:featuredmedia":[{"embeddable":true,"href":"https:\/\/redoo-networks.com\/fr\/wp-json\/wp\/v2\/media\/8499"}],"wp:attachment":[{"href":"https:\/\/redoo-networks.com\/fr\/wp-json\/wp\/v2\/media?parent=8497"}],"wp:term":[{"taxonomy":"product_brand","embeddable":true,"href":"https:\/\/redoo-networks.com\/fr\/wp-json\/wp\/v2\/product_brand?post=8497"},{"taxonomy":"product_cat","embeddable":true,"href":"https:\/\/redoo-networks.com\/fr\/wp-json\/wp\/v2\/product_cat?post=8497"},{"taxonomy":"product_tag","embeddable":true,"href":"https:\/\/redoo-networks.com\/fr\/wp-json\/wp\/v2\/product_tag?post=8497"}],"curies":[{"name":"wp","href":"https:\/\/api.w.org\/{rel}","templated":true}]}}