{"id":8501,"date":"2023-07-05T12:33:15","date_gmt":"2023-07-05T12:33:15","guid":{"rendered":"https:\/\/redoo-networks.com\/product\/workflow-designer-1-year-license-renewal\/"},"modified":"2025-11-20T15:19:49","modified_gmt":"2025-11-20T14:19:49","slug":"workflow-designer-1-year-license-renewal","status":"publish","type":"product","link":"https:\/\/redoo-networks.com\/fr\/produit\/workflow-designer-1-year-license-renewal\/","title":{"rendered":"Workflow Designer : 1 an \u2013 Renouvellement de licence"},"content":{"rendered":"<div class=\"wpb-content-wrapper\"><p>[vc_row][vc_column][vc_column_text css=\u00a0\u00bb\u00a0\u00bb]<\/p>\n<p class=\"p1\">Apr\u00e8s l\u2019achat de ce produit, nous vous fournirons un renouvellement de votre licence existante pour le module indiqu\u00e9 pour 12 mois suppl\u00e9mentaires. La licence inclut les mises \u00e0 jour du module sur demande.<br \/>\nLe contrat de licence actuel de redoo-networks GmbH s\u2019applique : <a href=\"https:\/\/redoo-networks.com\/fr\/accord-de-licence\/\">https:\/\/redoo-networks.com\/license-agreement\/<\/a><\/p>\n<p>[\/vc_column_text][\/vc_column][\/vc_row]<\/p>\n<\/div>","protected":false},"excerpt":{"rendered":"<p>hors TVA<\/p>\n","protected":false},"featured_media":8502,"comment_status":"closed","ping_status":"closed","template":"","meta":[],"product_brand":[],"product_cat":[269],"product_tag":[],"class_list":{"0":"post-8501","1":"product","2":"type-product","3":"status-publish","4":"has-post-thumbnail","6":"product_cat-license-renewal","7":"description-off","9":"first","10":"instock","11":"virtual","12":"taxable","13":"purchasable","14":"product-type-simple"},"_links":{"self":[{"href":"https:\/\/redoo-networks.com\/fr\/wp-json\/wp\/v2\/product\/8501","targetHints":{"allow":["GET"]}}],"collection":[{"href":"https:\/\/redoo-networks.com\/fr\/wp-json\/wp\/v2\/product"}],"about":[{"href":"https:\/\/redoo-networks.com\/fr\/wp-json\/wp\/v2\/types\/product"}],"replies":[{"embeddable":true,"href":"https:\/\/redoo-networks.com\/fr\/wp-json\/wp\/v2\/comments?post=8501"}],"wp:featuredmedia":[{"embeddable":true,"href":"https:\/\/redoo-networks.com\/fr\/wp-json\/wp\/v2\/media\/8502"}],"wp:attachment":[{"href":"https:\/\/redoo-networks.com\/fr\/wp-json\/wp\/v2\/media?parent=8501"}],"wp:term":[{"taxonomy":"product_brand","embeddable":true,"href":"https:\/\/redoo-networks.com\/fr\/wp-json\/wp\/v2\/product_brand?post=8501"},{"taxonomy":"product_cat","embeddable":true,"href":"https:\/\/redoo-networks.com\/fr\/wp-json\/wp\/v2\/product_cat?post=8501"},{"taxonomy":"product_tag","embeddable":true,"href":"https:\/\/redoo-networks.com\/fr\/wp-json\/wp\/v2\/product_tag?post=8501"}],"curies":[{"name":"wp","href":"https:\/\/api.w.org\/{rel}","templated":true}]}}